{"id":45142,"date":"2022-08-02T16:42:21","date_gmt":"2022-08-02T14:42:21","guid":{"rendered":"https:\/\/www.mesvendanges.com\/shop\/uncategorized\/siccagno-7\/"},"modified":"2025-10-10T16:53:18","modified_gmt":"2025-10-10T14:53:18","slug":"siccagno-arianna-occhipinti-2017-75cl","status":"publish","type":"product","link":"https:\/\/www.mesvendanges.com\/en\/shop\/wines\/siccagno-arianna-occhipinti-2017-75cl\/","title":{"rendered":"SICCAGNO"},"content":{"rendered":"<p>Siccagno est un vin de caract\u00e8re, marqu\u00e9 par la force du Nero d&#8217;Avolla, ces ar\u00f4mes de fruits noirs, de griotte, et cette acidit\u00e9 enlev\u00e9e. Un vin profond mais comme tous les vins d&#8217;Arianna Occhipinti, construit sur le volume et la d\u00e9clicatesse. Le vin se d\u00e9ploie tout \u00e0 la fois de mani\u00e8re sph\u00e9rique et sur la longeur, avec une finale qui s&#8217;\u00e9tire sur l&#8217;anis et les noyaux. Un vin au potentiel de garde \u00e9vident mais qui ne se retranche pas derri\u00e8re une mati\u00e8re serr\u00e9e pour autant, le deli\u00e9, l&#8217;expressivit\u00e9 du vin tiennent la barre de se navire sicilien !<br \/>\nSiccagno est issu d&#8217;un c\u00e9page local, le Nero d&#8217;Avolla dont les vignes de 35 ans sont plant\u00e9es sur des sables rouges et de la craie. La vendange est mise \u00e0 fermenter 30 jours puis les jus sont soutir\u00e9s et \u00e9lev\u00e9s 22 mois en foudres solv\u00e8nes de 25hl.<\/p>\n","protected":false},"excerpt":{"rendered":"<p>Siccagno est un vin de caract\u00e8re, marqu\u00e9 par la force du Nero d&#8217;Avolla, ces ar\u00f4mes de fruits noirs, de griotte, et cette acidit\u00e9 enlev\u00e9e. Un vin profond mais comme tous les vins d&#8217;Arianna Occhipinti, construit sur le volume et la d\u00e9clicatesse. Le vin se d\u00e9ploie tout \u00e0 la fois de mani\u00e8re sph\u00e9rique et sur la [&hellip;]<\/p>\n","protected":false},"featured_media":25406,"template":"","meta":[],"product_cat":[3740],"product_tag":[],"acf":[],"yoast_head":"<!-- This site is optimized with the Yoast SEO plugin v19.3 - https:\/\/yoast.com\/wordpress\/plugins\/seo\/ -->\n<title>SICCAGNO - Mes Vendanges<\/title>\n<meta name=\"robots\" content=\"index, follow, max-snippet:-1, max-image-preview:large, max-video-preview:-1\" \/>\n<link rel=\"canonical\" href=\"https:\/\/www.mesvendanges.com\/en\/shop\/wines\/siccagno-arianna-occhipinti-2017-75cl\/\" \/>\n<meta property=\"og:locale\" content=\"en_US\" \/>\n<meta property=\"og:type\" content=\"article\" \/>\n<meta property=\"og:title\" content=\"SICCAGNO - Mes Vendanges\" \/>\n<meta property=\"og:description\" content=\"Siccagno est un vin de caract\u00e8re, marqu\u00e9 par la force du Nero d&#8217;Avolla, ces ar\u00f4mes de fruits noirs, de griotte, et cette acidit\u00e9 enlev\u00e9e. Un vin profond mais comme tous les vins d&#8217;Arianna Occhipinti, construit sur le volume et la d\u00e9clicatesse. Le vin se d\u00e9ploie tout \u00e0 la fois de mani\u00e8re sph\u00e9rique et sur la [&hellip;]\" \/>\n<meta property=\"og:url\" content=\"https:\/\/www.mesvendanges.com\/en\/shop\/wines\/siccagno-arianna-occhipinti-2017-75cl\/\" \/>\n<meta property=\"og:site_name\" content=\"Mes Vendanges\" \/>\n<meta property=\"article:modified_time\" content=\"2025-10-10T14:53:18+00:00\" \/>\n<meta property=\"og:image\" content=\"https:\/\/www.mesvendanges.com\/wp-content\/uploads\/2022\/07\/occhipinti-terre-siciliane-siccagno-2017-png.png\" \/>\n\t<meta property=\"og:image:width\" content=\"474\" \/>\n\t<meta property=\"og:image:height\" content=\"1500\" \/>\n\t<meta property=\"og:image:type\" content=\"image\/png\" \/>\n<meta name=\"twitter:card\" content=\"summary_large_image\" \/>\n<meta name=\"twitter:label1\" content=\"Est. reading time\" \/>\n\t<meta name=\"twitter:data1\" content=\"1 minute\" \/>\n<script type=\"application\/ld+json\" class=\"yoast-schema-graph\">{\"@context\":\"https:\/\/schema.org\",\"@graph\":[{\"@type\":\"Organization\",\"@id\":\"https:\/\/www.mesvendanges.com\/en\/#organization\",\"name\":\"Mes Vendanges\",\"url\":\"https:\/\/www.mesvendanges.com\/en\/\",\"sameAs\":[],\"logo\":{\"@type\":\"ImageObject\",\"inLanguage\":\"fr-FR\",\"@id\":\"https:\/\/www.mesvendanges.com\/en\/#\/schema\/logo\/image\/\",\"url\":\"https:\/\/www.mesvendanges.com\/wp-content\/uploads\/2022\/02\/logo-mesvendanges.jpg\",\"contentUrl\":\"https:\/\/www.mesvendanges.com\/wp-content\/uploads\/2022\/02\/logo-mesvendanges.jpg\",\"width\":851,\"height\":260,\"caption\":\"Mes Vendanges\"},\"image\":{\"@id\":\"https:\/\/www.mesvendanges.com\/en\/#\/schema\/logo\/image\/\"}},{\"@type\":\"WebSite\",\"@id\":\"https:\/\/www.mesvendanges.com\/en\/#website\",\"url\":\"https:\/\/www.mesvendanges.com\/en\/\",\"name\":\"Mes Vendanges\",\"description\":\"Des journ\u00e9es enti\u00e8res dans les vignes\",\"publisher\":{\"@id\":\"https:\/\/www.mesvendanges.com\/en\/#organization\"},\"potentialAction\":[{\"@type\":\"SearchAction\",\"target\":{\"@type\":\"EntryPoint\",\"urlTemplate\":\"https:\/\/www.mesvendanges.com\/en\/?s={search_term_string}\"},\"query-input\":\"required name=search_term_string\"}],\"inLanguage\":\"fr-FR\"},{\"@type\":\"ImageObject\",\"inLanguage\":\"fr-FR\",\"@id\":\"https:\/\/www.mesvendanges.com\/en\/shop\/wines\/siccagno-arianna-occhipinti-2017-75cl\/#primaryimage\",\"url\":\"https:\/\/www.mesvendanges.com\/wp-content\/uploads\/2022\/07\/occhipinti-terre-siciliane-siccagno-2017-png.png\",\"contentUrl\":\"https:\/\/www.mesvendanges.com\/wp-content\/uploads\/2022\/07\/occhipinti-terre-siciliane-siccagno-2017-png.png\",\"width\":474,\"height\":1500},{\"@type\":\"WebPage\",\"@id\":\"https:\/\/www.mesvendanges.com\/en\/shop\/wines\/siccagno-arianna-occhipinti-2017-75cl\/\",\"url\":\"https:\/\/www.mesvendanges.com\/en\/shop\/wines\/siccagno-arianna-occhipinti-2017-75cl\/\",\"name\":\"SICCAGNO - Mes Vendanges\",\"isPartOf\":{\"@id\":\"https:\/\/www.mesvendanges.com\/en\/#website\"},\"primaryImageOfPage\":{\"@id\":\"https:\/\/www.mesvendanges.com\/en\/shop\/wines\/siccagno-arianna-occhipinti-2017-75cl\/#primaryimage\"},\"datePublished\":\"2022-08-02T14:42:21+00:00\",\"dateModified\":\"2025-10-10T14:53:18+00:00\",\"breadcrumb\":{\"@id\":\"https:\/\/www.mesvendanges.com\/en\/shop\/wines\/siccagno-arianna-occhipinti-2017-75cl\/#breadcrumb\"},\"inLanguage\":\"fr-FR\",\"potentialAction\":[{\"@type\":\"ReadAction\",\"target\":[\"https:\/\/www.mesvendanges.com\/en\/shop\/wines\/siccagno-arianna-occhipinti-2017-75cl\/\"]}]},{\"@type\":\"BreadcrumbList\",\"@id\":\"https:\/\/www.mesvendanges.com\/en\/shop\/wines\/siccagno-arianna-occhipinti-2017-75cl\/#breadcrumb\",\"itemListElement\":[{\"@type\":\"ListItem\",\"position\":1,\"name\":\"Home\",\"item\":\"https:\/\/www.mesvendanges.com\/en\/\"},{\"@type\":\"ListItem\",\"position\":2,\"name\":\"Shop\",\"item\":\"https:\/\/www.mesvendanges.com\/en\/shop\/\"},{\"@type\":\"ListItem\",\"position\":3,\"name\":\"SICCAGNO\"}]}]}<\/script>\n<!-- \/ Yoast SEO plugin. -->","yoast_head_json":{"title":"SICCAGNO - Mes Vendanges","robots":{"index":"index","follow":"follow","max-snippet":"max-snippet:-1","max-image-preview":"max-image-preview:large","max-video-preview":"max-video-preview:-1"},"canonical":"https:\/\/www.mesvendanges.com\/en\/shop\/wines\/siccagno-arianna-occhipinti-2017-75cl\/","og_locale":"en_US","og_type":"article","og_title":"SICCAGNO - Mes Vendanges","og_description":"Siccagno est un vin de caract\u00e8re, marqu\u00e9 par la force du Nero d&#8217;Avolla, ces ar\u00f4mes de fruits noirs, de griotte, et cette acidit\u00e9 enlev\u00e9e. Un vin profond mais comme tous les vins d&#8217;Arianna Occhipinti, construit sur le volume et la d\u00e9clicatesse. Le vin se d\u00e9ploie tout \u00e0 la fois de mani\u00e8re sph\u00e9rique et sur la [&hellip;]","og_url":"https:\/\/www.mesvendanges.com\/en\/shop\/wines\/siccagno-arianna-occhipinti-2017-75cl\/","og_site_name":"Mes Vendanges","article_modified_time":"2025-10-10T14:53:18+00:00","og_image":[{"width":474,"height":1500,"url":"https:\/\/www.mesvendanges.com\/wp-content\/uploads\/2022\/07\/occhipinti-terre-siciliane-siccagno-2017-png.png","type":"image\/png"}],"twitter_card":"summary_large_image","twitter_misc":{"Est. reading time":"1 minute"},"schema":{"@context":"https:\/\/schema.org","@graph":[{"@type":"Organization","@id":"https:\/\/www.mesvendanges.com\/en\/#organization","name":"Mes Vendanges","url":"https:\/\/www.mesvendanges.com\/en\/","sameAs":[],"logo":{"@type":"ImageObject","inLanguage":"fr-FR","@id":"https:\/\/www.mesvendanges.com\/en\/#\/schema\/logo\/image\/","url":"https:\/\/www.mesvendanges.com\/wp-content\/uploads\/2022\/02\/logo-mesvendanges.jpg","contentUrl":"https:\/\/www.mesvendanges.com\/wp-content\/uploads\/2022\/02\/logo-mesvendanges.jpg","width":851,"height":260,"caption":"Mes Vendanges"},"image":{"@id":"https:\/\/www.mesvendanges.com\/en\/#\/schema\/logo\/image\/"}},{"@type":"WebSite","@id":"https:\/\/www.mesvendanges.com\/en\/#website","url":"https:\/\/www.mesvendanges.com\/en\/","name":"Mes Vendanges","description":"Des journ\u00e9es enti\u00e8res dans les vignes","publisher":{"@id":"https:\/\/www.mesvendanges.com\/en\/#organization"},"potentialAction":[{"@type":"SearchAction","target":{"@type":"EntryPoint","urlTemplate":"https:\/\/www.mesvendanges.com\/en\/?s={search_term_string}"},"query-input":"required name=search_term_string"}],"inLanguage":"fr-FR"},{"@type":"ImageObject","inLanguage":"fr-FR","@id":"https:\/\/www.mesvendanges.com\/en\/shop\/wines\/siccagno-arianna-occhipinti-2017-75cl\/#primaryimage","url":"https:\/\/www.mesvendanges.com\/wp-content\/uploads\/2022\/07\/occhipinti-terre-siciliane-siccagno-2017-png.png","contentUrl":"https:\/\/www.mesvendanges.com\/wp-content\/uploads\/2022\/07\/occhipinti-terre-siciliane-siccagno-2017-png.png","width":474,"height":1500},{"@type":"WebPage","@id":"https:\/\/www.mesvendanges.com\/en\/shop\/wines\/siccagno-arianna-occhipinti-2017-75cl\/","url":"https:\/\/www.mesvendanges.com\/en\/shop\/wines\/siccagno-arianna-occhipinti-2017-75cl\/","name":"SICCAGNO - Mes Vendanges","isPartOf":{"@id":"https:\/\/www.mesvendanges.com\/en\/#website"},"primaryImageOfPage":{"@id":"https:\/\/www.mesvendanges.com\/en\/shop\/wines\/siccagno-arianna-occhipinti-2017-75cl\/#primaryimage"},"datePublished":"2022-08-02T14:42:21+00:00","dateModified":"2025-10-10T14:53:18+00:00","breadcrumb":{"@id":"https:\/\/www.mesvendanges.com\/en\/shop\/wines\/siccagno-arianna-occhipinti-2017-75cl\/#breadcrumb"},"inLanguage":"fr-FR","potentialAction":[{"@type":"ReadAction","target":["https:\/\/www.mesvendanges.com\/en\/shop\/wines\/siccagno-arianna-occhipinti-2017-75cl\/"]}]},{"@type":"BreadcrumbList","@id":"https:\/\/www.mesvendanges.com\/en\/shop\/wines\/siccagno-arianna-occhipinti-2017-75cl\/#breadcrumb","itemListElement":[{"@type":"ListItem","position":1,"name":"Home","item":"https:\/\/www.mesvendanges.com\/en\/"},{"@type":"ListItem","position":2,"name":"Shop","item":"https:\/\/www.mesvendanges.com\/en\/shop\/"},{"@type":"ListItem","position":3,"name":"SICCAGNO"}]}]}},"_links":{"self":[{"href":"https:\/\/www.mesvendanges.com\/en\/wp-json\/wp\/v2\/product\/45142"}],"collection":[{"href":"https:\/\/www.mesvendanges.com\/en\/wp-json\/wp\/v2\/product"}],"about":[{"href":"https:\/\/www.mesvendanges.com\/en\/wp-json\/wp\/v2\/types\/product"}],"wp:featuredmedia":[{"embeddable":true,"href":"https:\/\/www.mesvendanges.com\/en\/wp-json\/wp\/v2\/media\/25406"}],"wp:attachment":[{"href":"https:\/\/www.mesvendanges.com\/en\/wp-json\/wp\/v2\/media?parent=45142"}],"wp:term":[{"taxonomy":"product_cat","embeddable":true,"href":"https:\/\/www.mesvendanges.com\/en\/wp-json\/wp\/v2\/product_cat?post=45142"},{"taxonomy":"product_tag","embeddable":true,"href":"https:\/\/www.mesvendanges.com\/en\/wp-json\/wp\/v2\/product_tag?post=45142"}],"curies":[{"name":"wp","href":"https:\/\/api.w.org\/{rel}","templated":true}]}}