{"id":45264,"date":"2022-08-02T16:45:39","date_gmt":"2022-08-02T14:45:39","guid":{"rendered":"https:\/\/www.mesvendanges.com\/shop\/uncategorized\/cuvee-738-degorgement-tardif-magnum\/"},"modified":"2023-12-05T21:37:17","modified_gmt":"2023-12-05T20:37:17","slug":"cuvee-738-degorgement-tardif-magnum-jacquesson-nm-150cl","status":"publish","type":"product","link":"https:\/\/www.mesvendanges.com\/en\/shop\/wines\/cuvee-738-degorgement-tardif-magnum-jacquesson-nm-150cl\/","title":{"rendered":"CUVEE 738 DEGORGEMENT TARDIF MAGNUM"},"content":{"rendered":"<p> 96 mois sur lies, sous li\u00e8ge, pour 14.910 bouteilles et 741 magnums avant leur D\u00e9gorgement Tardif en Juin 2019. Dosage : 0,75 gr\/l.<br \/>\n\u2666 2010, l\u2019hiver et le printemps sont froids et secs, le d\u00e9but d\u2019\u00e9t\u00e9 assez beau, la fi n de saison plus fra\u00eeche et arros\u00e9e.<br \/>\nApr\u00e8s tri, la r\u00e9colte est tout-\u00e0-fait correcte et produit des vins \u00e9l\u00e9gants, fi ns et frais, avec un net avantage pour les<br \/>\nchardonnays. La cueillett e intervient du 14 au 27 Septembre<\/p>\n","protected":false},"excerpt":{"rendered":"<p>96 mois sur lies, sous li\u00e8ge, pour 14.910 bouteilles et 741 magnums avant leur D\u00e9gorgement Tardif en Juin 2019. Dosage : 0,75 gr\/l. \u2666 2010, l\u2019hiver et le printemps sont froids et secs, le d\u00e9but d\u2019\u00e9t\u00e9 assez beau, la fi n de saison plus fra\u00eeche et arros\u00e9e. Apr\u00e8s tri, la r\u00e9colte est tout-\u00e0-fait correcte et [&hellip;]<\/p>\n","protected":false},"featured_media":0,"template":"","meta":[],"product_cat":[3740],"product_tag":[],"acf":[],"yoast_head":"<!-- This site is optimized with the Yoast SEO plugin v19.3 - https:\/\/yoast.com\/wordpress\/plugins\/seo\/ -->\n<title>CUVEE 738 DEGORGEMENT TARDIF MAGNUM - Mes Vendanges<\/title>\n<meta name=\"robots\" content=\"index, follow, max-snippet:-1, max-image-preview:large, max-video-preview:-1\" \/>\n<link rel=\"canonical\" href=\"https:\/\/www.mesvendanges.com\/en\/shop\/wines\/cuvee-738-degorgement-tardif-magnum-jacquesson-nm-150cl\/\" \/>\n<meta property=\"og:locale\" content=\"en_US\" \/>\n<meta property=\"og:type\" content=\"article\" \/>\n<meta property=\"og:title\" content=\"CUVEE 738 DEGORGEMENT TARDIF MAGNUM - Mes Vendanges\" \/>\n<meta property=\"og:description\" content=\"96 mois sur lies, sous li\u00e8ge, pour 14.910 bouteilles et 741 magnums avant leur D\u00e9gorgement Tardif en Juin 2019. Dosage : 0,75 gr\/l. \u2666 2010, l\u2019hiver et le printemps sont froids et secs, le d\u00e9but d\u2019\u00e9t\u00e9 assez beau, la fi n de saison plus fra\u00eeche et arros\u00e9e. Apr\u00e8s tri, la r\u00e9colte est tout-\u00e0-fait correcte et [&hellip;]\" \/>\n<meta property=\"og:url\" content=\"https:\/\/www.mesvendanges.com\/en\/shop\/wines\/cuvee-738-degorgement-tardif-magnum-jacquesson-nm-150cl\/\" \/>\n<meta property=\"og:site_name\" content=\"Mes Vendanges\" \/>\n<meta property=\"article:modified_time\" content=\"2023-12-05T20:37:17+00:00\" \/>\n<meta name=\"twitter:card\" content=\"summary_large_image\" \/>\n<script type=\"application\/ld+json\" class=\"yoast-schema-graph\">{\"@context\":\"https:\/\/schema.org\",\"@graph\":[{\"@type\":\"Organization\",\"@id\":\"https:\/\/www.mesvendanges.com\/en\/#organization\",\"name\":\"Mes Vendanges\",\"url\":\"https:\/\/www.mesvendanges.com\/en\/\",\"sameAs\":[],\"logo\":{\"@type\":\"ImageObject\",\"inLanguage\":\"fr-FR\",\"@id\":\"https:\/\/www.mesvendanges.com\/en\/#\/schema\/logo\/image\/\",\"url\":\"https:\/\/www.mesvendanges.com\/wp-content\/uploads\/2022\/02\/logo-mesvendanges.jpg\",\"contentUrl\":\"https:\/\/www.mesvendanges.com\/wp-content\/uploads\/2022\/02\/logo-mesvendanges.jpg\",\"width\":851,\"height\":260,\"caption\":\"Mes Vendanges\"},\"image\":{\"@id\":\"https:\/\/www.mesvendanges.com\/en\/#\/schema\/logo\/image\/\"}},{\"@type\":\"WebSite\",\"@id\":\"https:\/\/www.mesvendanges.com\/en\/#website\",\"url\":\"https:\/\/www.mesvendanges.com\/en\/\",\"name\":\"Mes Vendanges\",\"description\":\"Des journ\u00e9es enti\u00e8res dans les vignes\",\"publisher\":{\"@id\":\"https:\/\/www.mesvendanges.com\/en\/#organization\"},\"potentialAction\":[{\"@type\":\"SearchAction\",\"target\":{\"@type\":\"EntryPoint\",\"urlTemplate\":\"https:\/\/www.mesvendanges.com\/en\/?s={search_term_string}\"},\"query-input\":\"required name=search_term_string\"}],\"inLanguage\":\"fr-FR\"},{\"@type\":\"WebPage\",\"@id\":\"https:\/\/www.mesvendanges.com\/en\/shop\/wines\/cuvee-738-degorgement-tardif-magnum-jacquesson-nm-150cl\/\",\"url\":\"https:\/\/www.mesvendanges.com\/en\/shop\/wines\/cuvee-738-degorgement-tardif-magnum-jacquesson-nm-150cl\/\",\"name\":\"CUVEE 738 DEGORGEMENT TARDIF MAGNUM - Mes Vendanges\",\"isPartOf\":{\"@id\":\"https:\/\/www.mesvendanges.com\/en\/#website\"},\"datePublished\":\"2022-08-02T14:45:39+00:00\",\"dateModified\":\"2023-12-05T20:37:17+00:00\",\"breadcrumb\":{\"@id\":\"https:\/\/www.mesvendanges.com\/en\/shop\/wines\/cuvee-738-degorgement-tardif-magnum-jacquesson-nm-150cl\/#breadcrumb\"},\"inLanguage\":\"fr-FR\",\"potentialAction\":[{\"@type\":\"ReadAction\",\"target\":[\"https:\/\/www.mesvendanges.com\/en\/shop\/wines\/cuvee-738-degorgement-tardif-magnum-jacquesson-nm-150cl\/\"]}]},{\"@type\":\"BreadcrumbList\",\"@id\":\"https:\/\/www.mesvendanges.com\/en\/shop\/wines\/cuvee-738-degorgement-tardif-magnum-jacquesson-nm-150cl\/#breadcrumb\",\"itemListElement\":[{\"@type\":\"ListItem\",\"position\":1,\"name\":\"Home\",\"item\":\"https:\/\/www.mesvendanges.com\/en\/\"},{\"@type\":\"ListItem\",\"position\":2,\"name\":\"Shop\",\"item\":\"https:\/\/www.mesvendanges.com\/en\/shop\/\"},{\"@type\":\"ListItem\",\"position\":3,\"name\":\"CUVEE 738 DEGORGEMENT TARDIF MAGNUM\"}]}]}<\/script>\n<!-- \/ Yoast SEO plugin. -->","yoast_head_json":{"title":"CUVEE 738 DEGORGEMENT TARDIF MAGNUM - Mes Vendanges","robots":{"index":"index","follow":"follow","max-snippet":"max-snippet:-1","max-image-preview":"max-image-preview:large","max-video-preview":"max-video-preview:-1"},"canonical":"https:\/\/www.mesvendanges.com\/en\/shop\/wines\/cuvee-738-degorgement-tardif-magnum-jacquesson-nm-150cl\/","og_locale":"en_US","og_type":"article","og_title":"CUVEE 738 DEGORGEMENT TARDIF MAGNUM - Mes Vendanges","og_description":"96 mois sur lies, sous li\u00e8ge, pour 14.910 bouteilles et 741 magnums avant leur D\u00e9gorgement Tardif en Juin 2019. Dosage : 0,75 gr\/l. \u2666 2010, l\u2019hiver et le printemps sont froids et secs, le d\u00e9but d\u2019\u00e9t\u00e9 assez beau, la fi n de saison plus fra\u00eeche et arros\u00e9e. Apr\u00e8s tri, la r\u00e9colte est tout-\u00e0-fait correcte et [&hellip;]","og_url":"https:\/\/www.mesvendanges.com\/en\/shop\/wines\/cuvee-738-degorgement-tardif-magnum-jacquesson-nm-150cl\/","og_site_name":"Mes Vendanges","article_modified_time":"2023-12-05T20:37:17+00:00","twitter_card":"summary_large_image","schema":{"@context":"https:\/\/schema.org","@graph":[{"@type":"Organization","@id":"https:\/\/www.mesvendanges.com\/en\/#organization","name":"Mes Vendanges","url":"https:\/\/www.mesvendanges.com\/en\/","sameAs":[],"logo":{"@type":"ImageObject","inLanguage":"fr-FR","@id":"https:\/\/www.mesvendanges.com\/en\/#\/schema\/logo\/image\/","url":"https:\/\/www.mesvendanges.com\/wp-content\/uploads\/2022\/02\/logo-mesvendanges.jpg","contentUrl":"https:\/\/www.mesvendanges.com\/wp-content\/uploads\/2022\/02\/logo-mesvendanges.jpg","width":851,"height":260,"caption":"Mes Vendanges"},"image":{"@id":"https:\/\/www.mesvendanges.com\/en\/#\/schema\/logo\/image\/"}},{"@type":"WebSite","@id":"https:\/\/www.mesvendanges.com\/en\/#website","url":"https:\/\/www.mesvendanges.com\/en\/","name":"Mes Vendanges","description":"Des journ\u00e9es enti\u00e8res dans les vignes","publisher":{"@id":"https:\/\/www.mesvendanges.com\/en\/#organization"},"potentialAction":[{"@type":"SearchAction","target":{"@type":"EntryPoint","urlTemplate":"https:\/\/www.mesvendanges.com\/en\/?s={search_term_string}"},"query-input":"required name=search_term_string"}],"inLanguage":"fr-FR"},{"@type":"WebPage","@id":"https:\/\/www.mesvendanges.com\/en\/shop\/wines\/cuvee-738-degorgement-tardif-magnum-jacquesson-nm-150cl\/","url":"https:\/\/www.mesvendanges.com\/en\/shop\/wines\/cuvee-738-degorgement-tardif-magnum-jacquesson-nm-150cl\/","name":"CUVEE 738 DEGORGEMENT TARDIF MAGNUM - Mes Vendanges","isPartOf":{"@id":"https:\/\/www.mesvendanges.com\/en\/#website"},"datePublished":"2022-08-02T14:45:39+00:00","dateModified":"2023-12-05T20:37:17+00:00","breadcrumb":{"@id":"https:\/\/www.mesvendanges.com\/en\/shop\/wines\/cuvee-738-degorgement-tardif-magnum-jacquesson-nm-150cl\/#breadcrumb"},"inLanguage":"fr-FR","potentialAction":[{"@type":"ReadAction","target":["https:\/\/www.mesvendanges.com\/en\/shop\/wines\/cuvee-738-degorgement-tardif-magnum-jacquesson-nm-150cl\/"]}]},{"@type":"BreadcrumbList","@id":"https:\/\/www.mesvendanges.com\/en\/shop\/wines\/cuvee-738-degorgement-tardif-magnum-jacquesson-nm-150cl\/#breadcrumb","itemListElement":[{"@type":"ListItem","position":1,"name":"Home","item":"https:\/\/www.mesvendanges.com\/en\/"},{"@type":"ListItem","position":2,"name":"Shop","item":"https:\/\/www.mesvendanges.com\/en\/shop\/"},{"@type":"ListItem","position":3,"name":"CUVEE 738 DEGORGEMENT TARDIF MAGNUM"}]}]}},"_links":{"self":[{"href":"https:\/\/www.mesvendanges.com\/en\/wp-json\/wp\/v2\/product\/45264"}],"collection":[{"href":"https:\/\/www.mesvendanges.com\/en\/wp-json\/wp\/v2\/product"}],"about":[{"href":"https:\/\/www.mesvendanges.com\/en\/wp-json\/wp\/v2\/types\/product"}],"wp:attachment":[{"href":"https:\/\/www.mesvendanges.com\/en\/wp-json\/wp\/v2\/media?parent=45264"}],"wp:term":[{"taxonomy":"product_cat","embeddable":true,"href":"https:\/\/www.mesvendanges.com\/en\/wp-json\/wp\/v2\/product_cat?post=45264"},{"taxonomy":"product_tag","embeddable":true,"href":"https:\/\/www.mesvendanges.com\/en\/wp-json\/wp\/v2\/product_tag?post=45264"}],"curies":[{"name":"wp","href":"https:\/\/api.w.org\/{rel}","templated":true}]}}