{"id":45378,"date":"2022-08-02T16:49:11","date_gmt":"2022-08-02T14:49:11","guid":{"rendered":"https:\/\/www.mesvendanges.com\/shop\/uncategorized\/1er-cru-les-beaux-monts-4\/"},"modified":"2025-05-01T14:48:52","modified_gmt":"2025-05-01T12:48:52","slug":"1er-cru-les-beaux-monts-clavelier-bruno-2018-75cl","status":"publish","type":"product","link":"https:\/\/www.mesvendanges.com\/en\/shop\/wines\/1er-cru-les-beaux-monts-clavelier-bruno-2018-75cl\/","title":{"rendered":"1er Cru LES BEAUX-MONTS"},"content":{"rendered":"<p>La parcelle du domaine occupe 49,60 ares dans la partie centrale du cru. La vigne, plant\u00e9e en s\u00e9lection massale juste apr\u00e8s la seconde guerre mondiale, est \u00e2g\u00e9e d\u2019environ 65 ans. L\u2019exposition y est Est Sud-Est. C\u2019est une vigne \u00e0 la situation tr\u00e8s saine : bien ventil\u00e9e, tr\u00e8s ensoleill\u00e9e avec une grande luminosit\u00e9. Le sol, constitu\u00e9 d\u2019argiles de couleur ocre rouge et de cailloux, est d\u2019une profondeur de 30 \u00e0 40 cm, sur un substrat m\u00ealant le calcaire oolithique et des calcaires plus durs (Comblanchien\/Pr\u00e9meaux) affleurant par endroits. La forte pierosit\u00e9 et la pente garantissent un excellent drainage. La pl\u00e9nitude de la situation et l\u2019\u00e2ge des vignes donnent r\u00e9guli\u00e8rement un vin plein \u00e0 l\u2019autorit\u00e9 tranquille. D\u2019une grande complexit\u00e9 d\u2019expression, la mati\u00e8re est velout\u00e9e, structur\u00e9e et \u00e9l\u00e9gante. Le vosne-roman\u00e9e 1er cru Les Beaux Monts est un vin complet aux tanins denses et profonds qui a besoin de temps pour d\u00e9velopper toute la finesse de sa texture. La riche palette de ses ar\u00f4mes d\u00e9voile tour \u00e0 tour des notes de fruits rouges, de cerise bigarreau, de prunes, de fleurs capiteuses et de pain d\u2019\u00e9pice.<\/p>\n","protected":false},"excerpt":{"rendered":"<p>La parcelle du domaine occupe 49,60 ares dans la partie centrale du cru. La vigne, plant\u00e9e en s\u00e9lection massale juste apr\u00e8s la seconde guerre mondiale, est \u00e2g\u00e9e d\u2019environ 65 ans. L\u2019exposition y est Est Sud-Est. C\u2019est une vigne \u00e0 la situation tr\u00e8s saine : bien ventil\u00e9e, tr\u00e8s ensoleill\u00e9e avec une grande luminosit\u00e9. Le sol, constitu\u00e9 [&hellip;]<\/p>\n","protected":false},"featured_media":86722,"template":"","meta":[],"product_cat":[3740],"product_tag":[],"acf":[],"yoast_head":"<!-- This site is optimized with the Yoast SEO plugin v19.3 - https:\/\/yoast.com\/wordpress\/plugins\/seo\/ -->\n<title>1er Cru LES BEAUX-MONTS - Mes Vendanges<\/title>\n<meta name=\"robots\" content=\"index, follow, max-snippet:-1, max-image-preview:large, max-video-preview:-1\" \/>\n<link rel=\"canonical\" href=\"https:\/\/www.mesvendanges.com\/en\/shop\/wines\/1er-cru-les-beaux-monts-clavelier-bruno-2018-75cl\/\" \/>\n<meta property=\"og:locale\" content=\"en_US\" \/>\n<meta property=\"og:type\" content=\"article\" \/>\n<meta property=\"og:title\" content=\"1er Cru LES BEAUX-MONTS - Mes Vendanges\" \/>\n<meta property=\"og:description\" content=\"La parcelle du domaine occupe 49,60 ares dans la partie centrale du cru. La vigne, plant\u00e9e en s\u00e9lection massale juste apr\u00e8s la seconde guerre mondiale, est \u00e2g\u00e9e d\u2019environ 65 ans. L\u2019exposition y est Est Sud-Est. C\u2019est une vigne \u00e0 la situation tr\u00e8s saine : bien ventil\u00e9e, tr\u00e8s ensoleill\u00e9e avec une grande luminosit\u00e9. Le sol, constitu\u00e9 [&hellip;]\" \/>\n<meta property=\"og:url\" content=\"https:\/\/www.mesvendanges.com\/en\/shop\/wines\/1er-cru-les-beaux-monts-clavelier-bruno-2018-75cl\/\" \/>\n<meta property=\"og:site_name\" content=\"Mes Vendanges\" \/>\n<meta property=\"article:modified_time\" content=\"2025-05-01T12:48:52+00:00\" \/>\n<meta property=\"og:image\" content=\"https:\/\/www.mesvendanges.com\/wp-content\/uploads\/2025\/05\/clavelier-bruno-vosne-romanee-les-beaux-monts-2018-13-png.png\" \/>\n\t<meta property=\"og:image:width\" content=\"486\" \/>\n\t<meta property=\"og:image:height\" content=\"1500\" \/>\n\t<meta property=\"og:image:type\" content=\"image\/png\" \/>\n<meta name=\"twitter:card\" content=\"summary_large_image\" \/>\n<meta name=\"twitter:label1\" content=\"Est. reading time\" \/>\n\t<meta name=\"twitter:data1\" content=\"1 minute\" \/>\n<script type=\"application\/ld+json\" class=\"yoast-schema-graph\">{\"@context\":\"https:\/\/schema.org\",\"@graph\":[{\"@type\":\"Organization\",\"@id\":\"https:\/\/www.mesvendanges.com\/en\/#organization\",\"name\":\"Mes Vendanges\",\"url\":\"https:\/\/www.mesvendanges.com\/en\/\",\"sameAs\":[],\"logo\":{\"@type\":\"ImageObject\",\"inLanguage\":\"fr-FR\",\"@id\":\"https:\/\/www.mesvendanges.com\/en\/#\/schema\/logo\/image\/\",\"url\":\"https:\/\/www.mesvendanges.com\/wp-content\/uploads\/2022\/02\/logo-mesvendanges.jpg\",\"contentUrl\":\"https:\/\/www.mesvendanges.com\/wp-content\/uploads\/2022\/02\/logo-mesvendanges.jpg\",\"width\":851,\"height\":260,\"caption\":\"Mes Vendanges\"},\"image\":{\"@id\":\"https:\/\/www.mesvendanges.com\/en\/#\/schema\/logo\/image\/\"}},{\"@type\":\"WebSite\",\"@id\":\"https:\/\/www.mesvendanges.com\/en\/#website\",\"url\":\"https:\/\/www.mesvendanges.com\/en\/\",\"name\":\"Mes Vendanges\",\"description\":\"Des journ\u00e9es enti\u00e8res dans les vignes\",\"publisher\":{\"@id\":\"https:\/\/www.mesvendanges.com\/en\/#organization\"},\"potentialAction\":[{\"@type\":\"SearchAction\",\"target\":{\"@type\":\"EntryPoint\",\"urlTemplate\":\"https:\/\/www.mesvendanges.com\/en\/?s={search_term_string}\"},\"query-input\":\"required name=search_term_string\"}],\"inLanguage\":\"fr-FR\"},{\"@type\":\"ImageObject\",\"inLanguage\":\"fr-FR\",\"@id\":\"https:\/\/www.mesvendanges.com\/en\/shop\/wines\/1er-cru-les-beaux-monts-clavelier-bruno-2018-75cl\/#primaryimage\",\"url\":\"https:\/\/www.mesvendanges.com\/wp-content\/uploads\/2025\/05\/clavelier-bruno-vosne-romanee-les-beaux-monts-2018-13-png.png\",\"contentUrl\":\"https:\/\/www.mesvendanges.com\/wp-content\/uploads\/2025\/05\/clavelier-bruno-vosne-romanee-les-beaux-monts-2018-13-png.png\",\"width\":486,\"height\":1500},{\"@type\":\"WebPage\",\"@id\":\"https:\/\/www.mesvendanges.com\/en\/shop\/wines\/1er-cru-les-beaux-monts-clavelier-bruno-2018-75cl\/\",\"url\":\"https:\/\/www.mesvendanges.com\/en\/shop\/wines\/1er-cru-les-beaux-monts-clavelier-bruno-2018-75cl\/\",\"name\":\"1er Cru LES BEAUX-MONTS - Mes Vendanges\",\"isPartOf\":{\"@id\":\"https:\/\/www.mesvendanges.com\/en\/#website\"},\"primaryImageOfPage\":{\"@id\":\"https:\/\/www.mesvendanges.com\/en\/shop\/wines\/1er-cru-les-beaux-monts-clavelier-bruno-2018-75cl\/#primaryimage\"},\"datePublished\":\"2022-08-02T14:49:11+00:00\",\"dateModified\":\"2025-05-01T12:48:52+00:00\",\"breadcrumb\":{\"@id\":\"https:\/\/www.mesvendanges.com\/en\/shop\/wines\/1er-cru-les-beaux-monts-clavelier-bruno-2018-75cl\/#breadcrumb\"},\"inLanguage\":\"fr-FR\",\"potentialAction\":[{\"@type\":\"ReadAction\",\"target\":[\"https:\/\/www.mesvendanges.com\/en\/shop\/wines\/1er-cru-les-beaux-monts-clavelier-bruno-2018-75cl\/\"]}]},{\"@type\":\"BreadcrumbList\",\"@id\":\"https:\/\/www.mesvendanges.com\/en\/shop\/wines\/1er-cru-les-beaux-monts-clavelier-bruno-2018-75cl\/#breadcrumb\",\"itemListElement\":[{\"@type\":\"ListItem\",\"position\":1,\"name\":\"Home\",\"item\":\"https:\/\/www.mesvendanges.com\/en\/\"},{\"@type\":\"ListItem\",\"position\":2,\"name\":\"Shop\",\"item\":\"https:\/\/www.mesvendanges.com\/en\/shop\/\"},{\"@type\":\"ListItem\",\"position\":3,\"name\":\"1er Cru LES BEAUX-MONTS\"}]}]}<\/script>\n<!-- \/ Yoast SEO plugin. -->","yoast_head_json":{"title":"1er Cru LES BEAUX-MONTS - Mes Vendanges","robots":{"index":"index","follow":"follow","max-snippet":"max-snippet:-1","max-image-preview":"max-image-preview:large","max-video-preview":"max-video-preview:-1"},"canonical":"https:\/\/www.mesvendanges.com\/en\/shop\/wines\/1er-cru-les-beaux-monts-clavelier-bruno-2018-75cl\/","og_locale":"en_US","og_type":"article","og_title":"1er Cru LES BEAUX-MONTS - Mes Vendanges","og_description":"La parcelle du domaine occupe 49,60 ares dans la partie centrale du cru. La vigne, plant\u00e9e en s\u00e9lection massale juste apr\u00e8s la seconde guerre mondiale, est \u00e2g\u00e9e d\u2019environ 65 ans. L\u2019exposition y est Est Sud-Est. C\u2019est une vigne \u00e0 la situation tr\u00e8s saine : bien ventil\u00e9e, tr\u00e8s ensoleill\u00e9e avec une grande luminosit\u00e9. Le sol, constitu\u00e9 [&hellip;]","og_url":"https:\/\/www.mesvendanges.com\/en\/shop\/wines\/1er-cru-les-beaux-monts-clavelier-bruno-2018-75cl\/","og_site_name":"Mes Vendanges","article_modified_time":"2025-05-01T12:48:52+00:00","og_image":[{"width":486,"height":1500,"url":"https:\/\/www.mesvendanges.com\/wp-content\/uploads\/2025\/05\/clavelier-bruno-vosne-romanee-les-beaux-monts-2018-13-png.png","type":"image\/png"}],"twitter_card":"summary_large_image","twitter_misc":{"Est. reading time":"1 minute"},"schema":{"@context":"https:\/\/schema.org","@graph":[{"@type":"Organization","@id":"https:\/\/www.mesvendanges.com\/en\/#organization","name":"Mes Vendanges","url":"https:\/\/www.mesvendanges.com\/en\/","sameAs":[],"logo":{"@type":"ImageObject","inLanguage":"fr-FR","@id":"https:\/\/www.mesvendanges.com\/en\/#\/schema\/logo\/image\/","url":"https:\/\/www.mesvendanges.com\/wp-content\/uploads\/2022\/02\/logo-mesvendanges.jpg","contentUrl":"https:\/\/www.mesvendanges.com\/wp-content\/uploads\/2022\/02\/logo-mesvendanges.jpg","width":851,"height":260,"caption":"Mes Vendanges"},"image":{"@id":"https:\/\/www.mesvendanges.com\/en\/#\/schema\/logo\/image\/"}},{"@type":"WebSite","@id":"https:\/\/www.mesvendanges.com\/en\/#website","url":"https:\/\/www.mesvendanges.com\/en\/","name":"Mes Vendanges","description":"Des journ\u00e9es enti\u00e8res dans les vignes","publisher":{"@id":"https:\/\/www.mesvendanges.com\/en\/#organization"},"potentialAction":[{"@type":"SearchAction","target":{"@type":"EntryPoint","urlTemplate":"https:\/\/www.mesvendanges.com\/en\/?s={search_term_string}"},"query-input":"required name=search_term_string"}],"inLanguage":"fr-FR"},{"@type":"ImageObject","inLanguage":"fr-FR","@id":"https:\/\/www.mesvendanges.com\/en\/shop\/wines\/1er-cru-les-beaux-monts-clavelier-bruno-2018-75cl\/#primaryimage","url":"https:\/\/www.mesvendanges.com\/wp-content\/uploads\/2025\/05\/clavelier-bruno-vosne-romanee-les-beaux-monts-2018-13-png.png","contentUrl":"https:\/\/www.mesvendanges.com\/wp-content\/uploads\/2025\/05\/clavelier-bruno-vosne-romanee-les-beaux-monts-2018-13-png.png","width":486,"height":1500},{"@type":"WebPage","@id":"https:\/\/www.mesvendanges.com\/en\/shop\/wines\/1er-cru-les-beaux-monts-clavelier-bruno-2018-75cl\/","url":"https:\/\/www.mesvendanges.com\/en\/shop\/wines\/1er-cru-les-beaux-monts-clavelier-bruno-2018-75cl\/","name":"1er Cru LES BEAUX-MONTS - Mes Vendanges","isPartOf":{"@id":"https:\/\/www.mesvendanges.com\/en\/#website"},"primaryImageOfPage":{"@id":"https:\/\/www.mesvendanges.com\/en\/shop\/wines\/1er-cru-les-beaux-monts-clavelier-bruno-2018-75cl\/#primaryimage"},"datePublished":"2022-08-02T14:49:11+00:00","dateModified":"2025-05-01T12:48:52+00:00","breadcrumb":{"@id":"https:\/\/www.mesvendanges.com\/en\/shop\/wines\/1er-cru-les-beaux-monts-clavelier-bruno-2018-75cl\/#breadcrumb"},"inLanguage":"fr-FR","potentialAction":[{"@type":"ReadAction","target":["https:\/\/www.mesvendanges.com\/en\/shop\/wines\/1er-cru-les-beaux-monts-clavelier-bruno-2018-75cl\/"]}]},{"@type":"BreadcrumbList","@id":"https:\/\/www.mesvendanges.com\/en\/shop\/wines\/1er-cru-les-beaux-monts-clavelier-bruno-2018-75cl\/#breadcrumb","itemListElement":[{"@type":"ListItem","position":1,"name":"Home","item":"https:\/\/www.mesvendanges.com\/en\/"},{"@type":"ListItem","position":2,"name":"Shop","item":"https:\/\/www.mesvendanges.com\/en\/shop\/"},{"@type":"ListItem","position":3,"name":"1er Cru LES BEAUX-MONTS"}]}]}},"_links":{"self":[{"href":"https:\/\/www.mesvendanges.com\/en\/wp-json\/wp\/v2\/product\/45378"}],"collection":[{"href":"https:\/\/www.mesvendanges.com\/en\/wp-json\/wp\/v2\/product"}],"about":[{"href":"https:\/\/www.mesvendanges.com\/en\/wp-json\/wp\/v2\/types\/product"}],"wp:featuredmedia":[{"embeddable":true,"href":"https:\/\/www.mesvendanges.com\/en\/wp-json\/wp\/v2\/media\/86722"}],"wp:attachment":[{"href":"https:\/\/www.mesvendanges.com\/en\/wp-json\/wp\/v2\/media?parent=45378"}],"wp:term":[{"taxonomy":"product_cat","embeddable":true,"href":"https:\/\/www.mesvendanges.com\/en\/wp-json\/wp\/v2\/product_cat?post=45378"},{"taxonomy":"product_tag","embeddable":true,"href":"https:\/\/www.mesvendanges.com\/en\/wp-json\/wp\/v2\/product_tag?post=45378"}],"curies":[{"name":"wp","href":"https:\/\/api.w.org\/{rel}","templated":true}]}}