{"id":45645,"date":"2022-08-02T16:56:19","date_gmt":"2022-08-02T14:56:19","guid":{"rendered":"https:\/\/www.mesvendanges.com\/shop\/uncategorized\/cotes-du-rhone-9\/"},"modified":"2026-04-03T12:19:51","modified_gmt":"2026-04-03T10:19:51","slug":"cotes-du-rhone-david-dne-jean-2016-75cl","status":"publish","type":"product","link":"https:\/\/www.mesvendanges.com\/en\/shop\/wines\/cotes-du-rhone-david-dne-jean-2016-75cl\/","title":{"rendered":"COTES DU RHONE"},"content":{"rendered":"<p>Si vous aimez les C\u00f4tes qui ont du caract\u00e8re, go\u00fbtez un peu \u00e0 celui-l\u00e0. Un assemblage \u00e0 dominante grenache mais pas que, de la vendange enti\u00e8re, de belles vignes bien bichonn\u00e9es. Et hop, voici un vrai C\u00f4tes fa\u00e7on Jean David. Une mati\u00e8re dense, le caract\u00e8re de la rafle, une belle complexit\u00e9 aromatique, et de l&#8217;accent !<\/p>\n","protected":false},"excerpt":{"rendered":"<p>Si vous aimez les C\u00f4tes qui ont du caract\u00e8re, go\u00fbtez un peu \u00e0 celui-l\u00e0. Un assemblage \u00e0 dominante grenache mais pas que, de la vendange enti\u00e8re, de belles vignes bien bichonn\u00e9es. Et hop, voici un vrai C\u00f4tes fa\u00e7on Jean David. Une mati\u00e8re dense, le caract\u00e8re de la rafle, une belle complexit\u00e9 aromatique, et de l&#8217;accent [&hellip;]<\/p>\n","protected":false},"featured_media":86782,"template":"","meta":[],"product_cat":[3740],"product_tag":[],"acf":[],"yoast_head":"<!-- This site is optimized with the Yoast SEO plugin v19.3 - https:\/\/yoast.com\/wordpress\/plugins\/seo\/ -->\n<title>COTES DU RHONE - Mes Vendanges<\/title>\n<meta name=\"robots\" content=\"index, follow, max-snippet:-1, max-image-preview:large, max-video-preview:-1\" \/>\n<link rel=\"canonical\" href=\"https:\/\/www.mesvendanges.com\/en\/shop\/wines\/cotes-du-rhone-david-dne-jean-2016-75cl\/\" \/>\n<meta property=\"og:locale\" content=\"en_US\" \/>\n<meta property=\"og:type\" content=\"article\" \/>\n<meta property=\"og:title\" content=\"COTES DU RHONE - Mes Vendanges\" \/>\n<meta property=\"og:description\" content=\"Si vous aimez les C\u00f4tes qui ont du caract\u00e8re, go\u00fbtez un peu \u00e0 celui-l\u00e0. Un assemblage \u00e0 dominante grenache mais pas que, de la vendange enti\u00e8re, de belles vignes bien bichonn\u00e9es. Et hop, voici un vrai C\u00f4tes fa\u00e7on Jean David. Une mati\u00e8re dense, le caract\u00e8re de la rafle, une belle complexit\u00e9 aromatique, et de l&#8217;accent [&hellip;]\" \/>\n<meta property=\"og:url\" content=\"https:\/\/www.mesvendanges.com\/en\/shop\/wines\/cotes-du-rhone-david-dne-jean-2016-75cl\/\" \/>\n<meta property=\"og:site_name\" content=\"Mes Vendanges\" \/>\n<meta property=\"article:modified_time\" content=\"2026-04-03T10:19:51+00:00\" \/>\n<meta property=\"og:image\" content=\"https:\/\/www.mesvendanges.com\/wp-content\/uploads\/2025\/05\/david-dne-jean-cotes-du-rhone-cotes-du-rhone-2016-75cl-rouge-png.png\" \/>\n\t<meta property=\"og:image:width\" content=\"411\" \/>\n\t<meta property=\"og:image:height\" content=\"1500\" \/>\n\t<meta property=\"og:image:type\" content=\"image\/png\" \/>\n<meta name=\"twitter:card\" content=\"summary_large_image\" \/>\n<script type=\"application\/ld+json\" class=\"yoast-schema-graph\">{\"@context\":\"https:\/\/schema.org\",\"@graph\":[{\"@type\":\"Organization\",\"@id\":\"https:\/\/www.mesvendanges.com\/en\/#organization\",\"name\":\"Mes Vendanges\",\"url\":\"https:\/\/www.mesvendanges.com\/en\/\",\"sameAs\":[],\"logo\":{\"@type\":\"ImageObject\",\"inLanguage\":\"fr-FR\",\"@id\":\"https:\/\/www.mesvendanges.com\/en\/#\/schema\/logo\/image\/\",\"url\":\"https:\/\/www.mesvendanges.com\/wp-content\/uploads\/2022\/02\/logo-mesvendanges.jpg\",\"contentUrl\":\"https:\/\/www.mesvendanges.com\/wp-content\/uploads\/2022\/02\/logo-mesvendanges.jpg\",\"width\":851,\"height\":260,\"caption\":\"Mes Vendanges\"},\"image\":{\"@id\":\"https:\/\/www.mesvendanges.com\/en\/#\/schema\/logo\/image\/\"}},{\"@type\":\"WebSite\",\"@id\":\"https:\/\/www.mesvendanges.com\/en\/#website\",\"url\":\"https:\/\/www.mesvendanges.com\/en\/\",\"name\":\"Mes Vendanges\",\"description\":\"Des journ\u00e9es enti\u00e8res dans les vignes\",\"publisher\":{\"@id\":\"https:\/\/www.mesvendanges.com\/en\/#organization\"},\"potentialAction\":[{\"@type\":\"SearchAction\",\"target\":{\"@type\":\"EntryPoint\",\"urlTemplate\":\"https:\/\/www.mesvendanges.com\/en\/?s={search_term_string}\"},\"query-input\":\"required name=search_term_string\"}],\"inLanguage\":\"fr-FR\"},{\"@type\":\"ImageObject\",\"inLanguage\":\"fr-FR\",\"@id\":\"https:\/\/www.mesvendanges.com\/en\/shop\/wines\/cotes-du-rhone-david-dne-jean-2016-75cl\/#primaryimage\",\"url\":\"https:\/\/www.mesvendanges.com\/wp-content\/uploads\/2025\/05\/david-dne-jean-cotes-du-rhone-cotes-du-rhone-2016-75cl-rouge-png.png\",\"contentUrl\":\"https:\/\/www.mesvendanges.com\/wp-content\/uploads\/2025\/05\/david-dne-jean-cotes-du-rhone-cotes-du-rhone-2016-75cl-rouge-png.png\",\"width\":411,\"height\":1500},{\"@type\":\"WebPage\",\"@id\":\"https:\/\/www.mesvendanges.com\/en\/shop\/wines\/cotes-du-rhone-david-dne-jean-2016-75cl\/\",\"url\":\"https:\/\/www.mesvendanges.com\/en\/shop\/wines\/cotes-du-rhone-david-dne-jean-2016-75cl\/\",\"name\":\"COTES DU RHONE - Mes Vendanges\",\"isPartOf\":{\"@id\":\"https:\/\/www.mesvendanges.com\/en\/#website\"},\"primaryImageOfPage\":{\"@id\":\"https:\/\/www.mesvendanges.com\/en\/shop\/wines\/cotes-du-rhone-david-dne-jean-2016-75cl\/#primaryimage\"},\"datePublished\":\"2022-08-02T14:56:19+00:00\",\"dateModified\":\"2026-04-03T10:19:51+00:00\",\"breadcrumb\":{\"@id\":\"https:\/\/www.mesvendanges.com\/en\/shop\/wines\/cotes-du-rhone-david-dne-jean-2016-75cl\/#breadcrumb\"},\"inLanguage\":\"fr-FR\",\"potentialAction\":[{\"@type\":\"ReadAction\",\"target\":[\"https:\/\/www.mesvendanges.com\/en\/shop\/wines\/cotes-du-rhone-david-dne-jean-2016-75cl\/\"]}]},{\"@type\":\"BreadcrumbList\",\"@id\":\"https:\/\/www.mesvendanges.com\/en\/shop\/wines\/cotes-du-rhone-david-dne-jean-2016-75cl\/#breadcrumb\",\"itemListElement\":[{\"@type\":\"ListItem\",\"position\":1,\"name\":\"Home\",\"item\":\"https:\/\/www.mesvendanges.com\/en\/\"},{\"@type\":\"ListItem\",\"position\":2,\"name\":\"Shop\",\"item\":\"https:\/\/www.mesvendanges.com\/en\/shop\/\"},{\"@type\":\"ListItem\",\"position\":3,\"name\":\"COTES DU RHONE\"}]}]}<\/script>\n<!-- \/ Yoast SEO plugin. -->","yoast_head_json":{"title":"COTES DU RHONE - Mes Vendanges","robots":{"index":"index","follow":"follow","max-snippet":"max-snippet:-1","max-image-preview":"max-image-preview:large","max-video-preview":"max-video-preview:-1"},"canonical":"https:\/\/www.mesvendanges.com\/en\/shop\/wines\/cotes-du-rhone-david-dne-jean-2016-75cl\/","og_locale":"en_US","og_type":"article","og_title":"COTES DU RHONE - Mes Vendanges","og_description":"Si vous aimez les C\u00f4tes qui ont du caract\u00e8re, go\u00fbtez un peu \u00e0 celui-l\u00e0. Un assemblage \u00e0 dominante grenache mais pas que, de la vendange enti\u00e8re, de belles vignes bien bichonn\u00e9es. Et hop, voici un vrai C\u00f4tes fa\u00e7on Jean David. Une mati\u00e8re dense, le caract\u00e8re de la rafle, une belle complexit\u00e9 aromatique, et de l&#8217;accent [&hellip;]","og_url":"https:\/\/www.mesvendanges.com\/en\/shop\/wines\/cotes-du-rhone-david-dne-jean-2016-75cl\/","og_site_name":"Mes Vendanges","article_modified_time":"2026-04-03T10:19:51+00:00","og_image":[{"width":411,"height":1500,"url":"https:\/\/www.mesvendanges.com\/wp-content\/uploads\/2025\/05\/david-dne-jean-cotes-du-rhone-cotes-du-rhone-2016-75cl-rouge-png.png","type":"image\/png"}],"twitter_card":"summary_large_image","schema":{"@context":"https:\/\/schema.org","@graph":[{"@type":"Organization","@id":"https:\/\/www.mesvendanges.com\/en\/#organization","name":"Mes Vendanges","url":"https:\/\/www.mesvendanges.com\/en\/","sameAs":[],"logo":{"@type":"ImageObject","inLanguage":"fr-FR","@id":"https:\/\/www.mesvendanges.com\/en\/#\/schema\/logo\/image\/","url":"https:\/\/www.mesvendanges.com\/wp-content\/uploads\/2022\/02\/logo-mesvendanges.jpg","contentUrl":"https:\/\/www.mesvendanges.com\/wp-content\/uploads\/2022\/02\/logo-mesvendanges.jpg","width":851,"height":260,"caption":"Mes Vendanges"},"image":{"@id":"https:\/\/www.mesvendanges.com\/en\/#\/schema\/logo\/image\/"}},{"@type":"WebSite","@id":"https:\/\/www.mesvendanges.com\/en\/#website","url":"https:\/\/www.mesvendanges.com\/en\/","name":"Mes Vendanges","description":"Des journ\u00e9es enti\u00e8res dans les vignes","publisher":{"@id":"https:\/\/www.mesvendanges.com\/en\/#organization"},"potentialAction":[{"@type":"SearchAction","target":{"@type":"EntryPoint","urlTemplate":"https:\/\/www.mesvendanges.com\/en\/?s={search_term_string}"},"query-input":"required name=search_term_string"}],"inLanguage":"fr-FR"},{"@type":"ImageObject","inLanguage":"fr-FR","@id":"https:\/\/www.mesvendanges.com\/en\/shop\/wines\/cotes-du-rhone-david-dne-jean-2016-75cl\/#primaryimage","url":"https:\/\/www.mesvendanges.com\/wp-content\/uploads\/2025\/05\/david-dne-jean-cotes-du-rhone-cotes-du-rhone-2016-75cl-rouge-png.png","contentUrl":"https:\/\/www.mesvendanges.com\/wp-content\/uploads\/2025\/05\/david-dne-jean-cotes-du-rhone-cotes-du-rhone-2016-75cl-rouge-png.png","width":411,"height":1500},{"@type":"WebPage","@id":"https:\/\/www.mesvendanges.com\/en\/shop\/wines\/cotes-du-rhone-david-dne-jean-2016-75cl\/","url":"https:\/\/www.mesvendanges.com\/en\/shop\/wines\/cotes-du-rhone-david-dne-jean-2016-75cl\/","name":"COTES DU RHONE - Mes Vendanges","isPartOf":{"@id":"https:\/\/www.mesvendanges.com\/en\/#website"},"primaryImageOfPage":{"@id":"https:\/\/www.mesvendanges.com\/en\/shop\/wines\/cotes-du-rhone-david-dne-jean-2016-75cl\/#primaryimage"},"datePublished":"2022-08-02T14:56:19+00:00","dateModified":"2026-04-03T10:19:51+00:00","breadcrumb":{"@id":"https:\/\/www.mesvendanges.com\/en\/shop\/wines\/cotes-du-rhone-david-dne-jean-2016-75cl\/#breadcrumb"},"inLanguage":"fr-FR","potentialAction":[{"@type":"ReadAction","target":["https:\/\/www.mesvendanges.com\/en\/shop\/wines\/cotes-du-rhone-david-dne-jean-2016-75cl\/"]}]},{"@type":"BreadcrumbList","@id":"https:\/\/www.mesvendanges.com\/en\/shop\/wines\/cotes-du-rhone-david-dne-jean-2016-75cl\/#breadcrumb","itemListElement":[{"@type":"ListItem","position":1,"name":"Home","item":"https:\/\/www.mesvendanges.com\/en\/"},{"@type":"ListItem","position":2,"name":"Shop","item":"https:\/\/www.mesvendanges.com\/en\/shop\/"},{"@type":"ListItem","position":3,"name":"COTES DU RHONE"}]}]}},"_links":{"self":[{"href":"https:\/\/www.mesvendanges.com\/en\/wp-json\/wp\/v2\/product\/45645"}],"collection":[{"href":"https:\/\/www.mesvendanges.com\/en\/wp-json\/wp\/v2\/product"}],"about":[{"href":"https:\/\/www.mesvendanges.com\/en\/wp-json\/wp\/v2\/types\/product"}],"wp:featuredmedia":[{"embeddable":true,"href":"https:\/\/www.mesvendanges.com\/en\/wp-json\/wp\/v2\/media\/86782"}],"wp:attachment":[{"href":"https:\/\/www.mesvendanges.com\/en\/wp-json\/wp\/v2\/media?parent=45645"}],"wp:term":[{"taxonomy":"product_cat","embeddable":true,"href":"https:\/\/www.mesvendanges.com\/en\/wp-json\/wp\/v2\/product_cat?post=45645"},{"taxonomy":"product_tag","embeddable":true,"href":"https:\/\/www.mesvendanges.com\/en\/wp-json\/wp\/v2\/product_tag?post=45645"}],"curies":[{"name":"wp","href":"https:\/\/api.w.org\/{rel}","templated":true}]}}