{"id":45848,"date":"2022-08-02T16:59:13","date_gmt":"2022-08-02T14:59:13","guid":{"rendered":"https:\/\/www.mesvendanges.com\/shop\/uncategorized\/chez-muron-magnum\/"},"modified":"2025-05-01T17:42:01","modified_gmt":"2025-05-01T15:42:01","slug":"chez-muron-magnum-serol-2019-150cl","status":"publish","type":"product","link":"https:\/\/www.mesvendanges.com\/en\/shop\/wines\/chez-muron-magnum-serol-2019-150cl\/","title":{"rendered":"CHEZ MURON MAGNUM"},"content":{"rendered":"<p>Chez Muron, c&#8217;est le coeur de terroir des millerands, une parcelle plein est. La vendange est ici \u00e9rafl\u00e9e \u00e0 100% puis vinifi\u00e9e en amphore sans soufre. Une mac\u00e9ration en douceur de 6 mois, puis un \u00e9levage de 6 mois toujours en amphore et sans soufre. Mise en bouteille avec une l\u00e9g\u00e8re protection de 25mg\/l.<br \/>\nLes cuv\u00e9es en amphores se caract\u00e9risent par leur touch\u00e9 de bouche d&#8217;une rare \u00e9l\u00e9gance, par une fraicheur et un caract\u00e8re floral remarquable. Ce sont des t\u00e9moins vibrant de la haute qualit\u00e9 des terroirs de la C\u00f4te Roannaise ainsi que du gamay saint-romain.<\/p>\n","protected":false},"excerpt":{"rendered":"<p>Chez Muron, c&#8217;est le coeur de terroir des millerands, une parcelle plein est. La vendange est ici \u00e9rafl\u00e9e \u00e0 100% puis vinifi\u00e9e en amphore sans soufre. Une mac\u00e9ration en douceur de 6 mois, puis un \u00e9levage de 6 mois toujours en amphore et sans soufre. Mise en bouteille avec une l\u00e9g\u00e8re protection de 25mg\/l. Les [&hellip;]<\/p>\n","protected":false},"featured_media":87784,"template":"","meta":[],"product_cat":[3740],"product_tag":[],"acf":[],"yoast_head":"<!-- This site is optimized with the Yoast SEO plugin v19.3 - https:\/\/yoast.com\/wordpress\/plugins\/seo\/ -->\n<title>CHEZ MURON MAGNUM - Mes Vendanges<\/title>\n<meta name=\"robots\" content=\"index, follow, max-snippet:-1, max-image-preview:large, max-video-preview:-1\" \/>\n<link rel=\"canonical\" href=\"https:\/\/www.mesvendanges.com\/en\/shop\/wines\/chez-muron-magnum-serol-2019-150cl\/\" \/>\n<meta property=\"og:locale\" content=\"en_US\" \/>\n<meta property=\"og:type\" content=\"article\" \/>\n<meta property=\"og:title\" content=\"CHEZ MURON MAGNUM - Mes Vendanges\" \/>\n<meta property=\"og:description\" content=\"Chez Muron, c&#8217;est le coeur de terroir des millerands, une parcelle plein est. La vendange est ici \u00e9rafl\u00e9e \u00e0 100% puis vinifi\u00e9e en amphore sans soufre. Une mac\u00e9ration en douceur de 6 mois, puis un \u00e9levage de 6 mois toujours en amphore et sans soufre. Mise en bouteille avec une l\u00e9g\u00e8re protection de 25mg\/l. Les [&hellip;]\" \/>\n<meta property=\"og:url\" content=\"https:\/\/www.mesvendanges.com\/en\/shop\/wines\/chez-muron-magnum-serol-2019-150cl\/\" \/>\n<meta property=\"og:site_name\" content=\"Mes Vendanges\" \/>\n<meta property=\"article:modified_time\" content=\"2025-05-01T15:42:01+00:00\" \/>\n<meta property=\"og:image\" content=\"https:\/\/www.mesvendanges.com\/wp-content\/uploads\/2025\/05\/serol-cote-roannaise-chez-muron-2019-magnum-png.png\" \/>\n\t<meta property=\"og:image:width\" content=\"438\" \/>\n\t<meta property=\"og:image:height\" content=\"1500\" \/>\n\t<meta property=\"og:image:type\" content=\"image\/png\" \/>\n<meta name=\"twitter:card\" content=\"summary_large_image\" \/>\n<meta name=\"twitter:label1\" content=\"Est. reading time\" \/>\n\t<meta name=\"twitter:data1\" content=\"1 minute\" \/>\n<script type=\"application\/ld+json\" class=\"yoast-schema-graph\">{\"@context\":\"https:\/\/schema.org\",\"@graph\":[{\"@type\":\"Organization\",\"@id\":\"https:\/\/www.mesvendanges.com\/en\/#organization\",\"name\":\"Mes Vendanges\",\"url\":\"https:\/\/www.mesvendanges.com\/en\/\",\"sameAs\":[],\"logo\":{\"@type\":\"ImageObject\",\"inLanguage\":\"fr-FR\",\"@id\":\"https:\/\/www.mesvendanges.com\/en\/#\/schema\/logo\/image\/\",\"url\":\"https:\/\/www.mesvendanges.com\/wp-content\/uploads\/2022\/02\/logo-mesvendanges.jpg\",\"contentUrl\":\"https:\/\/www.mesvendanges.com\/wp-content\/uploads\/2022\/02\/logo-mesvendanges.jpg\",\"width\":851,\"height\":260,\"caption\":\"Mes Vendanges\"},\"image\":{\"@id\":\"https:\/\/www.mesvendanges.com\/en\/#\/schema\/logo\/image\/\"}},{\"@type\":\"WebSite\",\"@id\":\"https:\/\/www.mesvendanges.com\/en\/#website\",\"url\":\"https:\/\/www.mesvendanges.com\/en\/\",\"name\":\"Mes Vendanges\",\"description\":\"Des journ\u00e9es enti\u00e8res dans les vignes\",\"publisher\":{\"@id\":\"https:\/\/www.mesvendanges.com\/en\/#organization\"},\"potentialAction\":[{\"@type\":\"SearchAction\",\"target\":{\"@type\":\"EntryPoint\",\"urlTemplate\":\"https:\/\/www.mesvendanges.com\/en\/?s={search_term_string}\"},\"query-input\":\"required name=search_term_string\"}],\"inLanguage\":\"fr-FR\"},{\"@type\":\"ImageObject\",\"inLanguage\":\"fr-FR\",\"@id\":\"https:\/\/www.mesvendanges.com\/en\/shop\/wines\/chez-muron-magnum-serol-2019-150cl\/#primaryimage\",\"url\":\"https:\/\/www.mesvendanges.com\/wp-content\/uploads\/2025\/05\/serol-cote-roannaise-chez-muron-2019-magnum-png.png\",\"contentUrl\":\"https:\/\/www.mesvendanges.com\/wp-content\/uploads\/2025\/05\/serol-cote-roannaise-chez-muron-2019-magnum-png.png\",\"width\":438,\"height\":1500},{\"@type\":\"WebPage\",\"@id\":\"https:\/\/www.mesvendanges.com\/en\/shop\/wines\/chez-muron-magnum-serol-2019-150cl\/\",\"url\":\"https:\/\/www.mesvendanges.com\/en\/shop\/wines\/chez-muron-magnum-serol-2019-150cl\/\",\"name\":\"CHEZ MURON MAGNUM - Mes Vendanges\",\"isPartOf\":{\"@id\":\"https:\/\/www.mesvendanges.com\/en\/#website\"},\"primaryImageOfPage\":{\"@id\":\"https:\/\/www.mesvendanges.com\/en\/shop\/wines\/chez-muron-magnum-serol-2019-150cl\/#primaryimage\"},\"datePublished\":\"2022-08-02T14:59:13+00:00\",\"dateModified\":\"2025-05-01T15:42:01+00:00\",\"breadcrumb\":{\"@id\":\"https:\/\/www.mesvendanges.com\/en\/shop\/wines\/chez-muron-magnum-serol-2019-150cl\/#breadcrumb\"},\"inLanguage\":\"fr-FR\",\"potentialAction\":[{\"@type\":\"ReadAction\",\"target\":[\"https:\/\/www.mesvendanges.com\/en\/shop\/wines\/chez-muron-magnum-serol-2019-150cl\/\"]}]},{\"@type\":\"BreadcrumbList\",\"@id\":\"https:\/\/www.mesvendanges.com\/en\/shop\/wines\/chez-muron-magnum-serol-2019-150cl\/#breadcrumb\",\"itemListElement\":[{\"@type\":\"ListItem\",\"position\":1,\"name\":\"Home\",\"item\":\"https:\/\/www.mesvendanges.com\/en\/\"},{\"@type\":\"ListItem\",\"position\":2,\"name\":\"Shop\",\"item\":\"https:\/\/www.mesvendanges.com\/en\/shop\/\"},{\"@type\":\"ListItem\",\"position\":3,\"name\":\"CHEZ MURON MAGNUM\"}]}]}<\/script>\n<!-- \/ Yoast SEO plugin. -->","yoast_head_json":{"title":"CHEZ MURON MAGNUM - Mes Vendanges","robots":{"index":"index","follow":"follow","max-snippet":"max-snippet:-1","max-image-preview":"max-image-preview:large","max-video-preview":"max-video-preview:-1"},"canonical":"https:\/\/www.mesvendanges.com\/en\/shop\/wines\/chez-muron-magnum-serol-2019-150cl\/","og_locale":"en_US","og_type":"article","og_title":"CHEZ MURON MAGNUM - Mes Vendanges","og_description":"Chez Muron, c&#8217;est le coeur de terroir des millerands, une parcelle plein est. La vendange est ici \u00e9rafl\u00e9e \u00e0 100% puis vinifi\u00e9e en amphore sans soufre. Une mac\u00e9ration en douceur de 6 mois, puis un \u00e9levage de 6 mois toujours en amphore et sans soufre. Mise en bouteille avec une l\u00e9g\u00e8re protection de 25mg\/l. Les [&hellip;]","og_url":"https:\/\/www.mesvendanges.com\/en\/shop\/wines\/chez-muron-magnum-serol-2019-150cl\/","og_site_name":"Mes Vendanges","article_modified_time":"2025-05-01T15:42:01+00:00","og_image":[{"width":438,"height":1500,"url":"https:\/\/www.mesvendanges.com\/wp-content\/uploads\/2025\/05\/serol-cote-roannaise-chez-muron-2019-magnum-png.png","type":"image\/png"}],"twitter_card":"summary_large_image","twitter_misc":{"Est. reading time":"1 minute"},"schema":{"@context":"https:\/\/schema.org","@graph":[{"@type":"Organization","@id":"https:\/\/www.mesvendanges.com\/en\/#organization","name":"Mes Vendanges","url":"https:\/\/www.mesvendanges.com\/en\/","sameAs":[],"logo":{"@type":"ImageObject","inLanguage":"fr-FR","@id":"https:\/\/www.mesvendanges.com\/en\/#\/schema\/logo\/image\/","url":"https:\/\/www.mesvendanges.com\/wp-content\/uploads\/2022\/02\/logo-mesvendanges.jpg","contentUrl":"https:\/\/www.mesvendanges.com\/wp-content\/uploads\/2022\/02\/logo-mesvendanges.jpg","width":851,"height":260,"caption":"Mes Vendanges"},"image":{"@id":"https:\/\/www.mesvendanges.com\/en\/#\/schema\/logo\/image\/"}},{"@type":"WebSite","@id":"https:\/\/www.mesvendanges.com\/en\/#website","url":"https:\/\/www.mesvendanges.com\/en\/","name":"Mes Vendanges","description":"Des journ\u00e9es enti\u00e8res dans les vignes","publisher":{"@id":"https:\/\/www.mesvendanges.com\/en\/#organization"},"potentialAction":[{"@type":"SearchAction","target":{"@type":"EntryPoint","urlTemplate":"https:\/\/www.mesvendanges.com\/en\/?s={search_term_string}"},"query-input":"required name=search_term_string"}],"inLanguage":"fr-FR"},{"@type":"ImageObject","inLanguage":"fr-FR","@id":"https:\/\/www.mesvendanges.com\/en\/shop\/wines\/chez-muron-magnum-serol-2019-150cl\/#primaryimage","url":"https:\/\/www.mesvendanges.com\/wp-content\/uploads\/2025\/05\/serol-cote-roannaise-chez-muron-2019-magnum-png.png","contentUrl":"https:\/\/www.mesvendanges.com\/wp-content\/uploads\/2025\/05\/serol-cote-roannaise-chez-muron-2019-magnum-png.png","width":438,"height":1500},{"@type":"WebPage","@id":"https:\/\/www.mesvendanges.com\/en\/shop\/wines\/chez-muron-magnum-serol-2019-150cl\/","url":"https:\/\/www.mesvendanges.com\/en\/shop\/wines\/chez-muron-magnum-serol-2019-150cl\/","name":"CHEZ MURON MAGNUM - Mes Vendanges","isPartOf":{"@id":"https:\/\/www.mesvendanges.com\/en\/#website"},"primaryImageOfPage":{"@id":"https:\/\/www.mesvendanges.com\/en\/shop\/wines\/chez-muron-magnum-serol-2019-150cl\/#primaryimage"},"datePublished":"2022-08-02T14:59:13+00:00","dateModified":"2025-05-01T15:42:01+00:00","breadcrumb":{"@id":"https:\/\/www.mesvendanges.com\/en\/shop\/wines\/chez-muron-magnum-serol-2019-150cl\/#breadcrumb"},"inLanguage":"fr-FR","potentialAction":[{"@type":"ReadAction","target":["https:\/\/www.mesvendanges.com\/en\/shop\/wines\/chez-muron-magnum-serol-2019-150cl\/"]}]},{"@type":"BreadcrumbList","@id":"https:\/\/www.mesvendanges.com\/en\/shop\/wines\/chez-muron-magnum-serol-2019-150cl\/#breadcrumb","itemListElement":[{"@type":"ListItem","position":1,"name":"Home","item":"https:\/\/www.mesvendanges.com\/en\/"},{"@type":"ListItem","position":2,"name":"Shop","item":"https:\/\/www.mesvendanges.com\/en\/shop\/"},{"@type":"ListItem","position":3,"name":"CHEZ MURON MAGNUM"}]}]}},"_links":{"self":[{"href":"https:\/\/www.mesvendanges.com\/en\/wp-json\/wp\/v2\/product\/45848"}],"collection":[{"href":"https:\/\/www.mesvendanges.com\/en\/wp-json\/wp\/v2\/product"}],"about":[{"href":"https:\/\/www.mesvendanges.com\/en\/wp-json\/wp\/v2\/types\/product"}],"wp:featuredmedia":[{"embeddable":true,"href":"https:\/\/www.mesvendanges.com\/en\/wp-json\/wp\/v2\/media\/87784"}],"wp:attachment":[{"href":"https:\/\/www.mesvendanges.com\/en\/wp-json\/wp\/v2\/media?parent=45848"}],"wp:term":[{"taxonomy":"product_cat","embeddable":true,"href":"https:\/\/www.mesvendanges.com\/en\/wp-json\/wp\/v2\/product_cat?post=45848"},{"taxonomy":"product_tag","embeddable":true,"href":"https:\/\/www.mesvendanges.com\/en\/wp-json\/wp\/v2\/product_tag?post=45848"}],"curies":[{"name":"wp","href":"https:\/\/api.w.org\/{rel}","templated":true}]}}