{"id":45873,"date":"2022-08-02T16:59:31","date_gmt":"2022-08-02T14:59:31","guid":{"rendered":"https:\/\/www.mesvendanges.com\/shop\/uncategorized\/les-millerands-magnum\/"},"modified":"2025-05-01T17:43:17","modified_gmt":"2025-05-01T15:43:17","slug":"les-millerands-magnum-serol-2019-150cl","status":"publish","type":"product","link":"https:\/\/www.mesvendanges.com\/en\/shop\/wines\/les-millerands-magnum-serol-2019-150cl\/","title":{"rendered":"LES MILLERANDS MAGNUM"},"content":{"rendered":"<p>La cuv\u00e9e Millerands est embl\u00e9matique des gamays plant\u00e9s sur granit. C&#8217;est un vin de caract\u00e8re avec du croquant et ce nerf qu&#8217;apporte le plateau granitique. Ici les vignes sont anciennes, ag\u00e9es de 50 \u00e0 95 ans, ce qui conf\u00e8re au vin une belle profondeur en bouche. Expos\u00e9 Est, \u00e0 une altitude de 500m, la fraicheur reste bien pr\u00e9sente, et permet du d\u00e9tail et du floral dans l&#8217;expression aromatique. Un tiers de la r\u00e9colte est vinifi\u00e9 en vendange enti\u00e8re ce qui renforce le c\u00f4t\u00e9 terroir de cette cuv\u00e9e. Elevage d&#8217;un an en cuve ciment afin de pr\u00e9server la qualit\u00e9 intrins\u00e8que du vin. Un petit bonheur.<\/p>\n","protected":false},"excerpt":{"rendered":"<p>La cuv\u00e9e Millerands est embl\u00e9matique des gamays plant\u00e9s sur granit. C&#8217;est un vin de caract\u00e8re avec du croquant et ce nerf qu&#8217;apporte le plateau granitique. Ici les vignes sont anciennes, ag\u00e9es de 50 \u00e0 95 ans, ce qui conf\u00e8re au vin une belle profondeur en bouche. Expos\u00e9 Est, \u00e0 une altitude de 500m, la fraicheur [&hellip;]<\/p>\n","protected":false},"featured_media":87798,"template":"","meta":[],"product_cat":[3740],"product_tag":[],"acf":[],"yoast_head":"<!-- This site is optimized with the Yoast SEO plugin v19.3 - https:\/\/yoast.com\/wordpress\/plugins\/seo\/ -->\n<title>LES MILLERANDS MAGNUM - Mes Vendanges<\/title>\n<meta name=\"robots\" content=\"index, follow, max-snippet:-1, max-image-preview:large, max-video-preview:-1\" \/>\n<link rel=\"canonical\" href=\"https:\/\/www.mesvendanges.com\/en\/shop\/wines\/les-millerands-magnum-serol-2019-150cl\/\" \/>\n<meta property=\"og:locale\" content=\"en_US\" \/>\n<meta property=\"og:type\" content=\"article\" \/>\n<meta property=\"og:title\" content=\"LES MILLERANDS MAGNUM - Mes Vendanges\" \/>\n<meta property=\"og:description\" content=\"La cuv\u00e9e Millerands est embl\u00e9matique des gamays plant\u00e9s sur granit. C&#8217;est un vin de caract\u00e8re avec du croquant et ce nerf qu&#8217;apporte le plateau granitique. Ici les vignes sont anciennes, ag\u00e9es de 50 \u00e0 95 ans, ce qui conf\u00e8re au vin une belle profondeur en bouche. Expos\u00e9 Est, \u00e0 une altitude de 500m, la fraicheur [&hellip;]\" \/>\n<meta property=\"og:url\" content=\"https:\/\/www.mesvendanges.com\/en\/shop\/wines\/les-millerands-magnum-serol-2019-150cl\/\" \/>\n<meta property=\"og:site_name\" content=\"Mes Vendanges\" \/>\n<meta property=\"article:modified_time\" content=\"2025-05-01T15:43:17+00:00\" \/>\n<meta property=\"og:image\" content=\"https:\/\/www.mesvendanges.com\/wp-content\/uploads\/2025\/05\/serol-cote-roannaise-les-millerands-2019-magnum-png.png\" \/>\n\t<meta property=\"og:image:width\" content=\"452\" \/>\n\t<meta property=\"og:image:height\" content=\"1500\" \/>\n\t<meta property=\"og:image:type\" content=\"image\/png\" \/>\n<meta name=\"twitter:card\" content=\"summary_large_image\" \/>\n<meta name=\"twitter:label1\" content=\"Est. reading time\" \/>\n\t<meta name=\"twitter:data1\" content=\"1 minute\" \/>\n<script type=\"application\/ld+json\" class=\"yoast-schema-graph\">{\"@context\":\"https:\/\/schema.org\",\"@graph\":[{\"@type\":\"Organization\",\"@id\":\"https:\/\/www.mesvendanges.com\/en\/#organization\",\"name\":\"Mes Vendanges\",\"url\":\"https:\/\/www.mesvendanges.com\/en\/\",\"sameAs\":[],\"logo\":{\"@type\":\"ImageObject\",\"inLanguage\":\"fr-FR\",\"@id\":\"https:\/\/www.mesvendanges.com\/en\/#\/schema\/logo\/image\/\",\"url\":\"https:\/\/www.mesvendanges.com\/wp-content\/uploads\/2022\/02\/logo-mesvendanges.jpg\",\"contentUrl\":\"https:\/\/www.mesvendanges.com\/wp-content\/uploads\/2022\/02\/logo-mesvendanges.jpg\",\"width\":851,\"height\":260,\"caption\":\"Mes Vendanges\"},\"image\":{\"@id\":\"https:\/\/www.mesvendanges.com\/en\/#\/schema\/logo\/image\/\"}},{\"@type\":\"WebSite\",\"@id\":\"https:\/\/www.mesvendanges.com\/en\/#website\",\"url\":\"https:\/\/www.mesvendanges.com\/en\/\",\"name\":\"Mes Vendanges\",\"description\":\"Des journ\u00e9es enti\u00e8res dans les vignes\",\"publisher\":{\"@id\":\"https:\/\/www.mesvendanges.com\/en\/#organization\"},\"potentialAction\":[{\"@type\":\"SearchAction\",\"target\":{\"@type\":\"EntryPoint\",\"urlTemplate\":\"https:\/\/www.mesvendanges.com\/en\/?s={search_term_string}\"},\"query-input\":\"required name=search_term_string\"}],\"inLanguage\":\"fr-FR\"},{\"@type\":\"ImageObject\",\"inLanguage\":\"fr-FR\",\"@id\":\"https:\/\/www.mesvendanges.com\/en\/shop\/wines\/les-millerands-magnum-serol-2019-150cl\/#primaryimage\",\"url\":\"https:\/\/www.mesvendanges.com\/wp-content\/uploads\/2025\/05\/serol-cote-roannaise-les-millerands-2019-magnum-png.png\",\"contentUrl\":\"https:\/\/www.mesvendanges.com\/wp-content\/uploads\/2025\/05\/serol-cote-roannaise-les-millerands-2019-magnum-png.png\",\"width\":452,\"height\":1500},{\"@type\":\"WebPage\",\"@id\":\"https:\/\/www.mesvendanges.com\/en\/shop\/wines\/les-millerands-magnum-serol-2019-150cl\/\",\"url\":\"https:\/\/www.mesvendanges.com\/en\/shop\/wines\/les-millerands-magnum-serol-2019-150cl\/\",\"name\":\"LES MILLERANDS MAGNUM - Mes Vendanges\",\"isPartOf\":{\"@id\":\"https:\/\/www.mesvendanges.com\/en\/#website\"},\"primaryImageOfPage\":{\"@id\":\"https:\/\/www.mesvendanges.com\/en\/shop\/wines\/les-millerands-magnum-serol-2019-150cl\/#primaryimage\"},\"datePublished\":\"2022-08-02T14:59:31+00:00\",\"dateModified\":\"2025-05-01T15:43:17+00:00\",\"breadcrumb\":{\"@id\":\"https:\/\/www.mesvendanges.com\/en\/shop\/wines\/les-millerands-magnum-serol-2019-150cl\/#breadcrumb\"},\"inLanguage\":\"fr-FR\",\"potentialAction\":[{\"@type\":\"ReadAction\",\"target\":[\"https:\/\/www.mesvendanges.com\/en\/shop\/wines\/les-millerands-magnum-serol-2019-150cl\/\"]}]},{\"@type\":\"BreadcrumbList\",\"@id\":\"https:\/\/www.mesvendanges.com\/en\/shop\/wines\/les-millerands-magnum-serol-2019-150cl\/#breadcrumb\",\"itemListElement\":[{\"@type\":\"ListItem\",\"position\":1,\"name\":\"Home\",\"item\":\"https:\/\/www.mesvendanges.com\/en\/\"},{\"@type\":\"ListItem\",\"position\":2,\"name\":\"Shop\",\"item\":\"https:\/\/www.mesvendanges.com\/en\/shop\/\"},{\"@type\":\"ListItem\",\"position\":3,\"name\":\"LES MILLERANDS MAGNUM\"}]}]}<\/script>\n<!-- \/ Yoast SEO plugin. -->","yoast_head_json":{"title":"LES MILLERANDS MAGNUM - Mes Vendanges","robots":{"index":"index","follow":"follow","max-snippet":"max-snippet:-1","max-image-preview":"max-image-preview:large","max-video-preview":"max-video-preview:-1"},"canonical":"https:\/\/www.mesvendanges.com\/en\/shop\/wines\/les-millerands-magnum-serol-2019-150cl\/","og_locale":"en_US","og_type":"article","og_title":"LES MILLERANDS MAGNUM - Mes Vendanges","og_description":"La cuv\u00e9e Millerands est embl\u00e9matique des gamays plant\u00e9s sur granit. C&#8217;est un vin de caract\u00e8re avec du croquant et ce nerf qu&#8217;apporte le plateau granitique. Ici les vignes sont anciennes, ag\u00e9es de 50 \u00e0 95 ans, ce qui conf\u00e8re au vin une belle profondeur en bouche. Expos\u00e9 Est, \u00e0 une altitude de 500m, la fraicheur [&hellip;]","og_url":"https:\/\/www.mesvendanges.com\/en\/shop\/wines\/les-millerands-magnum-serol-2019-150cl\/","og_site_name":"Mes Vendanges","article_modified_time":"2025-05-01T15:43:17+00:00","og_image":[{"width":452,"height":1500,"url":"https:\/\/www.mesvendanges.com\/wp-content\/uploads\/2025\/05\/serol-cote-roannaise-les-millerands-2019-magnum-png.png","type":"image\/png"}],"twitter_card":"summary_large_image","twitter_misc":{"Est. reading time":"1 minute"},"schema":{"@context":"https:\/\/schema.org","@graph":[{"@type":"Organization","@id":"https:\/\/www.mesvendanges.com\/en\/#organization","name":"Mes Vendanges","url":"https:\/\/www.mesvendanges.com\/en\/","sameAs":[],"logo":{"@type":"ImageObject","inLanguage":"fr-FR","@id":"https:\/\/www.mesvendanges.com\/en\/#\/schema\/logo\/image\/","url":"https:\/\/www.mesvendanges.com\/wp-content\/uploads\/2022\/02\/logo-mesvendanges.jpg","contentUrl":"https:\/\/www.mesvendanges.com\/wp-content\/uploads\/2022\/02\/logo-mesvendanges.jpg","width":851,"height":260,"caption":"Mes Vendanges"},"image":{"@id":"https:\/\/www.mesvendanges.com\/en\/#\/schema\/logo\/image\/"}},{"@type":"WebSite","@id":"https:\/\/www.mesvendanges.com\/en\/#website","url":"https:\/\/www.mesvendanges.com\/en\/","name":"Mes Vendanges","description":"Des journ\u00e9es enti\u00e8res dans les vignes","publisher":{"@id":"https:\/\/www.mesvendanges.com\/en\/#organization"},"potentialAction":[{"@type":"SearchAction","target":{"@type":"EntryPoint","urlTemplate":"https:\/\/www.mesvendanges.com\/en\/?s={search_term_string}"},"query-input":"required name=search_term_string"}],"inLanguage":"fr-FR"},{"@type":"ImageObject","inLanguage":"fr-FR","@id":"https:\/\/www.mesvendanges.com\/en\/shop\/wines\/les-millerands-magnum-serol-2019-150cl\/#primaryimage","url":"https:\/\/www.mesvendanges.com\/wp-content\/uploads\/2025\/05\/serol-cote-roannaise-les-millerands-2019-magnum-png.png","contentUrl":"https:\/\/www.mesvendanges.com\/wp-content\/uploads\/2025\/05\/serol-cote-roannaise-les-millerands-2019-magnum-png.png","width":452,"height":1500},{"@type":"WebPage","@id":"https:\/\/www.mesvendanges.com\/en\/shop\/wines\/les-millerands-magnum-serol-2019-150cl\/","url":"https:\/\/www.mesvendanges.com\/en\/shop\/wines\/les-millerands-magnum-serol-2019-150cl\/","name":"LES MILLERANDS MAGNUM - Mes Vendanges","isPartOf":{"@id":"https:\/\/www.mesvendanges.com\/en\/#website"},"primaryImageOfPage":{"@id":"https:\/\/www.mesvendanges.com\/en\/shop\/wines\/les-millerands-magnum-serol-2019-150cl\/#primaryimage"},"datePublished":"2022-08-02T14:59:31+00:00","dateModified":"2025-05-01T15:43:17+00:00","breadcrumb":{"@id":"https:\/\/www.mesvendanges.com\/en\/shop\/wines\/les-millerands-magnum-serol-2019-150cl\/#breadcrumb"},"inLanguage":"fr-FR","potentialAction":[{"@type":"ReadAction","target":["https:\/\/www.mesvendanges.com\/en\/shop\/wines\/les-millerands-magnum-serol-2019-150cl\/"]}]},{"@type":"BreadcrumbList","@id":"https:\/\/www.mesvendanges.com\/en\/shop\/wines\/les-millerands-magnum-serol-2019-150cl\/#breadcrumb","itemListElement":[{"@type":"ListItem","position":1,"name":"Home","item":"https:\/\/www.mesvendanges.com\/en\/"},{"@type":"ListItem","position":2,"name":"Shop","item":"https:\/\/www.mesvendanges.com\/en\/shop\/"},{"@type":"ListItem","position":3,"name":"LES MILLERANDS MAGNUM"}]}]}},"_links":{"self":[{"href":"https:\/\/www.mesvendanges.com\/en\/wp-json\/wp\/v2\/product\/45873"}],"collection":[{"href":"https:\/\/www.mesvendanges.com\/en\/wp-json\/wp\/v2\/product"}],"about":[{"href":"https:\/\/www.mesvendanges.com\/en\/wp-json\/wp\/v2\/types\/product"}],"wp:featuredmedia":[{"embeddable":true,"href":"https:\/\/www.mesvendanges.com\/en\/wp-json\/wp\/v2\/media\/87798"}],"wp:attachment":[{"href":"https:\/\/www.mesvendanges.com\/en\/wp-json\/wp\/v2\/media?parent=45873"}],"wp:term":[{"taxonomy":"product_cat","embeddable":true,"href":"https:\/\/www.mesvendanges.com\/en\/wp-json\/wp\/v2\/product_cat?post=45873"},{"taxonomy":"product_tag","embeddable":true,"href":"https:\/\/www.mesvendanges.com\/en\/wp-json\/wp\/v2\/product_tag?post=45873"}],"curies":[{"name":"wp","href":"https:\/\/api.w.org\/{rel}","templated":true}]}}