{"id":46097,"date":"2022-08-02T17:02:34","date_gmt":"2022-08-02T15:02:34","guid":{"rendered":"https:\/\/www.mesvendanges.com\/shop\/uncategorized\/arbois-vin-jaune-3\/"},"modified":"2023-12-05T18:45:42","modified_gmt":"2023-12-05T17:45:42","slug":"arbois-vin-jaune-fumey-chatelain-2014-62cl","status":"publish","type":"product","link":"https:\/\/www.mesvendanges.com\/en\/shop\/wines\/arbois-vin-jaune-fumey-chatelain-2014-62cl\/","title":{"rendered":"ARBOIS VIN JAUNE"},"content":{"rendered":"<p>Superbe vin jaune, l&#8217;aromatique est claire, d\u00e9taill\u00e9e, sur le curry, les fruits secs, la noix fraiche, les \u00e9pices douces, le c\u00e9leri. La bouche est ample et longue, intense. La texture est riche, avec une grande finesse dans la liqueur. De toute beaut\u00e9.<\/p>\n","protected":false},"excerpt":{"rendered":"<p>Superbe vin jaune, l&#8217;aromatique est claire, d\u00e9taill\u00e9e, sur le curry, les fruits secs, la noix fraiche, les \u00e9pices douces, le c\u00e9leri. La bouche est ample et longue, intense. La texture est riche, avec une grande finesse dans la liqueur. De toute beaut\u00e9.<\/p>\n","protected":false},"featured_media":0,"template":"","meta":[],"product_cat":[3740],"product_tag":[],"acf":[],"yoast_head":"<!-- This site is optimized with the Yoast SEO plugin v19.3 - https:\/\/yoast.com\/wordpress\/plugins\/seo\/ -->\n<title>ARBOIS VIN JAUNE - Mes Vendanges<\/title>\n<meta name=\"robots\" content=\"index, follow, max-snippet:-1, max-image-preview:large, max-video-preview:-1\" \/>\n<link rel=\"canonical\" href=\"https:\/\/www.mesvendanges.com\/en\/shop\/wines\/arbois-vin-jaune-fumey-chatelain-2014-62cl\/\" \/>\n<meta property=\"og:locale\" content=\"en_US\" \/>\n<meta property=\"og:type\" content=\"article\" \/>\n<meta property=\"og:title\" content=\"ARBOIS VIN JAUNE - Mes Vendanges\" \/>\n<meta property=\"og:description\" content=\"Superbe vin jaune, l&#8217;aromatique est claire, d\u00e9taill\u00e9e, sur le curry, les fruits secs, la noix fraiche, les \u00e9pices douces, le c\u00e9leri. La bouche est ample et longue, intense. La texture est riche, avec une grande finesse dans la liqueur. De toute beaut\u00e9.\" \/>\n<meta property=\"og:url\" content=\"https:\/\/www.mesvendanges.com\/en\/shop\/wines\/arbois-vin-jaune-fumey-chatelain-2014-62cl\/\" \/>\n<meta property=\"og:site_name\" content=\"Mes Vendanges\" \/>\n<meta property=\"article:modified_time\" content=\"2023-12-05T17:45:42+00:00\" \/>\n<meta name=\"twitter:card\" content=\"summary_large_image\" \/>\n<script type=\"application\/ld+json\" class=\"yoast-schema-graph\">{\"@context\":\"https:\/\/schema.org\",\"@graph\":[{\"@type\":\"Organization\",\"@id\":\"https:\/\/www.mesvendanges.com\/en\/#organization\",\"name\":\"Mes Vendanges\",\"url\":\"https:\/\/www.mesvendanges.com\/en\/\",\"sameAs\":[],\"logo\":{\"@type\":\"ImageObject\",\"inLanguage\":\"fr-FR\",\"@id\":\"https:\/\/www.mesvendanges.com\/en\/#\/schema\/logo\/image\/\",\"url\":\"https:\/\/www.mesvendanges.com\/wp-content\/uploads\/2022\/02\/logo-mesvendanges.jpg\",\"contentUrl\":\"https:\/\/www.mesvendanges.com\/wp-content\/uploads\/2022\/02\/logo-mesvendanges.jpg\",\"width\":851,\"height\":260,\"caption\":\"Mes Vendanges\"},\"image\":{\"@id\":\"https:\/\/www.mesvendanges.com\/en\/#\/schema\/logo\/image\/\"}},{\"@type\":\"WebSite\",\"@id\":\"https:\/\/www.mesvendanges.com\/en\/#website\",\"url\":\"https:\/\/www.mesvendanges.com\/en\/\",\"name\":\"Mes Vendanges\",\"description\":\"Des journ\u00e9es enti\u00e8res dans les vignes\",\"publisher\":{\"@id\":\"https:\/\/www.mesvendanges.com\/en\/#organization\"},\"potentialAction\":[{\"@type\":\"SearchAction\",\"target\":{\"@type\":\"EntryPoint\",\"urlTemplate\":\"https:\/\/www.mesvendanges.com\/en\/?s={search_term_string}\"},\"query-input\":\"required name=search_term_string\"}],\"inLanguage\":\"fr-FR\"},{\"@type\":\"WebPage\",\"@id\":\"https:\/\/www.mesvendanges.com\/en\/shop\/wines\/arbois-vin-jaune-fumey-chatelain-2014-62cl\/\",\"url\":\"https:\/\/www.mesvendanges.com\/en\/shop\/wines\/arbois-vin-jaune-fumey-chatelain-2014-62cl\/\",\"name\":\"ARBOIS VIN JAUNE - Mes Vendanges\",\"isPartOf\":{\"@id\":\"https:\/\/www.mesvendanges.com\/en\/#website\"},\"datePublished\":\"2022-08-02T15:02:34+00:00\",\"dateModified\":\"2023-12-05T17:45:42+00:00\",\"breadcrumb\":{\"@id\":\"https:\/\/www.mesvendanges.com\/en\/shop\/wines\/arbois-vin-jaune-fumey-chatelain-2014-62cl\/#breadcrumb\"},\"inLanguage\":\"fr-FR\",\"potentialAction\":[{\"@type\":\"ReadAction\",\"target\":[\"https:\/\/www.mesvendanges.com\/en\/shop\/wines\/arbois-vin-jaune-fumey-chatelain-2014-62cl\/\"]}]},{\"@type\":\"BreadcrumbList\",\"@id\":\"https:\/\/www.mesvendanges.com\/en\/shop\/wines\/arbois-vin-jaune-fumey-chatelain-2014-62cl\/#breadcrumb\",\"itemListElement\":[{\"@type\":\"ListItem\",\"position\":1,\"name\":\"Home\",\"item\":\"https:\/\/www.mesvendanges.com\/en\/\"},{\"@type\":\"ListItem\",\"position\":2,\"name\":\"Shop\",\"item\":\"https:\/\/www.mesvendanges.com\/en\/shop\/\"},{\"@type\":\"ListItem\",\"position\":3,\"name\":\"ARBOIS VIN JAUNE\"}]}]}<\/script>\n<!-- \/ Yoast SEO plugin. -->","yoast_head_json":{"title":"ARBOIS VIN JAUNE - Mes Vendanges","robots":{"index":"index","follow":"follow","max-snippet":"max-snippet:-1","max-image-preview":"max-image-preview:large","max-video-preview":"max-video-preview:-1"},"canonical":"https:\/\/www.mesvendanges.com\/en\/shop\/wines\/arbois-vin-jaune-fumey-chatelain-2014-62cl\/","og_locale":"en_US","og_type":"article","og_title":"ARBOIS VIN JAUNE - Mes Vendanges","og_description":"Superbe vin jaune, l&#8217;aromatique est claire, d\u00e9taill\u00e9e, sur le curry, les fruits secs, la noix fraiche, les \u00e9pices douces, le c\u00e9leri. La bouche est ample et longue, intense. La texture est riche, avec une grande finesse dans la liqueur. De toute beaut\u00e9.","og_url":"https:\/\/www.mesvendanges.com\/en\/shop\/wines\/arbois-vin-jaune-fumey-chatelain-2014-62cl\/","og_site_name":"Mes Vendanges","article_modified_time":"2023-12-05T17:45:42+00:00","twitter_card":"summary_large_image","schema":{"@context":"https:\/\/schema.org","@graph":[{"@type":"Organization","@id":"https:\/\/www.mesvendanges.com\/en\/#organization","name":"Mes Vendanges","url":"https:\/\/www.mesvendanges.com\/en\/","sameAs":[],"logo":{"@type":"ImageObject","inLanguage":"fr-FR","@id":"https:\/\/www.mesvendanges.com\/en\/#\/schema\/logo\/image\/","url":"https:\/\/www.mesvendanges.com\/wp-content\/uploads\/2022\/02\/logo-mesvendanges.jpg","contentUrl":"https:\/\/www.mesvendanges.com\/wp-content\/uploads\/2022\/02\/logo-mesvendanges.jpg","width":851,"height":260,"caption":"Mes Vendanges"},"image":{"@id":"https:\/\/www.mesvendanges.com\/en\/#\/schema\/logo\/image\/"}},{"@type":"WebSite","@id":"https:\/\/www.mesvendanges.com\/en\/#website","url":"https:\/\/www.mesvendanges.com\/en\/","name":"Mes Vendanges","description":"Des journ\u00e9es enti\u00e8res dans les vignes","publisher":{"@id":"https:\/\/www.mesvendanges.com\/en\/#organization"},"potentialAction":[{"@type":"SearchAction","target":{"@type":"EntryPoint","urlTemplate":"https:\/\/www.mesvendanges.com\/en\/?s={search_term_string}"},"query-input":"required name=search_term_string"}],"inLanguage":"fr-FR"},{"@type":"WebPage","@id":"https:\/\/www.mesvendanges.com\/en\/shop\/wines\/arbois-vin-jaune-fumey-chatelain-2014-62cl\/","url":"https:\/\/www.mesvendanges.com\/en\/shop\/wines\/arbois-vin-jaune-fumey-chatelain-2014-62cl\/","name":"ARBOIS VIN JAUNE - Mes Vendanges","isPartOf":{"@id":"https:\/\/www.mesvendanges.com\/en\/#website"},"datePublished":"2022-08-02T15:02:34+00:00","dateModified":"2023-12-05T17:45:42+00:00","breadcrumb":{"@id":"https:\/\/www.mesvendanges.com\/en\/shop\/wines\/arbois-vin-jaune-fumey-chatelain-2014-62cl\/#breadcrumb"},"inLanguage":"fr-FR","potentialAction":[{"@type":"ReadAction","target":["https:\/\/www.mesvendanges.com\/en\/shop\/wines\/arbois-vin-jaune-fumey-chatelain-2014-62cl\/"]}]},{"@type":"BreadcrumbList","@id":"https:\/\/www.mesvendanges.com\/en\/shop\/wines\/arbois-vin-jaune-fumey-chatelain-2014-62cl\/#breadcrumb","itemListElement":[{"@type":"ListItem","position":1,"name":"Home","item":"https:\/\/www.mesvendanges.com\/en\/"},{"@type":"ListItem","position":2,"name":"Shop","item":"https:\/\/www.mesvendanges.com\/en\/shop\/"},{"@type":"ListItem","position":3,"name":"ARBOIS VIN JAUNE"}]}]}},"_links":{"self":[{"href":"https:\/\/www.mesvendanges.com\/en\/wp-json\/wp\/v2\/product\/46097"}],"collection":[{"href":"https:\/\/www.mesvendanges.com\/en\/wp-json\/wp\/v2\/product"}],"about":[{"href":"https:\/\/www.mesvendanges.com\/en\/wp-json\/wp\/v2\/types\/product"}],"wp:attachment":[{"href":"https:\/\/www.mesvendanges.com\/en\/wp-json\/wp\/v2\/media?parent=46097"}],"wp:term":[{"taxonomy":"product_cat","embeddable":true,"href":"https:\/\/www.mesvendanges.com\/en\/wp-json\/wp\/v2\/product_cat?post=46097"},{"taxonomy":"product_tag","embeddable":true,"href":"https:\/\/www.mesvendanges.com\/en\/wp-json\/wp\/v2\/product_tag?post=46097"}],"curies":[{"name":"wp","href":"https:\/\/api.w.org\/{rel}","templated":true}]}}