{"id":46527,"date":"2022-08-02T17:08:51","date_gmt":"2022-08-02T15:08:51","guid":{"rendered":"https:\/\/www.mesvendanges.com\/shop\/uncategorized\/baudoin-en-magnum-3\/"},"modified":"2025-05-01T14:43:36","modified_gmt":"2025-05-01T12:43:36","slug":"baudoin-en-magnum-chidaine-dne-francois-2018-150cl","status":"publish","type":"product","link":"https:\/\/www.mesvendanges.com\/en\/shop\/wines\/baudoin-en-magnum-chidaine-dne-francois-2018-150cl\/","title":{"rendered":"BAUDOIN EN MAGNUM"},"content":{"rendered":"<p>C\u00e9l\u00e8bre cru de Poniatowski, le Clos Baudoin a \u00e9t\u00e9 rachet\u00e9 par le Domaine Fran\u00e7ois Chidaine en 2002. Les vins qui en sont issus ont un caract\u00e8re puissant et riche, avec une min\u00e9ralit\u00e9 presque tannique. Une expression tr\u00e9s diff\u00e9rente des vouvrays de Philippe Foreau.<br \/>\nAge moyen des vignes : 70 ans<br \/>\ndensit\u00e9 : 6600 ceps\/ hectares<br \/>\nLes sols sont compos\u00e9s d&#8217;argiles profondes et de craies blanches uniquement d&#8217;origine argilo-calcaire. Le sous-sol est compos\u00e9 de tuffeaux, craie qui reste \u00e0 port\u00e9e des racines.<br \/>\nLa taille est en gobelet, vendanges avec tris successifs, les rendements de l&#8217;ordre de20\u00e0 25 hecto\/hectare.<br \/>\nPressurage pneumatique de la vendange, fermentation sur levures indig\u00e8nes en demi-muids (f\u00fbts de 600 litres). La fermentation malolactique n&#8217;est pas recherch\u00e9e.<\/p>\n","protected":false},"excerpt":{"rendered":"<p>C\u00e9l\u00e8bre cru de Poniatowski, le Clos Baudoin a \u00e9t\u00e9 rachet\u00e9 par le Domaine Fran\u00e7ois Chidaine en 2002. Les vins qui en sont issus ont un caract\u00e8re puissant et riche, avec une min\u00e9ralit\u00e9 presque tannique. Une expression tr\u00e9s diff\u00e9rente des vouvrays de Philippe Foreau. Age moyen des vignes : 70 ans densit\u00e9 : 6600 ceps\/ hectares [&hellip;]<\/p>\n","protected":false},"featured_media":86690,"template":"","meta":[],"product_cat":[3740],"product_tag":[],"acf":[],"yoast_head":"<!-- This site is optimized with the Yoast SEO plugin v19.3 - https:\/\/yoast.com\/wordpress\/plugins\/seo\/ -->\n<title>BAUDOIN EN MAGNUM - Mes Vendanges<\/title>\n<meta name=\"robots\" content=\"index, follow, max-snippet:-1, max-image-preview:large, max-video-preview:-1\" \/>\n<link rel=\"canonical\" href=\"https:\/\/www.mesvendanges.com\/en\/shop\/wines\/baudoin-en-magnum-chidaine-dne-francois-2018-150cl\/\" \/>\n<meta property=\"og:locale\" content=\"en_US\" \/>\n<meta property=\"og:type\" content=\"article\" \/>\n<meta property=\"og:title\" content=\"BAUDOIN EN MAGNUM - Mes Vendanges\" \/>\n<meta property=\"og:description\" content=\"C\u00e9l\u00e8bre cru de Poniatowski, le Clos Baudoin a \u00e9t\u00e9 rachet\u00e9 par le Domaine Fran\u00e7ois Chidaine en 2002. Les vins qui en sont issus ont un caract\u00e8re puissant et riche, avec une min\u00e9ralit\u00e9 presque tannique. Une expression tr\u00e9s diff\u00e9rente des vouvrays de Philippe Foreau. Age moyen des vignes : 70 ans densit\u00e9 : 6600 ceps\/ hectares [&hellip;]\" \/>\n<meta property=\"og:url\" content=\"https:\/\/www.mesvendanges.com\/en\/shop\/wines\/baudoin-en-magnum-chidaine-dne-francois-2018-150cl\/\" \/>\n<meta property=\"og:site_name\" content=\"Mes Vendanges\" \/>\n<meta property=\"article:modified_time\" content=\"2025-05-01T12:43:36+00:00\" \/>\n<meta property=\"og:image\" content=\"https:\/\/www.mesvendanges.com\/wp-content\/uploads\/2025\/05\/chidaine-dne-francois-baudoin-en-magnum-vin-de-france-2018-150cl-blanc-png.png\" \/>\n\t<meta property=\"og:image:width\" content=\"451\" \/>\n\t<meta property=\"og:image:height\" content=\"1500\" \/>\n\t<meta property=\"og:image:type\" content=\"image\/png\" \/>\n<meta name=\"twitter:card\" content=\"summary_large_image\" \/>\n<meta name=\"twitter:label1\" content=\"Est. reading time\" \/>\n\t<meta name=\"twitter:data1\" content=\"1 minute\" \/>\n<script type=\"application\/ld+json\" class=\"yoast-schema-graph\">{\"@context\":\"https:\/\/schema.org\",\"@graph\":[{\"@type\":\"Organization\",\"@id\":\"https:\/\/www.mesvendanges.com\/en\/#organization\",\"name\":\"Mes Vendanges\",\"url\":\"https:\/\/www.mesvendanges.com\/en\/\",\"sameAs\":[],\"logo\":{\"@type\":\"ImageObject\",\"inLanguage\":\"fr-FR\",\"@id\":\"https:\/\/www.mesvendanges.com\/en\/#\/schema\/logo\/image\/\",\"url\":\"https:\/\/www.mesvendanges.com\/wp-content\/uploads\/2022\/02\/logo-mesvendanges.jpg\",\"contentUrl\":\"https:\/\/www.mesvendanges.com\/wp-content\/uploads\/2022\/02\/logo-mesvendanges.jpg\",\"width\":851,\"height\":260,\"caption\":\"Mes Vendanges\"},\"image\":{\"@id\":\"https:\/\/www.mesvendanges.com\/en\/#\/schema\/logo\/image\/\"}},{\"@type\":\"WebSite\",\"@id\":\"https:\/\/www.mesvendanges.com\/en\/#website\",\"url\":\"https:\/\/www.mesvendanges.com\/en\/\",\"name\":\"Mes Vendanges\",\"description\":\"Des journ\u00e9es enti\u00e8res dans les vignes\",\"publisher\":{\"@id\":\"https:\/\/www.mesvendanges.com\/en\/#organization\"},\"potentialAction\":[{\"@type\":\"SearchAction\",\"target\":{\"@type\":\"EntryPoint\",\"urlTemplate\":\"https:\/\/www.mesvendanges.com\/en\/?s={search_term_string}\"},\"query-input\":\"required name=search_term_string\"}],\"inLanguage\":\"fr-FR\"},{\"@type\":\"ImageObject\",\"inLanguage\":\"fr-FR\",\"@id\":\"https:\/\/www.mesvendanges.com\/en\/shop\/wines\/baudoin-en-magnum-chidaine-dne-francois-2018-150cl\/#primaryimage\",\"url\":\"https:\/\/www.mesvendanges.com\/wp-content\/uploads\/2025\/05\/chidaine-dne-francois-baudoin-en-magnum-vin-de-france-2018-150cl-blanc-png.png\",\"contentUrl\":\"https:\/\/www.mesvendanges.com\/wp-content\/uploads\/2025\/05\/chidaine-dne-francois-baudoin-en-magnum-vin-de-france-2018-150cl-blanc-png.png\",\"width\":451,\"height\":1500},{\"@type\":\"WebPage\",\"@id\":\"https:\/\/www.mesvendanges.com\/en\/shop\/wines\/baudoin-en-magnum-chidaine-dne-francois-2018-150cl\/\",\"url\":\"https:\/\/www.mesvendanges.com\/en\/shop\/wines\/baudoin-en-magnum-chidaine-dne-francois-2018-150cl\/\",\"name\":\"BAUDOIN EN MAGNUM - Mes Vendanges\",\"isPartOf\":{\"@id\":\"https:\/\/www.mesvendanges.com\/en\/#website\"},\"primaryImageOfPage\":{\"@id\":\"https:\/\/www.mesvendanges.com\/en\/shop\/wines\/baudoin-en-magnum-chidaine-dne-francois-2018-150cl\/#primaryimage\"},\"datePublished\":\"2022-08-02T15:08:51+00:00\",\"dateModified\":\"2025-05-01T12:43:36+00:00\",\"breadcrumb\":{\"@id\":\"https:\/\/www.mesvendanges.com\/en\/shop\/wines\/baudoin-en-magnum-chidaine-dne-francois-2018-150cl\/#breadcrumb\"},\"inLanguage\":\"fr-FR\",\"potentialAction\":[{\"@type\":\"ReadAction\",\"target\":[\"https:\/\/www.mesvendanges.com\/en\/shop\/wines\/baudoin-en-magnum-chidaine-dne-francois-2018-150cl\/\"]}]},{\"@type\":\"BreadcrumbList\",\"@id\":\"https:\/\/www.mesvendanges.com\/en\/shop\/wines\/baudoin-en-magnum-chidaine-dne-francois-2018-150cl\/#breadcrumb\",\"itemListElement\":[{\"@type\":\"ListItem\",\"position\":1,\"name\":\"Home\",\"item\":\"https:\/\/www.mesvendanges.com\/en\/\"},{\"@type\":\"ListItem\",\"position\":2,\"name\":\"Shop\",\"item\":\"https:\/\/www.mesvendanges.com\/en\/shop\/\"},{\"@type\":\"ListItem\",\"position\":3,\"name\":\"BAUDOIN EN MAGNUM\"}]}]}<\/script>\n<!-- \/ Yoast SEO plugin. -->","yoast_head_json":{"title":"BAUDOIN EN MAGNUM - Mes Vendanges","robots":{"index":"index","follow":"follow","max-snippet":"max-snippet:-1","max-image-preview":"max-image-preview:large","max-video-preview":"max-video-preview:-1"},"canonical":"https:\/\/www.mesvendanges.com\/en\/shop\/wines\/baudoin-en-magnum-chidaine-dne-francois-2018-150cl\/","og_locale":"en_US","og_type":"article","og_title":"BAUDOIN EN MAGNUM - Mes Vendanges","og_description":"C\u00e9l\u00e8bre cru de Poniatowski, le Clos Baudoin a \u00e9t\u00e9 rachet\u00e9 par le Domaine Fran\u00e7ois Chidaine en 2002. Les vins qui en sont issus ont un caract\u00e8re puissant et riche, avec une min\u00e9ralit\u00e9 presque tannique. Une expression tr\u00e9s diff\u00e9rente des vouvrays de Philippe Foreau. Age moyen des vignes : 70 ans densit\u00e9 : 6600 ceps\/ hectares [&hellip;]","og_url":"https:\/\/www.mesvendanges.com\/en\/shop\/wines\/baudoin-en-magnum-chidaine-dne-francois-2018-150cl\/","og_site_name":"Mes Vendanges","article_modified_time":"2025-05-01T12:43:36+00:00","og_image":[{"width":451,"height":1500,"url":"https:\/\/www.mesvendanges.com\/wp-content\/uploads\/2025\/05\/chidaine-dne-francois-baudoin-en-magnum-vin-de-france-2018-150cl-blanc-png.png","type":"image\/png"}],"twitter_card":"summary_large_image","twitter_misc":{"Est. reading time":"1 minute"},"schema":{"@context":"https:\/\/schema.org","@graph":[{"@type":"Organization","@id":"https:\/\/www.mesvendanges.com\/en\/#organization","name":"Mes Vendanges","url":"https:\/\/www.mesvendanges.com\/en\/","sameAs":[],"logo":{"@type":"ImageObject","inLanguage":"fr-FR","@id":"https:\/\/www.mesvendanges.com\/en\/#\/schema\/logo\/image\/","url":"https:\/\/www.mesvendanges.com\/wp-content\/uploads\/2022\/02\/logo-mesvendanges.jpg","contentUrl":"https:\/\/www.mesvendanges.com\/wp-content\/uploads\/2022\/02\/logo-mesvendanges.jpg","width":851,"height":260,"caption":"Mes Vendanges"},"image":{"@id":"https:\/\/www.mesvendanges.com\/en\/#\/schema\/logo\/image\/"}},{"@type":"WebSite","@id":"https:\/\/www.mesvendanges.com\/en\/#website","url":"https:\/\/www.mesvendanges.com\/en\/","name":"Mes Vendanges","description":"Des journ\u00e9es enti\u00e8res dans les vignes","publisher":{"@id":"https:\/\/www.mesvendanges.com\/en\/#organization"},"potentialAction":[{"@type":"SearchAction","target":{"@type":"EntryPoint","urlTemplate":"https:\/\/www.mesvendanges.com\/en\/?s={search_term_string}"},"query-input":"required name=search_term_string"}],"inLanguage":"fr-FR"},{"@type":"ImageObject","inLanguage":"fr-FR","@id":"https:\/\/www.mesvendanges.com\/en\/shop\/wines\/baudoin-en-magnum-chidaine-dne-francois-2018-150cl\/#primaryimage","url":"https:\/\/www.mesvendanges.com\/wp-content\/uploads\/2025\/05\/chidaine-dne-francois-baudoin-en-magnum-vin-de-france-2018-150cl-blanc-png.png","contentUrl":"https:\/\/www.mesvendanges.com\/wp-content\/uploads\/2025\/05\/chidaine-dne-francois-baudoin-en-magnum-vin-de-france-2018-150cl-blanc-png.png","width":451,"height":1500},{"@type":"WebPage","@id":"https:\/\/www.mesvendanges.com\/en\/shop\/wines\/baudoin-en-magnum-chidaine-dne-francois-2018-150cl\/","url":"https:\/\/www.mesvendanges.com\/en\/shop\/wines\/baudoin-en-magnum-chidaine-dne-francois-2018-150cl\/","name":"BAUDOIN EN MAGNUM - Mes Vendanges","isPartOf":{"@id":"https:\/\/www.mesvendanges.com\/en\/#website"},"primaryImageOfPage":{"@id":"https:\/\/www.mesvendanges.com\/en\/shop\/wines\/baudoin-en-magnum-chidaine-dne-francois-2018-150cl\/#primaryimage"},"datePublished":"2022-08-02T15:08:51+00:00","dateModified":"2025-05-01T12:43:36+00:00","breadcrumb":{"@id":"https:\/\/www.mesvendanges.com\/en\/shop\/wines\/baudoin-en-magnum-chidaine-dne-francois-2018-150cl\/#breadcrumb"},"inLanguage":"fr-FR","potentialAction":[{"@type":"ReadAction","target":["https:\/\/www.mesvendanges.com\/en\/shop\/wines\/baudoin-en-magnum-chidaine-dne-francois-2018-150cl\/"]}]},{"@type":"BreadcrumbList","@id":"https:\/\/www.mesvendanges.com\/en\/shop\/wines\/baudoin-en-magnum-chidaine-dne-francois-2018-150cl\/#breadcrumb","itemListElement":[{"@type":"ListItem","position":1,"name":"Home","item":"https:\/\/www.mesvendanges.com\/en\/"},{"@type":"ListItem","position":2,"name":"Shop","item":"https:\/\/www.mesvendanges.com\/en\/shop\/"},{"@type":"ListItem","position":3,"name":"BAUDOIN EN MAGNUM"}]}]}},"_links":{"self":[{"href":"https:\/\/www.mesvendanges.com\/en\/wp-json\/wp\/v2\/product\/46527"}],"collection":[{"href":"https:\/\/www.mesvendanges.com\/en\/wp-json\/wp\/v2\/product"}],"about":[{"href":"https:\/\/www.mesvendanges.com\/en\/wp-json\/wp\/v2\/types\/product"}],"wp:featuredmedia":[{"embeddable":true,"href":"https:\/\/www.mesvendanges.com\/en\/wp-json\/wp\/v2\/media\/86690"}],"wp:attachment":[{"href":"https:\/\/www.mesvendanges.com\/en\/wp-json\/wp\/v2\/media?parent=46527"}],"wp:term":[{"taxonomy":"product_cat","embeddable":true,"href":"https:\/\/www.mesvendanges.com\/en\/wp-json\/wp\/v2\/product_cat?post=46527"},{"taxonomy":"product_tag","embeddable":true,"href":"https:\/\/www.mesvendanges.com\/en\/wp-json\/wp\/v2\/product_tag?post=46527"}],"curies":[{"name":"wp","href":"https:\/\/api.w.org\/{rel}","templated":true}]}}