{"id":46605,"date":"2022-08-02T17:10:01","date_gmt":"2022-08-02T15:10:01","guid":{"rendered":"https:\/\/www.mesvendanges.com\/shop\/uncategorized\/saint-bris-corps-de-garde-10\/"},"modified":"2025-09-03T12:41:50","modified_gmt":"2025-09-03T10:41:50","slug":"saint-bris-corps-de-garde-domaine-goisot-2018-75cl","status":"publish","type":"product","link":"https:\/\/www.mesvendanges.com\/en\/shop\/wines\/saint-bris-corps-de-garde-domaine-goisot-2018-75cl\/","title":{"rendered":"SAINT-BRIS CORPS DE GARDE"},"content":{"rendered":"<p>16\/20RVF<br \/>Vin issu des vignes de Saint-Bris plant\u00e9es en Fi\u00e9-Gris, c\u00e9page appel\u00e9 aussi Sauvignon Gris que les Goisot ont \u00e9t\u00e9 les premiers \u00e0 r\u00e9introduire sur le vignoble de Saint-Bris . Il avait disparu apr\u00e8s le phyllox\u00e9ra \u00e0 cause de sa tr\u00e8s faible production.<br \/>\nSuperficie : 2ha.<br \/>\nVignes de vingt ans.<br \/>\nSol : Jurassique sup\u00e9rieur, \u00e9tage Kimm\u00e9ridgien moyen et sup\u00e9rieur, alternance de 80 m\u00e8tres de calcaires et marnes lumachelliques.<br \/>\nVendanges fin septembre d\u00e9but octobre tr\u00e8s m\u00fbres avec quelques grains de pourriture noble. Egrappage \u00e0 100% pressurage pneumatique tr\u00e8s lent, fermentation alcoolique tr\u00e8s longue \u00e0 une temp\u00e9rature voisine de 23\u00b0dans sa premi\u00e8re partie pour ne garder que les aspects du terroir. Suivie de la fermentation malolactique puis \u00e9levage sur lies fines en cuve.<br \/>\nToutes les vignes du domaine sont conduites en agriculture biodynamique.<\/p>\n","protected":false},"excerpt":{"rendered":"<p>16\/20RVFVin issu des vignes de Saint-Bris plant\u00e9es en Fi\u00e9-Gris, c\u00e9page appel\u00e9 aussi Sauvignon Gris que les Goisot ont \u00e9t\u00e9 les premiers \u00e0 r\u00e9introduire sur le vignoble de Saint-Bris . Il avait disparu apr\u00e8s le phyllox\u00e9ra \u00e0 cause de sa tr\u00e8s faible production. Superficie : 2ha. Vignes de vingt ans. Sol : Jurassique sup\u00e9rieur, \u00e9tage Kimm\u00e9ridgien [&hellip;]<\/p>\n","protected":false},"featured_media":26140,"template":"","meta":[],"product_cat":[3740],"product_tag":[],"acf":[],"yoast_head":"<!-- This site is optimized with the Yoast SEO plugin v19.3 - https:\/\/yoast.com\/wordpress\/plugins\/seo\/ -->\n<title>SAINT-BRIS CORPS DE GARDE - Mes Vendanges<\/title>\n<meta name=\"robots\" content=\"index, follow, max-snippet:-1, max-image-preview:large, max-video-preview:-1\" \/>\n<link rel=\"canonical\" href=\"https:\/\/www.mesvendanges.com\/en\/shop\/wines\/saint-bris-corps-de-garde-domaine-goisot-2018-75cl\/\" \/>\n<meta property=\"og:locale\" content=\"en_US\" \/>\n<meta property=\"og:type\" content=\"article\" \/>\n<meta property=\"og:title\" content=\"SAINT-BRIS CORPS DE GARDE - Mes Vendanges\" \/>\n<meta property=\"og:description\" content=\"16\/20RVFVin issu des vignes de Saint-Bris plant\u00e9es en Fi\u00e9-Gris, c\u00e9page appel\u00e9 aussi Sauvignon Gris que les Goisot ont \u00e9t\u00e9 les premiers \u00e0 r\u00e9introduire sur le vignoble de Saint-Bris . Il avait disparu apr\u00e8s le phyllox\u00e9ra \u00e0 cause de sa tr\u00e8s faible production. Superficie : 2ha. Vignes de vingt ans. Sol : Jurassique sup\u00e9rieur, \u00e9tage Kimm\u00e9ridgien [&hellip;]\" \/>\n<meta property=\"og:url\" content=\"https:\/\/www.mesvendanges.com\/en\/shop\/wines\/saint-bris-corps-de-garde-domaine-goisot-2018-75cl\/\" \/>\n<meta property=\"og:site_name\" content=\"Mes Vendanges\" \/>\n<meta property=\"article:modified_time\" content=\"2025-09-03T10:41:50+00:00\" \/>\n<meta property=\"og:image\" content=\"https:\/\/www.mesvendanges.com\/wp-content\/uploads\/2022\/07\/domaine-jean-hugues-et-guilhem-goisot-saint-bris-corps-de-garde-blanc-2018.png\" \/>\n\t<meta property=\"og:image:width\" content=\"585\" \/>\n\t<meta property=\"og:image:height\" content=\"1500\" \/>\n\t<meta property=\"og:image:type\" content=\"image\/png\" \/>\n<meta name=\"twitter:card\" content=\"summary_large_image\" \/>\n<meta name=\"twitter:label1\" content=\"Est. reading time\" \/>\n\t<meta name=\"twitter:data1\" content=\"1 minute\" \/>\n<script type=\"application\/ld+json\" class=\"yoast-schema-graph\">{\"@context\":\"https:\/\/schema.org\",\"@graph\":[{\"@type\":\"Organization\",\"@id\":\"https:\/\/www.mesvendanges.com\/en\/#organization\",\"name\":\"Mes Vendanges\",\"url\":\"https:\/\/www.mesvendanges.com\/en\/\",\"sameAs\":[],\"logo\":{\"@type\":\"ImageObject\",\"inLanguage\":\"fr-FR\",\"@id\":\"https:\/\/www.mesvendanges.com\/en\/#\/schema\/logo\/image\/\",\"url\":\"https:\/\/www.mesvendanges.com\/wp-content\/uploads\/2022\/02\/logo-mesvendanges.jpg\",\"contentUrl\":\"https:\/\/www.mesvendanges.com\/wp-content\/uploads\/2022\/02\/logo-mesvendanges.jpg\",\"width\":851,\"height\":260,\"caption\":\"Mes Vendanges\"},\"image\":{\"@id\":\"https:\/\/www.mesvendanges.com\/en\/#\/schema\/logo\/image\/\"}},{\"@type\":\"WebSite\",\"@id\":\"https:\/\/www.mesvendanges.com\/en\/#website\",\"url\":\"https:\/\/www.mesvendanges.com\/en\/\",\"name\":\"Mes Vendanges\",\"description\":\"Des journ\u00e9es enti\u00e8res dans les vignes\",\"publisher\":{\"@id\":\"https:\/\/www.mesvendanges.com\/en\/#organization\"},\"potentialAction\":[{\"@type\":\"SearchAction\",\"target\":{\"@type\":\"EntryPoint\",\"urlTemplate\":\"https:\/\/www.mesvendanges.com\/en\/?s={search_term_string}\"},\"query-input\":\"required name=search_term_string\"}],\"inLanguage\":\"fr-FR\"},{\"@type\":\"ImageObject\",\"inLanguage\":\"fr-FR\",\"@id\":\"https:\/\/www.mesvendanges.com\/en\/shop\/wines\/saint-bris-corps-de-garde-domaine-goisot-2018-75cl\/#primaryimage\",\"url\":\"https:\/\/www.mesvendanges.com\/wp-content\/uploads\/2022\/07\/domaine-jean-hugues-et-guilhem-goisot-saint-bris-corps-de-garde-blanc-2018.png\",\"contentUrl\":\"https:\/\/www.mesvendanges.com\/wp-content\/uploads\/2022\/07\/domaine-jean-hugues-et-guilhem-goisot-saint-bris-corps-de-garde-blanc-2018.png\",\"width\":585,\"height\":1500},{\"@type\":\"WebPage\",\"@id\":\"https:\/\/www.mesvendanges.com\/en\/shop\/wines\/saint-bris-corps-de-garde-domaine-goisot-2018-75cl\/\",\"url\":\"https:\/\/www.mesvendanges.com\/en\/shop\/wines\/saint-bris-corps-de-garde-domaine-goisot-2018-75cl\/\",\"name\":\"SAINT-BRIS CORPS DE GARDE - Mes Vendanges\",\"isPartOf\":{\"@id\":\"https:\/\/www.mesvendanges.com\/en\/#website\"},\"primaryImageOfPage\":{\"@id\":\"https:\/\/www.mesvendanges.com\/en\/shop\/wines\/saint-bris-corps-de-garde-domaine-goisot-2018-75cl\/#primaryimage\"},\"datePublished\":\"2022-08-02T15:10:01+00:00\",\"dateModified\":\"2025-09-03T10:41:50+00:00\",\"breadcrumb\":{\"@id\":\"https:\/\/www.mesvendanges.com\/en\/shop\/wines\/saint-bris-corps-de-garde-domaine-goisot-2018-75cl\/#breadcrumb\"},\"inLanguage\":\"fr-FR\",\"potentialAction\":[{\"@type\":\"ReadAction\",\"target\":[\"https:\/\/www.mesvendanges.com\/en\/shop\/wines\/saint-bris-corps-de-garde-domaine-goisot-2018-75cl\/\"]}]},{\"@type\":\"BreadcrumbList\",\"@id\":\"https:\/\/www.mesvendanges.com\/en\/shop\/wines\/saint-bris-corps-de-garde-domaine-goisot-2018-75cl\/#breadcrumb\",\"itemListElement\":[{\"@type\":\"ListItem\",\"position\":1,\"name\":\"Home\",\"item\":\"https:\/\/www.mesvendanges.com\/en\/\"},{\"@type\":\"ListItem\",\"position\":2,\"name\":\"Shop\",\"item\":\"https:\/\/www.mesvendanges.com\/en\/shop\/\"},{\"@type\":\"ListItem\",\"position\":3,\"name\":\"SAINT-BRIS CORPS DE GARDE\"}]}]}<\/script>\n<!-- \/ Yoast SEO plugin. -->","yoast_head_json":{"title":"SAINT-BRIS CORPS DE GARDE - Mes Vendanges","robots":{"index":"index","follow":"follow","max-snippet":"max-snippet:-1","max-image-preview":"max-image-preview:large","max-video-preview":"max-video-preview:-1"},"canonical":"https:\/\/www.mesvendanges.com\/en\/shop\/wines\/saint-bris-corps-de-garde-domaine-goisot-2018-75cl\/","og_locale":"en_US","og_type":"article","og_title":"SAINT-BRIS CORPS DE GARDE - Mes Vendanges","og_description":"16\/20RVFVin issu des vignes de Saint-Bris plant\u00e9es en Fi\u00e9-Gris, c\u00e9page appel\u00e9 aussi Sauvignon Gris que les Goisot ont \u00e9t\u00e9 les premiers \u00e0 r\u00e9introduire sur le vignoble de Saint-Bris . Il avait disparu apr\u00e8s le phyllox\u00e9ra \u00e0 cause de sa tr\u00e8s faible production. Superficie : 2ha. Vignes de vingt ans. Sol : Jurassique sup\u00e9rieur, \u00e9tage Kimm\u00e9ridgien [&hellip;]","og_url":"https:\/\/www.mesvendanges.com\/en\/shop\/wines\/saint-bris-corps-de-garde-domaine-goisot-2018-75cl\/","og_site_name":"Mes Vendanges","article_modified_time":"2025-09-03T10:41:50+00:00","og_image":[{"width":585,"height":1500,"url":"https:\/\/www.mesvendanges.com\/wp-content\/uploads\/2022\/07\/domaine-jean-hugues-et-guilhem-goisot-saint-bris-corps-de-garde-blanc-2018.png","type":"image\/png"}],"twitter_card":"summary_large_image","twitter_misc":{"Est. reading time":"1 minute"},"schema":{"@context":"https:\/\/schema.org","@graph":[{"@type":"Organization","@id":"https:\/\/www.mesvendanges.com\/en\/#organization","name":"Mes Vendanges","url":"https:\/\/www.mesvendanges.com\/en\/","sameAs":[],"logo":{"@type":"ImageObject","inLanguage":"fr-FR","@id":"https:\/\/www.mesvendanges.com\/en\/#\/schema\/logo\/image\/","url":"https:\/\/www.mesvendanges.com\/wp-content\/uploads\/2022\/02\/logo-mesvendanges.jpg","contentUrl":"https:\/\/www.mesvendanges.com\/wp-content\/uploads\/2022\/02\/logo-mesvendanges.jpg","width":851,"height":260,"caption":"Mes Vendanges"},"image":{"@id":"https:\/\/www.mesvendanges.com\/en\/#\/schema\/logo\/image\/"}},{"@type":"WebSite","@id":"https:\/\/www.mesvendanges.com\/en\/#website","url":"https:\/\/www.mesvendanges.com\/en\/","name":"Mes Vendanges","description":"Des journ\u00e9es enti\u00e8res dans les vignes","publisher":{"@id":"https:\/\/www.mesvendanges.com\/en\/#organization"},"potentialAction":[{"@type":"SearchAction","target":{"@type":"EntryPoint","urlTemplate":"https:\/\/www.mesvendanges.com\/en\/?s={search_term_string}"},"query-input":"required name=search_term_string"}],"inLanguage":"fr-FR"},{"@type":"ImageObject","inLanguage":"fr-FR","@id":"https:\/\/www.mesvendanges.com\/en\/shop\/wines\/saint-bris-corps-de-garde-domaine-goisot-2018-75cl\/#primaryimage","url":"https:\/\/www.mesvendanges.com\/wp-content\/uploads\/2022\/07\/domaine-jean-hugues-et-guilhem-goisot-saint-bris-corps-de-garde-blanc-2018.png","contentUrl":"https:\/\/www.mesvendanges.com\/wp-content\/uploads\/2022\/07\/domaine-jean-hugues-et-guilhem-goisot-saint-bris-corps-de-garde-blanc-2018.png","width":585,"height":1500},{"@type":"WebPage","@id":"https:\/\/www.mesvendanges.com\/en\/shop\/wines\/saint-bris-corps-de-garde-domaine-goisot-2018-75cl\/","url":"https:\/\/www.mesvendanges.com\/en\/shop\/wines\/saint-bris-corps-de-garde-domaine-goisot-2018-75cl\/","name":"SAINT-BRIS CORPS DE GARDE - Mes Vendanges","isPartOf":{"@id":"https:\/\/www.mesvendanges.com\/en\/#website"},"primaryImageOfPage":{"@id":"https:\/\/www.mesvendanges.com\/en\/shop\/wines\/saint-bris-corps-de-garde-domaine-goisot-2018-75cl\/#primaryimage"},"datePublished":"2022-08-02T15:10:01+00:00","dateModified":"2025-09-03T10:41:50+00:00","breadcrumb":{"@id":"https:\/\/www.mesvendanges.com\/en\/shop\/wines\/saint-bris-corps-de-garde-domaine-goisot-2018-75cl\/#breadcrumb"},"inLanguage":"fr-FR","potentialAction":[{"@type":"ReadAction","target":["https:\/\/www.mesvendanges.com\/en\/shop\/wines\/saint-bris-corps-de-garde-domaine-goisot-2018-75cl\/"]}]},{"@type":"BreadcrumbList","@id":"https:\/\/www.mesvendanges.com\/en\/shop\/wines\/saint-bris-corps-de-garde-domaine-goisot-2018-75cl\/#breadcrumb","itemListElement":[{"@type":"ListItem","position":1,"name":"Home","item":"https:\/\/www.mesvendanges.com\/en\/"},{"@type":"ListItem","position":2,"name":"Shop","item":"https:\/\/www.mesvendanges.com\/en\/shop\/"},{"@type":"ListItem","position":3,"name":"SAINT-BRIS CORPS DE GARDE"}]}]}},"_links":{"self":[{"href":"https:\/\/www.mesvendanges.com\/en\/wp-json\/wp\/v2\/product\/46605"}],"collection":[{"href":"https:\/\/www.mesvendanges.com\/en\/wp-json\/wp\/v2\/product"}],"about":[{"href":"https:\/\/www.mesvendanges.com\/en\/wp-json\/wp\/v2\/types\/product"}],"wp:featuredmedia":[{"embeddable":true,"href":"https:\/\/www.mesvendanges.com\/en\/wp-json\/wp\/v2\/media\/26140"}],"wp:attachment":[{"href":"https:\/\/www.mesvendanges.com\/en\/wp-json\/wp\/v2\/media?parent=46605"}],"wp:term":[{"taxonomy":"product_cat","embeddable":true,"href":"https:\/\/www.mesvendanges.com\/en\/wp-json\/wp\/v2\/product_cat?post=46605"},{"taxonomy":"product_tag","embeddable":true,"href":"https:\/\/www.mesvendanges.com\/en\/wp-json\/wp\/v2\/product_tag?post=46605"}],"curies":[{"name":"wp","href":"https:\/\/api.w.org\/{rel}","templated":true}]}}