{"id":46689,"date":"2022-08-02T17:11:19","date_gmt":"2022-08-02T15:11:19","guid":{"rendered":"https:\/\/www.mesvendanges.com\/shop\/uncategorized\/perdriziere-magnum-3\/"},"modified":"2025-05-01T17:44:55","modified_gmt":"2025-05-01T15:44:55","slug":"perdriziere-magnum-serol-2020-150cl","status":"publish","type":"product","link":"https:\/\/www.mesvendanges.com\/en\/shop\/wines\/perdriziere-magnum-serol-2020-150cl\/","title":{"rendered":"PERDRIZIERE MAGNUM"},"content":{"rendered":"<p>Sur un terroir de gorrhe (granit d\u00e9lit\u00e9 en sable), riche en mangan\u00e8se et en oxyde de fer, \u00e0 une altitude de 400m, avec une exposition au levant, cette belle vigne donne un vin au fort caract\u00e8re. Beaucoup de profondeur, de jus, un tanin vibrant, au grain marqu\u00e9 par les oxydes de fer. Une expression aromatique port\u00e9e par le floral et la fraicheur. Une pur expression de gamay saint-romain. Ici les vinifications se font pour moiti\u00e9 en vendange enti\u00e8re, et le tout en cuve bois de 60hl, puis les vins sont \u00e9lev\u00e9s 11 mois dans des cuves de m\u00eame format.<\/p>\n","protected":false},"excerpt":{"rendered":"<p>Sur un terroir de gorrhe (granit d\u00e9lit\u00e9 en sable), riche en mangan\u00e8se et en oxyde de fer, \u00e0 une altitude de 400m, avec une exposition au levant, cette belle vigne donne un vin au fort caract\u00e8re. Beaucoup de profondeur, de jus, un tanin vibrant, au grain marqu\u00e9 par les oxydes de fer. Une expression aromatique [&hellip;]<\/p>\n","protected":false},"featured_media":87822,"template":"","meta":[],"product_cat":[3740],"product_tag":[],"acf":[],"yoast_head":"<!-- This site is optimized with the Yoast SEO plugin v19.3 - https:\/\/yoast.com\/wordpress\/plugins\/seo\/ -->\n<title>PERDRIZIERE MAGNUM - Mes Vendanges<\/title>\n<meta name=\"robots\" content=\"index, follow, max-snippet:-1, max-image-preview:large, max-video-preview:-1\" \/>\n<link rel=\"canonical\" href=\"https:\/\/www.mesvendanges.com\/en\/shop\/wines\/perdriziere-magnum-serol-2020-150cl\/\" \/>\n<meta property=\"og:locale\" content=\"en_US\" \/>\n<meta property=\"og:type\" content=\"article\" \/>\n<meta property=\"og:title\" content=\"PERDRIZIERE MAGNUM - Mes Vendanges\" \/>\n<meta property=\"og:description\" content=\"Sur un terroir de gorrhe (granit d\u00e9lit\u00e9 en sable), riche en mangan\u00e8se et en oxyde de fer, \u00e0 une altitude de 400m, avec une exposition au levant, cette belle vigne donne un vin au fort caract\u00e8re. Beaucoup de profondeur, de jus, un tanin vibrant, au grain marqu\u00e9 par les oxydes de fer. Une expression aromatique [&hellip;]\" \/>\n<meta property=\"og:url\" content=\"https:\/\/www.mesvendanges.com\/en\/shop\/wines\/perdriziere-magnum-serol-2020-150cl\/\" \/>\n<meta property=\"og:site_name\" content=\"Mes Vendanges\" \/>\n<meta property=\"article:modified_time\" content=\"2025-05-01T15:44:55+00:00\" \/>\n<meta property=\"og:image\" content=\"https:\/\/www.mesvendanges.com\/wp-content\/uploads\/2025\/05\/serol-cote-roannaise-perdriziere-2020-magnum-png.png\" \/>\n\t<meta property=\"og:image:width\" content=\"436\" \/>\n\t<meta property=\"og:image:height\" content=\"1500\" \/>\n\t<meta property=\"og:image:type\" content=\"image\/png\" \/>\n<meta name=\"twitter:card\" content=\"summary_large_image\" \/>\n<meta name=\"twitter:label1\" content=\"Est. reading time\" \/>\n\t<meta name=\"twitter:data1\" content=\"1 minute\" \/>\n<script type=\"application\/ld+json\" class=\"yoast-schema-graph\">{\"@context\":\"https:\/\/schema.org\",\"@graph\":[{\"@type\":\"Organization\",\"@id\":\"https:\/\/www.mesvendanges.com\/en\/#organization\",\"name\":\"Mes Vendanges\",\"url\":\"https:\/\/www.mesvendanges.com\/en\/\",\"sameAs\":[],\"logo\":{\"@type\":\"ImageObject\",\"inLanguage\":\"fr-FR\",\"@id\":\"https:\/\/www.mesvendanges.com\/en\/#\/schema\/logo\/image\/\",\"url\":\"https:\/\/www.mesvendanges.com\/wp-content\/uploads\/2022\/02\/logo-mesvendanges.jpg\",\"contentUrl\":\"https:\/\/www.mesvendanges.com\/wp-content\/uploads\/2022\/02\/logo-mesvendanges.jpg\",\"width\":851,\"height\":260,\"caption\":\"Mes Vendanges\"},\"image\":{\"@id\":\"https:\/\/www.mesvendanges.com\/en\/#\/schema\/logo\/image\/\"}},{\"@type\":\"WebSite\",\"@id\":\"https:\/\/www.mesvendanges.com\/en\/#website\",\"url\":\"https:\/\/www.mesvendanges.com\/en\/\",\"name\":\"Mes Vendanges\",\"description\":\"Des journ\u00e9es enti\u00e8res dans les vignes\",\"publisher\":{\"@id\":\"https:\/\/www.mesvendanges.com\/en\/#organization\"},\"potentialAction\":[{\"@type\":\"SearchAction\",\"target\":{\"@type\":\"EntryPoint\",\"urlTemplate\":\"https:\/\/www.mesvendanges.com\/en\/?s={search_term_string}\"},\"query-input\":\"required name=search_term_string\"}],\"inLanguage\":\"fr-FR\"},{\"@type\":\"ImageObject\",\"inLanguage\":\"fr-FR\",\"@id\":\"https:\/\/www.mesvendanges.com\/en\/shop\/wines\/perdriziere-magnum-serol-2020-150cl\/#primaryimage\",\"url\":\"https:\/\/www.mesvendanges.com\/wp-content\/uploads\/2025\/05\/serol-cote-roannaise-perdriziere-2020-magnum-png.png\",\"contentUrl\":\"https:\/\/www.mesvendanges.com\/wp-content\/uploads\/2025\/05\/serol-cote-roannaise-perdriziere-2020-magnum-png.png\",\"width\":436,\"height\":1500},{\"@type\":\"WebPage\",\"@id\":\"https:\/\/www.mesvendanges.com\/en\/shop\/wines\/perdriziere-magnum-serol-2020-150cl\/\",\"url\":\"https:\/\/www.mesvendanges.com\/en\/shop\/wines\/perdriziere-magnum-serol-2020-150cl\/\",\"name\":\"PERDRIZIERE MAGNUM - Mes Vendanges\",\"isPartOf\":{\"@id\":\"https:\/\/www.mesvendanges.com\/en\/#website\"},\"primaryImageOfPage\":{\"@id\":\"https:\/\/www.mesvendanges.com\/en\/shop\/wines\/perdriziere-magnum-serol-2020-150cl\/#primaryimage\"},\"datePublished\":\"2022-08-02T15:11:19+00:00\",\"dateModified\":\"2025-05-01T15:44:55+00:00\",\"breadcrumb\":{\"@id\":\"https:\/\/www.mesvendanges.com\/en\/shop\/wines\/perdriziere-magnum-serol-2020-150cl\/#breadcrumb\"},\"inLanguage\":\"fr-FR\",\"potentialAction\":[{\"@type\":\"ReadAction\",\"target\":[\"https:\/\/www.mesvendanges.com\/en\/shop\/wines\/perdriziere-magnum-serol-2020-150cl\/\"]}]},{\"@type\":\"BreadcrumbList\",\"@id\":\"https:\/\/www.mesvendanges.com\/en\/shop\/wines\/perdriziere-magnum-serol-2020-150cl\/#breadcrumb\",\"itemListElement\":[{\"@type\":\"ListItem\",\"position\":1,\"name\":\"Home\",\"item\":\"https:\/\/www.mesvendanges.com\/en\/\"},{\"@type\":\"ListItem\",\"position\":2,\"name\":\"Shop\",\"item\":\"https:\/\/www.mesvendanges.com\/en\/shop\/\"},{\"@type\":\"ListItem\",\"position\":3,\"name\":\"PERDRIZIERE MAGNUM\"}]}]}<\/script>\n<!-- \/ Yoast SEO plugin. -->","yoast_head_json":{"title":"PERDRIZIERE MAGNUM - Mes Vendanges","robots":{"index":"index","follow":"follow","max-snippet":"max-snippet:-1","max-image-preview":"max-image-preview:large","max-video-preview":"max-video-preview:-1"},"canonical":"https:\/\/www.mesvendanges.com\/en\/shop\/wines\/perdriziere-magnum-serol-2020-150cl\/","og_locale":"en_US","og_type":"article","og_title":"PERDRIZIERE MAGNUM - Mes Vendanges","og_description":"Sur un terroir de gorrhe (granit d\u00e9lit\u00e9 en sable), riche en mangan\u00e8se et en oxyde de fer, \u00e0 une altitude de 400m, avec une exposition au levant, cette belle vigne donne un vin au fort caract\u00e8re. Beaucoup de profondeur, de jus, un tanin vibrant, au grain marqu\u00e9 par les oxydes de fer. Une expression aromatique [&hellip;]","og_url":"https:\/\/www.mesvendanges.com\/en\/shop\/wines\/perdriziere-magnum-serol-2020-150cl\/","og_site_name":"Mes Vendanges","article_modified_time":"2025-05-01T15:44:55+00:00","og_image":[{"width":436,"height":1500,"url":"https:\/\/www.mesvendanges.com\/wp-content\/uploads\/2025\/05\/serol-cote-roannaise-perdriziere-2020-magnum-png.png","type":"image\/png"}],"twitter_card":"summary_large_image","twitter_misc":{"Est. reading time":"1 minute"},"schema":{"@context":"https:\/\/schema.org","@graph":[{"@type":"Organization","@id":"https:\/\/www.mesvendanges.com\/en\/#organization","name":"Mes Vendanges","url":"https:\/\/www.mesvendanges.com\/en\/","sameAs":[],"logo":{"@type":"ImageObject","inLanguage":"fr-FR","@id":"https:\/\/www.mesvendanges.com\/en\/#\/schema\/logo\/image\/","url":"https:\/\/www.mesvendanges.com\/wp-content\/uploads\/2022\/02\/logo-mesvendanges.jpg","contentUrl":"https:\/\/www.mesvendanges.com\/wp-content\/uploads\/2022\/02\/logo-mesvendanges.jpg","width":851,"height":260,"caption":"Mes Vendanges"},"image":{"@id":"https:\/\/www.mesvendanges.com\/en\/#\/schema\/logo\/image\/"}},{"@type":"WebSite","@id":"https:\/\/www.mesvendanges.com\/en\/#website","url":"https:\/\/www.mesvendanges.com\/en\/","name":"Mes Vendanges","description":"Des journ\u00e9es enti\u00e8res dans les vignes","publisher":{"@id":"https:\/\/www.mesvendanges.com\/en\/#organization"},"potentialAction":[{"@type":"SearchAction","target":{"@type":"EntryPoint","urlTemplate":"https:\/\/www.mesvendanges.com\/en\/?s={search_term_string}"},"query-input":"required name=search_term_string"}],"inLanguage":"fr-FR"},{"@type":"ImageObject","inLanguage":"fr-FR","@id":"https:\/\/www.mesvendanges.com\/en\/shop\/wines\/perdriziere-magnum-serol-2020-150cl\/#primaryimage","url":"https:\/\/www.mesvendanges.com\/wp-content\/uploads\/2025\/05\/serol-cote-roannaise-perdriziere-2020-magnum-png.png","contentUrl":"https:\/\/www.mesvendanges.com\/wp-content\/uploads\/2025\/05\/serol-cote-roannaise-perdriziere-2020-magnum-png.png","width":436,"height":1500},{"@type":"WebPage","@id":"https:\/\/www.mesvendanges.com\/en\/shop\/wines\/perdriziere-magnum-serol-2020-150cl\/","url":"https:\/\/www.mesvendanges.com\/en\/shop\/wines\/perdriziere-magnum-serol-2020-150cl\/","name":"PERDRIZIERE MAGNUM - Mes Vendanges","isPartOf":{"@id":"https:\/\/www.mesvendanges.com\/en\/#website"},"primaryImageOfPage":{"@id":"https:\/\/www.mesvendanges.com\/en\/shop\/wines\/perdriziere-magnum-serol-2020-150cl\/#primaryimage"},"datePublished":"2022-08-02T15:11:19+00:00","dateModified":"2025-05-01T15:44:55+00:00","breadcrumb":{"@id":"https:\/\/www.mesvendanges.com\/en\/shop\/wines\/perdriziere-magnum-serol-2020-150cl\/#breadcrumb"},"inLanguage":"fr-FR","potentialAction":[{"@type":"ReadAction","target":["https:\/\/www.mesvendanges.com\/en\/shop\/wines\/perdriziere-magnum-serol-2020-150cl\/"]}]},{"@type":"BreadcrumbList","@id":"https:\/\/www.mesvendanges.com\/en\/shop\/wines\/perdriziere-magnum-serol-2020-150cl\/#breadcrumb","itemListElement":[{"@type":"ListItem","position":1,"name":"Home","item":"https:\/\/www.mesvendanges.com\/en\/"},{"@type":"ListItem","position":2,"name":"Shop","item":"https:\/\/www.mesvendanges.com\/en\/shop\/"},{"@type":"ListItem","position":3,"name":"PERDRIZIERE MAGNUM"}]}]}},"_links":{"self":[{"href":"https:\/\/www.mesvendanges.com\/en\/wp-json\/wp\/v2\/product\/46689"}],"collection":[{"href":"https:\/\/www.mesvendanges.com\/en\/wp-json\/wp\/v2\/product"}],"about":[{"href":"https:\/\/www.mesvendanges.com\/en\/wp-json\/wp\/v2\/types\/product"}],"wp:featuredmedia":[{"embeddable":true,"href":"https:\/\/www.mesvendanges.com\/en\/wp-json\/wp\/v2\/media\/87822"}],"wp:attachment":[{"href":"https:\/\/www.mesvendanges.com\/en\/wp-json\/wp\/v2\/media?parent=46689"}],"wp:term":[{"taxonomy":"product_cat","embeddable":true,"href":"https:\/\/www.mesvendanges.com\/en\/wp-json\/wp\/v2\/product_cat?post=46689"},{"taxonomy":"product_tag","embeddable":true,"href":"https:\/\/www.mesvendanges.com\/en\/wp-json\/wp\/v2\/product_tag?post=46689"}],"curies":[{"name":"wp","href":"https:\/\/api.w.org\/{rel}","templated":true}]}}