{"id":47194,"date":"2022-08-02T17:19:19","date_gmt":"2022-08-02T15:19:19","guid":{"rendered":"https:\/\/www.mesvendanges.com\/shop\/uncategorized\/pates-fusili-di-tumminia\/"},"modified":"2026-03-03T12:27:13","modified_gmt":"2026-03-03T11:27:13","slug":"pates-fusili-di-tumminia-arianna-occhipinti-nm-500gr","status":"publish","type":"product","link":"https:\/\/www.mesvendanges.com\/en\/shop\/groceries-and-accessories\/pates-fusili-di-tumminia-arianna-occhipinti-nm-500gr\/","title":{"rendered":"PATES FUSILI DI TUMMINIA"},"content":{"rendered":"","protected":false},"excerpt":{"rendered":"","protected":false},"featured_media":9712,"template":"","meta":[],"product_cat":[3741],"product_tag":[],"acf":[],"yoast_head":"<!-- This site is optimized with the Yoast SEO plugin v19.3 - https:\/\/yoast.com\/wordpress\/plugins\/seo\/ -->\n<title>Arianna Occhipinti P\u00e2tes Fusilli - Mes Vendanges<\/title>\n<meta name=\"description\" content=\"Arianna Occhipinti P\u00e2tes Fusilli di Tumminia - D\u00e9licieuses p\u00e2tes artisanales r\u00e9alis\u00e9es par le domaine avec ses propres bl\u00e9s anciens.\" \/>\n<meta name=\"robots\" content=\"index, follow, max-snippet:-1, max-image-preview:large, max-video-preview:-1\" \/>\n<link rel=\"canonical\" href=\"https:\/\/www.mesvendanges.com\/en\/shop\/groceries-and-accessories\/pates-fusili-di-tumminia-arianna-occhipinti-nm-500gr\/\" \/>\n<meta property=\"og:locale\" content=\"en_US\" \/>\n<meta property=\"og:type\" content=\"article\" \/>\n<meta property=\"og:title\" content=\"Arianna Occhipinti P\u00e2tes Fusilli - Mes Vendanges\" \/>\n<meta property=\"og:description\" content=\"Arianna Occhipinti P\u00e2tes Fusilli di Tumminia - D\u00e9licieuses p\u00e2tes artisanales r\u00e9alis\u00e9es par le domaine avec ses propres bl\u00e9s anciens.\" \/>\n<meta property=\"og:url\" content=\"https:\/\/www.mesvendanges.com\/en\/shop\/groceries-and-accessories\/pates-fusili-di-tumminia-arianna-occhipinti-nm-500gr\/\" \/>\n<meta property=\"og:site_name\" content=\"Mes Vendanges\" \/>\n<meta property=\"article:modified_time\" content=\"2026-03-03T11:27:13+00:00\" \/>\n<meta property=\"og:image\" content=\"https:\/\/www.mesvendanges.com\/wp-content\/uploads\/2022\/06\/occhipinti-pates-fusilli-di-tumminia-500gr-jpg.jpg\" \/>\n\t<meta property=\"og:image:width\" content=\"777\" \/>\n\t<meta property=\"og:image:height\" content=\"1500\" \/>\n\t<meta property=\"og:image:type\" content=\"image\/jpeg\" \/>\n<meta name=\"twitter:card\" content=\"summary_large_image\" \/>\n<script type=\"application\/ld+json\" class=\"yoast-schema-graph\">{\"@context\":\"https:\/\/schema.org\",\"@graph\":[{\"@type\":\"Organization\",\"@id\":\"https:\/\/www.mesvendanges.com\/en\/#organization\",\"name\":\"Mes Vendanges\",\"url\":\"https:\/\/www.mesvendanges.com\/en\/\",\"sameAs\":[],\"logo\":{\"@type\":\"ImageObject\",\"inLanguage\":\"fr-FR\",\"@id\":\"https:\/\/www.mesvendanges.com\/en\/#\/schema\/logo\/image\/\",\"url\":\"https:\/\/www.mesvendanges.com\/wp-content\/uploads\/2022\/02\/logo-mesvendanges.jpg\",\"contentUrl\":\"https:\/\/www.mesvendanges.com\/wp-content\/uploads\/2022\/02\/logo-mesvendanges.jpg\",\"width\":851,\"height\":260,\"caption\":\"Mes Vendanges\"},\"image\":{\"@id\":\"https:\/\/www.mesvendanges.com\/en\/#\/schema\/logo\/image\/\"}},{\"@type\":\"WebSite\",\"@id\":\"https:\/\/www.mesvendanges.com\/en\/#website\",\"url\":\"https:\/\/www.mesvendanges.com\/en\/\",\"name\":\"Mes Vendanges\",\"description\":\"Des journ\u00e9es enti\u00e8res dans les vignes\",\"publisher\":{\"@id\":\"https:\/\/www.mesvendanges.com\/en\/#organization\"},\"potentialAction\":[{\"@type\":\"SearchAction\",\"target\":{\"@type\":\"EntryPoint\",\"urlTemplate\":\"https:\/\/www.mesvendanges.com\/en\/?s={search_term_string}\"},\"query-input\":\"required name=search_term_string\"}],\"inLanguage\":\"fr-FR\"},{\"@type\":\"ImageObject\",\"inLanguage\":\"fr-FR\",\"@id\":\"https:\/\/www.mesvendanges.com\/en\/shop\/groceries-and-accessories\/pates-fusili-di-tumminia-arianna-occhipinti-nm-500gr\/#primaryimage\",\"url\":\"https:\/\/www.mesvendanges.com\/wp-content\/uploads\/2022\/06\/occhipinti-pates-fusilli-di-tumminia-500gr-jpg.jpg\",\"contentUrl\":\"https:\/\/www.mesvendanges.com\/wp-content\/uploads\/2022\/06\/occhipinti-pates-fusilli-di-tumminia-500gr-jpg.jpg\",\"width\":777,\"height\":1500},{\"@type\":\"WebPage\",\"@id\":\"https:\/\/www.mesvendanges.com\/en\/shop\/groceries-and-accessories\/pates-fusili-di-tumminia-arianna-occhipinti-nm-500gr\/\",\"url\":\"https:\/\/www.mesvendanges.com\/en\/shop\/groceries-and-accessories\/pates-fusili-di-tumminia-arianna-occhipinti-nm-500gr\/\",\"name\":\"Arianna Occhipinti P\u00e2tes Fusilli - Mes Vendanges\",\"isPartOf\":{\"@id\":\"https:\/\/www.mesvendanges.com\/en\/#website\"},\"primaryImageOfPage\":{\"@id\":\"https:\/\/www.mesvendanges.com\/en\/shop\/groceries-and-accessories\/pates-fusili-di-tumminia-arianna-occhipinti-nm-500gr\/#primaryimage\"},\"datePublished\":\"2022-08-02T15:19:19+00:00\",\"dateModified\":\"2026-03-03T11:27:13+00:00\",\"description\":\"Arianna Occhipinti P\u00e2tes Fusilli di Tumminia - D\u00e9licieuses p\u00e2tes artisanales r\u00e9alis\u00e9es par le domaine avec ses propres bl\u00e9s anciens.\",\"breadcrumb\":{\"@id\":\"https:\/\/www.mesvendanges.com\/en\/shop\/groceries-and-accessories\/pates-fusili-di-tumminia-arianna-occhipinti-nm-500gr\/#breadcrumb\"},\"inLanguage\":\"fr-FR\",\"potentialAction\":[{\"@type\":\"ReadAction\",\"target\":[\"https:\/\/www.mesvendanges.com\/en\/shop\/groceries-and-accessories\/pates-fusili-di-tumminia-arianna-occhipinti-nm-500gr\/\"]}]},{\"@type\":\"BreadcrumbList\",\"@id\":\"https:\/\/www.mesvendanges.com\/en\/shop\/groceries-and-accessories\/pates-fusili-di-tumminia-arianna-occhipinti-nm-500gr\/#breadcrumb\",\"itemListElement\":[{\"@type\":\"ListItem\",\"position\":1,\"name\":\"Home\",\"item\":\"https:\/\/www.mesvendanges.com\/en\/\"},{\"@type\":\"ListItem\",\"position\":2,\"name\":\"Shop\",\"item\":\"https:\/\/www.mesvendanges.com\/en\/shop\/\"},{\"@type\":\"ListItem\",\"position\":3,\"name\":\"PATES FUSILI DI TUMMINIA\"}]}]}<\/script>\n<!-- \/ Yoast SEO plugin. -->","yoast_head_json":{"title":"Arianna Occhipinti P\u00e2tes Fusilli - Mes Vendanges","description":"Arianna Occhipinti P\u00e2tes Fusilli di Tumminia - D\u00e9licieuses p\u00e2tes artisanales r\u00e9alis\u00e9es par le domaine avec ses propres bl\u00e9s anciens.","robots":{"index":"index","follow":"follow","max-snippet":"max-snippet:-1","max-image-preview":"max-image-preview:large","max-video-preview":"max-video-preview:-1"},"canonical":"https:\/\/www.mesvendanges.com\/en\/shop\/groceries-and-accessories\/pates-fusili-di-tumminia-arianna-occhipinti-nm-500gr\/","og_locale":"en_US","og_type":"article","og_title":"Arianna Occhipinti P\u00e2tes Fusilli - Mes Vendanges","og_description":"Arianna Occhipinti P\u00e2tes Fusilli di Tumminia - D\u00e9licieuses p\u00e2tes artisanales r\u00e9alis\u00e9es par le domaine avec ses propres bl\u00e9s anciens.","og_url":"https:\/\/www.mesvendanges.com\/en\/shop\/groceries-and-accessories\/pates-fusili-di-tumminia-arianna-occhipinti-nm-500gr\/","og_site_name":"Mes Vendanges","article_modified_time":"2026-03-03T11:27:13+00:00","og_image":[{"width":777,"height":1500,"url":"https:\/\/www.mesvendanges.com\/wp-content\/uploads\/2022\/06\/occhipinti-pates-fusilli-di-tumminia-500gr-jpg.jpg","type":"image\/jpeg"}],"twitter_card":"summary_large_image","schema":{"@context":"https:\/\/schema.org","@graph":[{"@type":"Organization","@id":"https:\/\/www.mesvendanges.com\/en\/#organization","name":"Mes Vendanges","url":"https:\/\/www.mesvendanges.com\/en\/","sameAs":[],"logo":{"@type":"ImageObject","inLanguage":"fr-FR","@id":"https:\/\/www.mesvendanges.com\/en\/#\/schema\/logo\/image\/","url":"https:\/\/www.mesvendanges.com\/wp-content\/uploads\/2022\/02\/logo-mesvendanges.jpg","contentUrl":"https:\/\/www.mesvendanges.com\/wp-content\/uploads\/2022\/02\/logo-mesvendanges.jpg","width":851,"height":260,"caption":"Mes Vendanges"},"image":{"@id":"https:\/\/www.mesvendanges.com\/en\/#\/schema\/logo\/image\/"}},{"@type":"WebSite","@id":"https:\/\/www.mesvendanges.com\/en\/#website","url":"https:\/\/www.mesvendanges.com\/en\/","name":"Mes Vendanges","description":"Des journ\u00e9es enti\u00e8res dans les vignes","publisher":{"@id":"https:\/\/www.mesvendanges.com\/en\/#organization"},"potentialAction":[{"@type":"SearchAction","target":{"@type":"EntryPoint","urlTemplate":"https:\/\/www.mesvendanges.com\/en\/?s={search_term_string}"},"query-input":"required name=search_term_string"}],"inLanguage":"fr-FR"},{"@type":"ImageObject","inLanguage":"fr-FR","@id":"https:\/\/www.mesvendanges.com\/en\/shop\/groceries-and-accessories\/pates-fusili-di-tumminia-arianna-occhipinti-nm-500gr\/#primaryimage","url":"https:\/\/www.mesvendanges.com\/wp-content\/uploads\/2022\/06\/occhipinti-pates-fusilli-di-tumminia-500gr-jpg.jpg","contentUrl":"https:\/\/www.mesvendanges.com\/wp-content\/uploads\/2022\/06\/occhipinti-pates-fusilli-di-tumminia-500gr-jpg.jpg","width":777,"height":1500},{"@type":"WebPage","@id":"https:\/\/www.mesvendanges.com\/en\/shop\/groceries-and-accessories\/pates-fusili-di-tumminia-arianna-occhipinti-nm-500gr\/","url":"https:\/\/www.mesvendanges.com\/en\/shop\/groceries-and-accessories\/pates-fusili-di-tumminia-arianna-occhipinti-nm-500gr\/","name":"Arianna Occhipinti P\u00e2tes Fusilli - Mes Vendanges","isPartOf":{"@id":"https:\/\/www.mesvendanges.com\/en\/#website"},"primaryImageOfPage":{"@id":"https:\/\/www.mesvendanges.com\/en\/shop\/groceries-and-accessories\/pates-fusili-di-tumminia-arianna-occhipinti-nm-500gr\/#primaryimage"},"datePublished":"2022-08-02T15:19:19+00:00","dateModified":"2026-03-03T11:27:13+00:00","description":"Arianna Occhipinti P\u00e2tes Fusilli di Tumminia - D\u00e9licieuses p\u00e2tes artisanales r\u00e9alis\u00e9es par le domaine avec ses propres bl\u00e9s anciens.","breadcrumb":{"@id":"https:\/\/www.mesvendanges.com\/en\/shop\/groceries-and-accessories\/pates-fusili-di-tumminia-arianna-occhipinti-nm-500gr\/#breadcrumb"},"inLanguage":"fr-FR","potentialAction":[{"@type":"ReadAction","target":["https:\/\/www.mesvendanges.com\/en\/shop\/groceries-and-accessories\/pates-fusili-di-tumminia-arianna-occhipinti-nm-500gr\/"]}]},{"@type":"BreadcrumbList","@id":"https:\/\/www.mesvendanges.com\/en\/shop\/groceries-and-accessories\/pates-fusili-di-tumminia-arianna-occhipinti-nm-500gr\/#breadcrumb","itemListElement":[{"@type":"ListItem","position":1,"name":"Home","item":"https:\/\/www.mesvendanges.com\/en\/"},{"@type":"ListItem","position":2,"name":"Shop","item":"https:\/\/www.mesvendanges.com\/en\/shop\/"},{"@type":"ListItem","position":3,"name":"PATES FUSILI DI TUMMINIA"}]}]}},"_links":{"self":[{"href":"https:\/\/www.mesvendanges.com\/en\/wp-json\/wp\/v2\/product\/47194"}],"collection":[{"href":"https:\/\/www.mesvendanges.com\/en\/wp-json\/wp\/v2\/product"}],"about":[{"href":"https:\/\/www.mesvendanges.com\/en\/wp-json\/wp\/v2\/types\/product"}],"wp:featuredmedia":[{"embeddable":true,"href":"https:\/\/www.mesvendanges.com\/en\/wp-json\/wp\/v2\/media\/9712"}],"wp:attachment":[{"href":"https:\/\/www.mesvendanges.com\/en\/wp-json\/wp\/v2\/media?parent=47194"}],"wp:term":[{"taxonomy":"product_cat","embeddable":true,"href":"https:\/\/www.mesvendanges.com\/en\/wp-json\/wp\/v2\/product_cat?post=47194"},{"taxonomy":"product_tag","embeddable":true,"href":"https:\/\/www.mesvendanges.com\/en\/wp-json\/wp\/v2\/product_tag?post=47194"}],"curies":[{"name":"wp","href":"https:\/\/api.w.org\/{rel}","templated":true}]}}