{"id":47289,"date":"2022-08-02T17:20:49","date_gmt":"2022-08-02T15:20:49","guid":{"rendered":"https:\/\/www.mesvendanges.com\/shop\/uncategorized\/forge-cellars-riesling-navone\/"},"modified":"2026-03-16T11:05:57","modified_gmt":"2026-03-16T10:05:57","slug":"forge-cellars-riesling-navone-saint-cosme-ch-2018-75cl","status":"publish","type":"product","link":"https:\/\/www.mesvendanges.com\/en\/shop\/wines\/forge-cellars-riesling-navone-saint-cosme-ch-2018-75cl\/","title":{"rendered":"FORGE CELLARS RIESLING NAVONE"},"content":{"rendered":"<p>Forge Cellars est le domaine de Louis Barruol aux USA. Cette tr\u00e8s belle propri\u00e9t\u00e9 se situe au nord est des Etats Unis dans la r\u00e9gion des grands lacs. Ici le riesling est issu du lieu-dit Navone, sur le coteau de Forge. Les vignes sont plant\u00e9es sur solds d&#8217;argile shisteuse. Le vin est ferment\u00e9 en vieux foudres puis \u00e9lev\u00e9 9 mois en cuve, sur lies fines.<\/p>\n<p>NAvone est un lieu-dit qui donne des vins de sol, avec une forte r\u00e9sonnance min\u00e9rale. C&#8217;est un climat froid, expos\u00e9 au vent du nord, un climat parfait pour les rieslings tendus. Grand vin au potentiel immense.<\/p>\n","protected":false},"excerpt":{"rendered":"<p>Forge Cellars est le domaine de Louis Barruol aux USA. Cette tr\u00e8s belle propri\u00e9t\u00e9 se situe au nord est des Etats Unis dans la r\u00e9gion des grands lacs. Ici le riesling est issu du lieu-dit Navone, sur le coteau de Forge. Les vignes sont plant\u00e9es sur solds d&#8217;argile shisteuse. Le vin est ferment\u00e9 en vieux [&hellip;]<\/p>\n","protected":false},"featured_media":26416,"template":"","meta":[],"product_cat":[3740],"product_tag":[],"acf":[],"yoast_head":"<!-- This site is optimized with the Yoast SEO plugin v19.3 - https:\/\/yoast.com\/wordpress\/plugins\/seo\/ -->\n<title>FORGE CELLARS RIESLING NAVONE - Mes Vendanges<\/title>\n<meta name=\"robots\" content=\"index, follow, max-snippet:-1, max-image-preview:large, max-video-preview:-1\" \/>\n<link rel=\"canonical\" href=\"https:\/\/www.mesvendanges.com\/en\/shop\/wines\/forge-cellars-riesling-navone-saint-cosme-ch-2018-75cl\/\" \/>\n<meta property=\"og:locale\" content=\"en_US\" \/>\n<meta property=\"og:type\" content=\"article\" \/>\n<meta property=\"og:title\" content=\"FORGE CELLARS RIESLING NAVONE - Mes Vendanges\" \/>\n<meta property=\"og:description\" content=\"Forge Cellars est le domaine de Louis Barruol aux USA. Cette tr\u00e8s belle propri\u00e9t\u00e9 se situe au nord est des Etats Unis dans la r\u00e9gion des grands lacs. Ici le riesling est issu du lieu-dit Navone, sur le coteau de Forge. Les vignes sont plant\u00e9es sur solds d&#8217;argile shisteuse. Le vin est ferment\u00e9 en vieux [&hellip;]\" \/>\n<meta property=\"og:url\" content=\"https:\/\/www.mesvendanges.com\/en\/shop\/wines\/forge-cellars-riesling-navone-saint-cosme-ch-2018-75cl\/\" \/>\n<meta property=\"og:site_name\" content=\"Mes Vendanges\" \/>\n<meta property=\"article:modified_time\" content=\"2026-03-16T10:05:57+00:00\" \/>\n<meta property=\"og:image\" content=\"https:\/\/www.mesvendanges.com\/wp-content\/uploads\/2022\/07\/forge-cellars-saint-cosme-barruol-seneca-lake-riesling-navone-2018-png.png\" \/>\n\t<meta property=\"og:image:width\" content=\"410\" \/>\n\t<meta property=\"og:image:height\" content=\"1500\" \/>\n\t<meta property=\"og:image:type\" content=\"image\/png\" \/>\n<meta name=\"twitter:card\" content=\"summary_large_image\" \/>\n<meta name=\"twitter:label1\" content=\"Est. reading time\" \/>\n\t<meta name=\"twitter:data1\" content=\"1 minute\" \/>\n<script type=\"application\/ld+json\" class=\"yoast-schema-graph\">{\"@context\":\"https:\/\/schema.org\",\"@graph\":[{\"@type\":\"Organization\",\"@id\":\"https:\/\/www.mesvendanges.com\/en\/#organization\",\"name\":\"Mes Vendanges\",\"url\":\"https:\/\/www.mesvendanges.com\/en\/\",\"sameAs\":[],\"logo\":{\"@type\":\"ImageObject\",\"inLanguage\":\"fr-FR\",\"@id\":\"https:\/\/www.mesvendanges.com\/en\/#\/schema\/logo\/image\/\",\"url\":\"https:\/\/www.mesvendanges.com\/wp-content\/uploads\/2022\/02\/logo-mesvendanges.jpg\",\"contentUrl\":\"https:\/\/www.mesvendanges.com\/wp-content\/uploads\/2022\/02\/logo-mesvendanges.jpg\",\"width\":851,\"height\":260,\"caption\":\"Mes Vendanges\"},\"image\":{\"@id\":\"https:\/\/www.mesvendanges.com\/en\/#\/schema\/logo\/image\/\"}},{\"@type\":\"WebSite\",\"@id\":\"https:\/\/www.mesvendanges.com\/en\/#website\",\"url\":\"https:\/\/www.mesvendanges.com\/en\/\",\"name\":\"Mes Vendanges\",\"description\":\"Des journ\u00e9es enti\u00e8res dans les vignes\",\"publisher\":{\"@id\":\"https:\/\/www.mesvendanges.com\/en\/#organization\"},\"potentialAction\":[{\"@type\":\"SearchAction\",\"target\":{\"@type\":\"EntryPoint\",\"urlTemplate\":\"https:\/\/www.mesvendanges.com\/en\/?s={search_term_string}\"},\"query-input\":\"required name=search_term_string\"}],\"inLanguage\":\"fr-FR\"},{\"@type\":\"ImageObject\",\"inLanguage\":\"fr-FR\",\"@id\":\"https:\/\/www.mesvendanges.com\/en\/shop\/wines\/forge-cellars-riesling-navone-saint-cosme-ch-2018-75cl\/#primaryimage\",\"url\":\"https:\/\/www.mesvendanges.com\/wp-content\/uploads\/2022\/07\/forge-cellars-saint-cosme-barruol-seneca-lake-riesling-navone-2018-png.png\",\"contentUrl\":\"https:\/\/www.mesvendanges.com\/wp-content\/uploads\/2022\/07\/forge-cellars-saint-cosme-barruol-seneca-lake-riesling-navone-2018-png.png\",\"width\":410,\"height\":1500},{\"@type\":\"WebPage\",\"@id\":\"https:\/\/www.mesvendanges.com\/en\/shop\/wines\/forge-cellars-riesling-navone-saint-cosme-ch-2018-75cl\/\",\"url\":\"https:\/\/www.mesvendanges.com\/en\/shop\/wines\/forge-cellars-riesling-navone-saint-cosme-ch-2018-75cl\/\",\"name\":\"FORGE CELLARS RIESLING NAVONE - Mes Vendanges\",\"isPartOf\":{\"@id\":\"https:\/\/www.mesvendanges.com\/en\/#website\"},\"primaryImageOfPage\":{\"@id\":\"https:\/\/www.mesvendanges.com\/en\/shop\/wines\/forge-cellars-riesling-navone-saint-cosme-ch-2018-75cl\/#primaryimage\"},\"datePublished\":\"2022-08-02T15:20:49+00:00\",\"dateModified\":\"2026-03-16T10:05:57+00:00\",\"breadcrumb\":{\"@id\":\"https:\/\/www.mesvendanges.com\/en\/shop\/wines\/forge-cellars-riesling-navone-saint-cosme-ch-2018-75cl\/#breadcrumb\"},\"inLanguage\":\"fr-FR\",\"potentialAction\":[{\"@type\":\"ReadAction\",\"target\":[\"https:\/\/www.mesvendanges.com\/en\/shop\/wines\/forge-cellars-riesling-navone-saint-cosme-ch-2018-75cl\/\"]}]},{\"@type\":\"BreadcrumbList\",\"@id\":\"https:\/\/www.mesvendanges.com\/en\/shop\/wines\/forge-cellars-riesling-navone-saint-cosme-ch-2018-75cl\/#breadcrumb\",\"itemListElement\":[{\"@type\":\"ListItem\",\"position\":1,\"name\":\"Home\",\"item\":\"https:\/\/www.mesvendanges.com\/en\/\"},{\"@type\":\"ListItem\",\"position\":2,\"name\":\"Shop\",\"item\":\"https:\/\/www.mesvendanges.com\/en\/shop\/\"},{\"@type\":\"ListItem\",\"position\":3,\"name\":\"FORGE CELLARS RIESLING NAVONE\"}]}]}<\/script>\n<!-- \/ Yoast SEO plugin. -->","yoast_head_json":{"title":"FORGE CELLARS RIESLING NAVONE - Mes Vendanges","robots":{"index":"index","follow":"follow","max-snippet":"max-snippet:-1","max-image-preview":"max-image-preview:large","max-video-preview":"max-video-preview:-1"},"canonical":"https:\/\/www.mesvendanges.com\/en\/shop\/wines\/forge-cellars-riesling-navone-saint-cosme-ch-2018-75cl\/","og_locale":"en_US","og_type":"article","og_title":"FORGE CELLARS RIESLING NAVONE - Mes Vendanges","og_description":"Forge Cellars est le domaine de Louis Barruol aux USA. Cette tr\u00e8s belle propri\u00e9t\u00e9 se situe au nord est des Etats Unis dans la r\u00e9gion des grands lacs. Ici le riesling est issu du lieu-dit Navone, sur le coteau de Forge. Les vignes sont plant\u00e9es sur solds d&#8217;argile shisteuse. Le vin est ferment\u00e9 en vieux [&hellip;]","og_url":"https:\/\/www.mesvendanges.com\/en\/shop\/wines\/forge-cellars-riesling-navone-saint-cosme-ch-2018-75cl\/","og_site_name":"Mes Vendanges","article_modified_time":"2026-03-16T10:05:57+00:00","og_image":[{"width":410,"height":1500,"url":"https:\/\/www.mesvendanges.com\/wp-content\/uploads\/2022\/07\/forge-cellars-saint-cosme-barruol-seneca-lake-riesling-navone-2018-png.png","type":"image\/png"}],"twitter_card":"summary_large_image","twitter_misc":{"Est. reading time":"1 minute"},"schema":{"@context":"https:\/\/schema.org","@graph":[{"@type":"Organization","@id":"https:\/\/www.mesvendanges.com\/en\/#organization","name":"Mes Vendanges","url":"https:\/\/www.mesvendanges.com\/en\/","sameAs":[],"logo":{"@type":"ImageObject","inLanguage":"fr-FR","@id":"https:\/\/www.mesvendanges.com\/en\/#\/schema\/logo\/image\/","url":"https:\/\/www.mesvendanges.com\/wp-content\/uploads\/2022\/02\/logo-mesvendanges.jpg","contentUrl":"https:\/\/www.mesvendanges.com\/wp-content\/uploads\/2022\/02\/logo-mesvendanges.jpg","width":851,"height":260,"caption":"Mes Vendanges"},"image":{"@id":"https:\/\/www.mesvendanges.com\/en\/#\/schema\/logo\/image\/"}},{"@type":"WebSite","@id":"https:\/\/www.mesvendanges.com\/en\/#website","url":"https:\/\/www.mesvendanges.com\/en\/","name":"Mes Vendanges","description":"Des journ\u00e9es enti\u00e8res dans les vignes","publisher":{"@id":"https:\/\/www.mesvendanges.com\/en\/#organization"},"potentialAction":[{"@type":"SearchAction","target":{"@type":"EntryPoint","urlTemplate":"https:\/\/www.mesvendanges.com\/en\/?s={search_term_string}"},"query-input":"required name=search_term_string"}],"inLanguage":"fr-FR"},{"@type":"ImageObject","inLanguage":"fr-FR","@id":"https:\/\/www.mesvendanges.com\/en\/shop\/wines\/forge-cellars-riesling-navone-saint-cosme-ch-2018-75cl\/#primaryimage","url":"https:\/\/www.mesvendanges.com\/wp-content\/uploads\/2022\/07\/forge-cellars-saint-cosme-barruol-seneca-lake-riesling-navone-2018-png.png","contentUrl":"https:\/\/www.mesvendanges.com\/wp-content\/uploads\/2022\/07\/forge-cellars-saint-cosme-barruol-seneca-lake-riesling-navone-2018-png.png","width":410,"height":1500},{"@type":"WebPage","@id":"https:\/\/www.mesvendanges.com\/en\/shop\/wines\/forge-cellars-riesling-navone-saint-cosme-ch-2018-75cl\/","url":"https:\/\/www.mesvendanges.com\/en\/shop\/wines\/forge-cellars-riesling-navone-saint-cosme-ch-2018-75cl\/","name":"FORGE CELLARS RIESLING NAVONE - Mes Vendanges","isPartOf":{"@id":"https:\/\/www.mesvendanges.com\/en\/#website"},"primaryImageOfPage":{"@id":"https:\/\/www.mesvendanges.com\/en\/shop\/wines\/forge-cellars-riesling-navone-saint-cosme-ch-2018-75cl\/#primaryimage"},"datePublished":"2022-08-02T15:20:49+00:00","dateModified":"2026-03-16T10:05:57+00:00","breadcrumb":{"@id":"https:\/\/www.mesvendanges.com\/en\/shop\/wines\/forge-cellars-riesling-navone-saint-cosme-ch-2018-75cl\/#breadcrumb"},"inLanguage":"fr-FR","potentialAction":[{"@type":"ReadAction","target":["https:\/\/www.mesvendanges.com\/en\/shop\/wines\/forge-cellars-riesling-navone-saint-cosme-ch-2018-75cl\/"]}]},{"@type":"BreadcrumbList","@id":"https:\/\/www.mesvendanges.com\/en\/shop\/wines\/forge-cellars-riesling-navone-saint-cosme-ch-2018-75cl\/#breadcrumb","itemListElement":[{"@type":"ListItem","position":1,"name":"Home","item":"https:\/\/www.mesvendanges.com\/en\/"},{"@type":"ListItem","position":2,"name":"Shop","item":"https:\/\/www.mesvendanges.com\/en\/shop\/"},{"@type":"ListItem","position":3,"name":"FORGE CELLARS RIESLING NAVONE"}]}]}},"_links":{"self":[{"href":"https:\/\/www.mesvendanges.com\/en\/wp-json\/wp\/v2\/product\/47289"}],"collection":[{"href":"https:\/\/www.mesvendanges.com\/en\/wp-json\/wp\/v2\/product"}],"about":[{"href":"https:\/\/www.mesvendanges.com\/en\/wp-json\/wp\/v2\/types\/product"}],"wp:featuredmedia":[{"embeddable":true,"href":"https:\/\/www.mesvendanges.com\/en\/wp-json\/wp\/v2\/media\/26416"}],"wp:attachment":[{"href":"https:\/\/www.mesvendanges.com\/en\/wp-json\/wp\/v2\/media?parent=47289"}],"wp:term":[{"taxonomy":"product_cat","embeddable":true,"href":"https:\/\/www.mesvendanges.com\/en\/wp-json\/wp\/v2\/product_cat?post=47289"},{"taxonomy":"product_tag","embeddable":true,"href":"https:\/\/www.mesvendanges.com\/en\/wp-json\/wp\/v2\/product_tag?post=47289"}],"curies":[{"name":"wp","href":"https:\/\/api.w.org\/{rel}","templated":true}]}}