{"id":47664,"date":"2022-08-02T17:26:34","date_gmt":"2022-08-02T15:26:34","guid":{"rendered":"https:\/\/www.mesvendanges.com\/shop\/uncategorized\/khayyam-7\/"},"modified":"2025-09-16T12:03:18","modified_gmt":"2025-09-16T10:03:18","slug":"khayyam-mas-de-libian-2019-75cl","status":"publish","type":"product","link":"https:\/\/www.mesvendanges.com\/en\/shop\/wines\/khayyam-mas-de-libian-2019-75cl\/","title":{"rendered":"KHAYYAM"},"content":{"rendered":"<p>Cette cuv\u00e9e a \u00e9t\u00e9 cr\u00e9e en hommage au po\u00e8te perse Omar Khayy\u00e2m, qui, au XI\u00b0 si\u00e8cle, a compos\u00e9 de tr\u00e8s nombreux po\u00e8me c\u00e9l\u00e9brant le vin et l&#8217;amour.<\/p>\n<p>Ce vin garde un caract\u00e8re oriental avec son nez toujours \u00e9pic\u00e9, c&#8217;est un vin qui a de l&#8217;\u00e9toffe et de la chair, un vin qui aime une cuisine g\u00e9n\u00e9reuse et m\u00e9dit\u00e9rann\u00e8enne, aux saveurx d&#8217;orient, comme un tajine aux abricots secs et au safran.<\/p>\n<p>Le terroir est compos\u00e9 de galets roul\u00e9s et d&#8217;argile rouge. Vendanges bien entendues manuelles avec un tri s\u00e9v\u00e8re et vinifications douces : eraflage \u00e0 100%, l\u00e9ger foulage, fermentations sur 15 jours en levures indig\u00e8nes, \u00e9coulage par gravite, puis passage au pressoir pneumatique pour enfin gagner les cuves et les foudres (30%) pour un \u00e9levage de 9 mois.<\/p>\n<p>Le domaine Mas de Libian est certifi\u00e9 Demeter<\/p>\n","protected":false},"excerpt":{"rendered":"<p>Cette cuv\u00e9e a \u00e9t\u00e9 cr\u00e9e en hommage au po\u00e8te perse Omar Khayy\u00e2m, qui, au XI\u00b0 si\u00e8cle, a compos\u00e9 de tr\u00e8s nombreux po\u00e8me c\u00e9l\u00e9brant le vin et l&#8217;amour. Ce vin garde un caract\u00e8re oriental avec son nez toujours \u00e9pic\u00e9, c&#8217;est un vin qui a de l&#8217;\u00e9toffe et de la chair, un vin qui aime une cuisine [&hellip;]<\/p>\n","protected":false},"featured_media":87558,"template":"","meta":[],"product_cat":[3740],"product_tag":[],"acf":[],"yoast_head":"<!-- This site is optimized with the Yoast SEO plugin v19.3 - https:\/\/yoast.com\/wordpress\/plugins\/seo\/ -->\n<title>KHAYYAM - Mes Vendanges<\/title>\n<meta name=\"robots\" content=\"index, follow, max-snippet:-1, max-image-preview:large, max-video-preview:-1\" \/>\n<link rel=\"canonical\" href=\"https:\/\/www.mesvendanges.com\/en\/shop\/wines\/khayyam-mas-de-libian-2019-75cl\/\" \/>\n<meta property=\"og:locale\" content=\"en_US\" \/>\n<meta property=\"og:type\" content=\"article\" \/>\n<meta property=\"og:title\" content=\"KHAYYAM - Mes Vendanges\" \/>\n<meta property=\"og:description\" content=\"Cette cuv\u00e9e a \u00e9t\u00e9 cr\u00e9e en hommage au po\u00e8te perse Omar Khayy\u00e2m, qui, au XI\u00b0 si\u00e8cle, a compos\u00e9 de tr\u00e8s nombreux po\u00e8me c\u00e9l\u00e9brant le vin et l&#8217;amour. Ce vin garde un caract\u00e8re oriental avec son nez toujours \u00e9pic\u00e9, c&#8217;est un vin qui a de l&#8217;\u00e9toffe et de la chair, un vin qui aime une cuisine [&hellip;]\" \/>\n<meta property=\"og:url\" content=\"https:\/\/www.mesvendanges.com\/en\/shop\/wines\/khayyam-mas-de-libian-2019-75cl\/\" \/>\n<meta property=\"og:site_name\" content=\"Mes Vendanges\" \/>\n<meta property=\"article:modified_time\" content=\"2025-09-16T10:03:18+00:00\" \/>\n<meta property=\"og:image\" content=\"https:\/\/www.mesvendanges.com\/wp-content\/uploads\/2025\/05\/mas-de-libian-khayyam-cotes-du-rhone-rouge-2019-png.png\" \/>\n\t<meta property=\"og:image:width\" content=\"492\" \/>\n\t<meta property=\"og:image:height\" content=\"1500\" \/>\n\t<meta property=\"og:image:type\" content=\"image\/png\" \/>\n<meta name=\"twitter:card\" content=\"summary_large_image\" \/>\n<meta name=\"twitter:label1\" content=\"Est. reading time\" \/>\n\t<meta name=\"twitter:data1\" content=\"1 minute\" \/>\n<script type=\"application\/ld+json\" class=\"yoast-schema-graph\">{\"@context\":\"https:\/\/schema.org\",\"@graph\":[{\"@type\":\"Organization\",\"@id\":\"https:\/\/www.mesvendanges.com\/en\/#organization\",\"name\":\"Mes Vendanges\",\"url\":\"https:\/\/www.mesvendanges.com\/en\/\",\"sameAs\":[],\"logo\":{\"@type\":\"ImageObject\",\"inLanguage\":\"fr-FR\",\"@id\":\"https:\/\/www.mesvendanges.com\/en\/#\/schema\/logo\/image\/\",\"url\":\"https:\/\/www.mesvendanges.com\/wp-content\/uploads\/2022\/02\/logo-mesvendanges.jpg\",\"contentUrl\":\"https:\/\/www.mesvendanges.com\/wp-content\/uploads\/2022\/02\/logo-mesvendanges.jpg\",\"width\":851,\"height\":260,\"caption\":\"Mes Vendanges\"},\"image\":{\"@id\":\"https:\/\/www.mesvendanges.com\/en\/#\/schema\/logo\/image\/\"}},{\"@type\":\"WebSite\",\"@id\":\"https:\/\/www.mesvendanges.com\/en\/#website\",\"url\":\"https:\/\/www.mesvendanges.com\/en\/\",\"name\":\"Mes Vendanges\",\"description\":\"Des journ\u00e9es enti\u00e8res dans les vignes\",\"publisher\":{\"@id\":\"https:\/\/www.mesvendanges.com\/en\/#organization\"},\"potentialAction\":[{\"@type\":\"SearchAction\",\"target\":{\"@type\":\"EntryPoint\",\"urlTemplate\":\"https:\/\/www.mesvendanges.com\/en\/?s={search_term_string}\"},\"query-input\":\"required name=search_term_string\"}],\"inLanguage\":\"fr-FR\"},{\"@type\":\"ImageObject\",\"inLanguage\":\"fr-FR\",\"@id\":\"https:\/\/www.mesvendanges.com\/en\/shop\/wines\/khayyam-mas-de-libian-2019-75cl\/#primaryimage\",\"url\":\"https:\/\/www.mesvendanges.com\/wp-content\/uploads\/2025\/05\/mas-de-libian-khayyam-cotes-du-rhone-rouge-2019-png.png\",\"contentUrl\":\"https:\/\/www.mesvendanges.com\/wp-content\/uploads\/2025\/05\/mas-de-libian-khayyam-cotes-du-rhone-rouge-2019-png.png\",\"width\":492,\"height\":1500},{\"@type\":\"WebPage\",\"@id\":\"https:\/\/www.mesvendanges.com\/en\/shop\/wines\/khayyam-mas-de-libian-2019-75cl\/\",\"url\":\"https:\/\/www.mesvendanges.com\/en\/shop\/wines\/khayyam-mas-de-libian-2019-75cl\/\",\"name\":\"KHAYYAM - Mes Vendanges\",\"isPartOf\":{\"@id\":\"https:\/\/www.mesvendanges.com\/en\/#website\"},\"primaryImageOfPage\":{\"@id\":\"https:\/\/www.mesvendanges.com\/en\/shop\/wines\/khayyam-mas-de-libian-2019-75cl\/#primaryimage\"},\"datePublished\":\"2022-08-02T15:26:34+00:00\",\"dateModified\":\"2025-09-16T10:03:18+00:00\",\"breadcrumb\":{\"@id\":\"https:\/\/www.mesvendanges.com\/en\/shop\/wines\/khayyam-mas-de-libian-2019-75cl\/#breadcrumb\"},\"inLanguage\":\"fr-FR\",\"potentialAction\":[{\"@type\":\"ReadAction\",\"target\":[\"https:\/\/www.mesvendanges.com\/en\/shop\/wines\/khayyam-mas-de-libian-2019-75cl\/\"]}]},{\"@type\":\"BreadcrumbList\",\"@id\":\"https:\/\/www.mesvendanges.com\/en\/shop\/wines\/khayyam-mas-de-libian-2019-75cl\/#breadcrumb\",\"itemListElement\":[{\"@type\":\"ListItem\",\"position\":1,\"name\":\"Home\",\"item\":\"https:\/\/www.mesvendanges.com\/en\/\"},{\"@type\":\"ListItem\",\"position\":2,\"name\":\"Shop\",\"item\":\"https:\/\/www.mesvendanges.com\/en\/shop\/\"},{\"@type\":\"ListItem\",\"position\":3,\"name\":\"KHAYYAM\"}]}]}<\/script>\n<!-- \/ Yoast SEO plugin. -->","yoast_head_json":{"title":"KHAYYAM - Mes Vendanges","robots":{"index":"index","follow":"follow","max-snippet":"max-snippet:-1","max-image-preview":"max-image-preview:large","max-video-preview":"max-video-preview:-1"},"canonical":"https:\/\/www.mesvendanges.com\/en\/shop\/wines\/khayyam-mas-de-libian-2019-75cl\/","og_locale":"en_US","og_type":"article","og_title":"KHAYYAM - Mes Vendanges","og_description":"Cette cuv\u00e9e a \u00e9t\u00e9 cr\u00e9e en hommage au po\u00e8te perse Omar Khayy\u00e2m, qui, au XI\u00b0 si\u00e8cle, a compos\u00e9 de tr\u00e8s nombreux po\u00e8me c\u00e9l\u00e9brant le vin et l&#8217;amour. Ce vin garde un caract\u00e8re oriental avec son nez toujours \u00e9pic\u00e9, c&#8217;est un vin qui a de l&#8217;\u00e9toffe et de la chair, un vin qui aime une cuisine [&hellip;]","og_url":"https:\/\/www.mesvendanges.com\/en\/shop\/wines\/khayyam-mas-de-libian-2019-75cl\/","og_site_name":"Mes Vendanges","article_modified_time":"2025-09-16T10:03:18+00:00","og_image":[{"width":492,"height":1500,"url":"https:\/\/www.mesvendanges.com\/wp-content\/uploads\/2025\/05\/mas-de-libian-khayyam-cotes-du-rhone-rouge-2019-png.png","type":"image\/png"}],"twitter_card":"summary_large_image","twitter_misc":{"Est. reading time":"1 minute"},"schema":{"@context":"https:\/\/schema.org","@graph":[{"@type":"Organization","@id":"https:\/\/www.mesvendanges.com\/en\/#organization","name":"Mes Vendanges","url":"https:\/\/www.mesvendanges.com\/en\/","sameAs":[],"logo":{"@type":"ImageObject","inLanguage":"fr-FR","@id":"https:\/\/www.mesvendanges.com\/en\/#\/schema\/logo\/image\/","url":"https:\/\/www.mesvendanges.com\/wp-content\/uploads\/2022\/02\/logo-mesvendanges.jpg","contentUrl":"https:\/\/www.mesvendanges.com\/wp-content\/uploads\/2022\/02\/logo-mesvendanges.jpg","width":851,"height":260,"caption":"Mes Vendanges"},"image":{"@id":"https:\/\/www.mesvendanges.com\/en\/#\/schema\/logo\/image\/"}},{"@type":"WebSite","@id":"https:\/\/www.mesvendanges.com\/en\/#website","url":"https:\/\/www.mesvendanges.com\/en\/","name":"Mes Vendanges","description":"Des journ\u00e9es enti\u00e8res dans les vignes","publisher":{"@id":"https:\/\/www.mesvendanges.com\/en\/#organization"},"potentialAction":[{"@type":"SearchAction","target":{"@type":"EntryPoint","urlTemplate":"https:\/\/www.mesvendanges.com\/en\/?s={search_term_string}"},"query-input":"required name=search_term_string"}],"inLanguage":"fr-FR"},{"@type":"ImageObject","inLanguage":"fr-FR","@id":"https:\/\/www.mesvendanges.com\/en\/shop\/wines\/khayyam-mas-de-libian-2019-75cl\/#primaryimage","url":"https:\/\/www.mesvendanges.com\/wp-content\/uploads\/2025\/05\/mas-de-libian-khayyam-cotes-du-rhone-rouge-2019-png.png","contentUrl":"https:\/\/www.mesvendanges.com\/wp-content\/uploads\/2025\/05\/mas-de-libian-khayyam-cotes-du-rhone-rouge-2019-png.png","width":492,"height":1500},{"@type":"WebPage","@id":"https:\/\/www.mesvendanges.com\/en\/shop\/wines\/khayyam-mas-de-libian-2019-75cl\/","url":"https:\/\/www.mesvendanges.com\/en\/shop\/wines\/khayyam-mas-de-libian-2019-75cl\/","name":"KHAYYAM - Mes Vendanges","isPartOf":{"@id":"https:\/\/www.mesvendanges.com\/en\/#website"},"primaryImageOfPage":{"@id":"https:\/\/www.mesvendanges.com\/en\/shop\/wines\/khayyam-mas-de-libian-2019-75cl\/#primaryimage"},"datePublished":"2022-08-02T15:26:34+00:00","dateModified":"2025-09-16T10:03:18+00:00","breadcrumb":{"@id":"https:\/\/www.mesvendanges.com\/en\/shop\/wines\/khayyam-mas-de-libian-2019-75cl\/#breadcrumb"},"inLanguage":"fr-FR","potentialAction":[{"@type":"ReadAction","target":["https:\/\/www.mesvendanges.com\/en\/shop\/wines\/khayyam-mas-de-libian-2019-75cl\/"]}]},{"@type":"BreadcrumbList","@id":"https:\/\/www.mesvendanges.com\/en\/shop\/wines\/khayyam-mas-de-libian-2019-75cl\/#breadcrumb","itemListElement":[{"@type":"ListItem","position":1,"name":"Home","item":"https:\/\/www.mesvendanges.com\/en\/"},{"@type":"ListItem","position":2,"name":"Shop","item":"https:\/\/www.mesvendanges.com\/en\/shop\/"},{"@type":"ListItem","position":3,"name":"KHAYYAM"}]}]}},"_links":{"self":[{"href":"https:\/\/www.mesvendanges.com\/en\/wp-json\/wp\/v2\/product\/47664"}],"collection":[{"href":"https:\/\/www.mesvendanges.com\/en\/wp-json\/wp\/v2\/product"}],"about":[{"href":"https:\/\/www.mesvendanges.com\/en\/wp-json\/wp\/v2\/types\/product"}],"wp:featuredmedia":[{"embeddable":true,"href":"https:\/\/www.mesvendanges.com\/en\/wp-json\/wp\/v2\/media\/87558"}],"wp:attachment":[{"href":"https:\/\/www.mesvendanges.com\/en\/wp-json\/wp\/v2\/media?parent=47664"}],"wp:term":[{"taxonomy":"product_cat","embeddable":true,"href":"https:\/\/www.mesvendanges.com\/en\/wp-json\/wp\/v2\/product_cat?post=47664"},{"taxonomy":"product_tag","embeddable":true,"href":"https:\/\/www.mesvendanges.com\/en\/wp-json\/wp\/v2\/product_tag?post=47664"}],"curies":[{"name":"wp","href":"https:\/\/api.w.org\/{rel}","templated":true}]}}