{"id":48144,"date":"2022-08-02T17:33:39","date_gmt":"2022-08-02T15:33:39","guid":{"rendered":"https:\/\/www.mesvendanges.com\/shop\/uncategorized\/rouge-gorge-9\/"},"modified":"2025-09-24T10:27:07","modified_gmt":"2025-09-24T08:27:07","slug":"rouge-gorge-belliviere-dne-de-2020-75cl","status":"publish","type":"product","link":"https:\/\/www.mesvendanges.com\/en\/shop\/wines\/rouge-gorge-belliviere-dne-de-2020-75cl\/","title":{"rendered":"ROUGE GORGE"},"content":{"rendered":"<p>Le Rouge-Gorge est issu de vignes de Pineau d&#8217;Aunis, ag\u00e9es de 25 \u00e0 50 ans en appellation Coteaux du Loir. Afin de privil\u00e9gier la richesse du vin, m\u00eame en ann\u00e9es difficiles, les rendements n&#8217;exc\u00e8dent pas 25hl\/ha. Les vignes sont situ\u00e9s sur des sols avec des argiles plus fortes que pour les blancs, et sont cultiv\u00e9es en biodynamie. Vendanges manuelles. En cave les fermentations sur d\u00e9roulent en cuve ouverte. assemblage syst\u00e9matique du vin de presse et du vin de goutte. La fermentation malolactique se fait en barrique, l&#8217;\u00e9levage dure un an. <\/p>\n","protected":false},"excerpt":{"rendered":"<p>Le Rouge-Gorge est issu de vignes de Pineau d&#8217;Aunis, ag\u00e9es de 25 \u00e0 50 ans en appellation Coteaux du Loir. Afin de privil\u00e9gier la richesse du vin, m\u00eame en ann\u00e9es difficiles, les rendements n&#8217;exc\u00e8dent pas 25hl\/ha. Les vignes sont situ\u00e9s sur des sols avec des argiles plus fortes que pour les blancs, et sont cultiv\u00e9es [&hellip;]<\/p>\n","protected":false},"featured_media":86428,"template":"","meta":[],"product_cat":[3740],"product_tag":[],"acf":[],"yoast_head":"<!-- This site is optimized with the Yoast SEO plugin v19.3 - https:\/\/yoast.com\/wordpress\/plugins\/seo\/ -->\n<title>ROUGE GORGE - Mes Vendanges<\/title>\n<meta name=\"robots\" content=\"index, follow, max-snippet:-1, max-image-preview:large, max-video-preview:-1\" \/>\n<link rel=\"canonical\" href=\"https:\/\/www.mesvendanges.com\/en\/shop\/wines\/rouge-gorge-belliviere-dne-de-2020-75cl\/\" \/>\n<meta property=\"og:locale\" content=\"en_US\" \/>\n<meta property=\"og:type\" content=\"article\" \/>\n<meta property=\"og:title\" content=\"ROUGE GORGE - Mes Vendanges\" \/>\n<meta property=\"og:description\" content=\"Le Rouge-Gorge est issu de vignes de Pineau d&#8217;Aunis, ag\u00e9es de 25 \u00e0 50 ans en appellation Coteaux du Loir. Afin de privil\u00e9gier la richesse du vin, m\u00eame en ann\u00e9es difficiles, les rendements n&#8217;exc\u00e8dent pas 25hl\/ha. Les vignes sont situ\u00e9s sur des sols avec des argiles plus fortes que pour les blancs, et sont cultiv\u00e9es [&hellip;]\" \/>\n<meta property=\"og:url\" content=\"https:\/\/www.mesvendanges.com\/en\/shop\/wines\/rouge-gorge-belliviere-dne-de-2020-75cl\/\" \/>\n<meta property=\"og:site_name\" content=\"Mes Vendanges\" \/>\n<meta property=\"article:modified_time\" content=\"2025-09-24T08:27:07+00:00\" \/>\n<meta property=\"og:image\" content=\"https:\/\/www.mesvendanges.com\/wp-content\/uploads\/2025\/05\/domaine-de-belliviere-rouge-gorge-coteaux-du-loir-rouge-2018-png.png\" \/>\n\t<meta property=\"og:image:width\" content=\"600\" \/>\n\t<meta property=\"og:image:height\" content=\"1500\" \/>\n\t<meta property=\"og:image:type\" content=\"image\/png\" \/>\n<meta name=\"twitter:card\" content=\"summary_large_image\" \/>\n<script type=\"application\/ld+json\" class=\"yoast-schema-graph\">{\"@context\":\"https:\/\/schema.org\",\"@graph\":[{\"@type\":\"Organization\",\"@id\":\"https:\/\/www.mesvendanges.com\/en\/#organization\",\"name\":\"Mes Vendanges\",\"url\":\"https:\/\/www.mesvendanges.com\/en\/\",\"sameAs\":[],\"logo\":{\"@type\":\"ImageObject\",\"inLanguage\":\"fr-FR\",\"@id\":\"https:\/\/www.mesvendanges.com\/en\/#\/schema\/logo\/image\/\",\"url\":\"https:\/\/www.mesvendanges.com\/wp-content\/uploads\/2022\/02\/logo-mesvendanges.jpg\",\"contentUrl\":\"https:\/\/www.mesvendanges.com\/wp-content\/uploads\/2022\/02\/logo-mesvendanges.jpg\",\"width\":851,\"height\":260,\"caption\":\"Mes Vendanges\"},\"image\":{\"@id\":\"https:\/\/www.mesvendanges.com\/en\/#\/schema\/logo\/image\/\"}},{\"@type\":\"WebSite\",\"@id\":\"https:\/\/www.mesvendanges.com\/en\/#website\",\"url\":\"https:\/\/www.mesvendanges.com\/en\/\",\"name\":\"Mes Vendanges\",\"description\":\"Des journ\u00e9es enti\u00e8res dans les vignes\",\"publisher\":{\"@id\":\"https:\/\/www.mesvendanges.com\/en\/#organization\"},\"potentialAction\":[{\"@type\":\"SearchAction\",\"target\":{\"@type\":\"EntryPoint\",\"urlTemplate\":\"https:\/\/www.mesvendanges.com\/en\/?s={search_term_string}\"},\"query-input\":\"required name=search_term_string\"}],\"inLanguage\":\"fr-FR\"},{\"@type\":\"ImageObject\",\"inLanguage\":\"fr-FR\",\"@id\":\"https:\/\/www.mesvendanges.com\/en\/shop\/wines\/rouge-gorge-belliviere-dne-de-2020-75cl\/#primaryimage\",\"url\":\"https:\/\/www.mesvendanges.com\/wp-content\/uploads\/2025\/05\/domaine-de-belliviere-rouge-gorge-coteaux-du-loir-rouge-2018-png.png\",\"contentUrl\":\"https:\/\/www.mesvendanges.com\/wp-content\/uploads\/2025\/05\/domaine-de-belliviere-rouge-gorge-coteaux-du-loir-rouge-2018-png.png\",\"width\":600,\"height\":1500},{\"@type\":\"WebPage\",\"@id\":\"https:\/\/www.mesvendanges.com\/en\/shop\/wines\/rouge-gorge-belliviere-dne-de-2020-75cl\/\",\"url\":\"https:\/\/www.mesvendanges.com\/en\/shop\/wines\/rouge-gorge-belliviere-dne-de-2020-75cl\/\",\"name\":\"ROUGE GORGE - Mes Vendanges\",\"isPartOf\":{\"@id\":\"https:\/\/www.mesvendanges.com\/en\/#website\"},\"primaryImageOfPage\":{\"@id\":\"https:\/\/www.mesvendanges.com\/en\/shop\/wines\/rouge-gorge-belliviere-dne-de-2020-75cl\/#primaryimage\"},\"datePublished\":\"2022-08-02T15:33:39+00:00\",\"dateModified\":\"2025-09-24T08:27:07+00:00\",\"breadcrumb\":{\"@id\":\"https:\/\/www.mesvendanges.com\/en\/shop\/wines\/rouge-gorge-belliviere-dne-de-2020-75cl\/#breadcrumb\"},\"inLanguage\":\"fr-FR\",\"potentialAction\":[{\"@type\":\"ReadAction\",\"target\":[\"https:\/\/www.mesvendanges.com\/en\/shop\/wines\/rouge-gorge-belliviere-dne-de-2020-75cl\/\"]}]},{\"@type\":\"BreadcrumbList\",\"@id\":\"https:\/\/www.mesvendanges.com\/en\/shop\/wines\/rouge-gorge-belliviere-dne-de-2020-75cl\/#breadcrumb\",\"itemListElement\":[{\"@type\":\"ListItem\",\"position\":1,\"name\":\"Home\",\"item\":\"https:\/\/www.mesvendanges.com\/en\/\"},{\"@type\":\"ListItem\",\"position\":2,\"name\":\"Shop\",\"item\":\"https:\/\/www.mesvendanges.com\/en\/shop\/\"},{\"@type\":\"ListItem\",\"position\":3,\"name\":\"ROUGE GORGE\"}]}]}<\/script>\n<!-- \/ Yoast SEO plugin. -->","yoast_head_json":{"title":"ROUGE GORGE - Mes Vendanges","robots":{"index":"index","follow":"follow","max-snippet":"max-snippet:-1","max-image-preview":"max-image-preview:large","max-video-preview":"max-video-preview:-1"},"canonical":"https:\/\/www.mesvendanges.com\/en\/shop\/wines\/rouge-gorge-belliviere-dne-de-2020-75cl\/","og_locale":"en_US","og_type":"article","og_title":"ROUGE GORGE - Mes Vendanges","og_description":"Le Rouge-Gorge est issu de vignes de Pineau d&#8217;Aunis, ag\u00e9es de 25 \u00e0 50 ans en appellation Coteaux du Loir. Afin de privil\u00e9gier la richesse du vin, m\u00eame en ann\u00e9es difficiles, les rendements n&#8217;exc\u00e8dent pas 25hl\/ha. Les vignes sont situ\u00e9s sur des sols avec des argiles plus fortes que pour les blancs, et sont cultiv\u00e9es [&hellip;]","og_url":"https:\/\/www.mesvendanges.com\/en\/shop\/wines\/rouge-gorge-belliviere-dne-de-2020-75cl\/","og_site_name":"Mes Vendanges","article_modified_time":"2025-09-24T08:27:07+00:00","og_image":[{"width":600,"height":1500,"url":"https:\/\/www.mesvendanges.com\/wp-content\/uploads\/2025\/05\/domaine-de-belliviere-rouge-gorge-coteaux-du-loir-rouge-2018-png.png","type":"image\/png"}],"twitter_card":"summary_large_image","schema":{"@context":"https:\/\/schema.org","@graph":[{"@type":"Organization","@id":"https:\/\/www.mesvendanges.com\/en\/#organization","name":"Mes Vendanges","url":"https:\/\/www.mesvendanges.com\/en\/","sameAs":[],"logo":{"@type":"ImageObject","inLanguage":"fr-FR","@id":"https:\/\/www.mesvendanges.com\/en\/#\/schema\/logo\/image\/","url":"https:\/\/www.mesvendanges.com\/wp-content\/uploads\/2022\/02\/logo-mesvendanges.jpg","contentUrl":"https:\/\/www.mesvendanges.com\/wp-content\/uploads\/2022\/02\/logo-mesvendanges.jpg","width":851,"height":260,"caption":"Mes Vendanges"},"image":{"@id":"https:\/\/www.mesvendanges.com\/en\/#\/schema\/logo\/image\/"}},{"@type":"WebSite","@id":"https:\/\/www.mesvendanges.com\/en\/#website","url":"https:\/\/www.mesvendanges.com\/en\/","name":"Mes Vendanges","description":"Des journ\u00e9es enti\u00e8res dans les vignes","publisher":{"@id":"https:\/\/www.mesvendanges.com\/en\/#organization"},"potentialAction":[{"@type":"SearchAction","target":{"@type":"EntryPoint","urlTemplate":"https:\/\/www.mesvendanges.com\/en\/?s={search_term_string}"},"query-input":"required name=search_term_string"}],"inLanguage":"fr-FR"},{"@type":"ImageObject","inLanguage":"fr-FR","@id":"https:\/\/www.mesvendanges.com\/en\/shop\/wines\/rouge-gorge-belliviere-dne-de-2020-75cl\/#primaryimage","url":"https:\/\/www.mesvendanges.com\/wp-content\/uploads\/2025\/05\/domaine-de-belliviere-rouge-gorge-coteaux-du-loir-rouge-2018-png.png","contentUrl":"https:\/\/www.mesvendanges.com\/wp-content\/uploads\/2025\/05\/domaine-de-belliviere-rouge-gorge-coteaux-du-loir-rouge-2018-png.png","width":600,"height":1500},{"@type":"WebPage","@id":"https:\/\/www.mesvendanges.com\/en\/shop\/wines\/rouge-gorge-belliviere-dne-de-2020-75cl\/","url":"https:\/\/www.mesvendanges.com\/en\/shop\/wines\/rouge-gorge-belliviere-dne-de-2020-75cl\/","name":"ROUGE GORGE - Mes Vendanges","isPartOf":{"@id":"https:\/\/www.mesvendanges.com\/en\/#website"},"primaryImageOfPage":{"@id":"https:\/\/www.mesvendanges.com\/en\/shop\/wines\/rouge-gorge-belliviere-dne-de-2020-75cl\/#primaryimage"},"datePublished":"2022-08-02T15:33:39+00:00","dateModified":"2025-09-24T08:27:07+00:00","breadcrumb":{"@id":"https:\/\/www.mesvendanges.com\/en\/shop\/wines\/rouge-gorge-belliviere-dne-de-2020-75cl\/#breadcrumb"},"inLanguage":"fr-FR","potentialAction":[{"@type":"ReadAction","target":["https:\/\/www.mesvendanges.com\/en\/shop\/wines\/rouge-gorge-belliviere-dne-de-2020-75cl\/"]}]},{"@type":"BreadcrumbList","@id":"https:\/\/www.mesvendanges.com\/en\/shop\/wines\/rouge-gorge-belliviere-dne-de-2020-75cl\/#breadcrumb","itemListElement":[{"@type":"ListItem","position":1,"name":"Home","item":"https:\/\/www.mesvendanges.com\/en\/"},{"@type":"ListItem","position":2,"name":"Shop","item":"https:\/\/www.mesvendanges.com\/en\/shop\/"},{"@type":"ListItem","position":3,"name":"ROUGE GORGE"}]}]}},"_links":{"self":[{"href":"https:\/\/www.mesvendanges.com\/en\/wp-json\/wp\/v2\/product\/48144"}],"collection":[{"href":"https:\/\/www.mesvendanges.com\/en\/wp-json\/wp\/v2\/product"}],"about":[{"href":"https:\/\/www.mesvendanges.com\/en\/wp-json\/wp\/v2\/types\/product"}],"wp:featuredmedia":[{"embeddable":true,"href":"https:\/\/www.mesvendanges.com\/en\/wp-json\/wp\/v2\/media\/86428"}],"wp:attachment":[{"href":"https:\/\/www.mesvendanges.com\/en\/wp-json\/wp\/v2\/media?parent=48144"}],"wp:term":[{"taxonomy":"product_cat","embeddable":true,"href":"https:\/\/www.mesvendanges.com\/en\/wp-json\/wp\/v2\/product_cat?post=48144"},{"taxonomy":"product_tag","embeddable":true,"href":"https:\/\/www.mesvendanges.com\/en\/wp-json\/wp\/v2\/product_tag?post=48144"}],"curies":[{"name":"wp","href":"https:\/\/api.w.org\/{rel}","templated":true}]}}