{"id":48150,"date":"2022-08-02T17:33:45","date_gmt":"2022-08-02T15:33:45","guid":{"rendered":"https:\/\/www.mesvendanges.com\/shop\/uncategorized\/hommage-a-louis-derre-10\/"},"modified":"2025-05-01T14:22:07","modified_gmt":"2025-05-01T12:22:07","slug":"hommage-a-louis-derre-belliviere-dne-de-2020-75cl","status":"publish","type":"product","link":"https:\/\/www.mesvendanges.com\/en\/shop\/wines\/hommage-a-louis-derre-belliviere-dne-de-2020-75cl\/","title":{"rendered":"HOMMAGE A LOUIS DERRE"},"content":{"rendered":"<p>&#8220;Hommage \u00e0 Louis Derr\u00e9&#8221; est une cuv\u00e9e issue de vieilles vignes de pineau d&#8217;aunis (80-100 ans). De tous petits rendements, une mac\u00e9ration d&#8217;un mois en cuve, permettent d&#8217;extraire un vin d&#8217;une grande concentration, avec une forte expression du terroir. C&#8217;est un vin singulier. Le nez aux senteurs m\u00e9lang\u00e9es, de pivoine, de tabac, de poivre, de prune est envo\u00fbtant. La bouche est tonique, avec un attaque lumineuse, un corps ample sur des tanins pr\u00e9sents mais fins. La finale est min\u00e9rale, presque crayeuse. Cet ensemble va se fondre avec le temps pour donner un vin assur\u00e9ment de haut vol.<br \/>\nC&#8217;est un vin qui \u00e9voluera sur 10 \u00e0 20 ans.<br \/>\nterroir : Argilo et argilo siliceux \u00e0 silex sur tuffeaux. La pr\u00e9sence d\u2019argiles fortes est privil\u00e9gi\u00e9e pour les terroirs \u00e0 rouge.<br \/>\n\u00e9levage : 12 mois en barrique de 3 \u00e0 5 vins.<\/p>\n","protected":false},"excerpt":{"rendered":"<p>&#8220;Hommage \u00e0 Louis Derr\u00e9&#8221; est une cuv\u00e9e issue de vieilles vignes de pineau d&#8217;aunis (80-100 ans). De tous petits rendements, une mac\u00e9ration d&#8217;un mois en cuve, permettent d&#8217;extraire un vin d&#8217;une grande concentration, avec une forte expression du terroir. C&#8217;est un vin singulier. Le nez aux senteurs m\u00e9lang\u00e9es, de pivoine, de tabac, de poivre, de [&hellip;]<\/p>\n","protected":false},"featured_media":86402,"template":"","meta":[],"product_cat":[3740],"product_tag":[],"acf":[],"yoast_head":"<!-- This site is optimized with the Yoast SEO plugin v19.3 - https:\/\/yoast.com\/wordpress\/plugins\/seo\/ -->\n<title>HOMMAGE A LOUIS DERRE - Mes Vendanges<\/title>\n<meta name=\"robots\" content=\"index, follow, max-snippet:-1, max-image-preview:large, max-video-preview:-1\" \/>\n<link rel=\"canonical\" href=\"https:\/\/www.mesvendanges.com\/en\/shop\/wines\/hommage-a-louis-derre-belliviere-dne-de-2020-75cl\/\" \/>\n<meta property=\"og:locale\" content=\"en_US\" \/>\n<meta property=\"og:type\" content=\"article\" \/>\n<meta property=\"og:title\" content=\"HOMMAGE A LOUIS DERRE - Mes Vendanges\" \/>\n<meta property=\"og:description\" content=\"&#8220;Hommage \u00e0 Louis Derr\u00e9&#8221; est une cuv\u00e9e issue de vieilles vignes de pineau d&#8217;aunis (80-100 ans). De tous petits rendements, une mac\u00e9ration d&#8217;un mois en cuve, permettent d&#8217;extraire un vin d&#8217;une grande concentration, avec une forte expression du terroir. C&#8217;est un vin singulier. Le nez aux senteurs m\u00e9lang\u00e9es, de pivoine, de tabac, de poivre, de [&hellip;]\" \/>\n<meta property=\"og:url\" content=\"https:\/\/www.mesvendanges.com\/en\/shop\/wines\/hommage-a-louis-derre-belliviere-dne-de-2020-75cl\/\" \/>\n<meta property=\"og:site_name\" content=\"Mes Vendanges\" \/>\n<meta property=\"article:modified_time\" content=\"2025-05-01T12:22:07+00:00\" \/>\n<meta property=\"og:image\" content=\"https:\/\/www.mesvendanges.com\/wp-content\/uploads\/2025\/05\/domaine-de-belliviere-hommage-a-louis-derre-coteaux-du-loir-rouge-2018-png.png\" \/>\n\t<meta property=\"og:image:width\" content=\"600\" \/>\n\t<meta property=\"og:image:height\" content=\"1500\" \/>\n\t<meta property=\"og:image:type\" content=\"image\/png\" \/>\n<meta name=\"twitter:card\" content=\"summary_large_image\" \/>\n<meta name=\"twitter:label1\" content=\"Est. reading time\" \/>\n\t<meta name=\"twitter:data1\" content=\"1 minute\" \/>\n<script type=\"application\/ld+json\" class=\"yoast-schema-graph\">{\"@context\":\"https:\/\/schema.org\",\"@graph\":[{\"@type\":\"Organization\",\"@id\":\"https:\/\/www.mesvendanges.com\/en\/#organization\",\"name\":\"Mes Vendanges\",\"url\":\"https:\/\/www.mesvendanges.com\/en\/\",\"sameAs\":[],\"logo\":{\"@type\":\"ImageObject\",\"inLanguage\":\"fr-FR\",\"@id\":\"https:\/\/www.mesvendanges.com\/en\/#\/schema\/logo\/image\/\",\"url\":\"https:\/\/www.mesvendanges.com\/wp-content\/uploads\/2022\/02\/logo-mesvendanges.jpg\",\"contentUrl\":\"https:\/\/www.mesvendanges.com\/wp-content\/uploads\/2022\/02\/logo-mesvendanges.jpg\",\"width\":851,\"height\":260,\"caption\":\"Mes Vendanges\"},\"image\":{\"@id\":\"https:\/\/www.mesvendanges.com\/en\/#\/schema\/logo\/image\/\"}},{\"@type\":\"WebSite\",\"@id\":\"https:\/\/www.mesvendanges.com\/en\/#website\",\"url\":\"https:\/\/www.mesvendanges.com\/en\/\",\"name\":\"Mes Vendanges\",\"description\":\"Des journ\u00e9es enti\u00e8res dans les vignes\",\"publisher\":{\"@id\":\"https:\/\/www.mesvendanges.com\/en\/#organization\"},\"potentialAction\":[{\"@type\":\"SearchAction\",\"target\":{\"@type\":\"EntryPoint\",\"urlTemplate\":\"https:\/\/www.mesvendanges.com\/en\/?s={search_term_string}\"},\"query-input\":\"required name=search_term_string\"}],\"inLanguage\":\"fr-FR\"},{\"@type\":\"ImageObject\",\"inLanguage\":\"fr-FR\",\"@id\":\"https:\/\/www.mesvendanges.com\/en\/shop\/wines\/hommage-a-louis-derre-belliviere-dne-de-2020-75cl\/#primaryimage\",\"url\":\"https:\/\/www.mesvendanges.com\/wp-content\/uploads\/2025\/05\/domaine-de-belliviere-hommage-a-louis-derre-coteaux-du-loir-rouge-2018-png.png\",\"contentUrl\":\"https:\/\/www.mesvendanges.com\/wp-content\/uploads\/2025\/05\/domaine-de-belliviere-hommage-a-louis-derre-coteaux-du-loir-rouge-2018-png.png\",\"width\":600,\"height\":1500},{\"@type\":\"WebPage\",\"@id\":\"https:\/\/www.mesvendanges.com\/en\/shop\/wines\/hommage-a-louis-derre-belliviere-dne-de-2020-75cl\/\",\"url\":\"https:\/\/www.mesvendanges.com\/en\/shop\/wines\/hommage-a-louis-derre-belliviere-dne-de-2020-75cl\/\",\"name\":\"HOMMAGE A LOUIS DERRE - Mes Vendanges\",\"isPartOf\":{\"@id\":\"https:\/\/www.mesvendanges.com\/en\/#website\"},\"primaryImageOfPage\":{\"@id\":\"https:\/\/www.mesvendanges.com\/en\/shop\/wines\/hommage-a-louis-derre-belliviere-dne-de-2020-75cl\/#primaryimage\"},\"datePublished\":\"2022-08-02T15:33:45+00:00\",\"dateModified\":\"2025-05-01T12:22:07+00:00\",\"breadcrumb\":{\"@id\":\"https:\/\/www.mesvendanges.com\/en\/shop\/wines\/hommage-a-louis-derre-belliviere-dne-de-2020-75cl\/#breadcrumb\"},\"inLanguage\":\"fr-FR\",\"potentialAction\":[{\"@type\":\"ReadAction\",\"target\":[\"https:\/\/www.mesvendanges.com\/en\/shop\/wines\/hommage-a-louis-derre-belliviere-dne-de-2020-75cl\/\"]}]},{\"@type\":\"BreadcrumbList\",\"@id\":\"https:\/\/www.mesvendanges.com\/en\/shop\/wines\/hommage-a-louis-derre-belliviere-dne-de-2020-75cl\/#breadcrumb\",\"itemListElement\":[{\"@type\":\"ListItem\",\"position\":1,\"name\":\"Home\",\"item\":\"https:\/\/www.mesvendanges.com\/en\/\"},{\"@type\":\"ListItem\",\"position\":2,\"name\":\"Shop\",\"item\":\"https:\/\/www.mesvendanges.com\/en\/shop\/\"},{\"@type\":\"ListItem\",\"position\":3,\"name\":\"HOMMAGE A LOUIS DERRE\"}]}]}<\/script>\n<!-- \/ Yoast SEO plugin. -->","yoast_head_json":{"title":"HOMMAGE A LOUIS DERRE - Mes Vendanges","robots":{"index":"index","follow":"follow","max-snippet":"max-snippet:-1","max-image-preview":"max-image-preview:large","max-video-preview":"max-video-preview:-1"},"canonical":"https:\/\/www.mesvendanges.com\/en\/shop\/wines\/hommage-a-louis-derre-belliviere-dne-de-2020-75cl\/","og_locale":"en_US","og_type":"article","og_title":"HOMMAGE A LOUIS DERRE - Mes Vendanges","og_description":"&#8220;Hommage \u00e0 Louis Derr\u00e9&#8221; est une cuv\u00e9e issue de vieilles vignes de pineau d&#8217;aunis (80-100 ans). De tous petits rendements, une mac\u00e9ration d&#8217;un mois en cuve, permettent d&#8217;extraire un vin d&#8217;une grande concentration, avec une forte expression du terroir. C&#8217;est un vin singulier. Le nez aux senteurs m\u00e9lang\u00e9es, de pivoine, de tabac, de poivre, de [&hellip;]","og_url":"https:\/\/www.mesvendanges.com\/en\/shop\/wines\/hommage-a-louis-derre-belliviere-dne-de-2020-75cl\/","og_site_name":"Mes Vendanges","article_modified_time":"2025-05-01T12:22:07+00:00","og_image":[{"width":600,"height":1500,"url":"https:\/\/www.mesvendanges.com\/wp-content\/uploads\/2025\/05\/domaine-de-belliviere-hommage-a-louis-derre-coteaux-du-loir-rouge-2018-png.png","type":"image\/png"}],"twitter_card":"summary_large_image","twitter_misc":{"Est. reading time":"1 minute"},"schema":{"@context":"https:\/\/schema.org","@graph":[{"@type":"Organization","@id":"https:\/\/www.mesvendanges.com\/en\/#organization","name":"Mes Vendanges","url":"https:\/\/www.mesvendanges.com\/en\/","sameAs":[],"logo":{"@type":"ImageObject","inLanguage":"fr-FR","@id":"https:\/\/www.mesvendanges.com\/en\/#\/schema\/logo\/image\/","url":"https:\/\/www.mesvendanges.com\/wp-content\/uploads\/2022\/02\/logo-mesvendanges.jpg","contentUrl":"https:\/\/www.mesvendanges.com\/wp-content\/uploads\/2022\/02\/logo-mesvendanges.jpg","width":851,"height":260,"caption":"Mes Vendanges"},"image":{"@id":"https:\/\/www.mesvendanges.com\/en\/#\/schema\/logo\/image\/"}},{"@type":"WebSite","@id":"https:\/\/www.mesvendanges.com\/en\/#website","url":"https:\/\/www.mesvendanges.com\/en\/","name":"Mes Vendanges","description":"Des journ\u00e9es enti\u00e8res dans les vignes","publisher":{"@id":"https:\/\/www.mesvendanges.com\/en\/#organization"},"potentialAction":[{"@type":"SearchAction","target":{"@type":"EntryPoint","urlTemplate":"https:\/\/www.mesvendanges.com\/en\/?s={search_term_string}"},"query-input":"required name=search_term_string"}],"inLanguage":"fr-FR"},{"@type":"ImageObject","inLanguage":"fr-FR","@id":"https:\/\/www.mesvendanges.com\/en\/shop\/wines\/hommage-a-louis-derre-belliviere-dne-de-2020-75cl\/#primaryimage","url":"https:\/\/www.mesvendanges.com\/wp-content\/uploads\/2025\/05\/domaine-de-belliviere-hommage-a-louis-derre-coteaux-du-loir-rouge-2018-png.png","contentUrl":"https:\/\/www.mesvendanges.com\/wp-content\/uploads\/2025\/05\/domaine-de-belliviere-hommage-a-louis-derre-coteaux-du-loir-rouge-2018-png.png","width":600,"height":1500},{"@type":"WebPage","@id":"https:\/\/www.mesvendanges.com\/en\/shop\/wines\/hommage-a-louis-derre-belliviere-dne-de-2020-75cl\/","url":"https:\/\/www.mesvendanges.com\/en\/shop\/wines\/hommage-a-louis-derre-belliviere-dne-de-2020-75cl\/","name":"HOMMAGE A LOUIS DERRE - Mes Vendanges","isPartOf":{"@id":"https:\/\/www.mesvendanges.com\/en\/#website"},"primaryImageOfPage":{"@id":"https:\/\/www.mesvendanges.com\/en\/shop\/wines\/hommage-a-louis-derre-belliviere-dne-de-2020-75cl\/#primaryimage"},"datePublished":"2022-08-02T15:33:45+00:00","dateModified":"2025-05-01T12:22:07+00:00","breadcrumb":{"@id":"https:\/\/www.mesvendanges.com\/en\/shop\/wines\/hommage-a-louis-derre-belliviere-dne-de-2020-75cl\/#breadcrumb"},"inLanguage":"fr-FR","potentialAction":[{"@type":"ReadAction","target":["https:\/\/www.mesvendanges.com\/en\/shop\/wines\/hommage-a-louis-derre-belliviere-dne-de-2020-75cl\/"]}]},{"@type":"BreadcrumbList","@id":"https:\/\/www.mesvendanges.com\/en\/shop\/wines\/hommage-a-louis-derre-belliviere-dne-de-2020-75cl\/#breadcrumb","itemListElement":[{"@type":"ListItem","position":1,"name":"Home","item":"https:\/\/www.mesvendanges.com\/en\/"},{"@type":"ListItem","position":2,"name":"Shop","item":"https:\/\/www.mesvendanges.com\/en\/shop\/"},{"@type":"ListItem","position":3,"name":"HOMMAGE A LOUIS DERRE"}]}]}},"_links":{"self":[{"href":"https:\/\/www.mesvendanges.com\/en\/wp-json\/wp\/v2\/product\/48150"}],"collection":[{"href":"https:\/\/www.mesvendanges.com\/en\/wp-json\/wp\/v2\/product"}],"about":[{"href":"https:\/\/www.mesvendanges.com\/en\/wp-json\/wp\/v2\/types\/product"}],"wp:featuredmedia":[{"embeddable":true,"href":"https:\/\/www.mesvendanges.com\/en\/wp-json\/wp\/v2\/media\/86402"}],"wp:attachment":[{"href":"https:\/\/www.mesvendanges.com\/en\/wp-json\/wp\/v2\/media?parent=48150"}],"wp:term":[{"taxonomy":"product_cat","embeddable":true,"href":"https:\/\/www.mesvendanges.com\/en\/wp-json\/wp\/v2\/product_cat?post=48150"},{"taxonomy":"product_tag","embeddable":true,"href":"https:\/\/www.mesvendanges.com\/en\/wp-json\/wp\/v2\/product_tag?post=48150"}],"curies":[{"name":"wp","href":"https:\/\/api.w.org\/{rel}","templated":true}]}}