{"id":48278,"date":"2022-08-02T17:35:42","date_gmt":"2022-08-02T15:35:42","guid":{"rendered":"https:\/\/www.mesvendanges.com\/shop\/uncategorized\/weitenberg-gruner-veltliner-4\/"},"modified":"2023-12-06T07:35:12","modified_gmt":"2023-12-06T06:35:12","slug":"weitenberg-gruner-veltliner-veyder-malberg-2009-75cl","status":"publish","type":"product","link":"https:\/\/www.mesvendanges.com\/en\/shop\/wines\/weitenberg-gruner-veltliner-veyder-malberg-2009-75cl\/","title":{"rendered":"WEITENBERG GRUNER VELTLINER"},"content":{"rendered":"<p>Le Weiteinberg est le plus grand terroir du domaine plant\u00e9 en G\u00fcner Veltliner, il s&#8217;agit de terrasses de vieilles vignes plant\u00e9es en 1955. De tous petits rendements, une viticulture minutieuse pour des jus exceptionnels de densit\u00e9 et de profondeur. Un vin de grande allonge, \u00e0 la texture exceptionnelle.<\/p>\n","protected":false},"excerpt":{"rendered":"<p>Le Weiteinberg est le plus grand terroir du domaine plant\u00e9 en G\u00fcner Veltliner, il s&#8217;agit de terrasses de vieilles vignes plant\u00e9es en 1955. De tous petits rendements, une viticulture minutieuse pour des jus exceptionnels de densit\u00e9 et de profondeur. Un vin de grande allonge, \u00e0 la texture exceptionnelle.<\/p>\n","protected":false},"featured_media":0,"template":"","meta":[],"product_cat":[3740],"product_tag":[],"acf":[],"yoast_head":"<!-- This site is optimized with the Yoast SEO plugin v19.3 - https:\/\/yoast.com\/wordpress\/plugins\/seo\/ -->\n<title>WEITENBERG GRUNER VELTLINER - Mes Vendanges<\/title>\n<meta name=\"robots\" content=\"index, follow, max-snippet:-1, max-image-preview:large, max-video-preview:-1\" \/>\n<link rel=\"canonical\" href=\"https:\/\/www.mesvendanges.com\/en\/shop\/wines\/weitenberg-gruner-veltliner-veyder-malberg-2009-75cl\/\" \/>\n<meta property=\"og:locale\" content=\"en_US\" \/>\n<meta property=\"og:type\" content=\"article\" \/>\n<meta property=\"og:title\" content=\"WEITENBERG GRUNER VELTLINER - Mes Vendanges\" \/>\n<meta property=\"og:description\" content=\"Le Weiteinberg est le plus grand terroir du domaine plant\u00e9 en G\u00fcner Veltliner, il s&#8217;agit de terrasses de vieilles vignes plant\u00e9es en 1955. De tous petits rendements, une viticulture minutieuse pour des jus exceptionnels de densit\u00e9 et de profondeur. Un vin de grande allonge, \u00e0 la texture exceptionnelle.\" \/>\n<meta property=\"og:url\" content=\"https:\/\/www.mesvendanges.com\/en\/shop\/wines\/weitenberg-gruner-veltliner-veyder-malberg-2009-75cl\/\" \/>\n<meta property=\"og:site_name\" content=\"Mes Vendanges\" \/>\n<meta property=\"article:modified_time\" content=\"2023-12-06T06:35:12+00:00\" \/>\n<meta name=\"twitter:card\" content=\"summary_large_image\" \/>\n<script type=\"application\/ld+json\" class=\"yoast-schema-graph\">{\"@context\":\"https:\/\/schema.org\",\"@graph\":[{\"@type\":\"Organization\",\"@id\":\"https:\/\/www.mesvendanges.com\/en\/#organization\",\"name\":\"Mes Vendanges\",\"url\":\"https:\/\/www.mesvendanges.com\/en\/\",\"sameAs\":[],\"logo\":{\"@type\":\"ImageObject\",\"inLanguage\":\"fr-FR\",\"@id\":\"https:\/\/www.mesvendanges.com\/en\/#\/schema\/logo\/image\/\",\"url\":\"https:\/\/www.mesvendanges.com\/wp-content\/uploads\/2022\/02\/logo-mesvendanges.jpg\",\"contentUrl\":\"https:\/\/www.mesvendanges.com\/wp-content\/uploads\/2022\/02\/logo-mesvendanges.jpg\",\"width\":851,\"height\":260,\"caption\":\"Mes Vendanges\"},\"image\":{\"@id\":\"https:\/\/www.mesvendanges.com\/en\/#\/schema\/logo\/image\/\"}},{\"@type\":\"WebSite\",\"@id\":\"https:\/\/www.mesvendanges.com\/en\/#website\",\"url\":\"https:\/\/www.mesvendanges.com\/en\/\",\"name\":\"Mes Vendanges\",\"description\":\"Des journ\u00e9es enti\u00e8res dans les vignes\",\"publisher\":{\"@id\":\"https:\/\/www.mesvendanges.com\/en\/#organization\"},\"potentialAction\":[{\"@type\":\"SearchAction\",\"target\":{\"@type\":\"EntryPoint\",\"urlTemplate\":\"https:\/\/www.mesvendanges.com\/en\/?s={search_term_string}\"},\"query-input\":\"required name=search_term_string\"}],\"inLanguage\":\"fr-FR\"},{\"@type\":\"WebPage\",\"@id\":\"https:\/\/www.mesvendanges.com\/en\/shop\/wines\/weitenberg-gruner-veltliner-veyder-malberg-2009-75cl\/\",\"url\":\"https:\/\/www.mesvendanges.com\/en\/shop\/wines\/weitenberg-gruner-veltliner-veyder-malberg-2009-75cl\/\",\"name\":\"WEITENBERG GRUNER VELTLINER - Mes Vendanges\",\"isPartOf\":{\"@id\":\"https:\/\/www.mesvendanges.com\/en\/#website\"},\"datePublished\":\"2022-08-02T15:35:42+00:00\",\"dateModified\":\"2023-12-06T06:35:12+00:00\",\"breadcrumb\":{\"@id\":\"https:\/\/www.mesvendanges.com\/en\/shop\/wines\/weitenberg-gruner-veltliner-veyder-malberg-2009-75cl\/#breadcrumb\"},\"inLanguage\":\"fr-FR\",\"potentialAction\":[{\"@type\":\"ReadAction\",\"target\":[\"https:\/\/www.mesvendanges.com\/en\/shop\/wines\/weitenberg-gruner-veltliner-veyder-malberg-2009-75cl\/\"]}]},{\"@type\":\"BreadcrumbList\",\"@id\":\"https:\/\/www.mesvendanges.com\/en\/shop\/wines\/weitenberg-gruner-veltliner-veyder-malberg-2009-75cl\/#breadcrumb\",\"itemListElement\":[{\"@type\":\"ListItem\",\"position\":1,\"name\":\"Home\",\"item\":\"https:\/\/www.mesvendanges.com\/en\/\"},{\"@type\":\"ListItem\",\"position\":2,\"name\":\"Shop\",\"item\":\"https:\/\/www.mesvendanges.com\/en\/shop\/\"},{\"@type\":\"ListItem\",\"position\":3,\"name\":\"WEITENBERG GRUNER VELTLINER\"}]}]}<\/script>\n<!-- \/ Yoast SEO plugin. -->","yoast_head_json":{"title":"WEITENBERG GRUNER VELTLINER - Mes Vendanges","robots":{"index":"index","follow":"follow","max-snippet":"max-snippet:-1","max-image-preview":"max-image-preview:large","max-video-preview":"max-video-preview:-1"},"canonical":"https:\/\/www.mesvendanges.com\/en\/shop\/wines\/weitenberg-gruner-veltliner-veyder-malberg-2009-75cl\/","og_locale":"en_US","og_type":"article","og_title":"WEITENBERG GRUNER VELTLINER - Mes Vendanges","og_description":"Le Weiteinberg est le plus grand terroir du domaine plant\u00e9 en G\u00fcner Veltliner, il s&#8217;agit de terrasses de vieilles vignes plant\u00e9es en 1955. De tous petits rendements, une viticulture minutieuse pour des jus exceptionnels de densit\u00e9 et de profondeur. Un vin de grande allonge, \u00e0 la texture exceptionnelle.","og_url":"https:\/\/www.mesvendanges.com\/en\/shop\/wines\/weitenberg-gruner-veltliner-veyder-malberg-2009-75cl\/","og_site_name":"Mes Vendanges","article_modified_time":"2023-12-06T06:35:12+00:00","twitter_card":"summary_large_image","schema":{"@context":"https:\/\/schema.org","@graph":[{"@type":"Organization","@id":"https:\/\/www.mesvendanges.com\/en\/#organization","name":"Mes Vendanges","url":"https:\/\/www.mesvendanges.com\/en\/","sameAs":[],"logo":{"@type":"ImageObject","inLanguage":"fr-FR","@id":"https:\/\/www.mesvendanges.com\/en\/#\/schema\/logo\/image\/","url":"https:\/\/www.mesvendanges.com\/wp-content\/uploads\/2022\/02\/logo-mesvendanges.jpg","contentUrl":"https:\/\/www.mesvendanges.com\/wp-content\/uploads\/2022\/02\/logo-mesvendanges.jpg","width":851,"height":260,"caption":"Mes Vendanges"},"image":{"@id":"https:\/\/www.mesvendanges.com\/en\/#\/schema\/logo\/image\/"}},{"@type":"WebSite","@id":"https:\/\/www.mesvendanges.com\/en\/#website","url":"https:\/\/www.mesvendanges.com\/en\/","name":"Mes Vendanges","description":"Des journ\u00e9es enti\u00e8res dans les vignes","publisher":{"@id":"https:\/\/www.mesvendanges.com\/en\/#organization"},"potentialAction":[{"@type":"SearchAction","target":{"@type":"EntryPoint","urlTemplate":"https:\/\/www.mesvendanges.com\/en\/?s={search_term_string}"},"query-input":"required name=search_term_string"}],"inLanguage":"fr-FR"},{"@type":"WebPage","@id":"https:\/\/www.mesvendanges.com\/en\/shop\/wines\/weitenberg-gruner-veltliner-veyder-malberg-2009-75cl\/","url":"https:\/\/www.mesvendanges.com\/en\/shop\/wines\/weitenberg-gruner-veltliner-veyder-malberg-2009-75cl\/","name":"WEITENBERG GRUNER VELTLINER - Mes Vendanges","isPartOf":{"@id":"https:\/\/www.mesvendanges.com\/en\/#website"},"datePublished":"2022-08-02T15:35:42+00:00","dateModified":"2023-12-06T06:35:12+00:00","breadcrumb":{"@id":"https:\/\/www.mesvendanges.com\/en\/shop\/wines\/weitenberg-gruner-veltliner-veyder-malberg-2009-75cl\/#breadcrumb"},"inLanguage":"fr-FR","potentialAction":[{"@type":"ReadAction","target":["https:\/\/www.mesvendanges.com\/en\/shop\/wines\/weitenberg-gruner-veltliner-veyder-malberg-2009-75cl\/"]}]},{"@type":"BreadcrumbList","@id":"https:\/\/www.mesvendanges.com\/en\/shop\/wines\/weitenberg-gruner-veltliner-veyder-malberg-2009-75cl\/#breadcrumb","itemListElement":[{"@type":"ListItem","position":1,"name":"Home","item":"https:\/\/www.mesvendanges.com\/en\/"},{"@type":"ListItem","position":2,"name":"Shop","item":"https:\/\/www.mesvendanges.com\/en\/shop\/"},{"@type":"ListItem","position":3,"name":"WEITENBERG GRUNER VELTLINER"}]}]}},"_links":{"self":[{"href":"https:\/\/www.mesvendanges.com\/en\/wp-json\/wp\/v2\/product\/48278"}],"collection":[{"href":"https:\/\/www.mesvendanges.com\/en\/wp-json\/wp\/v2\/product"}],"about":[{"href":"https:\/\/www.mesvendanges.com\/en\/wp-json\/wp\/v2\/types\/product"}],"wp:attachment":[{"href":"https:\/\/www.mesvendanges.com\/en\/wp-json\/wp\/v2\/media?parent=48278"}],"wp:term":[{"taxonomy":"product_cat","embeddable":true,"href":"https:\/\/www.mesvendanges.com\/en\/wp-json\/wp\/v2\/product_cat?post=48278"},{"taxonomy":"product_tag","embeddable":true,"href":"https:\/\/www.mesvendanges.com\/en\/wp-json\/wp\/v2\/product_tag?post=48278"}],"curies":[{"name":"wp","href":"https:\/\/api.w.org\/{rel}","templated":true}]}}