{"id":48670,"date":"2022-08-02T17:42:12","date_gmt":"2022-08-02T15:42:12","guid":{"rendered":"https:\/\/www.mesvendanges.com\/shop\/uncategorized\/val-dequinoxe\/"},"modified":"2025-05-01T16:41:15","modified_gmt":"2025-05-01T14:41:15","slug":"bal-dequinoxe-les-petits-riens-2018-375cl","status":"publish","type":"product","link":"https:\/\/www.mesvendanges.com\/en\/shop\/wines\/bal-dequinoxe-les-petits-riens-2018-375cl\/","title":{"rendered":"BAL D&#8217;EQUINOXE"},"content":{"rendered":"<p>Superbe gamay en surmaturit\u00e9, un vin d\u00e9routant qui nous sort des sentiers battus, avec \u00e0 la fois la fraicheur des terroirs des montagnes, la texture des gamays concentr\u00e9s, et la douceur des soleils tardifs.<br \/>\n30 mois d&#8217;\u00e9levage<br \/>\n823 bouteilles produites<\/p>\n","protected":false},"excerpt":{"rendered":"<p>Superbe gamay en surmaturit\u00e9, un vin d\u00e9routant qui nous sort des sentiers battus, avec \u00e0 la fois la fraicheur des terroirs des montagnes, la texture des gamays concentr\u00e9s, et la douceur des soleils tardifs. 30 mois d&#8217;\u00e9levage 823 bouteilles produites<\/p>\n","protected":false},"featured_media":28690,"template":"","meta":[],"product_cat":[3740],"product_tag":[],"acf":[],"yoast_head":"<!-- This site is optimized with the Yoast SEO plugin v19.3 - https:\/\/yoast.com\/wordpress\/plugins\/seo\/ -->\n<title>BAL D&#039;EQUINOXE - Mes Vendanges<\/title>\n<meta name=\"robots\" content=\"index, follow, max-snippet:-1, max-image-preview:large, max-video-preview:-1\" \/>\n<link rel=\"canonical\" href=\"https:\/\/www.mesvendanges.com\/en\/shop\/wines\/bal-dequinoxe-les-petits-riens-2018-375cl\/\" \/>\n<meta property=\"og:locale\" content=\"en_US\" \/>\n<meta property=\"og:type\" content=\"article\" \/>\n<meta property=\"og:title\" content=\"BAL D&#039;EQUINOXE - Mes Vendanges\" \/>\n<meta property=\"og:description\" content=\"Superbe gamay en surmaturit\u00e9, un vin d\u00e9routant qui nous sort des sentiers battus, avec \u00e0 la fois la fraicheur des terroirs des montagnes, la texture des gamays concentr\u00e9s, et la douceur des soleils tardifs. 30 mois d&#8217;\u00e9levage 823 bouteilles produites\" \/>\n<meta property=\"og:url\" content=\"https:\/\/www.mesvendanges.com\/en\/shop\/wines\/bal-dequinoxe-les-petits-riens-2018-375cl\/\" \/>\n<meta property=\"og:site_name\" content=\"Mes Vendanges\" \/>\n<meta property=\"article:modified_time\" content=\"2025-05-01T14:41:15+00:00\" \/>\n<meta property=\"og:image\" content=\"https:\/\/www.mesvendanges.com\/wp-content\/uploads\/2022\/07\/les-petits-riens-val-dequinoxe-vin-de-table-aoste-2018-37-5cl-moelleux-png.png\" \/>\n\t<meta property=\"og:image:width\" content=\"471\" \/>\n\t<meta property=\"og:image:height\" content=\"1500\" \/>\n\t<meta property=\"og:image:type\" content=\"image\/png\" \/>\n<meta name=\"twitter:card\" content=\"summary_large_image\" \/>\n<script type=\"application\/ld+json\" class=\"yoast-schema-graph\">{\"@context\":\"https:\/\/schema.org\",\"@graph\":[{\"@type\":\"Organization\",\"@id\":\"https:\/\/www.mesvendanges.com\/en\/#organization\",\"name\":\"Mes Vendanges\",\"url\":\"https:\/\/www.mesvendanges.com\/en\/\",\"sameAs\":[],\"logo\":{\"@type\":\"ImageObject\",\"inLanguage\":\"fr-FR\",\"@id\":\"https:\/\/www.mesvendanges.com\/en\/#\/schema\/logo\/image\/\",\"url\":\"https:\/\/www.mesvendanges.com\/wp-content\/uploads\/2022\/02\/logo-mesvendanges.jpg\",\"contentUrl\":\"https:\/\/www.mesvendanges.com\/wp-content\/uploads\/2022\/02\/logo-mesvendanges.jpg\",\"width\":851,\"height\":260,\"caption\":\"Mes Vendanges\"},\"image\":{\"@id\":\"https:\/\/www.mesvendanges.com\/en\/#\/schema\/logo\/image\/\"}},{\"@type\":\"WebSite\",\"@id\":\"https:\/\/www.mesvendanges.com\/en\/#website\",\"url\":\"https:\/\/www.mesvendanges.com\/en\/\",\"name\":\"Mes Vendanges\",\"description\":\"Des journ\u00e9es enti\u00e8res dans les vignes\",\"publisher\":{\"@id\":\"https:\/\/www.mesvendanges.com\/en\/#organization\"},\"potentialAction\":[{\"@type\":\"SearchAction\",\"target\":{\"@type\":\"EntryPoint\",\"urlTemplate\":\"https:\/\/www.mesvendanges.com\/en\/?s={search_term_string}\"},\"query-input\":\"required name=search_term_string\"}],\"inLanguage\":\"fr-FR\"},{\"@type\":\"ImageObject\",\"inLanguage\":\"fr-FR\",\"@id\":\"https:\/\/www.mesvendanges.com\/en\/shop\/wines\/bal-dequinoxe-les-petits-riens-2018-375cl\/#primaryimage\",\"url\":\"https:\/\/www.mesvendanges.com\/wp-content\/uploads\/2022\/07\/les-petits-riens-val-dequinoxe-vin-de-table-aoste-2018-37-5cl-moelleux-png.png\",\"contentUrl\":\"https:\/\/www.mesvendanges.com\/wp-content\/uploads\/2022\/07\/les-petits-riens-val-dequinoxe-vin-de-table-aoste-2018-37-5cl-moelleux-png.png\",\"width\":471,\"height\":1500},{\"@type\":\"WebPage\",\"@id\":\"https:\/\/www.mesvendanges.com\/en\/shop\/wines\/bal-dequinoxe-les-petits-riens-2018-375cl\/\",\"url\":\"https:\/\/www.mesvendanges.com\/en\/shop\/wines\/bal-dequinoxe-les-petits-riens-2018-375cl\/\",\"name\":\"BAL D'EQUINOXE - Mes Vendanges\",\"isPartOf\":{\"@id\":\"https:\/\/www.mesvendanges.com\/en\/#website\"},\"primaryImageOfPage\":{\"@id\":\"https:\/\/www.mesvendanges.com\/en\/shop\/wines\/bal-dequinoxe-les-petits-riens-2018-375cl\/#primaryimage\"},\"datePublished\":\"2022-08-02T15:42:12+00:00\",\"dateModified\":\"2025-05-01T14:41:15+00:00\",\"breadcrumb\":{\"@id\":\"https:\/\/www.mesvendanges.com\/en\/shop\/wines\/bal-dequinoxe-les-petits-riens-2018-375cl\/#breadcrumb\"},\"inLanguage\":\"fr-FR\",\"potentialAction\":[{\"@type\":\"ReadAction\",\"target\":[\"https:\/\/www.mesvendanges.com\/en\/shop\/wines\/bal-dequinoxe-les-petits-riens-2018-375cl\/\"]}]},{\"@type\":\"BreadcrumbList\",\"@id\":\"https:\/\/www.mesvendanges.com\/en\/shop\/wines\/bal-dequinoxe-les-petits-riens-2018-375cl\/#breadcrumb\",\"itemListElement\":[{\"@type\":\"ListItem\",\"position\":1,\"name\":\"Home\",\"item\":\"https:\/\/www.mesvendanges.com\/en\/\"},{\"@type\":\"ListItem\",\"position\":2,\"name\":\"Shop\",\"item\":\"https:\/\/www.mesvendanges.com\/en\/shop\/\"},{\"@type\":\"ListItem\",\"position\":3,\"name\":\"BAL D&#8217;EQUINOXE\"}]}]}<\/script>\n<!-- \/ Yoast SEO plugin. -->","yoast_head_json":{"title":"BAL D'EQUINOXE - Mes Vendanges","robots":{"index":"index","follow":"follow","max-snippet":"max-snippet:-1","max-image-preview":"max-image-preview:large","max-video-preview":"max-video-preview:-1"},"canonical":"https:\/\/www.mesvendanges.com\/en\/shop\/wines\/bal-dequinoxe-les-petits-riens-2018-375cl\/","og_locale":"en_US","og_type":"article","og_title":"BAL D'EQUINOXE - Mes Vendanges","og_description":"Superbe gamay en surmaturit\u00e9, un vin d\u00e9routant qui nous sort des sentiers battus, avec \u00e0 la fois la fraicheur des terroirs des montagnes, la texture des gamays concentr\u00e9s, et la douceur des soleils tardifs. 30 mois d&#8217;\u00e9levage 823 bouteilles produites","og_url":"https:\/\/www.mesvendanges.com\/en\/shop\/wines\/bal-dequinoxe-les-petits-riens-2018-375cl\/","og_site_name":"Mes Vendanges","article_modified_time":"2025-05-01T14:41:15+00:00","og_image":[{"width":471,"height":1500,"url":"https:\/\/www.mesvendanges.com\/wp-content\/uploads\/2022\/07\/les-petits-riens-val-dequinoxe-vin-de-table-aoste-2018-37-5cl-moelleux-png.png","type":"image\/png"}],"twitter_card":"summary_large_image","schema":{"@context":"https:\/\/schema.org","@graph":[{"@type":"Organization","@id":"https:\/\/www.mesvendanges.com\/en\/#organization","name":"Mes Vendanges","url":"https:\/\/www.mesvendanges.com\/en\/","sameAs":[],"logo":{"@type":"ImageObject","inLanguage":"fr-FR","@id":"https:\/\/www.mesvendanges.com\/en\/#\/schema\/logo\/image\/","url":"https:\/\/www.mesvendanges.com\/wp-content\/uploads\/2022\/02\/logo-mesvendanges.jpg","contentUrl":"https:\/\/www.mesvendanges.com\/wp-content\/uploads\/2022\/02\/logo-mesvendanges.jpg","width":851,"height":260,"caption":"Mes Vendanges"},"image":{"@id":"https:\/\/www.mesvendanges.com\/en\/#\/schema\/logo\/image\/"}},{"@type":"WebSite","@id":"https:\/\/www.mesvendanges.com\/en\/#website","url":"https:\/\/www.mesvendanges.com\/en\/","name":"Mes Vendanges","description":"Des journ\u00e9es enti\u00e8res dans les vignes","publisher":{"@id":"https:\/\/www.mesvendanges.com\/en\/#organization"},"potentialAction":[{"@type":"SearchAction","target":{"@type":"EntryPoint","urlTemplate":"https:\/\/www.mesvendanges.com\/en\/?s={search_term_string}"},"query-input":"required name=search_term_string"}],"inLanguage":"fr-FR"},{"@type":"ImageObject","inLanguage":"fr-FR","@id":"https:\/\/www.mesvendanges.com\/en\/shop\/wines\/bal-dequinoxe-les-petits-riens-2018-375cl\/#primaryimage","url":"https:\/\/www.mesvendanges.com\/wp-content\/uploads\/2022\/07\/les-petits-riens-val-dequinoxe-vin-de-table-aoste-2018-37-5cl-moelleux-png.png","contentUrl":"https:\/\/www.mesvendanges.com\/wp-content\/uploads\/2022\/07\/les-petits-riens-val-dequinoxe-vin-de-table-aoste-2018-37-5cl-moelleux-png.png","width":471,"height":1500},{"@type":"WebPage","@id":"https:\/\/www.mesvendanges.com\/en\/shop\/wines\/bal-dequinoxe-les-petits-riens-2018-375cl\/","url":"https:\/\/www.mesvendanges.com\/en\/shop\/wines\/bal-dequinoxe-les-petits-riens-2018-375cl\/","name":"BAL D'EQUINOXE - Mes Vendanges","isPartOf":{"@id":"https:\/\/www.mesvendanges.com\/en\/#website"},"primaryImageOfPage":{"@id":"https:\/\/www.mesvendanges.com\/en\/shop\/wines\/bal-dequinoxe-les-petits-riens-2018-375cl\/#primaryimage"},"datePublished":"2022-08-02T15:42:12+00:00","dateModified":"2025-05-01T14:41:15+00:00","breadcrumb":{"@id":"https:\/\/www.mesvendanges.com\/en\/shop\/wines\/bal-dequinoxe-les-petits-riens-2018-375cl\/#breadcrumb"},"inLanguage":"fr-FR","potentialAction":[{"@type":"ReadAction","target":["https:\/\/www.mesvendanges.com\/en\/shop\/wines\/bal-dequinoxe-les-petits-riens-2018-375cl\/"]}]},{"@type":"BreadcrumbList","@id":"https:\/\/www.mesvendanges.com\/en\/shop\/wines\/bal-dequinoxe-les-petits-riens-2018-375cl\/#breadcrumb","itemListElement":[{"@type":"ListItem","position":1,"name":"Home","item":"https:\/\/www.mesvendanges.com\/en\/"},{"@type":"ListItem","position":2,"name":"Shop","item":"https:\/\/www.mesvendanges.com\/en\/shop\/"},{"@type":"ListItem","position":3,"name":"BAL D&#8217;EQUINOXE"}]}]}},"_links":{"self":[{"href":"https:\/\/www.mesvendanges.com\/en\/wp-json\/wp\/v2\/product\/48670"}],"collection":[{"href":"https:\/\/www.mesvendanges.com\/en\/wp-json\/wp\/v2\/product"}],"about":[{"href":"https:\/\/www.mesvendanges.com\/en\/wp-json\/wp\/v2\/types\/product"}],"wp:featuredmedia":[{"embeddable":true,"href":"https:\/\/www.mesvendanges.com\/en\/wp-json\/wp\/v2\/media\/28690"}],"wp:attachment":[{"href":"https:\/\/www.mesvendanges.com\/en\/wp-json\/wp\/v2\/media?parent=48670"}],"wp:term":[{"taxonomy":"product_cat","embeddable":true,"href":"https:\/\/www.mesvendanges.com\/en\/wp-json\/wp\/v2\/product_cat?post=48670"},{"taxonomy":"product_tag","embeddable":true,"href":"https:\/\/www.mesvendanges.com\/en\/wp-json\/wp\/v2\/product_tag?post=48670"}],"curies":[{"name":"wp","href":"https:\/\/api.w.org\/{rel}","templated":true}]}}