{"id":48694,"date":"2022-08-02T17:42:33","date_gmt":"2022-08-02T15:42:33","guid":{"rendered":"https:\/\/www.mesvendanges.com\/shop\/uncategorized\/fontanasanta-manzoni-bianco-2\/"},"modified":"2026-03-16T09:47:46","modified_gmt":"2026-03-16T08:47:46","slug":"fontanasanta-manzoni-bianco-foradori-2019-75cl","status":"publish","type":"product","link":"https:\/\/www.mesvendanges.com\/en\/shop\/wines\/fontanasanta-manzoni-bianco-foradori-2019-75cl\/","title":{"rendered":"FONTANASANTA MANZONI BIANCO"},"content":{"rendered":"<p>Fontanasanta est un vignoble qui domine Mezzolombardo. C&#8217;est un terroir rocheux, frais, donnant des vins de grande expression aromatique, et marqu\u00e9s par le caillou en bouche. Cette cuv\u00e9e est issue du c\u00e9page Manzoni Bianco, un croisement entre le riesling et le pinot blanc, alliant l&#8217;\u00e9nergie de l&#8217;un et l&#8217;am\u00e9nit\u00e9 de l&#8217;autre. <\/p>\n","protected":false},"excerpt":{"rendered":"<p>Fontanasanta est un vignoble qui domine Mezzolombardo. C&#8217;est un terroir rocheux, frais, donnant des vins de grande expression aromatique, et marqu\u00e9s par le caillou en bouche. Cette cuv\u00e9e est issue du c\u00e9page Manzoni Bianco, un croisement entre le riesling et le pinot blanc, alliant l&#8217;\u00e9nergie de l&#8217;un et l&#8217;am\u00e9nit\u00e9 de l&#8217;autre.<\/p>\n","protected":false},"featured_media":48689,"template":"","meta":[],"product_cat":[3740],"product_tag":[],"acf":[],"yoast_head":"<!-- This site is optimized with the Yoast SEO plugin v19.3 - https:\/\/yoast.com\/wordpress\/plugins\/seo\/ -->\n<title>FONTANASANTA MANZONI BIANCO - Mes Vendanges<\/title>\n<meta name=\"robots\" content=\"index, follow, max-snippet:-1, max-image-preview:large, max-video-preview:-1\" \/>\n<link rel=\"canonical\" href=\"https:\/\/www.mesvendanges.com\/en\/shop\/wines\/fontanasanta-manzoni-bianco-foradori-2019-75cl\/\" \/>\n<meta property=\"og:locale\" content=\"en_US\" \/>\n<meta property=\"og:type\" content=\"article\" \/>\n<meta property=\"og:title\" content=\"FONTANASANTA MANZONI BIANCO - Mes Vendanges\" \/>\n<meta property=\"og:description\" content=\"Fontanasanta est un vignoble qui domine Mezzolombardo. C&#8217;est un terroir rocheux, frais, donnant des vins de grande expression aromatique, et marqu\u00e9s par le caillou en bouche. Cette cuv\u00e9e est issue du c\u00e9page Manzoni Bianco, un croisement entre le riesling et le pinot blanc, alliant l&#8217;\u00e9nergie de l&#8217;un et l&#8217;am\u00e9nit\u00e9 de l&#8217;autre.\" \/>\n<meta property=\"og:url\" content=\"https:\/\/www.mesvendanges.com\/en\/shop\/wines\/fontanasanta-manzoni-bianco-foradori-2019-75cl\/\" \/>\n<meta property=\"og:site_name\" content=\"Mes Vendanges\" \/>\n<meta property=\"article:modified_time\" content=\"2026-03-16T08:47:46+00:00\" \/>\n<meta property=\"og:image\" content=\"https:\/\/www.mesvendanges.com\/wp-content\/uploads\/2022\/08\/foradori-fontanasanta-manzoni-bianco-dolomiti-igt-2019-75cl-blanc-png.png\" \/>\n\t<meta property=\"og:image:width\" content=\"426\" \/>\n\t<meta property=\"og:image:height\" content=\"1500\" \/>\n\t<meta property=\"og:image:type\" content=\"image\/png\" \/>\n<meta name=\"twitter:card\" content=\"summary_large_image\" \/>\n<script type=\"application\/ld+json\" class=\"yoast-schema-graph\">{\"@context\":\"https:\/\/schema.org\",\"@graph\":[{\"@type\":\"Organization\",\"@id\":\"https:\/\/www.mesvendanges.com\/en\/#organization\",\"name\":\"Mes Vendanges\",\"url\":\"https:\/\/www.mesvendanges.com\/en\/\",\"sameAs\":[],\"logo\":{\"@type\":\"ImageObject\",\"inLanguage\":\"fr-FR\",\"@id\":\"https:\/\/www.mesvendanges.com\/en\/#\/schema\/logo\/image\/\",\"url\":\"https:\/\/www.mesvendanges.com\/wp-content\/uploads\/2022\/02\/logo-mesvendanges.jpg\",\"contentUrl\":\"https:\/\/www.mesvendanges.com\/wp-content\/uploads\/2022\/02\/logo-mesvendanges.jpg\",\"width\":851,\"height\":260,\"caption\":\"Mes Vendanges\"},\"image\":{\"@id\":\"https:\/\/www.mesvendanges.com\/en\/#\/schema\/logo\/image\/\"}},{\"@type\":\"WebSite\",\"@id\":\"https:\/\/www.mesvendanges.com\/en\/#website\",\"url\":\"https:\/\/www.mesvendanges.com\/en\/\",\"name\":\"Mes Vendanges\",\"description\":\"Des journ\u00e9es enti\u00e8res dans les vignes\",\"publisher\":{\"@id\":\"https:\/\/www.mesvendanges.com\/en\/#organization\"},\"potentialAction\":[{\"@type\":\"SearchAction\",\"target\":{\"@type\":\"EntryPoint\",\"urlTemplate\":\"https:\/\/www.mesvendanges.com\/en\/?s={search_term_string}\"},\"query-input\":\"required name=search_term_string\"}],\"inLanguage\":\"fr-FR\"},{\"@type\":\"ImageObject\",\"inLanguage\":\"fr-FR\",\"@id\":\"https:\/\/www.mesvendanges.com\/en\/shop\/wines\/fontanasanta-manzoni-bianco-foradori-2019-75cl\/#primaryimage\",\"url\":\"https:\/\/www.mesvendanges.com\/wp-content\/uploads\/2022\/08\/foradori-fontanasanta-manzoni-bianco-dolomiti-igt-2019-75cl-blanc-png.png\",\"contentUrl\":\"https:\/\/www.mesvendanges.com\/wp-content\/uploads\/2022\/08\/foradori-fontanasanta-manzoni-bianco-dolomiti-igt-2019-75cl-blanc-png.png\",\"width\":426,\"height\":1500},{\"@type\":\"WebPage\",\"@id\":\"https:\/\/www.mesvendanges.com\/en\/shop\/wines\/fontanasanta-manzoni-bianco-foradori-2019-75cl\/\",\"url\":\"https:\/\/www.mesvendanges.com\/en\/shop\/wines\/fontanasanta-manzoni-bianco-foradori-2019-75cl\/\",\"name\":\"FONTANASANTA MANZONI BIANCO - Mes Vendanges\",\"isPartOf\":{\"@id\":\"https:\/\/www.mesvendanges.com\/en\/#website\"},\"primaryImageOfPage\":{\"@id\":\"https:\/\/www.mesvendanges.com\/en\/shop\/wines\/fontanasanta-manzoni-bianco-foradori-2019-75cl\/#primaryimage\"},\"datePublished\":\"2022-08-02T15:42:33+00:00\",\"dateModified\":\"2026-03-16T08:47:46+00:00\",\"breadcrumb\":{\"@id\":\"https:\/\/www.mesvendanges.com\/en\/shop\/wines\/fontanasanta-manzoni-bianco-foradori-2019-75cl\/#breadcrumb\"},\"inLanguage\":\"fr-FR\",\"potentialAction\":[{\"@type\":\"ReadAction\",\"target\":[\"https:\/\/www.mesvendanges.com\/en\/shop\/wines\/fontanasanta-manzoni-bianco-foradori-2019-75cl\/\"]}]},{\"@type\":\"BreadcrumbList\",\"@id\":\"https:\/\/www.mesvendanges.com\/en\/shop\/wines\/fontanasanta-manzoni-bianco-foradori-2019-75cl\/#breadcrumb\",\"itemListElement\":[{\"@type\":\"ListItem\",\"position\":1,\"name\":\"Home\",\"item\":\"https:\/\/www.mesvendanges.com\/en\/\"},{\"@type\":\"ListItem\",\"position\":2,\"name\":\"Shop\",\"item\":\"https:\/\/www.mesvendanges.com\/en\/shop\/\"},{\"@type\":\"ListItem\",\"position\":3,\"name\":\"FONTANASANTA MANZONI BIANCO\"}]}]}<\/script>\n<!-- \/ Yoast SEO plugin. -->","yoast_head_json":{"title":"FONTANASANTA MANZONI BIANCO - Mes Vendanges","robots":{"index":"index","follow":"follow","max-snippet":"max-snippet:-1","max-image-preview":"max-image-preview:large","max-video-preview":"max-video-preview:-1"},"canonical":"https:\/\/www.mesvendanges.com\/en\/shop\/wines\/fontanasanta-manzoni-bianco-foradori-2019-75cl\/","og_locale":"en_US","og_type":"article","og_title":"FONTANASANTA MANZONI BIANCO - Mes Vendanges","og_description":"Fontanasanta est un vignoble qui domine Mezzolombardo. C&#8217;est un terroir rocheux, frais, donnant des vins de grande expression aromatique, et marqu\u00e9s par le caillou en bouche. Cette cuv\u00e9e est issue du c\u00e9page Manzoni Bianco, un croisement entre le riesling et le pinot blanc, alliant l&#8217;\u00e9nergie de l&#8217;un et l&#8217;am\u00e9nit\u00e9 de l&#8217;autre.","og_url":"https:\/\/www.mesvendanges.com\/en\/shop\/wines\/fontanasanta-manzoni-bianco-foradori-2019-75cl\/","og_site_name":"Mes Vendanges","article_modified_time":"2026-03-16T08:47:46+00:00","og_image":[{"width":426,"height":1500,"url":"https:\/\/www.mesvendanges.com\/wp-content\/uploads\/2022\/08\/foradori-fontanasanta-manzoni-bianco-dolomiti-igt-2019-75cl-blanc-png.png","type":"image\/png"}],"twitter_card":"summary_large_image","schema":{"@context":"https:\/\/schema.org","@graph":[{"@type":"Organization","@id":"https:\/\/www.mesvendanges.com\/en\/#organization","name":"Mes Vendanges","url":"https:\/\/www.mesvendanges.com\/en\/","sameAs":[],"logo":{"@type":"ImageObject","inLanguage":"fr-FR","@id":"https:\/\/www.mesvendanges.com\/en\/#\/schema\/logo\/image\/","url":"https:\/\/www.mesvendanges.com\/wp-content\/uploads\/2022\/02\/logo-mesvendanges.jpg","contentUrl":"https:\/\/www.mesvendanges.com\/wp-content\/uploads\/2022\/02\/logo-mesvendanges.jpg","width":851,"height":260,"caption":"Mes Vendanges"},"image":{"@id":"https:\/\/www.mesvendanges.com\/en\/#\/schema\/logo\/image\/"}},{"@type":"WebSite","@id":"https:\/\/www.mesvendanges.com\/en\/#website","url":"https:\/\/www.mesvendanges.com\/en\/","name":"Mes Vendanges","description":"Des journ\u00e9es enti\u00e8res dans les vignes","publisher":{"@id":"https:\/\/www.mesvendanges.com\/en\/#organization"},"potentialAction":[{"@type":"SearchAction","target":{"@type":"EntryPoint","urlTemplate":"https:\/\/www.mesvendanges.com\/en\/?s={search_term_string}"},"query-input":"required name=search_term_string"}],"inLanguage":"fr-FR"},{"@type":"ImageObject","inLanguage":"fr-FR","@id":"https:\/\/www.mesvendanges.com\/en\/shop\/wines\/fontanasanta-manzoni-bianco-foradori-2019-75cl\/#primaryimage","url":"https:\/\/www.mesvendanges.com\/wp-content\/uploads\/2022\/08\/foradori-fontanasanta-manzoni-bianco-dolomiti-igt-2019-75cl-blanc-png.png","contentUrl":"https:\/\/www.mesvendanges.com\/wp-content\/uploads\/2022\/08\/foradori-fontanasanta-manzoni-bianco-dolomiti-igt-2019-75cl-blanc-png.png","width":426,"height":1500},{"@type":"WebPage","@id":"https:\/\/www.mesvendanges.com\/en\/shop\/wines\/fontanasanta-manzoni-bianco-foradori-2019-75cl\/","url":"https:\/\/www.mesvendanges.com\/en\/shop\/wines\/fontanasanta-manzoni-bianco-foradori-2019-75cl\/","name":"FONTANASANTA MANZONI BIANCO - Mes Vendanges","isPartOf":{"@id":"https:\/\/www.mesvendanges.com\/en\/#website"},"primaryImageOfPage":{"@id":"https:\/\/www.mesvendanges.com\/en\/shop\/wines\/fontanasanta-manzoni-bianco-foradori-2019-75cl\/#primaryimage"},"datePublished":"2022-08-02T15:42:33+00:00","dateModified":"2026-03-16T08:47:46+00:00","breadcrumb":{"@id":"https:\/\/www.mesvendanges.com\/en\/shop\/wines\/fontanasanta-manzoni-bianco-foradori-2019-75cl\/#breadcrumb"},"inLanguage":"fr-FR","potentialAction":[{"@type":"ReadAction","target":["https:\/\/www.mesvendanges.com\/en\/shop\/wines\/fontanasanta-manzoni-bianco-foradori-2019-75cl\/"]}]},{"@type":"BreadcrumbList","@id":"https:\/\/www.mesvendanges.com\/en\/shop\/wines\/fontanasanta-manzoni-bianco-foradori-2019-75cl\/#breadcrumb","itemListElement":[{"@type":"ListItem","position":1,"name":"Home","item":"https:\/\/www.mesvendanges.com\/en\/"},{"@type":"ListItem","position":2,"name":"Shop","item":"https:\/\/www.mesvendanges.com\/en\/shop\/"},{"@type":"ListItem","position":3,"name":"FONTANASANTA MANZONI BIANCO"}]}]}},"_links":{"self":[{"href":"https:\/\/www.mesvendanges.com\/en\/wp-json\/wp\/v2\/product\/48694"}],"collection":[{"href":"https:\/\/www.mesvendanges.com\/en\/wp-json\/wp\/v2\/product"}],"about":[{"href":"https:\/\/www.mesvendanges.com\/en\/wp-json\/wp\/v2\/types\/product"}],"wp:featuredmedia":[{"embeddable":true,"href":"https:\/\/www.mesvendanges.com\/en\/wp-json\/wp\/v2\/media\/48689"}],"wp:attachment":[{"href":"https:\/\/www.mesvendanges.com\/en\/wp-json\/wp\/v2\/media?parent=48694"}],"wp:term":[{"taxonomy":"product_cat","embeddable":true,"href":"https:\/\/www.mesvendanges.com\/en\/wp-json\/wp\/v2\/product_cat?post=48694"},{"taxonomy":"product_tag","embeddable":true,"href":"https:\/\/www.mesvendanges.com\/en\/wp-json\/wp\/v2\/product_tag?post=48694"}],"curies":[{"name":"wp","href":"https:\/\/api.w.org\/{rel}","templated":true}]}}