{"id":48716,"date":"2022-08-02T17:42:52","date_gmt":"2022-08-02T15:42:52","guid":{"rendered":"https:\/\/www.mesvendanges.com\/shop\/uncategorized\/la-petite-grange-2\/"},"modified":"2025-05-01T14:40:55","modified_gmt":"2025-05-01T12:40:55","slug":"la-petite-grange-chappaz-marie-therese-2020-75cl","status":"publish","type":"product","link":"https:\/\/www.mesvendanges.com\/en\/shop\/wines\/la-petite-grange-chappaz-marie-therese-2020-75cl\/","title":{"rendered":"LA PETITE GRANGE"},"content":{"rendered":"<p>Il s\u2019agit ici, vraisemblablement, du vin le plus sudiste de la gamme. Le nez de garrigue, de cacao et de cassis nous transporte litt\u00e9ralement vers les contr\u00e9es m\u00e9diterran\u00e9ennes. L\u2019assemblage de ces cinq c\u00e9pages offre toutefois une incroyable fraicheur en bouche. Cette cuv\u00e9e, sur ce mill\u00e9sime, prend in\u00e9vitablement son envol.<\/p>\n","protected":false},"excerpt":{"rendered":"<p>Il s\u2019agit ici, vraisemblablement, du vin le plus sudiste de la gamme. Le nez de garrigue, de cacao et de cassis nous transporte litt\u00e9ralement vers les contr\u00e9es m\u00e9diterran\u00e9ennes. L\u2019assemblage de ces cinq c\u00e9pages offre toutefois une incroyable fraicheur en bouche. Cette cuv\u00e9e, sur ce mill\u00e9sime, prend in\u00e9vitablement son envol.<\/p>\n","protected":false},"featured_media":86676,"template":"","meta":[],"product_cat":[3740],"product_tag":[],"acf":[],"yoast_head":"<!-- This site is optimized with the Yoast SEO plugin v19.3 - https:\/\/yoast.com\/wordpress\/plugins\/seo\/ -->\n<title>LA PETITE GRANGE - Mes Vendanges<\/title>\n<meta name=\"robots\" content=\"index, follow, max-snippet:-1, max-image-preview:large, max-video-preview:-1\" \/>\n<link rel=\"canonical\" href=\"https:\/\/www.mesvendanges.com\/en\/shop\/wines\/la-petite-grange-chappaz-marie-therese-2020-75cl\/\" \/>\n<meta property=\"og:locale\" content=\"en_US\" \/>\n<meta property=\"og:type\" content=\"article\" \/>\n<meta property=\"og:title\" content=\"LA PETITE GRANGE - Mes Vendanges\" \/>\n<meta property=\"og:description\" content=\"Il s\u2019agit ici, vraisemblablement, du vin le plus sudiste de la gamme. Le nez de garrigue, de cacao et de cassis nous transporte litt\u00e9ralement vers les contr\u00e9es m\u00e9diterran\u00e9ennes. L\u2019assemblage de ces cinq c\u00e9pages offre toutefois une incroyable fraicheur en bouche. Cette cuv\u00e9e, sur ce mill\u00e9sime, prend in\u00e9vitablement son envol.\" \/>\n<meta property=\"og:url\" content=\"https:\/\/www.mesvendanges.com\/en\/shop\/wines\/la-petite-grange-chappaz-marie-therese-2020-75cl\/\" \/>\n<meta property=\"og:site_name\" content=\"Mes Vendanges\" \/>\n<meta property=\"article:modified_time\" content=\"2025-05-01T12:40:55+00:00\" \/>\n<meta property=\"og:image\" content=\"https:\/\/www.mesvendanges.com\/wp-content\/uploads\/2025\/05\/chappaz-marie-therese-la-petite-grange-valais-2020-75cl-rouge-png.png\" \/>\n\t<meta property=\"og:image:width\" content=\"375\" \/>\n\t<meta property=\"og:image:height\" content=\"1500\" \/>\n\t<meta property=\"og:image:type\" content=\"image\/png\" \/>\n<meta name=\"twitter:card\" content=\"summary_large_image\" \/>\n<meta name=\"twitter:label1\" content=\"Est. reading time\" \/>\n\t<meta name=\"twitter:data1\" content=\"1 minute\" \/>\n<script type=\"application\/ld+json\" class=\"yoast-schema-graph\">{\"@context\":\"https:\/\/schema.org\",\"@graph\":[{\"@type\":\"Organization\",\"@id\":\"https:\/\/www.mesvendanges.com\/en\/#organization\",\"name\":\"Mes Vendanges\",\"url\":\"https:\/\/www.mesvendanges.com\/en\/\",\"sameAs\":[],\"logo\":{\"@type\":\"ImageObject\",\"inLanguage\":\"fr-FR\",\"@id\":\"https:\/\/www.mesvendanges.com\/en\/#\/schema\/logo\/image\/\",\"url\":\"https:\/\/www.mesvendanges.com\/wp-content\/uploads\/2022\/02\/logo-mesvendanges.jpg\",\"contentUrl\":\"https:\/\/www.mesvendanges.com\/wp-content\/uploads\/2022\/02\/logo-mesvendanges.jpg\",\"width\":851,\"height\":260,\"caption\":\"Mes Vendanges\"},\"image\":{\"@id\":\"https:\/\/www.mesvendanges.com\/en\/#\/schema\/logo\/image\/\"}},{\"@type\":\"WebSite\",\"@id\":\"https:\/\/www.mesvendanges.com\/en\/#website\",\"url\":\"https:\/\/www.mesvendanges.com\/en\/\",\"name\":\"Mes Vendanges\",\"description\":\"Des journ\u00e9es enti\u00e8res dans les vignes\",\"publisher\":{\"@id\":\"https:\/\/www.mesvendanges.com\/en\/#organization\"},\"potentialAction\":[{\"@type\":\"SearchAction\",\"target\":{\"@type\":\"EntryPoint\",\"urlTemplate\":\"https:\/\/www.mesvendanges.com\/en\/?s={search_term_string}\"},\"query-input\":\"required name=search_term_string\"}],\"inLanguage\":\"fr-FR\"},{\"@type\":\"ImageObject\",\"inLanguage\":\"fr-FR\",\"@id\":\"https:\/\/www.mesvendanges.com\/en\/shop\/wines\/la-petite-grange-chappaz-marie-therese-2020-75cl\/#primaryimage\",\"url\":\"https:\/\/www.mesvendanges.com\/wp-content\/uploads\/2025\/05\/chappaz-marie-therese-la-petite-grange-valais-2020-75cl-rouge-png.png\",\"contentUrl\":\"https:\/\/www.mesvendanges.com\/wp-content\/uploads\/2025\/05\/chappaz-marie-therese-la-petite-grange-valais-2020-75cl-rouge-png.png\",\"width\":375,\"height\":1500},{\"@type\":\"WebPage\",\"@id\":\"https:\/\/www.mesvendanges.com\/en\/shop\/wines\/la-petite-grange-chappaz-marie-therese-2020-75cl\/\",\"url\":\"https:\/\/www.mesvendanges.com\/en\/shop\/wines\/la-petite-grange-chappaz-marie-therese-2020-75cl\/\",\"name\":\"LA PETITE GRANGE - Mes Vendanges\",\"isPartOf\":{\"@id\":\"https:\/\/www.mesvendanges.com\/en\/#website\"},\"primaryImageOfPage\":{\"@id\":\"https:\/\/www.mesvendanges.com\/en\/shop\/wines\/la-petite-grange-chappaz-marie-therese-2020-75cl\/#primaryimage\"},\"datePublished\":\"2022-08-02T15:42:52+00:00\",\"dateModified\":\"2025-05-01T12:40:55+00:00\",\"breadcrumb\":{\"@id\":\"https:\/\/www.mesvendanges.com\/en\/shop\/wines\/la-petite-grange-chappaz-marie-therese-2020-75cl\/#breadcrumb\"},\"inLanguage\":\"fr-FR\",\"potentialAction\":[{\"@type\":\"ReadAction\",\"target\":[\"https:\/\/www.mesvendanges.com\/en\/shop\/wines\/la-petite-grange-chappaz-marie-therese-2020-75cl\/\"]}]},{\"@type\":\"BreadcrumbList\",\"@id\":\"https:\/\/www.mesvendanges.com\/en\/shop\/wines\/la-petite-grange-chappaz-marie-therese-2020-75cl\/#breadcrumb\",\"itemListElement\":[{\"@type\":\"ListItem\",\"position\":1,\"name\":\"Home\",\"item\":\"https:\/\/www.mesvendanges.com\/en\/\"},{\"@type\":\"ListItem\",\"position\":2,\"name\":\"Shop\",\"item\":\"https:\/\/www.mesvendanges.com\/en\/shop\/\"},{\"@type\":\"ListItem\",\"position\":3,\"name\":\"LA PETITE GRANGE\"}]}]}<\/script>\n<!-- \/ Yoast SEO plugin. -->","yoast_head_json":{"title":"LA PETITE GRANGE - Mes Vendanges","robots":{"index":"index","follow":"follow","max-snippet":"max-snippet:-1","max-image-preview":"max-image-preview:large","max-video-preview":"max-video-preview:-1"},"canonical":"https:\/\/www.mesvendanges.com\/en\/shop\/wines\/la-petite-grange-chappaz-marie-therese-2020-75cl\/","og_locale":"en_US","og_type":"article","og_title":"LA PETITE GRANGE - Mes Vendanges","og_description":"Il s\u2019agit ici, vraisemblablement, du vin le plus sudiste de la gamme. Le nez de garrigue, de cacao et de cassis nous transporte litt\u00e9ralement vers les contr\u00e9es m\u00e9diterran\u00e9ennes. L\u2019assemblage de ces cinq c\u00e9pages offre toutefois une incroyable fraicheur en bouche. Cette cuv\u00e9e, sur ce mill\u00e9sime, prend in\u00e9vitablement son envol.","og_url":"https:\/\/www.mesvendanges.com\/en\/shop\/wines\/la-petite-grange-chappaz-marie-therese-2020-75cl\/","og_site_name":"Mes Vendanges","article_modified_time":"2025-05-01T12:40:55+00:00","og_image":[{"width":375,"height":1500,"url":"https:\/\/www.mesvendanges.com\/wp-content\/uploads\/2025\/05\/chappaz-marie-therese-la-petite-grange-valais-2020-75cl-rouge-png.png","type":"image\/png"}],"twitter_card":"summary_large_image","twitter_misc":{"Est. reading time":"1 minute"},"schema":{"@context":"https:\/\/schema.org","@graph":[{"@type":"Organization","@id":"https:\/\/www.mesvendanges.com\/en\/#organization","name":"Mes Vendanges","url":"https:\/\/www.mesvendanges.com\/en\/","sameAs":[],"logo":{"@type":"ImageObject","inLanguage":"fr-FR","@id":"https:\/\/www.mesvendanges.com\/en\/#\/schema\/logo\/image\/","url":"https:\/\/www.mesvendanges.com\/wp-content\/uploads\/2022\/02\/logo-mesvendanges.jpg","contentUrl":"https:\/\/www.mesvendanges.com\/wp-content\/uploads\/2022\/02\/logo-mesvendanges.jpg","width":851,"height":260,"caption":"Mes Vendanges"},"image":{"@id":"https:\/\/www.mesvendanges.com\/en\/#\/schema\/logo\/image\/"}},{"@type":"WebSite","@id":"https:\/\/www.mesvendanges.com\/en\/#website","url":"https:\/\/www.mesvendanges.com\/en\/","name":"Mes Vendanges","description":"Des journ\u00e9es enti\u00e8res dans les vignes","publisher":{"@id":"https:\/\/www.mesvendanges.com\/en\/#organization"},"potentialAction":[{"@type":"SearchAction","target":{"@type":"EntryPoint","urlTemplate":"https:\/\/www.mesvendanges.com\/en\/?s={search_term_string}"},"query-input":"required name=search_term_string"}],"inLanguage":"fr-FR"},{"@type":"ImageObject","inLanguage":"fr-FR","@id":"https:\/\/www.mesvendanges.com\/en\/shop\/wines\/la-petite-grange-chappaz-marie-therese-2020-75cl\/#primaryimage","url":"https:\/\/www.mesvendanges.com\/wp-content\/uploads\/2025\/05\/chappaz-marie-therese-la-petite-grange-valais-2020-75cl-rouge-png.png","contentUrl":"https:\/\/www.mesvendanges.com\/wp-content\/uploads\/2025\/05\/chappaz-marie-therese-la-petite-grange-valais-2020-75cl-rouge-png.png","width":375,"height":1500},{"@type":"WebPage","@id":"https:\/\/www.mesvendanges.com\/en\/shop\/wines\/la-petite-grange-chappaz-marie-therese-2020-75cl\/","url":"https:\/\/www.mesvendanges.com\/en\/shop\/wines\/la-petite-grange-chappaz-marie-therese-2020-75cl\/","name":"LA PETITE GRANGE - Mes Vendanges","isPartOf":{"@id":"https:\/\/www.mesvendanges.com\/en\/#website"},"primaryImageOfPage":{"@id":"https:\/\/www.mesvendanges.com\/en\/shop\/wines\/la-petite-grange-chappaz-marie-therese-2020-75cl\/#primaryimage"},"datePublished":"2022-08-02T15:42:52+00:00","dateModified":"2025-05-01T12:40:55+00:00","breadcrumb":{"@id":"https:\/\/www.mesvendanges.com\/en\/shop\/wines\/la-petite-grange-chappaz-marie-therese-2020-75cl\/#breadcrumb"},"inLanguage":"fr-FR","potentialAction":[{"@type":"ReadAction","target":["https:\/\/www.mesvendanges.com\/en\/shop\/wines\/la-petite-grange-chappaz-marie-therese-2020-75cl\/"]}]},{"@type":"BreadcrumbList","@id":"https:\/\/www.mesvendanges.com\/en\/shop\/wines\/la-petite-grange-chappaz-marie-therese-2020-75cl\/#breadcrumb","itemListElement":[{"@type":"ListItem","position":1,"name":"Home","item":"https:\/\/www.mesvendanges.com\/en\/"},{"@type":"ListItem","position":2,"name":"Shop","item":"https:\/\/www.mesvendanges.com\/en\/shop\/"},{"@type":"ListItem","position":3,"name":"LA PETITE GRANGE"}]}]}},"_links":{"self":[{"href":"https:\/\/www.mesvendanges.com\/en\/wp-json\/wp\/v2\/product\/48716"}],"collection":[{"href":"https:\/\/www.mesvendanges.com\/en\/wp-json\/wp\/v2\/product"}],"about":[{"href":"https:\/\/www.mesvendanges.com\/en\/wp-json\/wp\/v2\/types\/product"}],"wp:featuredmedia":[{"embeddable":true,"href":"https:\/\/www.mesvendanges.com\/en\/wp-json\/wp\/v2\/media\/86676"}],"wp:attachment":[{"href":"https:\/\/www.mesvendanges.com\/en\/wp-json\/wp\/v2\/media?parent=48716"}],"wp:term":[{"taxonomy":"product_cat","embeddable":true,"href":"https:\/\/www.mesvendanges.com\/en\/wp-json\/wp\/v2\/product_cat?post=48716"},{"taxonomy":"product_tag","embeddable":true,"href":"https:\/\/www.mesvendanges.com\/en\/wp-json\/wp\/v2\/product_tag?post=48716"}],"curies":[{"name":"wp","href":"https:\/\/api.w.org\/{rel}","templated":true}]}}