{"id":48732,"date":"2022-08-02T17:43:04","date_gmt":"2022-08-02T15:43:04","guid":{"rendered":"https:\/\/www.mesvendanges.com\/shop\/uncategorized\/grain-noir-magnum-3\/"},"modified":"2025-05-01T14:38:19","modified_gmt":"2025-05-01T12:38:19","slug":"grain-noir-magnum-chappaz-marie-therese-2020-150cl","status":"publish","type":"product","link":"https:\/\/www.mesvendanges.com\/en\/shop\/wines\/grain-noir-magnum-chappaz-marie-therese-2020-150cl\/","title":{"rendered":"GRAIN NOIR MAGNUM"},"content":{"rendered":"<p>Terroir : granitique, terre profonde, Claives, Liaudisaz et Carroz<br \/>\nLe grain noir se pr\u00e9sente toujours sur un caract\u00e8re serr\u00e9, myst\u00e9rieux dans sa jeunesse. Le nez, noir, gorg\u00e9 de baies de sureau ouvre la porte d&#8217;un corps vertical, dense, aux tannins fins, tram\u00e9s, marqu\u00e9s par l&#8217;\u00e9nergie du granit. C&#8217;est un vin qui demande du temps, de l&#8217;air mais qui vous \u00e9tonnera par sa pr\u00e9sence telle une grande montagne noire&#8230;<\/p>\n","protected":false},"excerpt":{"rendered":"<p>Terroir : granitique, terre profonde, Claives, Liaudisaz et Carroz Le grain noir se pr\u00e9sente toujours sur un caract\u00e8re serr\u00e9, myst\u00e9rieux dans sa jeunesse. Le nez, noir, gorg\u00e9 de baies de sureau ouvre la porte d&#8217;un corps vertical, dense, aux tannins fins, tram\u00e9s, marqu\u00e9s par l&#8217;\u00e9nergie du granit. C&#8217;est un vin qui demande du temps, de [&hellip;]<\/p>\n","protected":false},"featured_media":86630,"template":"","meta":[],"product_cat":[3740],"product_tag":[],"acf":[],"yoast_head":"<!-- This site is optimized with the Yoast SEO plugin v19.3 - https:\/\/yoast.com\/wordpress\/plugins\/seo\/ -->\n<title>GRAIN NOIR MAGNUM - Mes Vendanges<\/title>\n<meta name=\"robots\" content=\"index, follow, max-snippet:-1, max-image-preview:large, max-video-preview:-1\" \/>\n<link rel=\"canonical\" href=\"https:\/\/www.mesvendanges.com\/en\/shop\/wines\/grain-noir-magnum-chappaz-marie-therese-2020-150cl\/\" \/>\n<meta property=\"og:locale\" content=\"en_US\" \/>\n<meta property=\"og:type\" content=\"article\" \/>\n<meta property=\"og:title\" content=\"GRAIN NOIR MAGNUM - Mes Vendanges\" \/>\n<meta property=\"og:description\" content=\"Terroir : granitique, terre profonde, Claives, Liaudisaz et Carroz Le grain noir se pr\u00e9sente toujours sur un caract\u00e8re serr\u00e9, myst\u00e9rieux dans sa jeunesse. Le nez, noir, gorg\u00e9 de baies de sureau ouvre la porte d&#8217;un corps vertical, dense, aux tannins fins, tram\u00e9s, marqu\u00e9s par l&#8217;\u00e9nergie du granit. C&#8217;est un vin qui demande du temps, de [&hellip;]\" \/>\n<meta property=\"og:url\" content=\"https:\/\/www.mesvendanges.com\/en\/shop\/wines\/grain-noir-magnum-chappaz-marie-therese-2020-150cl\/\" \/>\n<meta property=\"og:site_name\" content=\"Mes Vendanges\" \/>\n<meta property=\"article:modified_time\" content=\"2025-05-01T12:38:19+00:00\" \/>\n<meta property=\"og:image\" content=\"https:\/\/www.mesvendanges.com\/wp-content\/uploads\/2025\/05\/chappaz-marie-therese-grain-noir-magnum-valais-2020-150cl-rouge-png.png\" \/>\n\t<meta property=\"og:image:width\" content=\"407\" \/>\n\t<meta property=\"og:image:height\" content=\"1500\" \/>\n\t<meta property=\"og:image:type\" content=\"image\/png\" \/>\n<meta name=\"twitter:card\" content=\"summary_large_image\" \/>\n<script type=\"application\/ld+json\" class=\"yoast-schema-graph\">{\"@context\":\"https:\/\/schema.org\",\"@graph\":[{\"@type\":\"Organization\",\"@id\":\"https:\/\/www.mesvendanges.com\/en\/#organization\",\"name\":\"Mes Vendanges\",\"url\":\"https:\/\/www.mesvendanges.com\/en\/\",\"sameAs\":[],\"logo\":{\"@type\":\"ImageObject\",\"inLanguage\":\"fr-FR\",\"@id\":\"https:\/\/www.mesvendanges.com\/en\/#\/schema\/logo\/image\/\",\"url\":\"https:\/\/www.mesvendanges.com\/wp-content\/uploads\/2022\/02\/logo-mesvendanges.jpg\",\"contentUrl\":\"https:\/\/www.mesvendanges.com\/wp-content\/uploads\/2022\/02\/logo-mesvendanges.jpg\",\"width\":851,\"height\":260,\"caption\":\"Mes Vendanges\"},\"image\":{\"@id\":\"https:\/\/www.mesvendanges.com\/en\/#\/schema\/logo\/image\/\"}},{\"@type\":\"WebSite\",\"@id\":\"https:\/\/www.mesvendanges.com\/en\/#website\",\"url\":\"https:\/\/www.mesvendanges.com\/en\/\",\"name\":\"Mes Vendanges\",\"description\":\"Des journ\u00e9es enti\u00e8res dans les vignes\",\"publisher\":{\"@id\":\"https:\/\/www.mesvendanges.com\/en\/#organization\"},\"potentialAction\":[{\"@type\":\"SearchAction\",\"target\":{\"@type\":\"EntryPoint\",\"urlTemplate\":\"https:\/\/www.mesvendanges.com\/en\/?s={search_term_string}\"},\"query-input\":\"required name=search_term_string\"}],\"inLanguage\":\"fr-FR\"},{\"@type\":\"ImageObject\",\"inLanguage\":\"fr-FR\",\"@id\":\"https:\/\/www.mesvendanges.com\/en\/shop\/wines\/grain-noir-magnum-chappaz-marie-therese-2020-150cl\/#primaryimage\",\"url\":\"https:\/\/www.mesvendanges.com\/wp-content\/uploads\/2025\/05\/chappaz-marie-therese-grain-noir-magnum-valais-2020-150cl-rouge-png.png\",\"contentUrl\":\"https:\/\/www.mesvendanges.com\/wp-content\/uploads\/2025\/05\/chappaz-marie-therese-grain-noir-magnum-valais-2020-150cl-rouge-png.png\",\"width\":407,\"height\":1500},{\"@type\":\"WebPage\",\"@id\":\"https:\/\/www.mesvendanges.com\/en\/shop\/wines\/grain-noir-magnum-chappaz-marie-therese-2020-150cl\/\",\"url\":\"https:\/\/www.mesvendanges.com\/en\/shop\/wines\/grain-noir-magnum-chappaz-marie-therese-2020-150cl\/\",\"name\":\"GRAIN NOIR MAGNUM - Mes Vendanges\",\"isPartOf\":{\"@id\":\"https:\/\/www.mesvendanges.com\/en\/#website\"},\"primaryImageOfPage\":{\"@id\":\"https:\/\/www.mesvendanges.com\/en\/shop\/wines\/grain-noir-magnum-chappaz-marie-therese-2020-150cl\/#primaryimage\"},\"datePublished\":\"2022-08-02T15:43:04+00:00\",\"dateModified\":\"2025-05-01T12:38:19+00:00\",\"breadcrumb\":{\"@id\":\"https:\/\/www.mesvendanges.com\/en\/shop\/wines\/grain-noir-magnum-chappaz-marie-therese-2020-150cl\/#breadcrumb\"},\"inLanguage\":\"fr-FR\",\"potentialAction\":[{\"@type\":\"ReadAction\",\"target\":[\"https:\/\/www.mesvendanges.com\/en\/shop\/wines\/grain-noir-magnum-chappaz-marie-therese-2020-150cl\/\"]}]},{\"@type\":\"BreadcrumbList\",\"@id\":\"https:\/\/www.mesvendanges.com\/en\/shop\/wines\/grain-noir-magnum-chappaz-marie-therese-2020-150cl\/#breadcrumb\",\"itemListElement\":[{\"@type\":\"ListItem\",\"position\":1,\"name\":\"Home\",\"item\":\"https:\/\/www.mesvendanges.com\/en\/\"},{\"@type\":\"ListItem\",\"position\":2,\"name\":\"Shop\",\"item\":\"https:\/\/www.mesvendanges.com\/en\/shop\/\"},{\"@type\":\"ListItem\",\"position\":3,\"name\":\"GRAIN NOIR MAGNUM\"}]}]}<\/script>\n<!-- \/ Yoast SEO plugin. -->","yoast_head_json":{"title":"GRAIN NOIR MAGNUM - Mes Vendanges","robots":{"index":"index","follow":"follow","max-snippet":"max-snippet:-1","max-image-preview":"max-image-preview:large","max-video-preview":"max-video-preview:-1"},"canonical":"https:\/\/www.mesvendanges.com\/en\/shop\/wines\/grain-noir-magnum-chappaz-marie-therese-2020-150cl\/","og_locale":"en_US","og_type":"article","og_title":"GRAIN NOIR MAGNUM - Mes Vendanges","og_description":"Terroir : granitique, terre profonde, Claives, Liaudisaz et Carroz Le grain noir se pr\u00e9sente toujours sur un caract\u00e8re serr\u00e9, myst\u00e9rieux dans sa jeunesse. Le nez, noir, gorg\u00e9 de baies de sureau ouvre la porte d&#8217;un corps vertical, dense, aux tannins fins, tram\u00e9s, marqu\u00e9s par l&#8217;\u00e9nergie du granit. C&#8217;est un vin qui demande du temps, de [&hellip;]","og_url":"https:\/\/www.mesvendanges.com\/en\/shop\/wines\/grain-noir-magnum-chappaz-marie-therese-2020-150cl\/","og_site_name":"Mes Vendanges","article_modified_time":"2025-05-01T12:38:19+00:00","og_image":[{"width":407,"height":1500,"url":"https:\/\/www.mesvendanges.com\/wp-content\/uploads\/2025\/05\/chappaz-marie-therese-grain-noir-magnum-valais-2020-150cl-rouge-png.png","type":"image\/png"}],"twitter_card":"summary_large_image","schema":{"@context":"https:\/\/schema.org","@graph":[{"@type":"Organization","@id":"https:\/\/www.mesvendanges.com\/en\/#organization","name":"Mes Vendanges","url":"https:\/\/www.mesvendanges.com\/en\/","sameAs":[],"logo":{"@type":"ImageObject","inLanguage":"fr-FR","@id":"https:\/\/www.mesvendanges.com\/en\/#\/schema\/logo\/image\/","url":"https:\/\/www.mesvendanges.com\/wp-content\/uploads\/2022\/02\/logo-mesvendanges.jpg","contentUrl":"https:\/\/www.mesvendanges.com\/wp-content\/uploads\/2022\/02\/logo-mesvendanges.jpg","width":851,"height":260,"caption":"Mes Vendanges"},"image":{"@id":"https:\/\/www.mesvendanges.com\/en\/#\/schema\/logo\/image\/"}},{"@type":"WebSite","@id":"https:\/\/www.mesvendanges.com\/en\/#website","url":"https:\/\/www.mesvendanges.com\/en\/","name":"Mes Vendanges","description":"Des journ\u00e9es enti\u00e8res dans les vignes","publisher":{"@id":"https:\/\/www.mesvendanges.com\/en\/#organization"},"potentialAction":[{"@type":"SearchAction","target":{"@type":"EntryPoint","urlTemplate":"https:\/\/www.mesvendanges.com\/en\/?s={search_term_string}"},"query-input":"required name=search_term_string"}],"inLanguage":"fr-FR"},{"@type":"ImageObject","inLanguage":"fr-FR","@id":"https:\/\/www.mesvendanges.com\/en\/shop\/wines\/grain-noir-magnum-chappaz-marie-therese-2020-150cl\/#primaryimage","url":"https:\/\/www.mesvendanges.com\/wp-content\/uploads\/2025\/05\/chappaz-marie-therese-grain-noir-magnum-valais-2020-150cl-rouge-png.png","contentUrl":"https:\/\/www.mesvendanges.com\/wp-content\/uploads\/2025\/05\/chappaz-marie-therese-grain-noir-magnum-valais-2020-150cl-rouge-png.png","width":407,"height":1500},{"@type":"WebPage","@id":"https:\/\/www.mesvendanges.com\/en\/shop\/wines\/grain-noir-magnum-chappaz-marie-therese-2020-150cl\/","url":"https:\/\/www.mesvendanges.com\/en\/shop\/wines\/grain-noir-magnum-chappaz-marie-therese-2020-150cl\/","name":"GRAIN NOIR MAGNUM - Mes Vendanges","isPartOf":{"@id":"https:\/\/www.mesvendanges.com\/en\/#website"},"primaryImageOfPage":{"@id":"https:\/\/www.mesvendanges.com\/en\/shop\/wines\/grain-noir-magnum-chappaz-marie-therese-2020-150cl\/#primaryimage"},"datePublished":"2022-08-02T15:43:04+00:00","dateModified":"2025-05-01T12:38:19+00:00","breadcrumb":{"@id":"https:\/\/www.mesvendanges.com\/en\/shop\/wines\/grain-noir-magnum-chappaz-marie-therese-2020-150cl\/#breadcrumb"},"inLanguage":"fr-FR","potentialAction":[{"@type":"ReadAction","target":["https:\/\/www.mesvendanges.com\/en\/shop\/wines\/grain-noir-magnum-chappaz-marie-therese-2020-150cl\/"]}]},{"@type":"BreadcrumbList","@id":"https:\/\/www.mesvendanges.com\/en\/shop\/wines\/grain-noir-magnum-chappaz-marie-therese-2020-150cl\/#breadcrumb","itemListElement":[{"@type":"ListItem","position":1,"name":"Home","item":"https:\/\/www.mesvendanges.com\/en\/"},{"@type":"ListItem","position":2,"name":"Shop","item":"https:\/\/www.mesvendanges.com\/en\/shop\/"},{"@type":"ListItem","position":3,"name":"GRAIN NOIR MAGNUM"}]}]}},"_links":{"self":[{"href":"https:\/\/www.mesvendanges.com\/en\/wp-json\/wp\/v2\/product\/48732"}],"collection":[{"href":"https:\/\/www.mesvendanges.com\/en\/wp-json\/wp\/v2\/product"}],"about":[{"href":"https:\/\/www.mesvendanges.com\/en\/wp-json\/wp\/v2\/types\/product"}],"wp:featuredmedia":[{"embeddable":true,"href":"https:\/\/www.mesvendanges.com\/en\/wp-json\/wp\/v2\/media\/86630"}],"wp:attachment":[{"href":"https:\/\/www.mesvendanges.com\/en\/wp-json\/wp\/v2\/media?parent=48732"}],"wp:term":[{"taxonomy":"product_cat","embeddable":true,"href":"https:\/\/www.mesvendanges.com\/en\/wp-json\/wp\/v2\/product_cat?post=48732"},{"taxonomy":"product_tag","embeddable":true,"href":"https:\/\/www.mesvendanges.com\/en\/wp-json\/wp\/v2\/product_tag?post=48732"}],"curies":[{"name":"wp","href":"https:\/\/api.w.org\/{rel}","templated":true}]}}