{"id":48799,"date":"2022-08-02T17:44:04","date_gmt":"2022-08-02T15:44:04","guid":{"rendered":"https:\/\/www.mesvendanges.com\/shop\/uncategorized\/dizy-corne-bautray-magnum\/"},"modified":"2025-05-01T16:10:27","modified_gmt":"2025-05-01T14:10:27","slug":"dizy-corne-bautray-magnum-jacquesson-2012-150cl","status":"publish","type":"product","link":"https:\/\/www.mesvendanges.com\/en\/shop\/wines\/dizy-corne-bautray-magnum-jacquesson-2012-150cl\/","title":{"rendered":"DIZY CORNE-BAUTRAY MAGNUM"},"content":{"rendered":"<p>Haut de c\u00f4te pentu orient\u00e9 sud-ouest ; sol argileux charg\u00e9 de cailloux de meuli\u00e8re sur craie campanienne ; 9.000 pieds de chardonnay plant\u00e9s sur 1 ha en 1960 ; taille chablis.<br \/>\n\u25ca 2012, l\u2019hiver est froid et long, le printemps et le d\u00e9but de l\u2019\u00e9t\u00e9 sont tr\u00e8s pluvieux et on observe de fortes attaques de mildiou. Mais la fin de saison superbe permet une vendange de petit rendement mais d\u2019une qualit\u00e9 remarquable.<br \/>\nMise en bouteilles le 27 juin 2013<br \/>\nD\u00e9gorgement en mars 2021.<br \/>\n\u0387 3.368 bouteilles et 200 magnums<br \/>\nDosage : 0 gr\/l<\/p>\n","protected":false},"excerpt":{"rendered":"<p>Haut de c\u00f4te pentu orient\u00e9 sud-ouest ; sol argileux charg\u00e9 de cailloux de meuli\u00e8re sur craie campanienne ; 9.000 pieds de chardonnay plant\u00e9s sur 1 ha en 1960 ; taille chablis. \u25ca 2012, l\u2019hiver est froid et long, le printemps et le d\u00e9but de l\u2019\u00e9t\u00e9 sont tr\u00e8s pluvieux et on observe de fortes attaques de [&hellip;]<\/p>\n","protected":false},"featured_media":74886,"template":"","meta":[],"product_cat":[3740],"product_tag":[],"acf":[],"yoast_head":"<!-- This site is optimized with the Yoast SEO plugin v19.3 - https:\/\/yoast.com\/wordpress\/plugins\/seo\/ -->\n<title>DIZY CORNE-BAUTRAY MAGNUM - Mes Vendanges<\/title>\n<meta name=\"robots\" content=\"index, follow, max-snippet:-1, max-image-preview:large, max-video-preview:-1\" \/>\n<link rel=\"canonical\" href=\"https:\/\/www.mesvendanges.com\/en\/shop\/wines\/dizy-corne-bautray-magnum-jacquesson-2012-150cl\/\" \/>\n<meta property=\"og:locale\" content=\"en_US\" \/>\n<meta property=\"og:type\" content=\"article\" \/>\n<meta property=\"og:title\" content=\"DIZY CORNE-BAUTRAY MAGNUM - Mes Vendanges\" \/>\n<meta property=\"og:description\" content=\"Haut de c\u00f4te pentu orient\u00e9 sud-ouest ; sol argileux charg\u00e9 de cailloux de meuli\u00e8re sur craie campanienne ; 9.000 pieds de chardonnay plant\u00e9s sur 1 ha en 1960 ; taille chablis. \u25ca 2012, l\u2019hiver est froid et long, le printemps et le d\u00e9but de l\u2019\u00e9t\u00e9 sont tr\u00e8s pluvieux et on observe de fortes attaques de [&hellip;]\" \/>\n<meta property=\"og:url\" content=\"https:\/\/www.mesvendanges.com\/en\/shop\/wines\/dizy-corne-bautray-magnum-jacquesson-2012-150cl\/\" \/>\n<meta property=\"og:site_name\" content=\"Mes Vendanges\" \/>\n<meta property=\"article:modified_time\" content=\"2025-05-01T14:10:27+00:00\" \/>\n<meta property=\"og:image\" content=\"https:\/\/www.mesvendanges.com\/wp-content\/uploads\/2024\/05\/champagne-jacquesson-dizy-corne-bautray-2012-magnum-png.png\" \/>\n\t<meta property=\"og:image:width\" content=\"438\" \/>\n\t<meta property=\"og:image:height\" content=\"1500\" \/>\n\t<meta property=\"og:image:type\" content=\"image\/png\" \/>\n<meta name=\"twitter:card\" content=\"summary_large_image\" \/>\n<script type=\"application\/ld+json\" class=\"yoast-schema-graph\">{\"@context\":\"https:\/\/schema.org\",\"@graph\":[{\"@type\":\"Organization\",\"@id\":\"https:\/\/www.mesvendanges.com\/en\/#organization\",\"name\":\"Mes Vendanges\",\"url\":\"https:\/\/www.mesvendanges.com\/en\/\",\"sameAs\":[],\"logo\":{\"@type\":\"ImageObject\",\"inLanguage\":\"fr-FR\",\"@id\":\"https:\/\/www.mesvendanges.com\/en\/#\/schema\/logo\/image\/\",\"url\":\"https:\/\/www.mesvendanges.com\/wp-content\/uploads\/2022\/02\/logo-mesvendanges.jpg\",\"contentUrl\":\"https:\/\/www.mesvendanges.com\/wp-content\/uploads\/2022\/02\/logo-mesvendanges.jpg\",\"width\":851,\"height\":260,\"caption\":\"Mes Vendanges\"},\"image\":{\"@id\":\"https:\/\/www.mesvendanges.com\/en\/#\/schema\/logo\/image\/\"}},{\"@type\":\"WebSite\",\"@id\":\"https:\/\/www.mesvendanges.com\/en\/#website\",\"url\":\"https:\/\/www.mesvendanges.com\/en\/\",\"name\":\"Mes Vendanges\",\"description\":\"Des journ\u00e9es enti\u00e8res dans les vignes\",\"publisher\":{\"@id\":\"https:\/\/www.mesvendanges.com\/en\/#organization\"},\"potentialAction\":[{\"@type\":\"SearchAction\",\"target\":{\"@type\":\"EntryPoint\",\"urlTemplate\":\"https:\/\/www.mesvendanges.com\/en\/?s={search_term_string}\"},\"query-input\":\"required name=search_term_string\"}],\"inLanguage\":\"fr-FR\"},{\"@type\":\"ImageObject\",\"inLanguage\":\"fr-FR\",\"@id\":\"https:\/\/www.mesvendanges.com\/en\/shop\/wines\/dizy-corne-bautray-magnum-jacquesson-2012-150cl\/#primaryimage\",\"url\":\"https:\/\/www.mesvendanges.com\/wp-content\/uploads\/2024\/05\/champagne-jacquesson-dizy-corne-bautray-2012-magnum-png.png\",\"contentUrl\":\"https:\/\/www.mesvendanges.com\/wp-content\/uploads\/2024\/05\/champagne-jacquesson-dizy-corne-bautray-2012-magnum-png.png\",\"width\":438,\"height\":1500},{\"@type\":\"WebPage\",\"@id\":\"https:\/\/www.mesvendanges.com\/en\/shop\/wines\/dizy-corne-bautray-magnum-jacquesson-2012-150cl\/\",\"url\":\"https:\/\/www.mesvendanges.com\/en\/shop\/wines\/dizy-corne-bautray-magnum-jacquesson-2012-150cl\/\",\"name\":\"DIZY CORNE-BAUTRAY MAGNUM - Mes Vendanges\",\"isPartOf\":{\"@id\":\"https:\/\/www.mesvendanges.com\/en\/#website\"},\"primaryImageOfPage\":{\"@id\":\"https:\/\/www.mesvendanges.com\/en\/shop\/wines\/dizy-corne-bautray-magnum-jacquesson-2012-150cl\/#primaryimage\"},\"datePublished\":\"2022-08-02T15:44:04+00:00\",\"dateModified\":\"2025-05-01T14:10:27+00:00\",\"breadcrumb\":{\"@id\":\"https:\/\/www.mesvendanges.com\/en\/shop\/wines\/dizy-corne-bautray-magnum-jacquesson-2012-150cl\/#breadcrumb\"},\"inLanguage\":\"fr-FR\",\"potentialAction\":[{\"@type\":\"ReadAction\",\"target\":[\"https:\/\/www.mesvendanges.com\/en\/shop\/wines\/dizy-corne-bautray-magnum-jacquesson-2012-150cl\/\"]}]},{\"@type\":\"BreadcrumbList\",\"@id\":\"https:\/\/www.mesvendanges.com\/en\/shop\/wines\/dizy-corne-bautray-magnum-jacquesson-2012-150cl\/#breadcrumb\",\"itemListElement\":[{\"@type\":\"ListItem\",\"position\":1,\"name\":\"Home\",\"item\":\"https:\/\/www.mesvendanges.com\/en\/\"},{\"@type\":\"ListItem\",\"position\":2,\"name\":\"Shop\",\"item\":\"https:\/\/www.mesvendanges.com\/en\/shop\/\"},{\"@type\":\"ListItem\",\"position\":3,\"name\":\"DIZY CORNE-BAUTRAY MAGNUM\"}]}]}<\/script>\n<!-- \/ Yoast SEO plugin. -->","yoast_head_json":{"title":"DIZY CORNE-BAUTRAY MAGNUM - Mes Vendanges","robots":{"index":"index","follow":"follow","max-snippet":"max-snippet:-1","max-image-preview":"max-image-preview:large","max-video-preview":"max-video-preview:-1"},"canonical":"https:\/\/www.mesvendanges.com\/en\/shop\/wines\/dizy-corne-bautray-magnum-jacquesson-2012-150cl\/","og_locale":"en_US","og_type":"article","og_title":"DIZY CORNE-BAUTRAY MAGNUM - Mes Vendanges","og_description":"Haut de c\u00f4te pentu orient\u00e9 sud-ouest ; sol argileux charg\u00e9 de cailloux de meuli\u00e8re sur craie campanienne ; 9.000 pieds de chardonnay plant\u00e9s sur 1 ha en 1960 ; taille chablis. \u25ca 2012, l\u2019hiver est froid et long, le printemps et le d\u00e9but de l\u2019\u00e9t\u00e9 sont tr\u00e8s pluvieux et on observe de fortes attaques de [&hellip;]","og_url":"https:\/\/www.mesvendanges.com\/en\/shop\/wines\/dizy-corne-bautray-magnum-jacquesson-2012-150cl\/","og_site_name":"Mes Vendanges","article_modified_time":"2025-05-01T14:10:27+00:00","og_image":[{"width":438,"height":1500,"url":"https:\/\/www.mesvendanges.com\/wp-content\/uploads\/2024\/05\/champagne-jacquesson-dizy-corne-bautray-2012-magnum-png.png","type":"image\/png"}],"twitter_card":"summary_large_image","schema":{"@context":"https:\/\/schema.org","@graph":[{"@type":"Organization","@id":"https:\/\/www.mesvendanges.com\/en\/#organization","name":"Mes Vendanges","url":"https:\/\/www.mesvendanges.com\/en\/","sameAs":[],"logo":{"@type":"ImageObject","inLanguage":"fr-FR","@id":"https:\/\/www.mesvendanges.com\/en\/#\/schema\/logo\/image\/","url":"https:\/\/www.mesvendanges.com\/wp-content\/uploads\/2022\/02\/logo-mesvendanges.jpg","contentUrl":"https:\/\/www.mesvendanges.com\/wp-content\/uploads\/2022\/02\/logo-mesvendanges.jpg","width":851,"height":260,"caption":"Mes Vendanges"},"image":{"@id":"https:\/\/www.mesvendanges.com\/en\/#\/schema\/logo\/image\/"}},{"@type":"WebSite","@id":"https:\/\/www.mesvendanges.com\/en\/#website","url":"https:\/\/www.mesvendanges.com\/en\/","name":"Mes Vendanges","description":"Des journ\u00e9es enti\u00e8res dans les vignes","publisher":{"@id":"https:\/\/www.mesvendanges.com\/en\/#organization"},"potentialAction":[{"@type":"SearchAction","target":{"@type":"EntryPoint","urlTemplate":"https:\/\/www.mesvendanges.com\/en\/?s={search_term_string}"},"query-input":"required name=search_term_string"}],"inLanguage":"fr-FR"},{"@type":"ImageObject","inLanguage":"fr-FR","@id":"https:\/\/www.mesvendanges.com\/en\/shop\/wines\/dizy-corne-bautray-magnum-jacquesson-2012-150cl\/#primaryimage","url":"https:\/\/www.mesvendanges.com\/wp-content\/uploads\/2024\/05\/champagne-jacquesson-dizy-corne-bautray-2012-magnum-png.png","contentUrl":"https:\/\/www.mesvendanges.com\/wp-content\/uploads\/2024\/05\/champagne-jacquesson-dizy-corne-bautray-2012-magnum-png.png","width":438,"height":1500},{"@type":"WebPage","@id":"https:\/\/www.mesvendanges.com\/en\/shop\/wines\/dizy-corne-bautray-magnum-jacquesson-2012-150cl\/","url":"https:\/\/www.mesvendanges.com\/en\/shop\/wines\/dizy-corne-bautray-magnum-jacquesson-2012-150cl\/","name":"DIZY CORNE-BAUTRAY MAGNUM - Mes Vendanges","isPartOf":{"@id":"https:\/\/www.mesvendanges.com\/en\/#website"},"primaryImageOfPage":{"@id":"https:\/\/www.mesvendanges.com\/en\/shop\/wines\/dizy-corne-bautray-magnum-jacquesson-2012-150cl\/#primaryimage"},"datePublished":"2022-08-02T15:44:04+00:00","dateModified":"2025-05-01T14:10:27+00:00","breadcrumb":{"@id":"https:\/\/www.mesvendanges.com\/en\/shop\/wines\/dizy-corne-bautray-magnum-jacquesson-2012-150cl\/#breadcrumb"},"inLanguage":"fr-FR","potentialAction":[{"@type":"ReadAction","target":["https:\/\/www.mesvendanges.com\/en\/shop\/wines\/dizy-corne-bautray-magnum-jacquesson-2012-150cl\/"]}]},{"@type":"BreadcrumbList","@id":"https:\/\/www.mesvendanges.com\/en\/shop\/wines\/dizy-corne-bautray-magnum-jacquesson-2012-150cl\/#breadcrumb","itemListElement":[{"@type":"ListItem","position":1,"name":"Home","item":"https:\/\/www.mesvendanges.com\/en\/"},{"@type":"ListItem","position":2,"name":"Shop","item":"https:\/\/www.mesvendanges.com\/en\/shop\/"},{"@type":"ListItem","position":3,"name":"DIZY CORNE-BAUTRAY MAGNUM"}]}]}},"_links":{"self":[{"href":"https:\/\/www.mesvendanges.com\/en\/wp-json\/wp\/v2\/product\/48799"}],"collection":[{"href":"https:\/\/www.mesvendanges.com\/en\/wp-json\/wp\/v2\/product"}],"about":[{"href":"https:\/\/www.mesvendanges.com\/en\/wp-json\/wp\/v2\/types\/product"}],"wp:featuredmedia":[{"embeddable":true,"href":"https:\/\/www.mesvendanges.com\/en\/wp-json\/wp\/v2\/media\/74886"}],"wp:attachment":[{"href":"https:\/\/www.mesvendanges.com\/en\/wp-json\/wp\/v2\/media?parent=48799"}],"wp:term":[{"taxonomy":"product_cat","embeddable":true,"href":"https:\/\/www.mesvendanges.com\/en\/wp-json\/wp\/v2\/product_cat?post=48799"},{"taxonomy":"product_tag","embeddable":true,"href":"https:\/\/www.mesvendanges.com\/en\/wp-json\/wp\/v2\/product_tag?post=48799"}],"curies":[{"name":"wp","href":"https:\/\/api.w.org\/{rel}","templated":true}]}}