{"id":48838,"date":"2022-08-02T17:44:39","date_gmt":"2022-08-02T15:44:39","guid":{"rendered":"https:\/\/www.mesvendanges.com\/shop\/uncategorized\/les-deux-albion-4\/"},"modified":"2025-05-01T17:34:49","modified_gmt":"2025-05-01T15:34:49","slug":"les-deux-albion-saint-cosme-ch-2020-75cl","status":"publish","type":"product","link":"https:\/\/www.mesvendanges.com\/en\/shop\/wines\/les-deux-albion-saint-cosme-ch-2020-75cl\/","title":{"rendered":"LES DEUX ALBION"},"content":{"rendered":"<p>cette cuv\u00e9e est issue de vignes sur coteaux d&#8217;argiles, marnes calcaires et galets roul\u00e9s. Les trois c\u00e9pages sont co-ferment\u00e9s en vendange enti\u00e8re (avec les rafles) puis le jus est \u00e9lev\u00e9 en cuve bois tronconnique et en cuve b\u00e9ton.<br \/>\nC&#8217;est un c\u00f4tes du Rh\u00f4ne \u00e0 la fois profond et floral. Taill\u00e9 pour la garde, la vendange enti\u00e8re lui apporte une fraicheur de bon aloi et soutient les notes de pivoine et de violette. On retrouve en finale la forte empeinte min\u00e9rale calcaire des vins satelittes de Gigondas.<\/p>\n","protected":false},"excerpt":{"rendered":"<p>cette cuv\u00e9e est issue de vignes sur coteaux d&#8217;argiles, marnes calcaires et galets roul\u00e9s. Les trois c\u00e9pages sont co-ferment\u00e9s en vendange enti\u00e8re (avec les rafles) puis le jus est \u00e9lev\u00e9 en cuve bois tronconnique et en cuve b\u00e9ton. C&#8217;est un c\u00f4tes du Rh\u00f4ne \u00e0 la fois profond et floral. Taill\u00e9 pour la garde, la vendange [&hellip;]<\/p>\n","protected":false},"featured_media":87728,"template":"","meta":[],"product_cat":[3740],"product_tag":[],"acf":[],"yoast_head":"<!-- This site is optimized with the Yoast SEO plugin v19.3 - https:\/\/yoast.com\/wordpress\/plugins\/seo\/ -->\n<title>LES DEUX ALBION - Mes Vendanges<\/title>\n<meta name=\"robots\" content=\"index, follow, max-snippet:-1, max-image-preview:large, max-video-preview:-1\" \/>\n<link rel=\"canonical\" href=\"https:\/\/www.mesvendanges.com\/en\/shop\/wines\/les-deux-albion-saint-cosme-ch-2020-75cl\/\" \/>\n<meta property=\"og:locale\" content=\"en_US\" \/>\n<meta property=\"og:type\" content=\"article\" \/>\n<meta property=\"og:title\" content=\"LES DEUX ALBION - Mes Vendanges\" \/>\n<meta property=\"og:description\" content=\"cette cuv\u00e9e est issue de vignes sur coteaux d&#8217;argiles, marnes calcaires et galets roul\u00e9s. Les trois c\u00e9pages sont co-ferment\u00e9s en vendange enti\u00e8re (avec les rafles) puis le jus est \u00e9lev\u00e9 en cuve bois tronconnique et en cuve b\u00e9ton. C&#8217;est un c\u00f4tes du Rh\u00f4ne \u00e0 la fois profond et floral. Taill\u00e9 pour la garde, la vendange [&hellip;]\" \/>\n<meta property=\"og:url\" content=\"https:\/\/www.mesvendanges.com\/en\/shop\/wines\/les-deux-albion-saint-cosme-ch-2020-75cl\/\" \/>\n<meta property=\"og:site_name\" content=\"Mes Vendanges\" \/>\n<meta property=\"article:modified_time\" content=\"2025-05-01T15:34:49+00:00\" \/>\n<meta property=\"og:image\" content=\"https:\/\/www.mesvendanges.com\/wp-content\/uploads\/2025\/05\/saint-cosme-ch-les-deux-albion-cotes-du-rhone-2020-75cl-rouge-png.png\" \/>\n\t<meta property=\"og:image:width\" content=\"413\" \/>\n\t<meta property=\"og:image:height\" content=\"1500\" \/>\n\t<meta property=\"og:image:type\" content=\"image\/png\" \/>\n<meta name=\"twitter:card\" content=\"summary_large_image\" \/>\n<script type=\"application\/ld+json\" class=\"yoast-schema-graph\">{\"@context\":\"https:\/\/schema.org\",\"@graph\":[{\"@type\":\"Organization\",\"@id\":\"https:\/\/www.mesvendanges.com\/en\/#organization\",\"name\":\"Mes Vendanges\",\"url\":\"https:\/\/www.mesvendanges.com\/en\/\",\"sameAs\":[],\"logo\":{\"@type\":\"ImageObject\",\"inLanguage\":\"fr-FR\",\"@id\":\"https:\/\/www.mesvendanges.com\/en\/#\/schema\/logo\/image\/\",\"url\":\"https:\/\/www.mesvendanges.com\/wp-content\/uploads\/2022\/02\/logo-mesvendanges.jpg\",\"contentUrl\":\"https:\/\/www.mesvendanges.com\/wp-content\/uploads\/2022\/02\/logo-mesvendanges.jpg\",\"width\":851,\"height\":260,\"caption\":\"Mes Vendanges\"},\"image\":{\"@id\":\"https:\/\/www.mesvendanges.com\/en\/#\/schema\/logo\/image\/\"}},{\"@type\":\"WebSite\",\"@id\":\"https:\/\/www.mesvendanges.com\/en\/#website\",\"url\":\"https:\/\/www.mesvendanges.com\/en\/\",\"name\":\"Mes Vendanges\",\"description\":\"Des journ\u00e9es enti\u00e8res dans les vignes\",\"publisher\":{\"@id\":\"https:\/\/www.mesvendanges.com\/en\/#organization\"},\"potentialAction\":[{\"@type\":\"SearchAction\",\"target\":{\"@type\":\"EntryPoint\",\"urlTemplate\":\"https:\/\/www.mesvendanges.com\/en\/?s={search_term_string}\"},\"query-input\":\"required name=search_term_string\"}],\"inLanguage\":\"fr-FR\"},{\"@type\":\"ImageObject\",\"inLanguage\":\"fr-FR\",\"@id\":\"https:\/\/www.mesvendanges.com\/en\/shop\/wines\/les-deux-albion-saint-cosme-ch-2020-75cl\/#primaryimage\",\"url\":\"https:\/\/www.mesvendanges.com\/wp-content\/uploads\/2025\/05\/saint-cosme-ch-les-deux-albion-cotes-du-rhone-2020-75cl-rouge-png.png\",\"contentUrl\":\"https:\/\/www.mesvendanges.com\/wp-content\/uploads\/2025\/05\/saint-cosme-ch-les-deux-albion-cotes-du-rhone-2020-75cl-rouge-png.png\",\"width\":413,\"height\":1500},{\"@type\":\"WebPage\",\"@id\":\"https:\/\/www.mesvendanges.com\/en\/shop\/wines\/les-deux-albion-saint-cosme-ch-2020-75cl\/\",\"url\":\"https:\/\/www.mesvendanges.com\/en\/shop\/wines\/les-deux-albion-saint-cosme-ch-2020-75cl\/\",\"name\":\"LES DEUX ALBION - Mes Vendanges\",\"isPartOf\":{\"@id\":\"https:\/\/www.mesvendanges.com\/en\/#website\"},\"primaryImageOfPage\":{\"@id\":\"https:\/\/www.mesvendanges.com\/en\/shop\/wines\/les-deux-albion-saint-cosme-ch-2020-75cl\/#primaryimage\"},\"datePublished\":\"2022-08-02T15:44:39+00:00\",\"dateModified\":\"2025-05-01T15:34:49+00:00\",\"breadcrumb\":{\"@id\":\"https:\/\/www.mesvendanges.com\/en\/shop\/wines\/les-deux-albion-saint-cosme-ch-2020-75cl\/#breadcrumb\"},\"inLanguage\":\"fr-FR\",\"potentialAction\":[{\"@type\":\"ReadAction\",\"target\":[\"https:\/\/www.mesvendanges.com\/en\/shop\/wines\/les-deux-albion-saint-cosme-ch-2020-75cl\/\"]}]},{\"@type\":\"BreadcrumbList\",\"@id\":\"https:\/\/www.mesvendanges.com\/en\/shop\/wines\/les-deux-albion-saint-cosme-ch-2020-75cl\/#breadcrumb\",\"itemListElement\":[{\"@type\":\"ListItem\",\"position\":1,\"name\":\"Home\",\"item\":\"https:\/\/www.mesvendanges.com\/en\/\"},{\"@type\":\"ListItem\",\"position\":2,\"name\":\"Shop\",\"item\":\"https:\/\/www.mesvendanges.com\/en\/shop\/\"},{\"@type\":\"ListItem\",\"position\":3,\"name\":\"LES DEUX ALBION\"}]}]}<\/script>\n<!-- \/ Yoast SEO plugin. -->","yoast_head_json":{"title":"LES DEUX ALBION - Mes Vendanges","robots":{"index":"index","follow":"follow","max-snippet":"max-snippet:-1","max-image-preview":"max-image-preview:large","max-video-preview":"max-video-preview:-1"},"canonical":"https:\/\/www.mesvendanges.com\/en\/shop\/wines\/les-deux-albion-saint-cosme-ch-2020-75cl\/","og_locale":"en_US","og_type":"article","og_title":"LES DEUX ALBION - Mes Vendanges","og_description":"cette cuv\u00e9e est issue de vignes sur coteaux d&#8217;argiles, marnes calcaires et galets roul\u00e9s. Les trois c\u00e9pages sont co-ferment\u00e9s en vendange enti\u00e8re (avec les rafles) puis le jus est \u00e9lev\u00e9 en cuve bois tronconnique et en cuve b\u00e9ton. C&#8217;est un c\u00f4tes du Rh\u00f4ne \u00e0 la fois profond et floral. Taill\u00e9 pour la garde, la vendange [&hellip;]","og_url":"https:\/\/www.mesvendanges.com\/en\/shop\/wines\/les-deux-albion-saint-cosme-ch-2020-75cl\/","og_site_name":"Mes Vendanges","article_modified_time":"2025-05-01T15:34:49+00:00","og_image":[{"width":413,"height":1500,"url":"https:\/\/www.mesvendanges.com\/wp-content\/uploads\/2025\/05\/saint-cosme-ch-les-deux-albion-cotes-du-rhone-2020-75cl-rouge-png.png","type":"image\/png"}],"twitter_card":"summary_large_image","schema":{"@context":"https:\/\/schema.org","@graph":[{"@type":"Organization","@id":"https:\/\/www.mesvendanges.com\/en\/#organization","name":"Mes Vendanges","url":"https:\/\/www.mesvendanges.com\/en\/","sameAs":[],"logo":{"@type":"ImageObject","inLanguage":"fr-FR","@id":"https:\/\/www.mesvendanges.com\/en\/#\/schema\/logo\/image\/","url":"https:\/\/www.mesvendanges.com\/wp-content\/uploads\/2022\/02\/logo-mesvendanges.jpg","contentUrl":"https:\/\/www.mesvendanges.com\/wp-content\/uploads\/2022\/02\/logo-mesvendanges.jpg","width":851,"height":260,"caption":"Mes Vendanges"},"image":{"@id":"https:\/\/www.mesvendanges.com\/en\/#\/schema\/logo\/image\/"}},{"@type":"WebSite","@id":"https:\/\/www.mesvendanges.com\/en\/#website","url":"https:\/\/www.mesvendanges.com\/en\/","name":"Mes Vendanges","description":"Des journ\u00e9es enti\u00e8res dans les vignes","publisher":{"@id":"https:\/\/www.mesvendanges.com\/en\/#organization"},"potentialAction":[{"@type":"SearchAction","target":{"@type":"EntryPoint","urlTemplate":"https:\/\/www.mesvendanges.com\/en\/?s={search_term_string}"},"query-input":"required name=search_term_string"}],"inLanguage":"fr-FR"},{"@type":"ImageObject","inLanguage":"fr-FR","@id":"https:\/\/www.mesvendanges.com\/en\/shop\/wines\/les-deux-albion-saint-cosme-ch-2020-75cl\/#primaryimage","url":"https:\/\/www.mesvendanges.com\/wp-content\/uploads\/2025\/05\/saint-cosme-ch-les-deux-albion-cotes-du-rhone-2020-75cl-rouge-png.png","contentUrl":"https:\/\/www.mesvendanges.com\/wp-content\/uploads\/2025\/05\/saint-cosme-ch-les-deux-albion-cotes-du-rhone-2020-75cl-rouge-png.png","width":413,"height":1500},{"@type":"WebPage","@id":"https:\/\/www.mesvendanges.com\/en\/shop\/wines\/les-deux-albion-saint-cosme-ch-2020-75cl\/","url":"https:\/\/www.mesvendanges.com\/en\/shop\/wines\/les-deux-albion-saint-cosme-ch-2020-75cl\/","name":"LES DEUX ALBION - Mes Vendanges","isPartOf":{"@id":"https:\/\/www.mesvendanges.com\/en\/#website"},"primaryImageOfPage":{"@id":"https:\/\/www.mesvendanges.com\/en\/shop\/wines\/les-deux-albion-saint-cosme-ch-2020-75cl\/#primaryimage"},"datePublished":"2022-08-02T15:44:39+00:00","dateModified":"2025-05-01T15:34:49+00:00","breadcrumb":{"@id":"https:\/\/www.mesvendanges.com\/en\/shop\/wines\/les-deux-albion-saint-cosme-ch-2020-75cl\/#breadcrumb"},"inLanguage":"fr-FR","potentialAction":[{"@type":"ReadAction","target":["https:\/\/www.mesvendanges.com\/en\/shop\/wines\/les-deux-albion-saint-cosme-ch-2020-75cl\/"]}]},{"@type":"BreadcrumbList","@id":"https:\/\/www.mesvendanges.com\/en\/shop\/wines\/les-deux-albion-saint-cosme-ch-2020-75cl\/#breadcrumb","itemListElement":[{"@type":"ListItem","position":1,"name":"Home","item":"https:\/\/www.mesvendanges.com\/en\/"},{"@type":"ListItem","position":2,"name":"Shop","item":"https:\/\/www.mesvendanges.com\/en\/shop\/"},{"@type":"ListItem","position":3,"name":"LES DEUX ALBION"}]}]}},"_links":{"self":[{"href":"https:\/\/www.mesvendanges.com\/en\/wp-json\/wp\/v2\/product\/48838"}],"collection":[{"href":"https:\/\/www.mesvendanges.com\/en\/wp-json\/wp\/v2\/product"}],"about":[{"href":"https:\/\/www.mesvendanges.com\/en\/wp-json\/wp\/v2\/types\/product"}],"wp:featuredmedia":[{"embeddable":true,"href":"https:\/\/www.mesvendanges.com\/en\/wp-json\/wp\/v2\/media\/87728"}],"wp:attachment":[{"href":"https:\/\/www.mesvendanges.com\/en\/wp-json\/wp\/v2\/media?parent=48838"}],"wp:term":[{"taxonomy":"product_cat","embeddable":true,"href":"https:\/\/www.mesvendanges.com\/en\/wp-json\/wp\/v2\/product_cat?post=48838"},{"taxonomy":"product_tag","embeddable":true,"href":"https:\/\/www.mesvendanges.com\/en\/wp-json\/wp\/v2\/product_tag?post=48838"}],"curies":[{"name":"wp","href":"https:\/\/api.w.org\/{rel}","templated":true}]}}