{"id":48852,"date":"2022-08-02T17:44:51","date_gmt":"2022-08-02T15:44:51","guid":{"rendered":"https:\/\/www.mesvendanges.com\/shop\/uncategorized\/chateau-de-rouanne-les-cotes\/"},"modified":"2025-05-01T17:29:59","modified_gmt":"2025-05-01T15:29:59","slug":"chateau-de-rouanne-les-cotes-saint-cosme-ch-2020-75cl","status":"publish","type":"product","link":"https:\/\/www.mesvendanges.com\/en\/shop\/wines\/chateau-de-rouanne-les-cotes-saint-cosme-ch-2020-75cl\/","title":{"rendered":"CHATEAU DE ROUANNE LES COTES"},"content":{"rendered":"<p>Marnes, argiles et calcaires du plioc\u00e8ne et du messinien Vignes de 50 ans de moyenne d\u2019\u00e2ge en culture biologique.<br \/>\nCo-fermentation traditionnelle en cuves b\u00e9ton. Levures indig\u00e8nes.<br \/>\nElevage de 12 mois en demi-muids et pi\u00e8ces bourguignonnes. 15% neufs \u2013 50% un vin \u2013 35% deux vins<br \/>\nLe lieu-dit des C\u00f4tes, situ\u00e9 tout en haut du coteau de Rouanne est connu pour produire depuis toujours des vins d\u2019exception. Ce sol bien drain\u00e9 et argileux a subi l\u2019influence du Messinien, une p\u00e9riode g\u00e9ologique stup\u00e9fiante durant laquelle la mer m\u00e9diterran\u00e9e s\u2019est compl\u00e8tement ass\u00e9ch\u00e9e puis re-remplie en moins de trois ans quand l\u2019actuel d\u00e9troit de Gibraltar s\u2019est brutalement rompu. A cette \u00e9poque se sont creus\u00e9s tous les grands canyons du pourtour m\u00e9diterran\u00e9en dont les c\u00e9l\u00e8bres gorges du Verdon. Les C\u00f4tes font incontestablement partie des trois \u201chauts-lieux\u201d de Rouanne. Ici, les rendements sont faibles, les grappes<br \/>\nont de toutes petites baies. Tout y est intensit\u00e9, concentration et structure. Le vent froid balaye en permanence cet endroit et assainit sans cesse le v\u00e9g\u00e9tal et ses fruits. La signification du mot \u201cterroir\u201d prend tout son sens. Il semble que la faune et la flore vivent en harmonie avec la vigne, dans une qui\u00e9tude inimitable.<\/p>\n","protected":false},"excerpt":{"rendered":"<p>Marnes, argiles et calcaires du plioc\u00e8ne et du messinien Vignes de 50 ans de moyenne d\u2019\u00e2ge en culture biologique. Co-fermentation traditionnelle en cuves b\u00e9ton. Levures indig\u00e8nes. Elevage de 12 mois en demi-muids et pi\u00e8ces bourguignonnes. 15% neufs \u2013 50% un vin \u2013 35% deux vins Le lieu-dit des C\u00f4tes, situ\u00e9 tout en haut du coteau [&hellip;]<\/p>\n","protected":false},"featured_media":28776,"template":"","meta":[],"product_cat":[3740],"product_tag":[],"acf":[],"yoast_head":"<!-- This site is optimized with the Yoast SEO plugin v19.3 - https:\/\/yoast.com\/wordpress\/plugins\/seo\/ -->\n<title>CHATEAU DE ROUANNE LES COTES - Mes Vendanges<\/title>\n<meta name=\"robots\" content=\"index, follow, max-snippet:-1, max-image-preview:large, max-video-preview:-1\" \/>\n<link rel=\"canonical\" href=\"https:\/\/www.mesvendanges.com\/en\/shop\/wines\/chateau-de-rouanne-les-cotes-saint-cosme-ch-2020-75cl\/\" \/>\n<meta property=\"og:locale\" content=\"en_US\" \/>\n<meta property=\"og:type\" content=\"article\" \/>\n<meta property=\"og:title\" content=\"CHATEAU DE ROUANNE LES COTES - Mes Vendanges\" \/>\n<meta property=\"og:description\" content=\"Marnes, argiles et calcaires du plioc\u00e8ne et du messinien Vignes de 50 ans de moyenne d\u2019\u00e2ge en culture biologique. Co-fermentation traditionnelle en cuves b\u00e9ton. Levures indig\u00e8nes. Elevage de 12 mois en demi-muids et pi\u00e8ces bourguignonnes. 15% neufs \u2013 50% un vin \u2013 35% deux vins Le lieu-dit des C\u00f4tes, situ\u00e9 tout en haut du coteau [&hellip;]\" \/>\n<meta property=\"og:url\" content=\"https:\/\/www.mesvendanges.com\/en\/shop\/wines\/chateau-de-rouanne-les-cotes-saint-cosme-ch-2020-75cl\/\" \/>\n<meta property=\"og:site_name\" content=\"Mes Vendanges\" \/>\n<meta property=\"article:modified_time\" content=\"2025-05-01T15:29:59+00:00\" \/>\n<meta property=\"og:image\" content=\"https:\/\/www.mesvendanges.com\/wp-content\/uploads\/2022\/07\/saint-cosme-ch-chateau-de-rouanne-les-cotes-vinsobres-2020-75cl-rouge-png.png\" \/>\n\t<meta property=\"og:image:width\" content=\"417\" \/>\n\t<meta property=\"og:image:height\" content=\"1500\" \/>\n\t<meta property=\"og:image:type\" content=\"image\/png\" \/>\n<meta name=\"twitter:card\" content=\"summary_large_image\" \/>\n<meta name=\"twitter:label1\" content=\"Est. reading time\" \/>\n\t<meta name=\"twitter:data1\" content=\"1 minute\" \/>\n<script type=\"application\/ld+json\" class=\"yoast-schema-graph\">{\"@context\":\"https:\/\/schema.org\",\"@graph\":[{\"@type\":\"Organization\",\"@id\":\"https:\/\/www.mesvendanges.com\/en\/#organization\",\"name\":\"Mes Vendanges\",\"url\":\"https:\/\/www.mesvendanges.com\/en\/\",\"sameAs\":[],\"logo\":{\"@type\":\"ImageObject\",\"inLanguage\":\"fr-FR\",\"@id\":\"https:\/\/www.mesvendanges.com\/en\/#\/schema\/logo\/image\/\",\"url\":\"https:\/\/www.mesvendanges.com\/wp-content\/uploads\/2022\/02\/logo-mesvendanges.jpg\",\"contentUrl\":\"https:\/\/www.mesvendanges.com\/wp-content\/uploads\/2022\/02\/logo-mesvendanges.jpg\",\"width\":851,\"height\":260,\"caption\":\"Mes Vendanges\"},\"image\":{\"@id\":\"https:\/\/www.mesvendanges.com\/en\/#\/schema\/logo\/image\/\"}},{\"@type\":\"WebSite\",\"@id\":\"https:\/\/www.mesvendanges.com\/en\/#website\",\"url\":\"https:\/\/www.mesvendanges.com\/en\/\",\"name\":\"Mes Vendanges\",\"description\":\"Des journ\u00e9es enti\u00e8res dans les vignes\",\"publisher\":{\"@id\":\"https:\/\/www.mesvendanges.com\/en\/#organization\"},\"potentialAction\":[{\"@type\":\"SearchAction\",\"target\":{\"@type\":\"EntryPoint\",\"urlTemplate\":\"https:\/\/www.mesvendanges.com\/en\/?s={search_term_string}\"},\"query-input\":\"required name=search_term_string\"}],\"inLanguage\":\"fr-FR\"},{\"@type\":\"ImageObject\",\"inLanguage\":\"fr-FR\",\"@id\":\"https:\/\/www.mesvendanges.com\/en\/shop\/wines\/chateau-de-rouanne-les-cotes-saint-cosme-ch-2020-75cl\/#primaryimage\",\"url\":\"https:\/\/www.mesvendanges.com\/wp-content\/uploads\/2022\/07\/saint-cosme-ch-chateau-de-rouanne-les-cotes-vinsobres-2020-75cl-rouge-png.png\",\"contentUrl\":\"https:\/\/www.mesvendanges.com\/wp-content\/uploads\/2022\/07\/saint-cosme-ch-chateau-de-rouanne-les-cotes-vinsobres-2020-75cl-rouge-png.png\",\"width\":417,\"height\":1500},{\"@type\":\"WebPage\",\"@id\":\"https:\/\/www.mesvendanges.com\/en\/shop\/wines\/chateau-de-rouanne-les-cotes-saint-cosme-ch-2020-75cl\/\",\"url\":\"https:\/\/www.mesvendanges.com\/en\/shop\/wines\/chateau-de-rouanne-les-cotes-saint-cosme-ch-2020-75cl\/\",\"name\":\"CHATEAU DE ROUANNE LES COTES - Mes Vendanges\",\"isPartOf\":{\"@id\":\"https:\/\/www.mesvendanges.com\/en\/#website\"},\"primaryImageOfPage\":{\"@id\":\"https:\/\/www.mesvendanges.com\/en\/shop\/wines\/chateau-de-rouanne-les-cotes-saint-cosme-ch-2020-75cl\/#primaryimage\"},\"datePublished\":\"2022-08-02T15:44:51+00:00\",\"dateModified\":\"2025-05-01T15:29:59+00:00\",\"breadcrumb\":{\"@id\":\"https:\/\/www.mesvendanges.com\/en\/shop\/wines\/chateau-de-rouanne-les-cotes-saint-cosme-ch-2020-75cl\/#breadcrumb\"},\"inLanguage\":\"fr-FR\",\"potentialAction\":[{\"@type\":\"ReadAction\",\"target\":[\"https:\/\/www.mesvendanges.com\/en\/shop\/wines\/chateau-de-rouanne-les-cotes-saint-cosme-ch-2020-75cl\/\"]}]},{\"@type\":\"BreadcrumbList\",\"@id\":\"https:\/\/www.mesvendanges.com\/en\/shop\/wines\/chateau-de-rouanne-les-cotes-saint-cosme-ch-2020-75cl\/#breadcrumb\",\"itemListElement\":[{\"@type\":\"ListItem\",\"position\":1,\"name\":\"Home\",\"item\":\"https:\/\/www.mesvendanges.com\/en\/\"},{\"@type\":\"ListItem\",\"position\":2,\"name\":\"Shop\",\"item\":\"https:\/\/www.mesvendanges.com\/en\/shop\/\"},{\"@type\":\"ListItem\",\"position\":3,\"name\":\"CHATEAU DE ROUANNE LES COTES\"}]}]}<\/script>\n<!-- \/ Yoast SEO plugin. -->","yoast_head_json":{"title":"CHATEAU DE ROUANNE LES COTES - Mes Vendanges","robots":{"index":"index","follow":"follow","max-snippet":"max-snippet:-1","max-image-preview":"max-image-preview:large","max-video-preview":"max-video-preview:-1"},"canonical":"https:\/\/www.mesvendanges.com\/en\/shop\/wines\/chateau-de-rouanne-les-cotes-saint-cosme-ch-2020-75cl\/","og_locale":"en_US","og_type":"article","og_title":"CHATEAU DE ROUANNE LES COTES - Mes Vendanges","og_description":"Marnes, argiles et calcaires du plioc\u00e8ne et du messinien Vignes de 50 ans de moyenne d\u2019\u00e2ge en culture biologique. Co-fermentation traditionnelle en cuves b\u00e9ton. Levures indig\u00e8nes. Elevage de 12 mois en demi-muids et pi\u00e8ces bourguignonnes. 15% neufs \u2013 50% un vin \u2013 35% deux vins Le lieu-dit des C\u00f4tes, situ\u00e9 tout en haut du coteau [&hellip;]","og_url":"https:\/\/www.mesvendanges.com\/en\/shop\/wines\/chateau-de-rouanne-les-cotes-saint-cosme-ch-2020-75cl\/","og_site_name":"Mes Vendanges","article_modified_time":"2025-05-01T15:29:59+00:00","og_image":[{"width":417,"height":1500,"url":"https:\/\/www.mesvendanges.com\/wp-content\/uploads\/2022\/07\/saint-cosme-ch-chateau-de-rouanne-les-cotes-vinsobres-2020-75cl-rouge-png.png","type":"image\/png"}],"twitter_card":"summary_large_image","twitter_misc":{"Est. reading time":"1 minute"},"schema":{"@context":"https:\/\/schema.org","@graph":[{"@type":"Organization","@id":"https:\/\/www.mesvendanges.com\/en\/#organization","name":"Mes Vendanges","url":"https:\/\/www.mesvendanges.com\/en\/","sameAs":[],"logo":{"@type":"ImageObject","inLanguage":"fr-FR","@id":"https:\/\/www.mesvendanges.com\/en\/#\/schema\/logo\/image\/","url":"https:\/\/www.mesvendanges.com\/wp-content\/uploads\/2022\/02\/logo-mesvendanges.jpg","contentUrl":"https:\/\/www.mesvendanges.com\/wp-content\/uploads\/2022\/02\/logo-mesvendanges.jpg","width":851,"height":260,"caption":"Mes Vendanges"},"image":{"@id":"https:\/\/www.mesvendanges.com\/en\/#\/schema\/logo\/image\/"}},{"@type":"WebSite","@id":"https:\/\/www.mesvendanges.com\/en\/#website","url":"https:\/\/www.mesvendanges.com\/en\/","name":"Mes Vendanges","description":"Des journ\u00e9es enti\u00e8res dans les vignes","publisher":{"@id":"https:\/\/www.mesvendanges.com\/en\/#organization"},"potentialAction":[{"@type":"SearchAction","target":{"@type":"EntryPoint","urlTemplate":"https:\/\/www.mesvendanges.com\/en\/?s={search_term_string}"},"query-input":"required name=search_term_string"}],"inLanguage":"fr-FR"},{"@type":"ImageObject","inLanguage":"fr-FR","@id":"https:\/\/www.mesvendanges.com\/en\/shop\/wines\/chateau-de-rouanne-les-cotes-saint-cosme-ch-2020-75cl\/#primaryimage","url":"https:\/\/www.mesvendanges.com\/wp-content\/uploads\/2022\/07\/saint-cosme-ch-chateau-de-rouanne-les-cotes-vinsobres-2020-75cl-rouge-png.png","contentUrl":"https:\/\/www.mesvendanges.com\/wp-content\/uploads\/2022\/07\/saint-cosme-ch-chateau-de-rouanne-les-cotes-vinsobres-2020-75cl-rouge-png.png","width":417,"height":1500},{"@type":"WebPage","@id":"https:\/\/www.mesvendanges.com\/en\/shop\/wines\/chateau-de-rouanne-les-cotes-saint-cosme-ch-2020-75cl\/","url":"https:\/\/www.mesvendanges.com\/en\/shop\/wines\/chateau-de-rouanne-les-cotes-saint-cosme-ch-2020-75cl\/","name":"CHATEAU DE ROUANNE LES COTES - Mes Vendanges","isPartOf":{"@id":"https:\/\/www.mesvendanges.com\/en\/#website"},"primaryImageOfPage":{"@id":"https:\/\/www.mesvendanges.com\/en\/shop\/wines\/chateau-de-rouanne-les-cotes-saint-cosme-ch-2020-75cl\/#primaryimage"},"datePublished":"2022-08-02T15:44:51+00:00","dateModified":"2025-05-01T15:29:59+00:00","breadcrumb":{"@id":"https:\/\/www.mesvendanges.com\/en\/shop\/wines\/chateau-de-rouanne-les-cotes-saint-cosme-ch-2020-75cl\/#breadcrumb"},"inLanguage":"fr-FR","potentialAction":[{"@type":"ReadAction","target":["https:\/\/www.mesvendanges.com\/en\/shop\/wines\/chateau-de-rouanne-les-cotes-saint-cosme-ch-2020-75cl\/"]}]},{"@type":"BreadcrumbList","@id":"https:\/\/www.mesvendanges.com\/en\/shop\/wines\/chateau-de-rouanne-les-cotes-saint-cosme-ch-2020-75cl\/#breadcrumb","itemListElement":[{"@type":"ListItem","position":1,"name":"Home","item":"https:\/\/www.mesvendanges.com\/en\/"},{"@type":"ListItem","position":2,"name":"Shop","item":"https:\/\/www.mesvendanges.com\/en\/shop\/"},{"@type":"ListItem","position":3,"name":"CHATEAU DE ROUANNE LES COTES"}]}]}},"_links":{"self":[{"href":"https:\/\/www.mesvendanges.com\/en\/wp-json\/wp\/v2\/product\/48852"}],"collection":[{"href":"https:\/\/www.mesvendanges.com\/en\/wp-json\/wp\/v2\/product"}],"about":[{"href":"https:\/\/www.mesvendanges.com\/en\/wp-json\/wp\/v2\/types\/product"}],"wp:featuredmedia":[{"embeddable":true,"href":"https:\/\/www.mesvendanges.com\/en\/wp-json\/wp\/v2\/media\/28776"}],"wp:attachment":[{"href":"https:\/\/www.mesvendanges.com\/en\/wp-json\/wp\/v2\/media?parent=48852"}],"wp:term":[{"taxonomy":"product_cat","embeddable":true,"href":"https:\/\/www.mesvendanges.com\/en\/wp-json\/wp\/v2\/product_cat?post=48852"},{"taxonomy":"product_tag","embeddable":true,"href":"https:\/\/www.mesvendanges.com\/en\/wp-json\/wp\/v2\/product_tag?post=48852"}],"curies":[{"name":"wp","href":"https:\/\/api.w.org\/{rel}","templated":true}]}}