{"id":48858,"date":"2022-08-02T17:44:57","date_gmt":"2022-08-02T15:44:57","guid":{"rendered":"https:\/\/www.mesvendanges.com\/shop\/uncategorized\/chateau-de-rouanne-rouanne-et-les-crottes\/"},"modified":"2025-06-11T15:26:03","modified_gmt":"2025-06-11T13:26:03","slug":"chateau-de-rouanne-rouanne-et-les-crottes-saint-cosme-ch-2020-75cl","status":"publish","type":"product","link":"https:\/\/www.mesvendanges.com\/en\/shop\/wines\/chateau-de-rouanne-rouanne-et-les-crottes-saint-cosme-ch-2020-75cl\/","title":{"rendered":"CHATEAU DE ROUANNE &#8220;ROUANNE ET LES CROTTES&#8221;"},"content":{"rendered":"<p>Marnes calcaires du Plioc\u00e8ne et du Tortonien<br \/>\nVignes de 50 ans de moyenne d\u2019\u00e2ge en culture biologique<br \/>\nCo-fermentation traditionnelle en cuves b\u00e9ton. Levures indig\u00e8nes.<br \/>\nElevage de 12 mois en demi-muids et pi\u00e8ces bourguignonnes. 15% neufs \u2013 50% un vin \u2013 35% deux vins<br \/>\nNous sommes ici dans le coeur historique, g\u00e9ologique et viticole de la propri\u00e9t\u00e9. A cet endroit s\u2019\u00e9levait la Villa de Rugius, le premier habitant de Rouanne sous l\u2019empire romain. Quand nous labourons, nous trouvons des quantit\u00e9s de tuiles identiques \u00e0 celles qu\u2019on trouve sur le site d\u2019Herculanum, enseveli par l\u2019\u00e9ruption du V\u00e9suve en 79 ap. JC. \u201cLes Crottes\u201d (du latin Crypta) sont mentionn\u00e9es d\u00e8s le XVIII\u00e8me si\u00e8cle sur les c\u00e9l\u00e8bres cartes de Cassini et d\u00e9signent des caves vout\u00e9es et des grottes. La configuration des<br \/>\nb\u00e2timents et les nombreuses sources de Rouanne donnent beaucoup de sens \u00e0 cette d\u00e9nomination. Au lieu-dit \u201cRouanne et les Crottes\u201d qui est situ\u00e9 dans le milieu du coteau, la terre est parfaitement \u00e9quilibr\u00e9e: la d\u00e9clivit\u00e9 offre un bon drainage, la douceur de la pente \u00e9vite le ressuyage de la mati\u00e8re organique, l\u2019argile est en parfaite proportion et le calcaire suffisant pour g\u00e9n\u00e9rer la finesse. Dans de nombreuses r\u00e9gions de<br \/>\ncoteaux et avant tout en Bourgogne, le milieu du coteau est souvent le Graal de la qualit\u00e9 pour des raisons physiques et m\u00e9caniques.. \u201cRouanne et les Crottes\u201d est en effet une sorte de Graal: c\u2019est ici qu\u2019avec flamboyance le coeur de Rouanne bat. Les vins ont une majest\u00e9 incomparable, une largeur, une<br \/>\nprofondeur qui n\u2019emp\u00eachent pas la verticalit\u00e9 du calcaire et la fraicheur de la salinit\u00e9.<\/p>\n","protected":false},"excerpt":{"rendered":"<p>Marnes calcaires du Plioc\u00e8ne et du Tortonien Vignes de 50 ans de moyenne d\u2019\u00e2ge en culture biologique Co-fermentation traditionnelle en cuves b\u00e9ton. Levures indig\u00e8nes. Elevage de 12 mois en demi-muids et pi\u00e8ces bourguignonnes. 15% neufs \u2013 50% un vin \u2013 35% deux vins Nous sommes ici dans le coeur historique, g\u00e9ologique et viticole de la [&hellip;]<\/p>\n","protected":false},"featured_media":28780,"template":"","meta":[],"product_cat":[3740],"product_tag":[],"acf":[],"yoast_head":"<!-- This site is optimized with the Yoast SEO plugin v19.3 - https:\/\/yoast.com\/wordpress\/plugins\/seo\/ -->\n<title>CHATEAU DE ROUANNE &quot;ROUANNE ET LES CROTTES&quot; - Mes Vendanges<\/title>\n<meta name=\"robots\" content=\"index, follow, max-snippet:-1, max-image-preview:large, max-video-preview:-1\" \/>\n<link rel=\"canonical\" href=\"https:\/\/www.mesvendanges.com\/en\/shop\/wines\/chateau-de-rouanne-rouanne-et-les-crottes-saint-cosme-ch-2020-75cl\/\" \/>\n<meta property=\"og:locale\" content=\"en_US\" \/>\n<meta property=\"og:type\" content=\"article\" \/>\n<meta property=\"og:title\" content=\"CHATEAU DE ROUANNE &quot;ROUANNE ET LES CROTTES&quot; - Mes Vendanges\" \/>\n<meta property=\"og:description\" content=\"Marnes calcaires du Plioc\u00e8ne et du Tortonien Vignes de 50 ans de moyenne d\u2019\u00e2ge en culture biologique Co-fermentation traditionnelle en cuves b\u00e9ton. Levures indig\u00e8nes. Elevage de 12 mois en demi-muids et pi\u00e8ces bourguignonnes. 15% neufs \u2013 50% un vin \u2013 35% deux vins Nous sommes ici dans le coeur historique, g\u00e9ologique et viticole de la [&hellip;]\" \/>\n<meta property=\"og:url\" content=\"https:\/\/www.mesvendanges.com\/en\/shop\/wines\/chateau-de-rouanne-rouanne-et-les-crottes-saint-cosme-ch-2020-75cl\/\" \/>\n<meta property=\"og:site_name\" content=\"Mes Vendanges\" \/>\n<meta property=\"article:modified_time\" content=\"2025-06-11T13:26:03+00:00\" \/>\n<meta property=\"og:image\" content=\"https:\/\/www.mesvendanges.com\/wp-content\/uploads\/2022\/07\/saint-cosme-ch-chateau-de-rouanne-rouanne-et-les-crottes-vinsobres-2020-75cl-rouge-png.png\" \/>\n\t<meta property=\"og:image:width\" content=\"424\" \/>\n\t<meta property=\"og:image:height\" content=\"1500\" \/>\n\t<meta property=\"og:image:type\" content=\"image\/png\" \/>\n<meta name=\"twitter:card\" content=\"summary_large_image\" \/>\n<meta name=\"twitter:label1\" content=\"Est. reading time\" \/>\n\t<meta name=\"twitter:data1\" content=\"1 minute\" \/>\n<script type=\"application\/ld+json\" class=\"yoast-schema-graph\">{\"@context\":\"https:\/\/schema.org\",\"@graph\":[{\"@type\":\"Organization\",\"@id\":\"https:\/\/www.mesvendanges.com\/en\/#organization\",\"name\":\"Mes Vendanges\",\"url\":\"https:\/\/www.mesvendanges.com\/en\/\",\"sameAs\":[],\"logo\":{\"@type\":\"ImageObject\",\"inLanguage\":\"fr-FR\",\"@id\":\"https:\/\/www.mesvendanges.com\/en\/#\/schema\/logo\/image\/\",\"url\":\"https:\/\/www.mesvendanges.com\/wp-content\/uploads\/2022\/02\/logo-mesvendanges.jpg\",\"contentUrl\":\"https:\/\/www.mesvendanges.com\/wp-content\/uploads\/2022\/02\/logo-mesvendanges.jpg\",\"width\":851,\"height\":260,\"caption\":\"Mes Vendanges\"},\"image\":{\"@id\":\"https:\/\/www.mesvendanges.com\/en\/#\/schema\/logo\/image\/\"}},{\"@type\":\"WebSite\",\"@id\":\"https:\/\/www.mesvendanges.com\/en\/#website\",\"url\":\"https:\/\/www.mesvendanges.com\/en\/\",\"name\":\"Mes Vendanges\",\"description\":\"Des journ\u00e9es enti\u00e8res dans les vignes\",\"publisher\":{\"@id\":\"https:\/\/www.mesvendanges.com\/en\/#organization\"},\"potentialAction\":[{\"@type\":\"SearchAction\",\"target\":{\"@type\":\"EntryPoint\",\"urlTemplate\":\"https:\/\/www.mesvendanges.com\/en\/?s={search_term_string}\"},\"query-input\":\"required name=search_term_string\"}],\"inLanguage\":\"fr-FR\"},{\"@type\":\"ImageObject\",\"inLanguage\":\"fr-FR\",\"@id\":\"https:\/\/www.mesvendanges.com\/en\/shop\/wines\/chateau-de-rouanne-rouanne-et-les-crottes-saint-cosme-ch-2020-75cl\/#primaryimage\",\"url\":\"https:\/\/www.mesvendanges.com\/wp-content\/uploads\/2022\/07\/saint-cosme-ch-chateau-de-rouanne-rouanne-et-les-crottes-vinsobres-2020-75cl-rouge-png.png\",\"contentUrl\":\"https:\/\/www.mesvendanges.com\/wp-content\/uploads\/2022\/07\/saint-cosme-ch-chateau-de-rouanne-rouanne-et-les-crottes-vinsobres-2020-75cl-rouge-png.png\",\"width\":424,\"height\":1500},{\"@type\":\"WebPage\",\"@id\":\"https:\/\/www.mesvendanges.com\/en\/shop\/wines\/chateau-de-rouanne-rouanne-et-les-crottes-saint-cosme-ch-2020-75cl\/\",\"url\":\"https:\/\/www.mesvendanges.com\/en\/shop\/wines\/chateau-de-rouanne-rouanne-et-les-crottes-saint-cosme-ch-2020-75cl\/\",\"name\":\"CHATEAU DE ROUANNE \\\"ROUANNE ET LES CROTTES\\\" - Mes Vendanges\",\"isPartOf\":{\"@id\":\"https:\/\/www.mesvendanges.com\/en\/#website\"},\"primaryImageOfPage\":{\"@id\":\"https:\/\/www.mesvendanges.com\/en\/shop\/wines\/chateau-de-rouanne-rouanne-et-les-crottes-saint-cosme-ch-2020-75cl\/#primaryimage\"},\"datePublished\":\"2022-08-02T15:44:57+00:00\",\"dateModified\":\"2025-06-11T13:26:03+00:00\",\"breadcrumb\":{\"@id\":\"https:\/\/www.mesvendanges.com\/en\/shop\/wines\/chateau-de-rouanne-rouanne-et-les-crottes-saint-cosme-ch-2020-75cl\/#breadcrumb\"},\"inLanguage\":\"fr-FR\",\"potentialAction\":[{\"@type\":\"ReadAction\",\"target\":[\"https:\/\/www.mesvendanges.com\/en\/shop\/wines\/chateau-de-rouanne-rouanne-et-les-crottes-saint-cosme-ch-2020-75cl\/\"]}]},{\"@type\":\"BreadcrumbList\",\"@id\":\"https:\/\/www.mesvendanges.com\/en\/shop\/wines\/chateau-de-rouanne-rouanne-et-les-crottes-saint-cosme-ch-2020-75cl\/#breadcrumb\",\"itemListElement\":[{\"@type\":\"ListItem\",\"position\":1,\"name\":\"Home\",\"item\":\"https:\/\/www.mesvendanges.com\/en\/\"},{\"@type\":\"ListItem\",\"position\":2,\"name\":\"Shop\",\"item\":\"https:\/\/www.mesvendanges.com\/en\/shop\/\"},{\"@type\":\"ListItem\",\"position\":3,\"name\":\"CHATEAU DE ROUANNE &#8220;ROUANNE ET LES CROTTES&#8221;\"}]}]}<\/script>\n<!-- \/ Yoast SEO plugin. -->","yoast_head_json":{"title":"CHATEAU DE ROUANNE \"ROUANNE ET LES CROTTES\" - Mes Vendanges","robots":{"index":"index","follow":"follow","max-snippet":"max-snippet:-1","max-image-preview":"max-image-preview:large","max-video-preview":"max-video-preview:-1"},"canonical":"https:\/\/www.mesvendanges.com\/en\/shop\/wines\/chateau-de-rouanne-rouanne-et-les-crottes-saint-cosme-ch-2020-75cl\/","og_locale":"en_US","og_type":"article","og_title":"CHATEAU DE ROUANNE \"ROUANNE ET LES CROTTES\" - Mes Vendanges","og_description":"Marnes calcaires du Plioc\u00e8ne et du Tortonien Vignes de 50 ans de moyenne d\u2019\u00e2ge en culture biologique Co-fermentation traditionnelle en cuves b\u00e9ton. Levures indig\u00e8nes. Elevage de 12 mois en demi-muids et pi\u00e8ces bourguignonnes. 15% neufs \u2013 50% un vin \u2013 35% deux vins Nous sommes ici dans le coeur historique, g\u00e9ologique et viticole de la [&hellip;]","og_url":"https:\/\/www.mesvendanges.com\/en\/shop\/wines\/chateau-de-rouanne-rouanne-et-les-crottes-saint-cosme-ch-2020-75cl\/","og_site_name":"Mes Vendanges","article_modified_time":"2025-06-11T13:26:03+00:00","og_image":[{"width":424,"height":1500,"url":"https:\/\/www.mesvendanges.com\/wp-content\/uploads\/2022\/07\/saint-cosme-ch-chateau-de-rouanne-rouanne-et-les-crottes-vinsobres-2020-75cl-rouge-png.png","type":"image\/png"}],"twitter_card":"summary_large_image","twitter_misc":{"Est. reading time":"1 minute"},"schema":{"@context":"https:\/\/schema.org","@graph":[{"@type":"Organization","@id":"https:\/\/www.mesvendanges.com\/en\/#organization","name":"Mes Vendanges","url":"https:\/\/www.mesvendanges.com\/en\/","sameAs":[],"logo":{"@type":"ImageObject","inLanguage":"fr-FR","@id":"https:\/\/www.mesvendanges.com\/en\/#\/schema\/logo\/image\/","url":"https:\/\/www.mesvendanges.com\/wp-content\/uploads\/2022\/02\/logo-mesvendanges.jpg","contentUrl":"https:\/\/www.mesvendanges.com\/wp-content\/uploads\/2022\/02\/logo-mesvendanges.jpg","width":851,"height":260,"caption":"Mes Vendanges"},"image":{"@id":"https:\/\/www.mesvendanges.com\/en\/#\/schema\/logo\/image\/"}},{"@type":"WebSite","@id":"https:\/\/www.mesvendanges.com\/en\/#website","url":"https:\/\/www.mesvendanges.com\/en\/","name":"Mes Vendanges","description":"Des journ\u00e9es enti\u00e8res dans les vignes","publisher":{"@id":"https:\/\/www.mesvendanges.com\/en\/#organization"},"potentialAction":[{"@type":"SearchAction","target":{"@type":"EntryPoint","urlTemplate":"https:\/\/www.mesvendanges.com\/en\/?s={search_term_string}"},"query-input":"required name=search_term_string"}],"inLanguage":"fr-FR"},{"@type":"ImageObject","inLanguage":"fr-FR","@id":"https:\/\/www.mesvendanges.com\/en\/shop\/wines\/chateau-de-rouanne-rouanne-et-les-crottes-saint-cosme-ch-2020-75cl\/#primaryimage","url":"https:\/\/www.mesvendanges.com\/wp-content\/uploads\/2022\/07\/saint-cosme-ch-chateau-de-rouanne-rouanne-et-les-crottes-vinsobres-2020-75cl-rouge-png.png","contentUrl":"https:\/\/www.mesvendanges.com\/wp-content\/uploads\/2022\/07\/saint-cosme-ch-chateau-de-rouanne-rouanne-et-les-crottes-vinsobres-2020-75cl-rouge-png.png","width":424,"height":1500},{"@type":"WebPage","@id":"https:\/\/www.mesvendanges.com\/en\/shop\/wines\/chateau-de-rouanne-rouanne-et-les-crottes-saint-cosme-ch-2020-75cl\/","url":"https:\/\/www.mesvendanges.com\/en\/shop\/wines\/chateau-de-rouanne-rouanne-et-les-crottes-saint-cosme-ch-2020-75cl\/","name":"CHATEAU DE ROUANNE \"ROUANNE ET LES CROTTES\" - Mes Vendanges","isPartOf":{"@id":"https:\/\/www.mesvendanges.com\/en\/#website"},"primaryImageOfPage":{"@id":"https:\/\/www.mesvendanges.com\/en\/shop\/wines\/chateau-de-rouanne-rouanne-et-les-crottes-saint-cosme-ch-2020-75cl\/#primaryimage"},"datePublished":"2022-08-02T15:44:57+00:00","dateModified":"2025-06-11T13:26:03+00:00","breadcrumb":{"@id":"https:\/\/www.mesvendanges.com\/en\/shop\/wines\/chateau-de-rouanne-rouanne-et-les-crottes-saint-cosme-ch-2020-75cl\/#breadcrumb"},"inLanguage":"fr-FR","potentialAction":[{"@type":"ReadAction","target":["https:\/\/www.mesvendanges.com\/en\/shop\/wines\/chateau-de-rouanne-rouanne-et-les-crottes-saint-cosme-ch-2020-75cl\/"]}]},{"@type":"BreadcrumbList","@id":"https:\/\/www.mesvendanges.com\/en\/shop\/wines\/chateau-de-rouanne-rouanne-et-les-crottes-saint-cosme-ch-2020-75cl\/#breadcrumb","itemListElement":[{"@type":"ListItem","position":1,"name":"Home","item":"https:\/\/www.mesvendanges.com\/en\/"},{"@type":"ListItem","position":2,"name":"Shop","item":"https:\/\/www.mesvendanges.com\/en\/shop\/"},{"@type":"ListItem","position":3,"name":"CHATEAU DE ROUANNE &#8220;ROUANNE ET LES CROTTES&#8221;"}]}]}},"_links":{"self":[{"href":"https:\/\/www.mesvendanges.com\/en\/wp-json\/wp\/v2\/product\/48858"}],"collection":[{"href":"https:\/\/www.mesvendanges.com\/en\/wp-json\/wp\/v2\/product"}],"about":[{"href":"https:\/\/www.mesvendanges.com\/en\/wp-json\/wp\/v2\/types\/product"}],"wp:featuredmedia":[{"embeddable":true,"href":"https:\/\/www.mesvendanges.com\/en\/wp-json\/wp\/v2\/media\/28780"}],"wp:attachment":[{"href":"https:\/\/www.mesvendanges.com\/en\/wp-json\/wp\/v2\/media?parent=48858"}],"wp:term":[{"taxonomy":"product_cat","embeddable":true,"href":"https:\/\/www.mesvendanges.com\/en\/wp-json\/wp\/v2\/product_cat?post=48858"},{"taxonomy":"product_tag","embeddable":true,"href":"https:\/\/www.mesvendanges.com\/en\/wp-json\/wp\/v2\/product_tag?post=48858"}],"curies":[{"name":"wp","href":"https:\/\/api.w.org\/{rel}","templated":true}]}}