{"id":48906,"date":"2022-08-02T17:45:37","date_gmt":"2022-08-02T15:45:37","guid":{"rendered":"https:\/\/www.mesvendanges.com\/shop\/uncategorized\/clos-du-breuil-11\/"},"modified":"2025-12-06T11:28:48","modified_gmt":"2025-12-06T10:28:48","slug":"clos-du-breuil-chidaine-dne-francois-2019-75cl","status":"publish","type":"product","link":"https:\/\/www.mesvendanges.com\/en\/shop\/wines\/clos-du-breuil-chidaine-dne-francois-2019-75cl\/","title":{"rendered":"CLOS DU BREUIL"},"content":{"rendered":"<p>Le Clos du Breuil est l&#8217;expression embl\u00e9matique du domaine Chidaine \u00e0 Montlouis. Un vin droit, pur, tendu mais qui s&#8217;allie aussi d&#8217;une touche de sensualit\u00e9 apr\u00e8s quelques mois en bouteille.<br \/>\nc\u00e9page : chenin<br \/>\ndensit\u00e9 : 6600 ceps\/hectare<br \/>\n\u00e2ge des vignes : 45 ans<br \/>\nmode de culture : biodynamie<br \/>\nsols : compos\u00e9s d&#8217;argiles et d&#8217;\u00e9l\u00e9ments grossiers de silex constituant les Perruches. Sous sol constitu\u00e9 de tuffeau, craie qui reste \u00e0 port\u00e9e des racines.<br \/>\nLa vigne est conduite en taille guyot , vendanges avec tris successifs, rendements aux alentours de 40hecto\/hectare<br \/>\nPressurage pneumatique de la vendange, fermentation sur levures indig\u00e8nes en demi-muids (f\u00fbts de 600 litres). Pas de fermentation malolactique.<\/p>\n","protected":false},"excerpt":{"rendered":"<p>Le Clos du Breuil est l&#8217;expression embl\u00e9matique du domaine Chidaine \u00e0 Montlouis. Un vin droit, pur, tendu mais qui s&#8217;allie aussi d&#8217;une touche de sensualit\u00e9 apr\u00e8s quelques mois en bouteille. c\u00e9page : chenin densit\u00e9 : 6600 ceps\/hectare \u00e2ge des vignes : 45 ans mode de culture : biodynamie sols : compos\u00e9s d&#8217;argiles et d&#8217;\u00e9l\u00e9ments grossiers [&hellip;]<\/p>\n","protected":false},"featured_media":88731,"template":"","meta":[],"product_cat":[3740],"product_tag":[],"acf":[],"yoast_head":"<!-- This site is optimized with the Yoast SEO plugin v19.3 - https:\/\/yoast.com\/wordpress\/plugins\/seo\/ -->\n<title>CLOS DU BREUIL - Mes Vendanges<\/title>\n<meta name=\"robots\" content=\"index, follow, max-snippet:-1, max-image-preview:large, max-video-preview:-1\" \/>\n<link rel=\"canonical\" href=\"https:\/\/www.mesvendanges.com\/en\/shop\/wines\/clos-du-breuil-chidaine-dne-francois-2019-75cl\/\" \/>\n<meta property=\"og:locale\" content=\"en_US\" \/>\n<meta property=\"og:type\" content=\"article\" \/>\n<meta property=\"og:title\" content=\"CLOS DU BREUIL - Mes Vendanges\" \/>\n<meta property=\"og:description\" content=\"Le Clos du Breuil est l&#8217;expression embl\u00e9matique du domaine Chidaine \u00e0 Montlouis. Un vin droit, pur, tendu mais qui s&#8217;allie aussi d&#8217;une touche de sensualit\u00e9 apr\u00e8s quelques mois en bouteille. c\u00e9page : chenin densit\u00e9 : 6600 ceps\/hectare \u00e2ge des vignes : 45 ans mode de culture : biodynamie sols : compos\u00e9s d&#8217;argiles et d&#8217;\u00e9l\u00e9ments grossiers [&hellip;]\" \/>\n<meta property=\"og:url\" content=\"https:\/\/www.mesvendanges.com\/en\/shop\/wines\/clos-du-breuil-chidaine-dne-francois-2019-75cl\/\" \/>\n<meta property=\"og:site_name\" content=\"Mes Vendanges\" \/>\n<meta property=\"article:modified_time\" content=\"2025-12-06T10:28:48+00:00\" \/>\n<meta property=\"og:image\" content=\"https:\/\/www.mesvendanges.com\/wp-content\/uploads\/2025\/07\/chidaine-dne-francois-clos-du-breuil-montlouis-sur-loire-2019-75cl-blanc-png.png\" \/>\n\t<meta property=\"og:image:width\" content=\"409\" \/>\n\t<meta property=\"og:image:height\" content=\"1500\" \/>\n\t<meta property=\"og:image:type\" content=\"image\/png\" \/>\n<meta name=\"twitter:card\" content=\"summary_large_image\" \/>\n<meta name=\"twitter:label1\" content=\"Est. reading time\" \/>\n\t<meta name=\"twitter:data1\" content=\"1 minute\" \/>\n<script type=\"application\/ld+json\" class=\"yoast-schema-graph\">{\"@context\":\"https:\/\/schema.org\",\"@graph\":[{\"@type\":\"Organization\",\"@id\":\"https:\/\/www.mesvendanges.com\/en\/#organization\",\"name\":\"Mes Vendanges\",\"url\":\"https:\/\/www.mesvendanges.com\/en\/\",\"sameAs\":[],\"logo\":{\"@type\":\"ImageObject\",\"inLanguage\":\"fr-FR\",\"@id\":\"https:\/\/www.mesvendanges.com\/en\/#\/schema\/logo\/image\/\",\"url\":\"https:\/\/www.mesvendanges.com\/wp-content\/uploads\/2022\/02\/logo-mesvendanges.jpg\",\"contentUrl\":\"https:\/\/www.mesvendanges.com\/wp-content\/uploads\/2022\/02\/logo-mesvendanges.jpg\",\"width\":851,\"height\":260,\"caption\":\"Mes Vendanges\"},\"image\":{\"@id\":\"https:\/\/www.mesvendanges.com\/en\/#\/schema\/logo\/image\/\"}},{\"@type\":\"WebSite\",\"@id\":\"https:\/\/www.mesvendanges.com\/en\/#website\",\"url\":\"https:\/\/www.mesvendanges.com\/en\/\",\"name\":\"Mes Vendanges\",\"description\":\"Des journ\u00e9es enti\u00e8res dans les vignes\",\"publisher\":{\"@id\":\"https:\/\/www.mesvendanges.com\/en\/#organization\"},\"potentialAction\":[{\"@type\":\"SearchAction\",\"target\":{\"@type\":\"EntryPoint\",\"urlTemplate\":\"https:\/\/www.mesvendanges.com\/en\/?s={search_term_string}\"},\"query-input\":\"required name=search_term_string\"}],\"inLanguage\":\"fr-FR\"},{\"@type\":\"ImageObject\",\"inLanguage\":\"fr-FR\",\"@id\":\"https:\/\/www.mesvendanges.com\/en\/shop\/wines\/clos-du-breuil-chidaine-dne-francois-2019-75cl\/#primaryimage\",\"url\":\"https:\/\/www.mesvendanges.com\/wp-content\/uploads\/2025\/07\/chidaine-dne-francois-clos-du-breuil-montlouis-sur-loire-2019-75cl-blanc-png.png\",\"contentUrl\":\"https:\/\/www.mesvendanges.com\/wp-content\/uploads\/2025\/07\/chidaine-dne-francois-clos-du-breuil-montlouis-sur-loire-2019-75cl-blanc-png.png\",\"width\":409,\"height\":1500},{\"@type\":\"WebPage\",\"@id\":\"https:\/\/www.mesvendanges.com\/en\/shop\/wines\/clos-du-breuil-chidaine-dne-francois-2019-75cl\/\",\"url\":\"https:\/\/www.mesvendanges.com\/en\/shop\/wines\/clos-du-breuil-chidaine-dne-francois-2019-75cl\/\",\"name\":\"CLOS DU BREUIL - Mes Vendanges\",\"isPartOf\":{\"@id\":\"https:\/\/www.mesvendanges.com\/en\/#website\"},\"primaryImageOfPage\":{\"@id\":\"https:\/\/www.mesvendanges.com\/en\/shop\/wines\/clos-du-breuil-chidaine-dne-francois-2019-75cl\/#primaryimage\"},\"datePublished\":\"2022-08-02T15:45:37+00:00\",\"dateModified\":\"2025-12-06T10:28:48+00:00\",\"breadcrumb\":{\"@id\":\"https:\/\/www.mesvendanges.com\/en\/shop\/wines\/clos-du-breuil-chidaine-dne-francois-2019-75cl\/#breadcrumb\"},\"inLanguage\":\"fr-FR\",\"potentialAction\":[{\"@type\":\"ReadAction\",\"target\":[\"https:\/\/www.mesvendanges.com\/en\/shop\/wines\/clos-du-breuil-chidaine-dne-francois-2019-75cl\/\"]}]},{\"@type\":\"BreadcrumbList\",\"@id\":\"https:\/\/www.mesvendanges.com\/en\/shop\/wines\/clos-du-breuil-chidaine-dne-francois-2019-75cl\/#breadcrumb\",\"itemListElement\":[{\"@type\":\"ListItem\",\"position\":1,\"name\":\"Home\",\"item\":\"https:\/\/www.mesvendanges.com\/en\/\"},{\"@type\":\"ListItem\",\"position\":2,\"name\":\"Shop\",\"item\":\"https:\/\/www.mesvendanges.com\/en\/shop\/\"},{\"@type\":\"ListItem\",\"position\":3,\"name\":\"CLOS DU BREUIL\"}]}]}<\/script>\n<!-- \/ Yoast SEO plugin. -->","yoast_head_json":{"title":"CLOS DU BREUIL - Mes Vendanges","robots":{"index":"index","follow":"follow","max-snippet":"max-snippet:-1","max-image-preview":"max-image-preview:large","max-video-preview":"max-video-preview:-1"},"canonical":"https:\/\/www.mesvendanges.com\/en\/shop\/wines\/clos-du-breuil-chidaine-dne-francois-2019-75cl\/","og_locale":"en_US","og_type":"article","og_title":"CLOS DU BREUIL - Mes Vendanges","og_description":"Le Clos du Breuil est l&#8217;expression embl\u00e9matique du domaine Chidaine \u00e0 Montlouis. Un vin droit, pur, tendu mais qui s&#8217;allie aussi d&#8217;une touche de sensualit\u00e9 apr\u00e8s quelques mois en bouteille. c\u00e9page : chenin densit\u00e9 : 6600 ceps\/hectare \u00e2ge des vignes : 45 ans mode de culture : biodynamie sols : compos\u00e9s d&#8217;argiles et d&#8217;\u00e9l\u00e9ments grossiers [&hellip;]","og_url":"https:\/\/www.mesvendanges.com\/en\/shop\/wines\/clos-du-breuil-chidaine-dne-francois-2019-75cl\/","og_site_name":"Mes Vendanges","article_modified_time":"2025-12-06T10:28:48+00:00","og_image":[{"width":409,"height":1500,"url":"https:\/\/www.mesvendanges.com\/wp-content\/uploads\/2025\/07\/chidaine-dne-francois-clos-du-breuil-montlouis-sur-loire-2019-75cl-blanc-png.png","type":"image\/png"}],"twitter_card":"summary_large_image","twitter_misc":{"Est. reading time":"1 minute"},"schema":{"@context":"https:\/\/schema.org","@graph":[{"@type":"Organization","@id":"https:\/\/www.mesvendanges.com\/en\/#organization","name":"Mes Vendanges","url":"https:\/\/www.mesvendanges.com\/en\/","sameAs":[],"logo":{"@type":"ImageObject","inLanguage":"fr-FR","@id":"https:\/\/www.mesvendanges.com\/en\/#\/schema\/logo\/image\/","url":"https:\/\/www.mesvendanges.com\/wp-content\/uploads\/2022\/02\/logo-mesvendanges.jpg","contentUrl":"https:\/\/www.mesvendanges.com\/wp-content\/uploads\/2022\/02\/logo-mesvendanges.jpg","width":851,"height":260,"caption":"Mes Vendanges"},"image":{"@id":"https:\/\/www.mesvendanges.com\/en\/#\/schema\/logo\/image\/"}},{"@type":"WebSite","@id":"https:\/\/www.mesvendanges.com\/en\/#website","url":"https:\/\/www.mesvendanges.com\/en\/","name":"Mes Vendanges","description":"Des journ\u00e9es enti\u00e8res dans les vignes","publisher":{"@id":"https:\/\/www.mesvendanges.com\/en\/#organization"},"potentialAction":[{"@type":"SearchAction","target":{"@type":"EntryPoint","urlTemplate":"https:\/\/www.mesvendanges.com\/en\/?s={search_term_string}"},"query-input":"required name=search_term_string"}],"inLanguage":"fr-FR"},{"@type":"ImageObject","inLanguage":"fr-FR","@id":"https:\/\/www.mesvendanges.com\/en\/shop\/wines\/clos-du-breuil-chidaine-dne-francois-2019-75cl\/#primaryimage","url":"https:\/\/www.mesvendanges.com\/wp-content\/uploads\/2025\/07\/chidaine-dne-francois-clos-du-breuil-montlouis-sur-loire-2019-75cl-blanc-png.png","contentUrl":"https:\/\/www.mesvendanges.com\/wp-content\/uploads\/2025\/07\/chidaine-dne-francois-clos-du-breuil-montlouis-sur-loire-2019-75cl-blanc-png.png","width":409,"height":1500},{"@type":"WebPage","@id":"https:\/\/www.mesvendanges.com\/en\/shop\/wines\/clos-du-breuil-chidaine-dne-francois-2019-75cl\/","url":"https:\/\/www.mesvendanges.com\/en\/shop\/wines\/clos-du-breuil-chidaine-dne-francois-2019-75cl\/","name":"CLOS DU BREUIL - Mes Vendanges","isPartOf":{"@id":"https:\/\/www.mesvendanges.com\/en\/#website"},"primaryImageOfPage":{"@id":"https:\/\/www.mesvendanges.com\/en\/shop\/wines\/clos-du-breuil-chidaine-dne-francois-2019-75cl\/#primaryimage"},"datePublished":"2022-08-02T15:45:37+00:00","dateModified":"2025-12-06T10:28:48+00:00","breadcrumb":{"@id":"https:\/\/www.mesvendanges.com\/en\/shop\/wines\/clos-du-breuil-chidaine-dne-francois-2019-75cl\/#breadcrumb"},"inLanguage":"fr-FR","potentialAction":[{"@type":"ReadAction","target":["https:\/\/www.mesvendanges.com\/en\/shop\/wines\/clos-du-breuil-chidaine-dne-francois-2019-75cl\/"]}]},{"@type":"BreadcrumbList","@id":"https:\/\/www.mesvendanges.com\/en\/shop\/wines\/clos-du-breuil-chidaine-dne-francois-2019-75cl\/#breadcrumb","itemListElement":[{"@type":"ListItem","position":1,"name":"Home","item":"https:\/\/www.mesvendanges.com\/en\/"},{"@type":"ListItem","position":2,"name":"Shop","item":"https:\/\/www.mesvendanges.com\/en\/shop\/"},{"@type":"ListItem","position":3,"name":"CLOS DU BREUIL"}]}]}},"_links":{"self":[{"href":"https:\/\/www.mesvendanges.com\/en\/wp-json\/wp\/v2\/product\/48906"}],"collection":[{"href":"https:\/\/www.mesvendanges.com\/en\/wp-json\/wp\/v2\/product"}],"about":[{"href":"https:\/\/www.mesvendanges.com\/en\/wp-json\/wp\/v2\/types\/product"}],"wp:featuredmedia":[{"embeddable":true,"href":"https:\/\/www.mesvendanges.com\/en\/wp-json\/wp\/v2\/media\/88731"}],"wp:attachment":[{"href":"https:\/\/www.mesvendanges.com\/en\/wp-json\/wp\/v2\/media?parent=48906"}],"wp:term":[{"taxonomy":"product_cat","embeddable":true,"href":"https:\/\/www.mesvendanges.com\/en\/wp-json\/wp\/v2\/product_cat?post=48906"},{"taxonomy":"product_tag","embeddable":true,"href":"https:\/\/www.mesvendanges.com\/en\/wp-json\/wp\/v2\/product_tag?post=48906"}],"curies":[{"name":"wp","href":"https:\/\/api.w.org\/{rel}","templated":true}]}}