{"id":48980,"date":"2022-08-02T17:46:50","date_gmt":"2022-08-02T15:46:50","guid":{"rendered":"https:\/\/www.mesvendanges.com\/shop\/uncategorized\/grande-reserve-brut\/"},"modified":"2026-01-20T11:27:35","modified_gmt":"2026-01-20T10:27:35","slug":"grande-reserve-brut-dehours-nm-75cl","status":"publish","type":"product","link":"https:\/\/www.mesvendanges.com\/en\/shop\/wines\/grande-reserve-brut-dehours-nm-75cl\/","title":{"rendered":"GRANDE RESERVE BRUT"},"content":{"rendered":"<p>Cuv\u00e9e principale du Domaine, elle est marqu\u00e9e par une pr\u00e9sence majoritaire du Meunier, c\u00e9page identitaire de la Vall\u00e9e de la Marne et de notre propre vignoble. Proportion importante de vins issus d\u2019une R\u00e9serve Perp\u00e9tuelle, d\u00e9but\u00e9e en 1998. La fermentation Malo-lactique est enti\u00e8rement r\u00e9alis\u00e9e.<br \/>\nMaturation de 15 \u00e0 27 mois en bouteille.<br \/>\nDosage 5gr\/l<\/p>\n","protected":false},"excerpt":{"rendered":"<p>Cuv\u00e9e principale du Domaine, elle est marqu\u00e9e par une pr\u00e9sence majoritaire du Meunier, c\u00e9page identitaire de la Vall\u00e9e de la Marne et de notre propre vignoble. Proportion importante de vins issus d\u2019une R\u00e9serve Perp\u00e9tuelle, d\u00e9but\u00e9e en 1998. La fermentation Malo-lactique est enti\u00e8rement r\u00e9alis\u00e9e. Maturation de 15 \u00e0 27 mois en bouteille. Dosage 5gr\/l<\/p>\n","protected":false},"featured_media":49705,"template":"","meta":[],"product_cat":[3740],"product_tag":[],"acf":[],"yoast_head":"<!-- This site is optimized with the Yoast SEO plugin v19.3 - https:\/\/yoast.com\/wordpress\/plugins\/seo\/ -->\n<title>GRANDE RESERVE BRUT - Mes Vendanges<\/title>\n<meta name=\"robots\" content=\"index, follow, max-snippet:-1, max-image-preview:large, max-video-preview:-1\" \/>\n<link rel=\"canonical\" href=\"https:\/\/www.mesvendanges.com\/en\/shop\/wines\/grande-reserve-brut-dehours-nm-75cl\/\" \/>\n<meta property=\"og:locale\" content=\"en_US\" \/>\n<meta property=\"og:type\" content=\"article\" \/>\n<meta property=\"og:title\" content=\"GRANDE RESERVE BRUT - Mes Vendanges\" \/>\n<meta property=\"og:description\" content=\"Cuv\u00e9e principale du Domaine, elle est marqu\u00e9e par une pr\u00e9sence majoritaire du Meunier, c\u00e9page identitaire de la Vall\u00e9e de la Marne et de notre propre vignoble. Proportion importante de vins issus d\u2019une R\u00e9serve Perp\u00e9tuelle, d\u00e9but\u00e9e en 1998. La fermentation Malo-lactique est enti\u00e8rement r\u00e9alis\u00e9e. Maturation de 15 \u00e0 27 mois en bouteille. Dosage 5gr\/l\" \/>\n<meta property=\"og:url\" content=\"https:\/\/www.mesvendanges.com\/en\/shop\/wines\/grande-reserve-brut-dehours-nm-75cl\/\" \/>\n<meta property=\"og:site_name\" content=\"Mes Vendanges\" \/>\n<meta property=\"article:modified_time\" content=\"2026-01-20T10:27:35+00:00\" \/>\n<meta property=\"og:image\" content=\"https:\/\/www.mesvendanges.com\/wp-content\/uploads\/2022\/08\/dehours-grande-reserve-brut-champagne-nm-75cl-effervescent-png.png\" \/>\n\t<meta property=\"og:image:width\" content=\"396\" \/>\n\t<meta property=\"og:image:height\" content=\"1500\" \/>\n\t<meta property=\"og:image:type\" content=\"image\/png\" \/>\n<meta name=\"twitter:card\" content=\"summary_large_image\" \/>\n<script type=\"application\/ld+json\" class=\"yoast-schema-graph\">{\"@context\":\"https:\/\/schema.org\",\"@graph\":[{\"@type\":\"Organization\",\"@id\":\"https:\/\/www.mesvendanges.com\/en\/#organization\",\"name\":\"Mes Vendanges\",\"url\":\"https:\/\/www.mesvendanges.com\/en\/\",\"sameAs\":[],\"logo\":{\"@type\":\"ImageObject\",\"inLanguage\":\"fr-FR\",\"@id\":\"https:\/\/www.mesvendanges.com\/en\/#\/schema\/logo\/image\/\",\"url\":\"https:\/\/www.mesvendanges.com\/wp-content\/uploads\/2022\/02\/logo-mesvendanges.jpg\",\"contentUrl\":\"https:\/\/www.mesvendanges.com\/wp-content\/uploads\/2022\/02\/logo-mesvendanges.jpg\",\"width\":851,\"height\":260,\"caption\":\"Mes Vendanges\"},\"image\":{\"@id\":\"https:\/\/www.mesvendanges.com\/en\/#\/schema\/logo\/image\/\"}},{\"@type\":\"WebSite\",\"@id\":\"https:\/\/www.mesvendanges.com\/en\/#website\",\"url\":\"https:\/\/www.mesvendanges.com\/en\/\",\"name\":\"Mes Vendanges\",\"description\":\"Des journ\u00e9es enti\u00e8res dans les vignes\",\"publisher\":{\"@id\":\"https:\/\/www.mesvendanges.com\/en\/#organization\"},\"potentialAction\":[{\"@type\":\"SearchAction\",\"target\":{\"@type\":\"EntryPoint\",\"urlTemplate\":\"https:\/\/www.mesvendanges.com\/en\/?s={search_term_string}\"},\"query-input\":\"required name=search_term_string\"}],\"inLanguage\":\"fr-FR\"},{\"@type\":\"ImageObject\",\"inLanguage\":\"fr-FR\",\"@id\":\"https:\/\/www.mesvendanges.com\/en\/shop\/wines\/grande-reserve-brut-dehours-nm-75cl\/#primaryimage\",\"url\":\"https:\/\/www.mesvendanges.com\/wp-content\/uploads\/2022\/08\/dehours-grande-reserve-brut-champagne-nm-75cl-effervescent-png.png\",\"contentUrl\":\"https:\/\/www.mesvendanges.com\/wp-content\/uploads\/2022\/08\/dehours-grande-reserve-brut-champagne-nm-75cl-effervescent-png.png\",\"width\":396,\"height\":1500},{\"@type\":\"WebPage\",\"@id\":\"https:\/\/www.mesvendanges.com\/en\/shop\/wines\/grande-reserve-brut-dehours-nm-75cl\/\",\"url\":\"https:\/\/www.mesvendanges.com\/en\/shop\/wines\/grande-reserve-brut-dehours-nm-75cl\/\",\"name\":\"GRANDE RESERVE BRUT - Mes Vendanges\",\"isPartOf\":{\"@id\":\"https:\/\/www.mesvendanges.com\/en\/#website\"},\"primaryImageOfPage\":{\"@id\":\"https:\/\/www.mesvendanges.com\/en\/shop\/wines\/grande-reserve-brut-dehours-nm-75cl\/#primaryimage\"},\"datePublished\":\"2022-08-02T15:46:50+00:00\",\"dateModified\":\"2026-01-20T10:27:35+00:00\",\"breadcrumb\":{\"@id\":\"https:\/\/www.mesvendanges.com\/en\/shop\/wines\/grande-reserve-brut-dehours-nm-75cl\/#breadcrumb\"},\"inLanguage\":\"fr-FR\",\"potentialAction\":[{\"@type\":\"ReadAction\",\"target\":[\"https:\/\/www.mesvendanges.com\/en\/shop\/wines\/grande-reserve-brut-dehours-nm-75cl\/\"]}]},{\"@type\":\"BreadcrumbList\",\"@id\":\"https:\/\/www.mesvendanges.com\/en\/shop\/wines\/grande-reserve-brut-dehours-nm-75cl\/#breadcrumb\",\"itemListElement\":[{\"@type\":\"ListItem\",\"position\":1,\"name\":\"Home\",\"item\":\"https:\/\/www.mesvendanges.com\/en\/\"},{\"@type\":\"ListItem\",\"position\":2,\"name\":\"Shop\",\"item\":\"https:\/\/www.mesvendanges.com\/en\/shop\/\"},{\"@type\":\"ListItem\",\"position\":3,\"name\":\"GRANDE RESERVE BRUT\"}]}]}<\/script>\n<!-- \/ Yoast SEO plugin. -->","yoast_head_json":{"title":"GRANDE RESERVE BRUT - Mes Vendanges","robots":{"index":"index","follow":"follow","max-snippet":"max-snippet:-1","max-image-preview":"max-image-preview:large","max-video-preview":"max-video-preview:-1"},"canonical":"https:\/\/www.mesvendanges.com\/en\/shop\/wines\/grande-reserve-brut-dehours-nm-75cl\/","og_locale":"en_US","og_type":"article","og_title":"GRANDE RESERVE BRUT - Mes Vendanges","og_description":"Cuv\u00e9e principale du Domaine, elle est marqu\u00e9e par une pr\u00e9sence majoritaire du Meunier, c\u00e9page identitaire de la Vall\u00e9e de la Marne et de notre propre vignoble. Proportion importante de vins issus d\u2019une R\u00e9serve Perp\u00e9tuelle, d\u00e9but\u00e9e en 1998. La fermentation Malo-lactique est enti\u00e8rement r\u00e9alis\u00e9e. Maturation de 15 \u00e0 27 mois en bouteille. Dosage 5gr\/l","og_url":"https:\/\/www.mesvendanges.com\/en\/shop\/wines\/grande-reserve-brut-dehours-nm-75cl\/","og_site_name":"Mes Vendanges","article_modified_time":"2026-01-20T10:27:35+00:00","og_image":[{"width":396,"height":1500,"url":"https:\/\/www.mesvendanges.com\/wp-content\/uploads\/2022\/08\/dehours-grande-reserve-brut-champagne-nm-75cl-effervescent-png.png","type":"image\/png"}],"twitter_card":"summary_large_image","schema":{"@context":"https:\/\/schema.org","@graph":[{"@type":"Organization","@id":"https:\/\/www.mesvendanges.com\/en\/#organization","name":"Mes Vendanges","url":"https:\/\/www.mesvendanges.com\/en\/","sameAs":[],"logo":{"@type":"ImageObject","inLanguage":"fr-FR","@id":"https:\/\/www.mesvendanges.com\/en\/#\/schema\/logo\/image\/","url":"https:\/\/www.mesvendanges.com\/wp-content\/uploads\/2022\/02\/logo-mesvendanges.jpg","contentUrl":"https:\/\/www.mesvendanges.com\/wp-content\/uploads\/2022\/02\/logo-mesvendanges.jpg","width":851,"height":260,"caption":"Mes Vendanges"},"image":{"@id":"https:\/\/www.mesvendanges.com\/en\/#\/schema\/logo\/image\/"}},{"@type":"WebSite","@id":"https:\/\/www.mesvendanges.com\/en\/#website","url":"https:\/\/www.mesvendanges.com\/en\/","name":"Mes Vendanges","description":"Des journ\u00e9es enti\u00e8res dans les vignes","publisher":{"@id":"https:\/\/www.mesvendanges.com\/en\/#organization"},"potentialAction":[{"@type":"SearchAction","target":{"@type":"EntryPoint","urlTemplate":"https:\/\/www.mesvendanges.com\/en\/?s={search_term_string}"},"query-input":"required name=search_term_string"}],"inLanguage":"fr-FR"},{"@type":"ImageObject","inLanguage":"fr-FR","@id":"https:\/\/www.mesvendanges.com\/en\/shop\/wines\/grande-reserve-brut-dehours-nm-75cl\/#primaryimage","url":"https:\/\/www.mesvendanges.com\/wp-content\/uploads\/2022\/08\/dehours-grande-reserve-brut-champagne-nm-75cl-effervescent-png.png","contentUrl":"https:\/\/www.mesvendanges.com\/wp-content\/uploads\/2022\/08\/dehours-grande-reserve-brut-champagne-nm-75cl-effervescent-png.png","width":396,"height":1500},{"@type":"WebPage","@id":"https:\/\/www.mesvendanges.com\/en\/shop\/wines\/grande-reserve-brut-dehours-nm-75cl\/","url":"https:\/\/www.mesvendanges.com\/en\/shop\/wines\/grande-reserve-brut-dehours-nm-75cl\/","name":"GRANDE RESERVE BRUT - Mes Vendanges","isPartOf":{"@id":"https:\/\/www.mesvendanges.com\/en\/#website"},"primaryImageOfPage":{"@id":"https:\/\/www.mesvendanges.com\/en\/shop\/wines\/grande-reserve-brut-dehours-nm-75cl\/#primaryimage"},"datePublished":"2022-08-02T15:46:50+00:00","dateModified":"2026-01-20T10:27:35+00:00","breadcrumb":{"@id":"https:\/\/www.mesvendanges.com\/en\/shop\/wines\/grande-reserve-brut-dehours-nm-75cl\/#breadcrumb"},"inLanguage":"fr-FR","potentialAction":[{"@type":"ReadAction","target":["https:\/\/www.mesvendanges.com\/en\/shop\/wines\/grande-reserve-brut-dehours-nm-75cl\/"]}]},{"@type":"BreadcrumbList","@id":"https:\/\/www.mesvendanges.com\/en\/shop\/wines\/grande-reserve-brut-dehours-nm-75cl\/#breadcrumb","itemListElement":[{"@type":"ListItem","position":1,"name":"Home","item":"https:\/\/www.mesvendanges.com\/en\/"},{"@type":"ListItem","position":2,"name":"Shop","item":"https:\/\/www.mesvendanges.com\/en\/shop\/"},{"@type":"ListItem","position":3,"name":"GRANDE RESERVE BRUT"}]}]}},"_links":{"self":[{"href":"https:\/\/www.mesvendanges.com\/en\/wp-json\/wp\/v2\/product\/48980"}],"collection":[{"href":"https:\/\/www.mesvendanges.com\/en\/wp-json\/wp\/v2\/product"}],"about":[{"href":"https:\/\/www.mesvendanges.com\/en\/wp-json\/wp\/v2\/types\/product"}],"wp:featuredmedia":[{"embeddable":true,"href":"https:\/\/www.mesvendanges.com\/en\/wp-json\/wp\/v2\/media\/49705"}],"wp:attachment":[{"href":"https:\/\/www.mesvendanges.com\/en\/wp-json\/wp\/v2\/media?parent=48980"}],"wp:term":[{"taxonomy":"product_cat","embeddable":true,"href":"https:\/\/www.mesvendanges.com\/en\/wp-json\/wp\/v2\/product_cat?post=48980"},{"taxonomy":"product_tag","embeddable":true,"href":"https:\/\/www.mesvendanges.com\/en\/wp-json\/wp\/v2\/product_tag?post=48980"}],"curies":[{"name":"wp","href":"https:\/\/api.w.org\/{rel}","templated":true}]}}