{"id":49090,"date":"2022-08-02T17:48:21","date_gmt":"2022-08-02T15:48:21","guid":{"rendered":"https:\/\/www.mesvendanges.com\/shop\/uncategorized\/leffraie-12\/"},"modified":"2025-05-01T14:22:33","modified_gmt":"2025-05-01T12:22:33","slug":"leffraie-belliviere-dne-de-2018-75cl","status":"publish","type":"product","link":"https:\/\/www.mesvendanges.com\/en\/shop\/wines\/leffraie-belliviere-dne-de-2018-75cl\/","title":{"rendered":"L&#8217;EFFRAIE"},"content":{"rendered":"<p>En 2018 l&#8217;Effraie se d\u00e9cline en demi-sec (22gr\/l) Tr\u00e8s belle cuv\u00e9e pleine d&#8217;allant, nourrie du style tout \u00e0 la fois d\u00e9licat et tendre du domaine de Bellivi\u00e8re.<br \/>\nTerroir : argiles \u00e0 silex sur tuffeau. Variation sur les argiles et sur la granulom\u00e9trie du cailloutis silex, voire pr\u00e9sence de sable. Assemblage de 11 parcelles (3,5 ha) situ\u00e9es sur les communes de Chahaignes et Mar\u00e7on.<\/p>\n","protected":false},"excerpt":{"rendered":"<p>En 2018 l&#8217;Effraie se d\u00e9cline en demi-sec (22gr\/l) Tr\u00e8s belle cuv\u00e9e pleine d&#8217;allant, nourrie du style tout \u00e0 la fois d\u00e9licat et tendre du domaine de Bellivi\u00e8re. Terroir : argiles \u00e0 silex sur tuffeau. Variation sur les argiles et sur la granulom\u00e9trie du cailloutis silex, voire pr\u00e9sence de sable. Assemblage de 11 parcelles (3,5 ha) [&hellip;]<\/p>\n","protected":false},"featured_media":86410,"template":"","meta":[],"product_cat":[3740],"product_tag":[],"acf":[],"yoast_head":"<!-- This site is optimized with the Yoast SEO plugin v19.3 - https:\/\/yoast.com\/wordpress\/plugins\/seo\/ -->\n<title>L&#039;EFFRAIE - Mes Vendanges<\/title>\n<meta name=\"robots\" content=\"index, follow, max-snippet:-1, max-image-preview:large, max-video-preview:-1\" \/>\n<link rel=\"canonical\" href=\"https:\/\/www.mesvendanges.com\/en\/shop\/wines\/leffraie-belliviere-dne-de-2018-75cl\/\" \/>\n<meta property=\"og:locale\" content=\"en_US\" \/>\n<meta property=\"og:type\" content=\"article\" \/>\n<meta property=\"og:title\" content=\"L&#039;EFFRAIE - Mes Vendanges\" \/>\n<meta property=\"og:description\" content=\"En 2018 l&#8217;Effraie se d\u00e9cline en demi-sec (22gr\/l) Tr\u00e8s belle cuv\u00e9e pleine d&#8217;allant, nourrie du style tout \u00e0 la fois d\u00e9licat et tendre du domaine de Bellivi\u00e8re. Terroir : argiles \u00e0 silex sur tuffeau. Variation sur les argiles et sur la granulom\u00e9trie du cailloutis silex, voire pr\u00e9sence de sable. Assemblage de 11 parcelles (3,5 ha) [&hellip;]\" \/>\n<meta property=\"og:url\" content=\"https:\/\/www.mesvendanges.com\/en\/shop\/wines\/leffraie-belliviere-dne-de-2018-75cl\/\" \/>\n<meta property=\"og:site_name\" content=\"Mes Vendanges\" \/>\n<meta property=\"article:modified_time\" content=\"2025-05-01T12:22:33+00:00\" \/>\n<meta property=\"og:image\" content=\"https:\/\/www.mesvendanges.com\/wp-content\/uploads\/2025\/05\/domaine-de-belliviere-leffraie-coteaux-du-loir-blanc-png.png\" \/>\n\t<meta property=\"og:image:width\" content=\"353\" \/>\n\t<meta property=\"og:image:height\" content=\"1500\" \/>\n\t<meta property=\"og:image:type\" content=\"image\/png\" \/>\n<meta name=\"twitter:card\" content=\"summary_large_image\" \/>\n<script type=\"application\/ld+json\" class=\"yoast-schema-graph\">{\"@context\":\"https:\/\/schema.org\",\"@graph\":[{\"@type\":\"Organization\",\"@id\":\"https:\/\/www.mesvendanges.com\/en\/#organization\",\"name\":\"Mes Vendanges\",\"url\":\"https:\/\/www.mesvendanges.com\/en\/\",\"sameAs\":[],\"logo\":{\"@type\":\"ImageObject\",\"inLanguage\":\"fr-FR\",\"@id\":\"https:\/\/www.mesvendanges.com\/en\/#\/schema\/logo\/image\/\",\"url\":\"https:\/\/www.mesvendanges.com\/wp-content\/uploads\/2022\/02\/logo-mesvendanges.jpg\",\"contentUrl\":\"https:\/\/www.mesvendanges.com\/wp-content\/uploads\/2022\/02\/logo-mesvendanges.jpg\",\"width\":851,\"height\":260,\"caption\":\"Mes Vendanges\"},\"image\":{\"@id\":\"https:\/\/www.mesvendanges.com\/en\/#\/schema\/logo\/image\/\"}},{\"@type\":\"WebSite\",\"@id\":\"https:\/\/www.mesvendanges.com\/en\/#website\",\"url\":\"https:\/\/www.mesvendanges.com\/en\/\",\"name\":\"Mes Vendanges\",\"description\":\"Des journ\u00e9es enti\u00e8res dans les vignes\",\"publisher\":{\"@id\":\"https:\/\/www.mesvendanges.com\/en\/#organization\"},\"potentialAction\":[{\"@type\":\"SearchAction\",\"target\":{\"@type\":\"EntryPoint\",\"urlTemplate\":\"https:\/\/www.mesvendanges.com\/en\/?s={search_term_string}\"},\"query-input\":\"required name=search_term_string\"}],\"inLanguage\":\"fr-FR\"},{\"@type\":\"ImageObject\",\"inLanguage\":\"fr-FR\",\"@id\":\"https:\/\/www.mesvendanges.com\/en\/shop\/wines\/leffraie-belliviere-dne-de-2018-75cl\/#primaryimage\",\"url\":\"https:\/\/www.mesvendanges.com\/wp-content\/uploads\/2025\/05\/domaine-de-belliviere-leffraie-coteaux-du-loir-blanc-png.png\",\"contentUrl\":\"https:\/\/www.mesvendanges.com\/wp-content\/uploads\/2025\/05\/domaine-de-belliviere-leffraie-coteaux-du-loir-blanc-png.png\",\"width\":353,\"height\":1500},{\"@type\":\"WebPage\",\"@id\":\"https:\/\/www.mesvendanges.com\/en\/shop\/wines\/leffraie-belliviere-dne-de-2018-75cl\/\",\"url\":\"https:\/\/www.mesvendanges.com\/en\/shop\/wines\/leffraie-belliviere-dne-de-2018-75cl\/\",\"name\":\"L'EFFRAIE - Mes Vendanges\",\"isPartOf\":{\"@id\":\"https:\/\/www.mesvendanges.com\/en\/#website\"},\"primaryImageOfPage\":{\"@id\":\"https:\/\/www.mesvendanges.com\/en\/shop\/wines\/leffraie-belliviere-dne-de-2018-75cl\/#primaryimage\"},\"datePublished\":\"2022-08-02T15:48:21+00:00\",\"dateModified\":\"2025-05-01T12:22:33+00:00\",\"breadcrumb\":{\"@id\":\"https:\/\/www.mesvendanges.com\/en\/shop\/wines\/leffraie-belliviere-dne-de-2018-75cl\/#breadcrumb\"},\"inLanguage\":\"fr-FR\",\"potentialAction\":[{\"@type\":\"ReadAction\",\"target\":[\"https:\/\/www.mesvendanges.com\/en\/shop\/wines\/leffraie-belliviere-dne-de-2018-75cl\/\"]}]},{\"@type\":\"BreadcrumbList\",\"@id\":\"https:\/\/www.mesvendanges.com\/en\/shop\/wines\/leffraie-belliviere-dne-de-2018-75cl\/#breadcrumb\",\"itemListElement\":[{\"@type\":\"ListItem\",\"position\":1,\"name\":\"Home\",\"item\":\"https:\/\/www.mesvendanges.com\/en\/\"},{\"@type\":\"ListItem\",\"position\":2,\"name\":\"Shop\",\"item\":\"https:\/\/www.mesvendanges.com\/en\/shop\/\"},{\"@type\":\"ListItem\",\"position\":3,\"name\":\"L&#8217;EFFRAIE\"}]}]}<\/script>\n<!-- \/ Yoast SEO plugin. -->","yoast_head_json":{"title":"L'EFFRAIE - Mes Vendanges","robots":{"index":"index","follow":"follow","max-snippet":"max-snippet:-1","max-image-preview":"max-image-preview:large","max-video-preview":"max-video-preview:-1"},"canonical":"https:\/\/www.mesvendanges.com\/en\/shop\/wines\/leffraie-belliviere-dne-de-2018-75cl\/","og_locale":"en_US","og_type":"article","og_title":"L'EFFRAIE - Mes Vendanges","og_description":"En 2018 l&#8217;Effraie se d\u00e9cline en demi-sec (22gr\/l) Tr\u00e8s belle cuv\u00e9e pleine d&#8217;allant, nourrie du style tout \u00e0 la fois d\u00e9licat et tendre du domaine de Bellivi\u00e8re. Terroir : argiles \u00e0 silex sur tuffeau. Variation sur les argiles et sur la granulom\u00e9trie du cailloutis silex, voire pr\u00e9sence de sable. Assemblage de 11 parcelles (3,5 ha) [&hellip;]","og_url":"https:\/\/www.mesvendanges.com\/en\/shop\/wines\/leffraie-belliviere-dne-de-2018-75cl\/","og_site_name":"Mes Vendanges","article_modified_time":"2025-05-01T12:22:33+00:00","og_image":[{"width":353,"height":1500,"url":"https:\/\/www.mesvendanges.com\/wp-content\/uploads\/2025\/05\/domaine-de-belliviere-leffraie-coteaux-du-loir-blanc-png.png","type":"image\/png"}],"twitter_card":"summary_large_image","schema":{"@context":"https:\/\/schema.org","@graph":[{"@type":"Organization","@id":"https:\/\/www.mesvendanges.com\/en\/#organization","name":"Mes Vendanges","url":"https:\/\/www.mesvendanges.com\/en\/","sameAs":[],"logo":{"@type":"ImageObject","inLanguage":"fr-FR","@id":"https:\/\/www.mesvendanges.com\/en\/#\/schema\/logo\/image\/","url":"https:\/\/www.mesvendanges.com\/wp-content\/uploads\/2022\/02\/logo-mesvendanges.jpg","contentUrl":"https:\/\/www.mesvendanges.com\/wp-content\/uploads\/2022\/02\/logo-mesvendanges.jpg","width":851,"height":260,"caption":"Mes Vendanges"},"image":{"@id":"https:\/\/www.mesvendanges.com\/en\/#\/schema\/logo\/image\/"}},{"@type":"WebSite","@id":"https:\/\/www.mesvendanges.com\/en\/#website","url":"https:\/\/www.mesvendanges.com\/en\/","name":"Mes Vendanges","description":"Des journ\u00e9es enti\u00e8res dans les vignes","publisher":{"@id":"https:\/\/www.mesvendanges.com\/en\/#organization"},"potentialAction":[{"@type":"SearchAction","target":{"@type":"EntryPoint","urlTemplate":"https:\/\/www.mesvendanges.com\/en\/?s={search_term_string}"},"query-input":"required name=search_term_string"}],"inLanguage":"fr-FR"},{"@type":"ImageObject","inLanguage":"fr-FR","@id":"https:\/\/www.mesvendanges.com\/en\/shop\/wines\/leffraie-belliviere-dne-de-2018-75cl\/#primaryimage","url":"https:\/\/www.mesvendanges.com\/wp-content\/uploads\/2025\/05\/domaine-de-belliviere-leffraie-coteaux-du-loir-blanc-png.png","contentUrl":"https:\/\/www.mesvendanges.com\/wp-content\/uploads\/2025\/05\/domaine-de-belliviere-leffraie-coteaux-du-loir-blanc-png.png","width":353,"height":1500},{"@type":"WebPage","@id":"https:\/\/www.mesvendanges.com\/en\/shop\/wines\/leffraie-belliviere-dne-de-2018-75cl\/","url":"https:\/\/www.mesvendanges.com\/en\/shop\/wines\/leffraie-belliviere-dne-de-2018-75cl\/","name":"L'EFFRAIE - Mes Vendanges","isPartOf":{"@id":"https:\/\/www.mesvendanges.com\/en\/#website"},"primaryImageOfPage":{"@id":"https:\/\/www.mesvendanges.com\/en\/shop\/wines\/leffraie-belliviere-dne-de-2018-75cl\/#primaryimage"},"datePublished":"2022-08-02T15:48:21+00:00","dateModified":"2025-05-01T12:22:33+00:00","breadcrumb":{"@id":"https:\/\/www.mesvendanges.com\/en\/shop\/wines\/leffraie-belliviere-dne-de-2018-75cl\/#breadcrumb"},"inLanguage":"fr-FR","potentialAction":[{"@type":"ReadAction","target":["https:\/\/www.mesvendanges.com\/en\/shop\/wines\/leffraie-belliviere-dne-de-2018-75cl\/"]}]},{"@type":"BreadcrumbList","@id":"https:\/\/www.mesvendanges.com\/en\/shop\/wines\/leffraie-belliviere-dne-de-2018-75cl\/#breadcrumb","itemListElement":[{"@type":"ListItem","position":1,"name":"Home","item":"https:\/\/www.mesvendanges.com\/en\/"},{"@type":"ListItem","position":2,"name":"Shop","item":"https:\/\/www.mesvendanges.com\/en\/shop\/"},{"@type":"ListItem","position":3,"name":"L&#8217;EFFRAIE"}]}]}},"_links":{"self":[{"href":"https:\/\/www.mesvendanges.com\/en\/wp-json\/wp\/v2\/product\/49090"}],"collection":[{"href":"https:\/\/www.mesvendanges.com\/en\/wp-json\/wp\/v2\/product"}],"about":[{"href":"https:\/\/www.mesvendanges.com\/en\/wp-json\/wp\/v2\/types\/product"}],"wp:featuredmedia":[{"embeddable":true,"href":"https:\/\/www.mesvendanges.com\/en\/wp-json\/wp\/v2\/media\/86410"}],"wp:attachment":[{"href":"https:\/\/www.mesvendanges.com\/en\/wp-json\/wp\/v2\/media?parent=49090"}],"wp:term":[{"taxonomy":"product_cat","embeddable":true,"href":"https:\/\/www.mesvendanges.com\/en\/wp-json\/wp\/v2\/product_cat?post=49090"},{"taxonomy":"product_tag","embeddable":true,"href":"https:\/\/www.mesvendanges.com\/en\/wp-json\/wp\/v2\/product_tag?post=49090"}],"curies":[{"name":"wp","href":"https:\/\/api.w.org\/{rel}","templated":true}]}}