{"id":49129,"date":"2022-08-02T17:48:55","date_gmt":"2022-08-02T15:48:55","guid":{"rendered":"https:\/\/www.mesvendanges.com\/shop\/uncategorized\/vieilles-vignes-eparses-sans-soufre\/"},"modified":"2025-11-28T17:15:44","modified_gmt":"2025-11-28T16:15:44","slug":"vieilles-vignes-eparses-sans-soufre-belliviere-dne-de-2016-75cl","status":"publish","type":"product","link":"https:\/\/www.mesvendanges.com\/en\/shop\/wines\/vieilles-vignes-eparses-sans-soufre-belliviere-dne-de-2016-75cl\/","title":{"rendered":"VIEILLES VIGNES EPARSES SANS SOUFRE"},"content":{"rendered":"<p>Cette cuv\u00e9e se distingue par sa finesse et sa dynamique quelque soit le mill\u00e9sime. C&#8217;est un vin tendu, conduit par une certaine ferveur. Une expression unique du chenin, que appr\u00e9cions tout particuli\u00e8rement. Un vin au potentiel de garde \u00e9norme.<br \/>\nSur le mill\u00e9sime 2016 une cuv\u00e9e sans soufre ajout\u00e9e a \u00e9t\u00e9 produite, d\u00e9voilant un caract\u00e8re plus libre, extraverti, que la cuv\u00e9e &#8220;classique&#8221;<br \/>\nLes Vieilles Vignes Eparses sont un assemblage de vignes de chenin ag\u00e9es de 50 \u00e0 80 ans, \u00e9parpill\u00e9es sur plusieurs communes. Terroir d&#8217;argile \u00e0 silex sur tuffeaux. Vendanges manuelles avec des rendements de l&#8217;ordre de 25hl\/ha. Vinification naturelle en barriques (1\/4 de bois neuf), \u00e9levage d&#8217;un an minimum<\/p>\n","protected":false},"excerpt":{"rendered":"<p>Cette cuv\u00e9e se distingue par sa finesse et sa dynamique quelque soit le mill\u00e9sime. C&#8217;est un vin tendu, conduit par une certaine ferveur. Une expression unique du chenin, que appr\u00e9cions tout particuli\u00e8rement. Un vin au potentiel de garde \u00e9norme. Sur le mill\u00e9sime 2016 une cuv\u00e9e sans soufre ajout\u00e9e a \u00e9t\u00e9 produite, d\u00e9voilant un caract\u00e8re plus [&hellip;]<\/p>\n","protected":false},"featured_media":86452,"template":"","meta":[],"product_cat":[3740],"product_tag":[],"acf":[],"yoast_head":"<!-- This site is optimized with the Yoast SEO plugin v19.3 - https:\/\/yoast.com\/wordpress\/plugins\/seo\/ -->\n<title>VIEILLES VIGNES EPARSES SANS SOUFRE - Mes Vendanges<\/title>\n<meta name=\"robots\" content=\"index, follow, max-snippet:-1, max-image-preview:large, max-video-preview:-1\" \/>\n<link rel=\"canonical\" href=\"https:\/\/www.mesvendanges.com\/en\/shop\/wines\/vieilles-vignes-eparses-sans-soufre-belliviere-dne-de-2016-75cl\/\" \/>\n<meta property=\"og:locale\" content=\"en_US\" \/>\n<meta property=\"og:type\" content=\"article\" \/>\n<meta property=\"og:title\" content=\"VIEILLES VIGNES EPARSES SANS SOUFRE - Mes Vendanges\" \/>\n<meta property=\"og:description\" content=\"Cette cuv\u00e9e se distingue par sa finesse et sa dynamique quelque soit le mill\u00e9sime. C&#8217;est un vin tendu, conduit par une certaine ferveur. Une expression unique du chenin, que appr\u00e9cions tout particuli\u00e8rement. Un vin au potentiel de garde \u00e9norme. Sur le mill\u00e9sime 2016 une cuv\u00e9e sans soufre ajout\u00e9e a \u00e9t\u00e9 produite, d\u00e9voilant un caract\u00e8re plus [&hellip;]\" \/>\n<meta property=\"og:url\" content=\"https:\/\/www.mesvendanges.com\/en\/shop\/wines\/vieilles-vignes-eparses-sans-soufre-belliviere-dne-de-2016-75cl\/\" \/>\n<meta property=\"og:site_name\" content=\"Mes Vendanges\" \/>\n<meta property=\"article:modified_time\" content=\"2025-11-28T16:15:44+00:00\" \/>\n<meta property=\"og:image\" content=\"https:\/\/www.mesvendanges.com\/wp-content\/uploads\/2025\/05\/domaine-de-belliviere-vieilles-vignes-eparses-sans-soufre-coteaux-du-loir-blanc-2016.png\" \/>\n\t<meta property=\"og:image:width\" content=\"600\" \/>\n\t<meta property=\"og:image:height\" content=\"1500\" \/>\n\t<meta property=\"og:image:type\" content=\"image\/png\" \/>\n<meta name=\"twitter:card\" content=\"summary_large_image\" \/>\n<meta name=\"twitter:label1\" content=\"Est. reading time\" \/>\n\t<meta name=\"twitter:data1\" content=\"1 minute\" \/>\n<script type=\"application\/ld+json\" class=\"yoast-schema-graph\">{\"@context\":\"https:\/\/schema.org\",\"@graph\":[{\"@type\":\"Organization\",\"@id\":\"https:\/\/www.mesvendanges.com\/en\/#organization\",\"name\":\"Mes Vendanges\",\"url\":\"https:\/\/www.mesvendanges.com\/en\/\",\"sameAs\":[],\"logo\":{\"@type\":\"ImageObject\",\"inLanguage\":\"fr-FR\",\"@id\":\"https:\/\/www.mesvendanges.com\/en\/#\/schema\/logo\/image\/\",\"url\":\"https:\/\/www.mesvendanges.com\/wp-content\/uploads\/2022\/02\/logo-mesvendanges.jpg\",\"contentUrl\":\"https:\/\/www.mesvendanges.com\/wp-content\/uploads\/2022\/02\/logo-mesvendanges.jpg\",\"width\":851,\"height\":260,\"caption\":\"Mes Vendanges\"},\"image\":{\"@id\":\"https:\/\/www.mesvendanges.com\/en\/#\/schema\/logo\/image\/\"}},{\"@type\":\"WebSite\",\"@id\":\"https:\/\/www.mesvendanges.com\/en\/#website\",\"url\":\"https:\/\/www.mesvendanges.com\/en\/\",\"name\":\"Mes Vendanges\",\"description\":\"Des journ\u00e9es enti\u00e8res dans les vignes\",\"publisher\":{\"@id\":\"https:\/\/www.mesvendanges.com\/en\/#organization\"},\"potentialAction\":[{\"@type\":\"SearchAction\",\"target\":{\"@type\":\"EntryPoint\",\"urlTemplate\":\"https:\/\/www.mesvendanges.com\/en\/?s={search_term_string}\"},\"query-input\":\"required name=search_term_string\"}],\"inLanguage\":\"fr-FR\"},{\"@type\":\"ImageObject\",\"inLanguage\":\"fr-FR\",\"@id\":\"https:\/\/www.mesvendanges.com\/en\/shop\/wines\/vieilles-vignes-eparses-sans-soufre-belliviere-dne-de-2016-75cl\/#primaryimage\",\"url\":\"https:\/\/www.mesvendanges.com\/wp-content\/uploads\/2025\/05\/domaine-de-belliviere-vieilles-vignes-eparses-sans-soufre-coteaux-du-loir-blanc-2016.png\",\"contentUrl\":\"https:\/\/www.mesvendanges.com\/wp-content\/uploads\/2025\/05\/domaine-de-belliviere-vieilles-vignes-eparses-sans-soufre-coteaux-du-loir-blanc-2016.png\",\"width\":600,\"height\":1500},{\"@type\":\"WebPage\",\"@id\":\"https:\/\/www.mesvendanges.com\/en\/shop\/wines\/vieilles-vignes-eparses-sans-soufre-belliviere-dne-de-2016-75cl\/\",\"url\":\"https:\/\/www.mesvendanges.com\/en\/shop\/wines\/vieilles-vignes-eparses-sans-soufre-belliviere-dne-de-2016-75cl\/\",\"name\":\"VIEILLES VIGNES EPARSES SANS SOUFRE - Mes Vendanges\",\"isPartOf\":{\"@id\":\"https:\/\/www.mesvendanges.com\/en\/#website\"},\"primaryImageOfPage\":{\"@id\":\"https:\/\/www.mesvendanges.com\/en\/shop\/wines\/vieilles-vignes-eparses-sans-soufre-belliviere-dne-de-2016-75cl\/#primaryimage\"},\"datePublished\":\"2022-08-02T15:48:55+00:00\",\"dateModified\":\"2025-11-28T16:15:44+00:00\",\"breadcrumb\":{\"@id\":\"https:\/\/www.mesvendanges.com\/en\/shop\/wines\/vieilles-vignes-eparses-sans-soufre-belliviere-dne-de-2016-75cl\/#breadcrumb\"},\"inLanguage\":\"fr-FR\",\"potentialAction\":[{\"@type\":\"ReadAction\",\"target\":[\"https:\/\/www.mesvendanges.com\/en\/shop\/wines\/vieilles-vignes-eparses-sans-soufre-belliviere-dne-de-2016-75cl\/\"]}]},{\"@type\":\"BreadcrumbList\",\"@id\":\"https:\/\/www.mesvendanges.com\/en\/shop\/wines\/vieilles-vignes-eparses-sans-soufre-belliviere-dne-de-2016-75cl\/#breadcrumb\",\"itemListElement\":[{\"@type\":\"ListItem\",\"position\":1,\"name\":\"Home\",\"item\":\"https:\/\/www.mesvendanges.com\/en\/\"},{\"@type\":\"ListItem\",\"position\":2,\"name\":\"Shop\",\"item\":\"https:\/\/www.mesvendanges.com\/en\/shop\/\"},{\"@type\":\"ListItem\",\"position\":3,\"name\":\"VIEILLES VIGNES EPARSES SANS SOUFRE\"}]}]}<\/script>\n<!-- \/ Yoast SEO plugin. -->","yoast_head_json":{"title":"VIEILLES VIGNES EPARSES SANS SOUFRE - Mes Vendanges","robots":{"index":"index","follow":"follow","max-snippet":"max-snippet:-1","max-image-preview":"max-image-preview:large","max-video-preview":"max-video-preview:-1"},"canonical":"https:\/\/www.mesvendanges.com\/en\/shop\/wines\/vieilles-vignes-eparses-sans-soufre-belliviere-dne-de-2016-75cl\/","og_locale":"en_US","og_type":"article","og_title":"VIEILLES VIGNES EPARSES SANS SOUFRE - Mes Vendanges","og_description":"Cette cuv\u00e9e se distingue par sa finesse et sa dynamique quelque soit le mill\u00e9sime. C&#8217;est un vin tendu, conduit par une certaine ferveur. Une expression unique du chenin, que appr\u00e9cions tout particuli\u00e8rement. Un vin au potentiel de garde \u00e9norme. Sur le mill\u00e9sime 2016 une cuv\u00e9e sans soufre ajout\u00e9e a \u00e9t\u00e9 produite, d\u00e9voilant un caract\u00e8re plus [&hellip;]","og_url":"https:\/\/www.mesvendanges.com\/en\/shop\/wines\/vieilles-vignes-eparses-sans-soufre-belliviere-dne-de-2016-75cl\/","og_site_name":"Mes Vendanges","article_modified_time":"2025-11-28T16:15:44+00:00","og_image":[{"width":600,"height":1500,"url":"https:\/\/www.mesvendanges.com\/wp-content\/uploads\/2025\/05\/domaine-de-belliviere-vieilles-vignes-eparses-sans-soufre-coteaux-du-loir-blanc-2016.png","type":"image\/png"}],"twitter_card":"summary_large_image","twitter_misc":{"Est. reading time":"1 minute"},"schema":{"@context":"https:\/\/schema.org","@graph":[{"@type":"Organization","@id":"https:\/\/www.mesvendanges.com\/en\/#organization","name":"Mes Vendanges","url":"https:\/\/www.mesvendanges.com\/en\/","sameAs":[],"logo":{"@type":"ImageObject","inLanguage":"fr-FR","@id":"https:\/\/www.mesvendanges.com\/en\/#\/schema\/logo\/image\/","url":"https:\/\/www.mesvendanges.com\/wp-content\/uploads\/2022\/02\/logo-mesvendanges.jpg","contentUrl":"https:\/\/www.mesvendanges.com\/wp-content\/uploads\/2022\/02\/logo-mesvendanges.jpg","width":851,"height":260,"caption":"Mes Vendanges"},"image":{"@id":"https:\/\/www.mesvendanges.com\/en\/#\/schema\/logo\/image\/"}},{"@type":"WebSite","@id":"https:\/\/www.mesvendanges.com\/en\/#website","url":"https:\/\/www.mesvendanges.com\/en\/","name":"Mes Vendanges","description":"Des journ\u00e9es enti\u00e8res dans les vignes","publisher":{"@id":"https:\/\/www.mesvendanges.com\/en\/#organization"},"potentialAction":[{"@type":"SearchAction","target":{"@type":"EntryPoint","urlTemplate":"https:\/\/www.mesvendanges.com\/en\/?s={search_term_string}"},"query-input":"required name=search_term_string"}],"inLanguage":"fr-FR"},{"@type":"ImageObject","inLanguage":"fr-FR","@id":"https:\/\/www.mesvendanges.com\/en\/shop\/wines\/vieilles-vignes-eparses-sans-soufre-belliviere-dne-de-2016-75cl\/#primaryimage","url":"https:\/\/www.mesvendanges.com\/wp-content\/uploads\/2025\/05\/domaine-de-belliviere-vieilles-vignes-eparses-sans-soufre-coteaux-du-loir-blanc-2016.png","contentUrl":"https:\/\/www.mesvendanges.com\/wp-content\/uploads\/2025\/05\/domaine-de-belliviere-vieilles-vignes-eparses-sans-soufre-coteaux-du-loir-blanc-2016.png","width":600,"height":1500},{"@type":"WebPage","@id":"https:\/\/www.mesvendanges.com\/en\/shop\/wines\/vieilles-vignes-eparses-sans-soufre-belliviere-dne-de-2016-75cl\/","url":"https:\/\/www.mesvendanges.com\/en\/shop\/wines\/vieilles-vignes-eparses-sans-soufre-belliviere-dne-de-2016-75cl\/","name":"VIEILLES VIGNES EPARSES SANS SOUFRE - Mes Vendanges","isPartOf":{"@id":"https:\/\/www.mesvendanges.com\/en\/#website"},"primaryImageOfPage":{"@id":"https:\/\/www.mesvendanges.com\/en\/shop\/wines\/vieilles-vignes-eparses-sans-soufre-belliviere-dne-de-2016-75cl\/#primaryimage"},"datePublished":"2022-08-02T15:48:55+00:00","dateModified":"2025-11-28T16:15:44+00:00","breadcrumb":{"@id":"https:\/\/www.mesvendanges.com\/en\/shop\/wines\/vieilles-vignes-eparses-sans-soufre-belliviere-dne-de-2016-75cl\/#breadcrumb"},"inLanguage":"fr-FR","potentialAction":[{"@type":"ReadAction","target":["https:\/\/www.mesvendanges.com\/en\/shop\/wines\/vieilles-vignes-eparses-sans-soufre-belliviere-dne-de-2016-75cl\/"]}]},{"@type":"BreadcrumbList","@id":"https:\/\/www.mesvendanges.com\/en\/shop\/wines\/vieilles-vignes-eparses-sans-soufre-belliviere-dne-de-2016-75cl\/#breadcrumb","itemListElement":[{"@type":"ListItem","position":1,"name":"Home","item":"https:\/\/www.mesvendanges.com\/en\/"},{"@type":"ListItem","position":2,"name":"Shop","item":"https:\/\/www.mesvendanges.com\/en\/shop\/"},{"@type":"ListItem","position":3,"name":"VIEILLES VIGNES EPARSES SANS SOUFRE"}]}]}},"_links":{"self":[{"href":"https:\/\/www.mesvendanges.com\/en\/wp-json\/wp\/v2\/product\/49129"}],"collection":[{"href":"https:\/\/www.mesvendanges.com\/en\/wp-json\/wp\/v2\/product"}],"about":[{"href":"https:\/\/www.mesvendanges.com\/en\/wp-json\/wp\/v2\/types\/product"}],"wp:featuredmedia":[{"embeddable":true,"href":"https:\/\/www.mesvendanges.com\/en\/wp-json\/wp\/v2\/media\/86452"}],"wp:attachment":[{"href":"https:\/\/www.mesvendanges.com\/en\/wp-json\/wp\/v2\/media?parent=49129"}],"wp:term":[{"taxonomy":"product_cat","embeddable":true,"href":"https:\/\/www.mesvendanges.com\/en\/wp-json\/wp\/v2\/product_cat?post=49129"},{"taxonomy":"product_tag","embeddable":true,"href":"https:\/\/www.mesvendanges.com\/en\/wp-json\/wp\/v2\/product_tag?post=49129"}],"curies":[{"name":"wp","href":"https:\/\/api.w.org\/{rel}","templated":true}]}}