{"id":49170,"date":"2022-08-02T17:49:37","date_gmt":"2022-08-02T15:49:37","guid":{"rendered":"https:\/\/www.mesvendanges.com\/shop\/uncategorized\/chez-coste-magnum-2\/"},"modified":"2025-05-01T17:41:38","modified_gmt":"2025-05-01T15:41:38","slug":"chez-coste-magnum-serol-2020-150cl","status":"publish","type":"product","link":"https:\/\/www.mesvendanges.com\/en\/shop\/wines\/chez-coste-magnum-serol-2020-150cl\/","title":{"rendered":"CHEZ COSTE MAGNUM"},"content":{"rendered":"<p>Chez Coste, c&#8217;est le coeur de terroir des perdrizi\u00e8res, une parcelle plein est riche en mangan\u00e8se et en oxyde de fer. La vendange est ici \u00e9rafl\u00e9e \u00e0 100% puis vinifi\u00e9e en amphore sans soufre. Une mac\u00e9ration en douceur de 6 mois, puis un \u00e9levage de 6 mois toujours en amphore et sans soufre. Mise en bouteille avec une l\u00e9g\u00e8re protection de 25mg\/l.<br \/>\nLes cuv\u00e9es en amphores se caract\u00e9risent par leur touch\u00e9 de bouche d&#8217;une rare \u00e9l\u00e9gance, par une fraicheur et un caract\u00e8re floral remarquable. Ce sont des t\u00e9moins vibrant de la haute qualit\u00e9 des terroirs de la C\u00f4te Roannaise ainsi que du gamay saint-romain.<\/p>\n","protected":false},"excerpt":{"rendered":"<p>Chez Coste, c&#8217;est le coeur de terroir des perdrizi\u00e8res, une parcelle plein est riche en mangan\u00e8se et en oxyde de fer. La vendange est ici \u00e9rafl\u00e9e \u00e0 100% puis vinifi\u00e9e en amphore sans soufre. Une mac\u00e9ration en douceur de 6 mois, puis un \u00e9levage de 6 mois toujours en amphore et sans soufre. Mise en [&hellip;]<\/p>\n","protected":false},"featured_media":87778,"template":"","meta":[],"product_cat":[3740],"product_tag":[],"acf":[],"yoast_head":"<!-- This site is optimized with the Yoast SEO plugin v19.3 - https:\/\/yoast.com\/wordpress\/plugins\/seo\/ -->\n<title>CHEZ COSTE MAGNUM - Mes Vendanges<\/title>\n<meta name=\"robots\" content=\"index, follow, max-snippet:-1, max-image-preview:large, max-video-preview:-1\" \/>\n<link rel=\"canonical\" href=\"https:\/\/www.mesvendanges.com\/en\/shop\/wines\/chez-coste-magnum-serol-2020-150cl\/\" \/>\n<meta property=\"og:locale\" content=\"en_US\" \/>\n<meta property=\"og:type\" content=\"article\" \/>\n<meta property=\"og:title\" content=\"CHEZ COSTE MAGNUM - Mes Vendanges\" \/>\n<meta property=\"og:description\" content=\"Chez Coste, c&#8217;est le coeur de terroir des perdrizi\u00e8res, une parcelle plein est riche en mangan\u00e8se et en oxyde de fer. La vendange est ici \u00e9rafl\u00e9e \u00e0 100% puis vinifi\u00e9e en amphore sans soufre. Une mac\u00e9ration en douceur de 6 mois, puis un \u00e9levage de 6 mois toujours en amphore et sans soufre. Mise en [&hellip;]\" \/>\n<meta property=\"og:url\" content=\"https:\/\/www.mesvendanges.com\/en\/shop\/wines\/chez-coste-magnum-serol-2020-150cl\/\" \/>\n<meta property=\"og:site_name\" content=\"Mes Vendanges\" \/>\n<meta property=\"article:modified_time\" content=\"2025-05-01T15:41:38+00:00\" \/>\n<meta property=\"og:image\" content=\"https:\/\/www.mesvendanges.com\/wp-content\/uploads\/2025\/05\/serol-chez-coste-magnum-cote-roannaise-2020-150cl-rouge-png.png\" \/>\n\t<meta property=\"og:image:width\" content=\"442\" \/>\n\t<meta property=\"og:image:height\" content=\"1500\" \/>\n\t<meta property=\"og:image:type\" content=\"image\/png\" \/>\n<meta name=\"twitter:card\" content=\"summary_large_image\" \/>\n<meta name=\"twitter:label1\" content=\"Est. reading time\" \/>\n\t<meta name=\"twitter:data1\" content=\"1 minute\" \/>\n<script type=\"application\/ld+json\" class=\"yoast-schema-graph\">{\"@context\":\"https:\/\/schema.org\",\"@graph\":[{\"@type\":\"Organization\",\"@id\":\"https:\/\/www.mesvendanges.com\/en\/#organization\",\"name\":\"Mes Vendanges\",\"url\":\"https:\/\/www.mesvendanges.com\/en\/\",\"sameAs\":[],\"logo\":{\"@type\":\"ImageObject\",\"inLanguage\":\"fr-FR\",\"@id\":\"https:\/\/www.mesvendanges.com\/en\/#\/schema\/logo\/image\/\",\"url\":\"https:\/\/www.mesvendanges.com\/wp-content\/uploads\/2022\/02\/logo-mesvendanges.jpg\",\"contentUrl\":\"https:\/\/www.mesvendanges.com\/wp-content\/uploads\/2022\/02\/logo-mesvendanges.jpg\",\"width\":851,\"height\":260,\"caption\":\"Mes Vendanges\"},\"image\":{\"@id\":\"https:\/\/www.mesvendanges.com\/en\/#\/schema\/logo\/image\/\"}},{\"@type\":\"WebSite\",\"@id\":\"https:\/\/www.mesvendanges.com\/en\/#website\",\"url\":\"https:\/\/www.mesvendanges.com\/en\/\",\"name\":\"Mes Vendanges\",\"description\":\"Des journ\u00e9es enti\u00e8res dans les vignes\",\"publisher\":{\"@id\":\"https:\/\/www.mesvendanges.com\/en\/#organization\"},\"potentialAction\":[{\"@type\":\"SearchAction\",\"target\":{\"@type\":\"EntryPoint\",\"urlTemplate\":\"https:\/\/www.mesvendanges.com\/en\/?s={search_term_string}\"},\"query-input\":\"required name=search_term_string\"}],\"inLanguage\":\"fr-FR\"},{\"@type\":\"ImageObject\",\"inLanguage\":\"fr-FR\",\"@id\":\"https:\/\/www.mesvendanges.com\/en\/shop\/wines\/chez-coste-magnum-serol-2020-150cl\/#primaryimage\",\"url\":\"https:\/\/www.mesvendanges.com\/wp-content\/uploads\/2025\/05\/serol-chez-coste-magnum-cote-roannaise-2020-150cl-rouge-png.png\",\"contentUrl\":\"https:\/\/www.mesvendanges.com\/wp-content\/uploads\/2025\/05\/serol-chez-coste-magnum-cote-roannaise-2020-150cl-rouge-png.png\",\"width\":442,\"height\":1500},{\"@type\":\"WebPage\",\"@id\":\"https:\/\/www.mesvendanges.com\/en\/shop\/wines\/chez-coste-magnum-serol-2020-150cl\/\",\"url\":\"https:\/\/www.mesvendanges.com\/en\/shop\/wines\/chez-coste-magnum-serol-2020-150cl\/\",\"name\":\"CHEZ COSTE MAGNUM - Mes Vendanges\",\"isPartOf\":{\"@id\":\"https:\/\/www.mesvendanges.com\/en\/#website\"},\"primaryImageOfPage\":{\"@id\":\"https:\/\/www.mesvendanges.com\/en\/shop\/wines\/chez-coste-magnum-serol-2020-150cl\/#primaryimage\"},\"datePublished\":\"2022-08-02T15:49:37+00:00\",\"dateModified\":\"2025-05-01T15:41:38+00:00\",\"breadcrumb\":{\"@id\":\"https:\/\/www.mesvendanges.com\/en\/shop\/wines\/chez-coste-magnum-serol-2020-150cl\/#breadcrumb\"},\"inLanguage\":\"fr-FR\",\"potentialAction\":[{\"@type\":\"ReadAction\",\"target\":[\"https:\/\/www.mesvendanges.com\/en\/shop\/wines\/chez-coste-magnum-serol-2020-150cl\/\"]}]},{\"@type\":\"BreadcrumbList\",\"@id\":\"https:\/\/www.mesvendanges.com\/en\/shop\/wines\/chez-coste-magnum-serol-2020-150cl\/#breadcrumb\",\"itemListElement\":[{\"@type\":\"ListItem\",\"position\":1,\"name\":\"Home\",\"item\":\"https:\/\/www.mesvendanges.com\/en\/\"},{\"@type\":\"ListItem\",\"position\":2,\"name\":\"Shop\",\"item\":\"https:\/\/www.mesvendanges.com\/en\/shop\/\"},{\"@type\":\"ListItem\",\"position\":3,\"name\":\"CHEZ COSTE MAGNUM\"}]}]}<\/script>\n<!-- \/ Yoast SEO plugin. -->","yoast_head_json":{"title":"CHEZ COSTE MAGNUM - Mes Vendanges","robots":{"index":"index","follow":"follow","max-snippet":"max-snippet:-1","max-image-preview":"max-image-preview:large","max-video-preview":"max-video-preview:-1"},"canonical":"https:\/\/www.mesvendanges.com\/en\/shop\/wines\/chez-coste-magnum-serol-2020-150cl\/","og_locale":"en_US","og_type":"article","og_title":"CHEZ COSTE MAGNUM - Mes Vendanges","og_description":"Chez Coste, c&#8217;est le coeur de terroir des perdrizi\u00e8res, une parcelle plein est riche en mangan\u00e8se et en oxyde de fer. La vendange est ici \u00e9rafl\u00e9e \u00e0 100% puis vinifi\u00e9e en amphore sans soufre. Une mac\u00e9ration en douceur de 6 mois, puis un \u00e9levage de 6 mois toujours en amphore et sans soufre. Mise en [&hellip;]","og_url":"https:\/\/www.mesvendanges.com\/en\/shop\/wines\/chez-coste-magnum-serol-2020-150cl\/","og_site_name":"Mes Vendanges","article_modified_time":"2025-05-01T15:41:38+00:00","og_image":[{"width":442,"height":1500,"url":"https:\/\/www.mesvendanges.com\/wp-content\/uploads\/2025\/05\/serol-chez-coste-magnum-cote-roannaise-2020-150cl-rouge-png.png","type":"image\/png"}],"twitter_card":"summary_large_image","twitter_misc":{"Est. reading time":"1 minute"},"schema":{"@context":"https:\/\/schema.org","@graph":[{"@type":"Organization","@id":"https:\/\/www.mesvendanges.com\/en\/#organization","name":"Mes Vendanges","url":"https:\/\/www.mesvendanges.com\/en\/","sameAs":[],"logo":{"@type":"ImageObject","inLanguage":"fr-FR","@id":"https:\/\/www.mesvendanges.com\/en\/#\/schema\/logo\/image\/","url":"https:\/\/www.mesvendanges.com\/wp-content\/uploads\/2022\/02\/logo-mesvendanges.jpg","contentUrl":"https:\/\/www.mesvendanges.com\/wp-content\/uploads\/2022\/02\/logo-mesvendanges.jpg","width":851,"height":260,"caption":"Mes Vendanges"},"image":{"@id":"https:\/\/www.mesvendanges.com\/en\/#\/schema\/logo\/image\/"}},{"@type":"WebSite","@id":"https:\/\/www.mesvendanges.com\/en\/#website","url":"https:\/\/www.mesvendanges.com\/en\/","name":"Mes Vendanges","description":"Des journ\u00e9es enti\u00e8res dans les vignes","publisher":{"@id":"https:\/\/www.mesvendanges.com\/en\/#organization"},"potentialAction":[{"@type":"SearchAction","target":{"@type":"EntryPoint","urlTemplate":"https:\/\/www.mesvendanges.com\/en\/?s={search_term_string}"},"query-input":"required name=search_term_string"}],"inLanguage":"fr-FR"},{"@type":"ImageObject","inLanguage":"fr-FR","@id":"https:\/\/www.mesvendanges.com\/en\/shop\/wines\/chez-coste-magnum-serol-2020-150cl\/#primaryimage","url":"https:\/\/www.mesvendanges.com\/wp-content\/uploads\/2025\/05\/serol-chez-coste-magnum-cote-roannaise-2020-150cl-rouge-png.png","contentUrl":"https:\/\/www.mesvendanges.com\/wp-content\/uploads\/2025\/05\/serol-chez-coste-magnum-cote-roannaise-2020-150cl-rouge-png.png","width":442,"height":1500},{"@type":"WebPage","@id":"https:\/\/www.mesvendanges.com\/en\/shop\/wines\/chez-coste-magnum-serol-2020-150cl\/","url":"https:\/\/www.mesvendanges.com\/en\/shop\/wines\/chez-coste-magnum-serol-2020-150cl\/","name":"CHEZ COSTE MAGNUM - Mes Vendanges","isPartOf":{"@id":"https:\/\/www.mesvendanges.com\/en\/#website"},"primaryImageOfPage":{"@id":"https:\/\/www.mesvendanges.com\/en\/shop\/wines\/chez-coste-magnum-serol-2020-150cl\/#primaryimage"},"datePublished":"2022-08-02T15:49:37+00:00","dateModified":"2025-05-01T15:41:38+00:00","breadcrumb":{"@id":"https:\/\/www.mesvendanges.com\/en\/shop\/wines\/chez-coste-magnum-serol-2020-150cl\/#breadcrumb"},"inLanguage":"fr-FR","potentialAction":[{"@type":"ReadAction","target":["https:\/\/www.mesvendanges.com\/en\/shop\/wines\/chez-coste-magnum-serol-2020-150cl\/"]}]},{"@type":"BreadcrumbList","@id":"https:\/\/www.mesvendanges.com\/en\/shop\/wines\/chez-coste-magnum-serol-2020-150cl\/#breadcrumb","itemListElement":[{"@type":"ListItem","position":1,"name":"Home","item":"https:\/\/www.mesvendanges.com\/en\/"},{"@type":"ListItem","position":2,"name":"Shop","item":"https:\/\/www.mesvendanges.com\/en\/shop\/"},{"@type":"ListItem","position":3,"name":"CHEZ COSTE MAGNUM"}]}]}},"_links":{"self":[{"href":"https:\/\/www.mesvendanges.com\/en\/wp-json\/wp\/v2\/product\/49170"}],"collection":[{"href":"https:\/\/www.mesvendanges.com\/en\/wp-json\/wp\/v2\/product"}],"about":[{"href":"https:\/\/www.mesvendanges.com\/en\/wp-json\/wp\/v2\/types\/product"}],"wp:featuredmedia":[{"embeddable":true,"href":"https:\/\/www.mesvendanges.com\/en\/wp-json\/wp\/v2\/media\/87778"}],"wp:attachment":[{"href":"https:\/\/www.mesvendanges.com\/en\/wp-json\/wp\/v2\/media?parent=49170"}],"wp:term":[{"taxonomy":"product_cat","embeddable":true,"href":"https:\/\/www.mesvendanges.com\/en\/wp-json\/wp\/v2\/product_cat?post=49170"},{"taxonomy":"product_tag","embeddable":true,"href":"https:\/\/www.mesvendanges.com\/en\/wp-json\/wp\/v2\/product_tag?post=49170"}],"curies":[{"name":"wp","href":"https:\/\/api.w.org\/{rel}","templated":true}]}}