{"id":49238,"date":"2022-08-02T17:50:48","date_gmt":"2022-08-02T15:50:48","guid":{"rendered":"https:\/\/www.mesvendanges.com\/shop\/uncategorized\/forge-cellars-pinot-noir-usa\/"},"modified":"2025-12-16T12:04:03","modified_gmt":"2025-12-16T11:04:03","slug":"forge-cellars-pinot-noir-usa-saint-cosme-ch-2017-75cl","status":"publish","type":"product","link":"https:\/\/www.mesvendanges.com\/en\/shop\/wines\/forge-cellars-pinot-noir-usa-saint-cosme-ch-2017-75cl\/","title":{"rendered":"FORGE CELLARS PINOT NOIR USA"},"content":{"rendered":"<p>Forge Cellars est le domaine de Louis Barruol aux USA. Cette tr\u00e8s belle propri\u00e9t\u00e9 se situe au nord est des Etats Unis dans la r\u00e9gion des grands lacs. Ici le pinot noir est issu des coteaux sud-est du lac Seneca. Les vieilles vignes sont plant\u00e9es sur sols de g shiste. Le vin est ferment\u00e9 en vieux foudres avec 50% de vendange enti\u00e8re puis \u00e9lev\u00e9 9 mois sans soutirage.<\/p>\n<p>A l&#8217;instar des vins du Rh\u00f4ne du domaine, on retrouve ici l&#8217;exigence de  pr\u00e9cision dans l&#8217;aromatique, ainsi que cette qualit\u00e9 de retenue, d&#8217;\u00e9l\u00e9gance. La bouche propose un trame tactile d\u00e9licate mais qui porte le vin. C&#8217;est raffin\u00e9, pos\u00e9. Un tr\u00e8s beau pinot.<\/p>\n","protected":false},"excerpt":{"rendered":"<p>Forge Cellars est le domaine de Louis Barruol aux USA. Cette tr\u00e8s belle propri\u00e9t\u00e9 se situe au nord est des Etats Unis dans la r\u00e9gion des grands lacs. Ici le pinot noir est issu des coteaux sud-est du lac Seneca. Les vieilles vignes sont plant\u00e9es sur sols de g shiste. Le vin est ferment\u00e9 en [&hellip;]<\/p>\n","protected":false},"featured_media":27294,"template":"","meta":[],"product_cat":[3740],"product_tag":[],"acf":[],"yoast_head":"<!-- This site is optimized with the Yoast SEO plugin v19.3 - https:\/\/yoast.com\/wordpress\/plugins\/seo\/ -->\n<title>FORGE CELLARS PINOT NOIR USA - Mes Vendanges<\/title>\n<meta name=\"robots\" content=\"index, follow, max-snippet:-1, max-image-preview:large, max-video-preview:-1\" \/>\n<link rel=\"canonical\" href=\"https:\/\/www.mesvendanges.com\/en\/shop\/wines\/forge-cellars-pinot-noir-usa-saint-cosme-ch-2017-75cl\/\" \/>\n<meta property=\"og:locale\" content=\"en_US\" \/>\n<meta property=\"og:type\" content=\"article\" \/>\n<meta property=\"og:title\" content=\"FORGE CELLARS PINOT NOIR USA - Mes Vendanges\" \/>\n<meta property=\"og:description\" content=\"Forge Cellars est le domaine de Louis Barruol aux USA. Cette tr\u00e8s belle propri\u00e9t\u00e9 se situe au nord est des Etats Unis dans la r\u00e9gion des grands lacs. Ici le pinot noir est issu des coteaux sud-est du lac Seneca. Les vieilles vignes sont plant\u00e9es sur sols de g shiste. Le vin est ferment\u00e9 en [&hellip;]\" \/>\n<meta property=\"og:url\" content=\"https:\/\/www.mesvendanges.com\/en\/shop\/wines\/forge-cellars-pinot-noir-usa-saint-cosme-ch-2017-75cl\/\" \/>\n<meta property=\"og:site_name\" content=\"Mes Vendanges\" \/>\n<meta property=\"article:modified_time\" content=\"2025-12-16T11:04:03+00:00\" \/>\n<meta property=\"og:image\" content=\"https:\/\/www.mesvendanges.com\/wp-content\/uploads\/2022\/07\/chateau-de-saint-cosme-barruol-forge-cellars-pinot-noir-classique-2017-png.png\" \/>\n\t<meta property=\"og:image:width\" content=\"534\" \/>\n\t<meta property=\"og:image:height\" content=\"1500\" \/>\n\t<meta property=\"og:image:type\" content=\"image\/png\" \/>\n<meta name=\"twitter:card\" content=\"summary_large_image\" \/>\n<meta name=\"twitter:label1\" content=\"Est. reading time\" \/>\n\t<meta name=\"twitter:data1\" content=\"1 minute\" \/>\n<script type=\"application\/ld+json\" class=\"yoast-schema-graph\">{\"@context\":\"https:\/\/schema.org\",\"@graph\":[{\"@type\":\"Organization\",\"@id\":\"https:\/\/www.mesvendanges.com\/en\/#organization\",\"name\":\"Mes Vendanges\",\"url\":\"https:\/\/www.mesvendanges.com\/en\/\",\"sameAs\":[],\"logo\":{\"@type\":\"ImageObject\",\"inLanguage\":\"fr-FR\",\"@id\":\"https:\/\/www.mesvendanges.com\/en\/#\/schema\/logo\/image\/\",\"url\":\"https:\/\/www.mesvendanges.com\/wp-content\/uploads\/2022\/02\/logo-mesvendanges.jpg\",\"contentUrl\":\"https:\/\/www.mesvendanges.com\/wp-content\/uploads\/2022\/02\/logo-mesvendanges.jpg\",\"width\":851,\"height\":260,\"caption\":\"Mes Vendanges\"},\"image\":{\"@id\":\"https:\/\/www.mesvendanges.com\/en\/#\/schema\/logo\/image\/\"}},{\"@type\":\"WebSite\",\"@id\":\"https:\/\/www.mesvendanges.com\/en\/#website\",\"url\":\"https:\/\/www.mesvendanges.com\/en\/\",\"name\":\"Mes Vendanges\",\"description\":\"Des journ\u00e9es enti\u00e8res dans les vignes\",\"publisher\":{\"@id\":\"https:\/\/www.mesvendanges.com\/en\/#organization\"},\"potentialAction\":[{\"@type\":\"SearchAction\",\"target\":{\"@type\":\"EntryPoint\",\"urlTemplate\":\"https:\/\/www.mesvendanges.com\/en\/?s={search_term_string}\"},\"query-input\":\"required name=search_term_string\"}],\"inLanguage\":\"fr-FR\"},{\"@type\":\"ImageObject\",\"inLanguage\":\"fr-FR\",\"@id\":\"https:\/\/www.mesvendanges.com\/en\/shop\/wines\/forge-cellars-pinot-noir-usa-saint-cosme-ch-2017-75cl\/#primaryimage\",\"url\":\"https:\/\/www.mesvendanges.com\/wp-content\/uploads\/2022\/07\/chateau-de-saint-cosme-barruol-forge-cellars-pinot-noir-classique-2017-png.png\",\"contentUrl\":\"https:\/\/www.mesvendanges.com\/wp-content\/uploads\/2022\/07\/chateau-de-saint-cosme-barruol-forge-cellars-pinot-noir-classique-2017-png.png\",\"width\":534,\"height\":1500},{\"@type\":\"WebPage\",\"@id\":\"https:\/\/www.mesvendanges.com\/en\/shop\/wines\/forge-cellars-pinot-noir-usa-saint-cosme-ch-2017-75cl\/\",\"url\":\"https:\/\/www.mesvendanges.com\/en\/shop\/wines\/forge-cellars-pinot-noir-usa-saint-cosme-ch-2017-75cl\/\",\"name\":\"FORGE CELLARS PINOT NOIR USA - Mes Vendanges\",\"isPartOf\":{\"@id\":\"https:\/\/www.mesvendanges.com\/en\/#website\"},\"primaryImageOfPage\":{\"@id\":\"https:\/\/www.mesvendanges.com\/en\/shop\/wines\/forge-cellars-pinot-noir-usa-saint-cosme-ch-2017-75cl\/#primaryimage\"},\"datePublished\":\"2022-08-02T15:50:48+00:00\",\"dateModified\":\"2025-12-16T11:04:03+00:00\",\"breadcrumb\":{\"@id\":\"https:\/\/www.mesvendanges.com\/en\/shop\/wines\/forge-cellars-pinot-noir-usa-saint-cosme-ch-2017-75cl\/#breadcrumb\"},\"inLanguage\":\"fr-FR\",\"potentialAction\":[{\"@type\":\"ReadAction\",\"target\":[\"https:\/\/www.mesvendanges.com\/en\/shop\/wines\/forge-cellars-pinot-noir-usa-saint-cosme-ch-2017-75cl\/\"]}]},{\"@type\":\"BreadcrumbList\",\"@id\":\"https:\/\/www.mesvendanges.com\/en\/shop\/wines\/forge-cellars-pinot-noir-usa-saint-cosme-ch-2017-75cl\/#breadcrumb\",\"itemListElement\":[{\"@type\":\"ListItem\",\"position\":1,\"name\":\"Home\",\"item\":\"https:\/\/www.mesvendanges.com\/en\/\"},{\"@type\":\"ListItem\",\"position\":2,\"name\":\"Shop\",\"item\":\"https:\/\/www.mesvendanges.com\/en\/shop\/\"},{\"@type\":\"ListItem\",\"position\":3,\"name\":\"FORGE CELLARS PINOT NOIR USA\"}]}]}<\/script>\n<!-- \/ Yoast SEO plugin. -->","yoast_head_json":{"title":"FORGE CELLARS PINOT NOIR USA - Mes Vendanges","robots":{"index":"index","follow":"follow","max-snippet":"max-snippet:-1","max-image-preview":"max-image-preview:large","max-video-preview":"max-video-preview:-1"},"canonical":"https:\/\/www.mesvendanges.com\/en\/shop\/wines\/forge-cellars-pinot-noir-usa-saint-cosme-ch-2017-75cl\/","og_locale":"en_US","og_type":"article","og_title":"FORGE CELLARS PINOT NOIR USA - Mes Vendanges","og_description":"Forge Cellars est le domaine de Louis Barruol aux USA. Cette tr\u00e8s belle propri\u00e9t\u00e9 se situe au nord est des Etats Unis dans la r\u00e9gion des grands lacs. Ici le pinot noir est issu des coteaux sud-est du lac Seneca. Les vieilles vignes sont plant\u00e9es sur sols de g shiste. Le vin est ferment\u00e9 en [&hellip;]","og_url":"https:\/\/www.mesvendanges.com\/en\/shop\/wines\/forge-cellars-pinot-noir-usa-saint-cosme-ch-2017-75cl\/","og_site_name":"Mes Vendanges","article_modified_time":"2025-12-16T11:04:03+00:00","og_image":[{"width":534,"height":1500,"url":"https:\/\/www.mesvendanges.com\/wp-content\/uploads\/2022\/07\/chateau-de-saint-cosme-barruol-forge-cellars-pinot-noir-classique-2017-png.png","type":"image\/png"}],"twitter_card":"summary_large_image","twitter_misc":{"Est. reading time":"1 minute"},"schema":{"@context":"https:\/\/schema.org","@graph":[{"@type":"Organization","@id":"https:\/\/www.mesvendanges.com\/en\/#organization","name":"Mes Vendanges","url":"https:\/\/www.mesvendanges.com\/en\/","sameAs":[],"logo":{"@type":"ImageObject","inLanguage":"fr-FR","@id":"https:\/\/www.mesvendanges.com\/en\/#\/schema\/logo\/image\/","url":"https:\/\/www.mesvendanges.com\/wp-content\/uploads\/2022\/02\/logo-mesvendanges.jpg","contentUrl":"https:\/\/www.mesvendanges.com\/wp-content\/uploads\/2022\/02\/logo-mesvendanges.jpg","width":851,"height":260,"caption":"Mes Vendanges"},"image":{"@id":"https:\/\/www.mesvendanges.com\/en\/#\/schema\/logo\/image\/"}},{"@type":"WebSite","@id":"https:\/\/www.mesvendanges.com\/en\/#website","url":"https:\/\/www.mesvendanges.com\/en\/","name":"Mes Vendanges","description":"Des journ\u00e9es enti\u00e8res dans les vignes","publisher":{"@id":"https:\/\/www.mesvendanges.com\/en\/#organization"},"potentialAction":[{"@type":"SearchAction","target":{"@type":"EntryPoint","urlTemplate":"https:\/\/www.mesvendanges.com\/en\/?s={search_term_string}"},"query-input":"required name=search_term_string"}],"inLanguage":"fr-FR"},{"@type":"ImageObject","inLanguage":"fr-FR","@id":"https:\/\/www.mesvendanges.com\/en\/shop\/wines\/forge-cellars-pinot-noir-usa-saint-cosme-ch-2017-75cl\/#primaryimage","url":"https:\/\/www.mesvendanges.com\/wp-content\/uploads\/2022\/07\/chateau-de-saint-cosme-barruol-forge-cellars-pinot-noir-classique-2017-png.png","contentUrl":"https:\/\/www.mesvendanges.com\/wp-content\/uploads\/2022\/07\/chateau-de-saint-cosme-barruol-forge-cellars-pinot-noir-classique-2017-png.png","width":534,"height":1500},{"@type":"WebPage","@id":"https:\/\/www.mesvendanges.com\/en\/shop\/wines\/forge-cellars-pinot-noir-usa-saint-cosme-ch-2017-75cl\/","url":"https:\/\/www.mesvendanges.com\/en\/shop\/wines\/forge-cellars-pinot-noir-usa-saint-cosme-ch-2017-75cl\/","name":"FORGE CELLARS PINOT NOIR USA - Mes Vendanges","isPartOf":{"@id":"https:\/\/www.mesvendanges.com\/en\/#website"},"primaryImageOfPage":{"@id":"https:\/\/www.mesvendanges.com\/en\/shop\/wines\/forge-cellars-pinot-noir-usa-saint-cosme-ch-2017-75cl\/#primaryimage"},"datePublished":"2022-08-02T15:50:48+00:00","dateModified":"2025-12-16T11:04:03+00:00","breadcrumb":{"@id":"https:\/\/www.mesvendanges.com\/en\/shop\/wines\/forge-cellars-pinot-noir-usa-saint-cosme-ch-2017-75cl\/#breadcrumb"},"inLanguage":"fr-FR","potentialAction":[{"@type":"ReadAction","target":["https:\/\/www.mesvendanges.com\/en\/shop\/wines\/forge-cellars-pinot-noir-usa-saint-cosme-ch-2017-75cl\/"]}]},{"@type":"BreadcrumbList","@id":"https:\/\/www.mesvendanges.com\/en\/shop\/wines\/forge-cellars-pinot-noir-usa-saint-cosme-ch-2017-75cl\/#breadcrumb","itemListElement":[{"@type":"ListItem","position":1,"name":"Home","item":"https:\/\/www.mesvendanges.com\/en\/"},{"@type":"ListItem","position":2,"name":"Shop","item":"https:\/\/www.mesvendanges.com\/en\/shop\/"},{"@type":"ListItem","position":3,"name":"FORGE CELLARS PINOT NOIR USA"}]}]}},"_links":{"self":[{"href":"https:\/\/www.mesvendanges.com\/en\/wp-json\/wp\/v2\/product\/49238"}],"collection":[{"href":"https:\/\/www.mesvendanges.com\/en\/wp-json\/wp\/v2\/product"}],"about":[{"href":"https:\/\/www.mesvendanges.com\/en\/wp-json\/wp\/v2\/types\/product"}],"wp:featuredmedia":[{"embeddable":true,"href":"https:\/\/www.mesvendanges.com\/en\/wp-json\/wp\/v2\/media\/27294"}],"wp:attachment":[{"href":"https:\/\/www.mesvendanges.com\/en\/wp-json\/wp\/v2\/media?parent=49238"}],"wp:term":[{"taxonomy":"product_cat","embeddable":true,"href":"https:\/\/www.mesvendanges.com\/en\/wp-json\/wp\/v2\/product_cat?post=49238"},{"taxonomy":"product_tag","embeddable":true,"href":"https:\/\/www.mesvendanges.com\/en\/wp-json\/wp\/v2\/product_tag?post=49238"}],"curies":[{"name":"wp","href":"https:\/\/api.w.org\/{rel}","templated":true}]}}