{"id":49282,"date":"2022-08-02T17:51:29","date_gmt":"2022-08-02T15:51:29","guid":{"rendered":"https:\/\/www.mesvendanges.com\/shop\/uncategorized\/clos-de-lechelier\/"},"modified":"2025-05-01T17:27:36","modified_gmt":"2025-05-01T15:27:36","slug":"clos-de-lechelier-roches-neuves-dne-des-2020-75cl","status":"publish","type":"product","link":"https:\/\/www.mesvendanges.com\/en\/shop\/wines\/clos-de-lechelier-roches-neuves-dne-des-2020-75cl\/","title":{"rendered":"CLOS DE L&#8217;ECHELIER"},"content":{"rendered":"<p>Parcelle calcaire avec tr\u00e8s peu de sol. Les cabernets y donnent un vin avec beaucoup de fraicheur, une salinit\u00e9 hors pair. Un vin qui demande un peu de temps pour que les tanins se fondent, mais le touch\u00e9 de bouche est remarquable, dans un style \u00e9lanc\u00e9 qui n&#8217;est pas sans faire penser \u00e0 de beauxpinots fins.<\/p>\n","protected":false},"excerpt":{"rendered":"<p>Parcelle calcaire avec tr\u00e8s peu de sol. Les cabernets y donnent un vin avec beaucoup de fraicheur, une salinit\u00e9 hors pair. Un vin qui demande un peu de temps pour que les tanins se fondent, mais le touch\u00e9 de bouche est remarquable, dans un style \u00e9lanc\u00e9 qui n&#8217;est pas sans faire penser \u00e0 de beauxpinots [&hellip;]<\/p>\n","protected":false},"featured_media":87720,"template":"","meta":[],"product_cat":[3740],"product_tag":[],"acf":[],"yoast_head":"<!-- This site is optimized with the Yoast SEO plugin v19.3 - https:\/\/yoast.com\/wordpress\/plugins\/seo\/ -->\n<title>CLOS DE L&#039;ECHELIER - Mes Vendanges<\/title>\n<meta name=\"robots\" content=\"index, follow, max-snippet:-1, max-image-preview:large, max-video-preview:-1\" \/>\n<link rel=\"canonical\" href=\"https:\/\/www.mesvendanges.com\/en\/shop\/wines\/clos-de-lechelier-roches-neuves-dne-des-2020-75cl\/\" \/>\n<meta property=\"og:locale\" content=\"en_US\" \/>\n<meta property=\"og:type\" content=\"article\" \/>\n<meta property=\"og:title\" content=\"CLOS DE L&#039;ECHELIER - Mes Vendanges\" \/>\n<meta property=\"og:description\" content=\"Parcelle calcaire avec tr\u00e8s peu de sol. Les cabernets y donnent un vin avec beaucoup de fraicheur, une salinit\u00e9 hors pair. Un vin qui demande un peu de temps pour que les tanins se fondent, mais le touch\u00e9 de bouche est remarquable, dans un style \u00e9lanc\u00e9 qui n&#8217;est pas sans faire penser \u00e0 de beauxpinots [&hellip;]\" \/>\n<meta property=\"og:url\" content=\"https:\/\/www.mesvendanges.com\/en\/shop\/wines\/clos-de-lechelier-roches-neuves-dne-des-2020-75cl\/\" \/>\n<meta property=\"og:site_name\" content=\"Mes Vendanges\" \/>\n<meta property=\"article:modified_time\" content=\"2025-05-01T15:27:36+00:00\" \/>\n<meta property=\"og:image\" content=\"https:\/\/www.mesvendanges.com\/wp-content\/uploads\/2025\/05\/roches-neuves-dne-clos-de-lechelier-rouge-75cl-png.png\" \/>\n\t<meta property=\"og:image:width\" content=\"398\" \/>\n\t<meta property=\"og:image:height\" content=\"1500\" \/>\n\t<meta property=\"og:image:type\" content=\"image\/png\" \/>\n<meta name=\"twitter:card\" content=\"summary_large_image\" \/>\n<script type=\"application\/ld+json\" class=\"yoast-schema-graph\">{\"@context\":\"https:\/\/schema.org\",\"@graph\":[{\"@type\":\"Organization\",\"@id\":\"https:\/\/www.mesvendanges.com\/en\/#organization\",\"name\":\"Mes Vendanges\",\"url\":\"https:\/\/www.mesvendanges.com\/en\/\",\"sameAs\":[],\"logo\":{\"@type\":\"ImageObject\",\"inLanguage\":\"fr-FR\",\"@id\":\"https:\/\/www.mesvendanges.com\/en\/#\/schema\/logo\/image\/\",\"url\":\"https:\/\/www.mesvendanges.com\/wp-content\/uploads\/2022\/02\/logo-mesvendanges.jpg\",\"contentUrl\":\"https:\/\/www.mesvendanges.com\/wp-content\/uploads\/2022\/02\/logo-mesvendanges.jpg\",\"width\":851,\"height\":260,\"caption\":\"Mes Vendanges\"},\"image\":{\"@id\":\"https:\/\/www.mesvendanges.com\/en\/#\/schema\/logo\/image\/\"}},{\"@type\":\"WebSite\",\"@id\":\"https:\/\/www.mesvendanges.com\/en\/#website\",\"url\":\"https:\/\/www.mesvendanges.com\/en\/\",\"name\":\"Mes Vendanges\",\"description\":\"Des journ\u00e9es enti\u00e8res dans les vignes\",\"publisher\":{\"@id\":\"https:\/\/www.mesvendanges.com\/en\/#organization\"},\"potentialAction\":[{\"@type\":\"SearchAction\",\"target\":{\"@type\":\"EntryPoint\",\"urlTemplate\":\"https:\/\/www.mesvendanges.com\/en\/?s={search_term_string}\"},\"query-input\":\"required name=search_term_string\"}],\"inLanguage\":\"fr-FR\"},{\"@type\":\"ImageObject\",\"inLanguage\":\"fr-FR\",\"@id\":\"https:\/\/www.mesvendanges.com\/en\/shop\/wines\/clos-de-lechelier-roches-neuves-dne-des-2020-75cl\/#primaryimage\",\"url\":\"https:\/\/www.mesvendanges.com\/wp-content\/uploads\/2025\/05\/roches-neuves-dne-clos-de-lechelier-rouge-75cl-png.png\",\"contentUrl\":\"https:\/\/www.mesvendanges.com\/wp-content\/uploads\/2025\/05\/roches-neuves-dne-clos-de-lechelier-rouge-75cl-png.png\",\"width\":398,\"height\":1500},{\"@type\":\"WebPage\",\"@id\":\"https:\/\/www.mesvendanges.com\/en\/shop\/wines\/clos-de-lechelier-roches-neuves-dne-des-2020-75cl\/\",\"url\":\"https:\/\/www.mesvendanges.com\/en\/shop\/wines\/clos-de-lechelier-roches-neuves-dne-des-2020-75cl\/\",\"name\":\"CLOS DE L'ECHELIER - Mes Vendanges\",\"isPartOf\":{\"@id\":\"https:\/\/www.mesvendanges.com\/en\/#website\"},\"primaryImageOfPage\":{\"@id\":\"https:\/\/www.mesvendanges.com\/en\/shop\/wines\/clos-de-lechelier-roches-neuves-dne-des-2020-75cl\/#primaryimage\"},\"datePublished\":\"2022-08-02T15:51:29+00:00\",\"dateModified\":\"2025-05-01T15:27:36+00:00\",\"breadcrumb\":{\"@id\":\"https:\/\/www.mesvendanges.com\/en\/shop\/wines\/clos-de-lechelier-roches-neuves-dne-des-2020-75cl\/#breadcrumb\"},\"inLanguage\":\"fr-FR\",\"potentialAction\":[{\"@type\":\"ReadAction\",\"target\":[\"https:\/\/www.mesvendanges.com\/en\/shop\/wines\/clos-de-lechelier-roches-neuves-dne-des-2020-75cl\/\"]}]},{\"@type\":\"BreadcrumbList\",\"@id\":\"https:\/\/www.mesvendanges.com\/en\/shop\/wines\/clos-de-lechelier-roches-neuves-dne-des-2020-75cl\/#breadcrumb\",\"itemListElement\":[{\"@type\":\"ListItem\",\"position\":1,\"name\":\"Home\",\"item\":\"https:\/\/www.mesvendanges.com\/en\/\"},{\"@type\":\"ListItem\",\"position\":2,\"name\":\"Shop\",\"item\":\"https:\/\/www.mesvendanges.com\/en\/shop\/\"},{\"@type\":\"ListItem\",\"position\":3,\"name\":\"CLOS DE L&#8217;ECHELIER\"}]}]}<\/script>\n<!-- \/ Yoast SEO plugin. -->","yoast_head_json":{"title":"CLOS DE L'ECHELIER - Mes Vendanges","robots":{"index":"index","follow":"follow","max-snippet":"max-snippet:-1","max-image-preview":"max-image-preview:large","max-video-preview":"max-video-preview:-1"},"canonical":"https:\/\/www.mesvendanges.com\/en\/shop\/wines\/clos-de-lechelier-roches-neuves-dne-des-2020-75cl\/","og_locale":"en_US","og_type":"article","og_title":"CLOS DE L'ECHELIER - Mes Vendanges","og_description":"Parcelle calcaire avec tr\u00e8s peu de sol. Les cabernets y donnent un vin avec beaucoup de fraicheur, une salinit\u00e9 hors pair. Un vin qui demande un peu de temps pour que les tanins se fondent, mais le touch\u00e9 de bouche est remarquable, dans un style \u00e9lanc\u00e9 qui n&#8217;est pas sans faire penser \u00e0 de beauxpinots [&hellip;]","og_url":"https:\/\/www.mesvendanges.com\/en\/shop\/wines\/clos-de-lechelier-roches-neuves-dne-des-2020-75cl\/","og_site_name":"Mes Vendanges","article_modified_time":"2025-05-01T15:27:36+00:00","og_image":[{"width":398,"height":1500,"url":"https:\/\/www.mesvendanges.com\/wp-content\/uploads\/2025\/05\/roches-neuves-dne-clos-de-lechelier-rouge-75cl-png.png","type":"image\/png"}],"twitter_card":"summary_large_image","schema":{"@context":"https:\/\/schema.org","@graph":[{"@type":"Organization","@id":"https:\/\/www.mesvendanges.com\/en\/#organization","name":"Mes Vendanges","url":"https:\/\/www.mesvendanges.com\/en\/","sameAs":[],"logo":{"@type":"ImageObject","inLanguage":"fr-FR","@id":"https:\/\/www.mesvendanges.com\/en\/#\/schema\/logo\/image\/","url":"https:\/\/www.mesvendanges.com\/wp-content\/uploads\/2022\/02\/logo-mesvendanges.jpg","contentUrl":"https:\/\/www.mesvendanges.com\/wp-content\/uploads\/2022\/02\/logo-mesvendanges.jpg","width":851,"height":260,"caption":"Mes Vendanges"},"image":{"@id":"https:\/\/www.mesvendanges.com\/en\/#\/schema\/logo\/image\/"}},{"@type":"WebSite","@id":"https:\/\/www.mesvendanges.com\/en\/#website","url":"https:\/\/www.mesvendanges.com\/en\/","name":"Mes Vendanges","description":"Des journ\u00e9es enti\u00e8res dans les vignes","publisher":{"@id":"https:\/\/www.mesvendanges.com\/en\/#organization"},"potentialAction":[{"@type":"SearchAction","target":{"@type":"EntryPoint","urlTemplate":"https:\/\/www.mesvendanges.com\/en\/?s={search_term_string}"},"query-input":"required name=search_term_string"}],"inLanguage":"fr-FR"},{"@type":"ImageObject","inLanguage":"fr-FR","@id":"https:\/\/www.mesvendanges.com\/en\/shop\/wines\/clos-de-lechelier-roches-neuves-dne-des-2020-75cl\/#primaryimage","url":"https:\/\/www.mesvendanges.com\/wp-content\/uploads\/2025\/05\/roches-neuves-dne-clos-de-lechelier-rouge-75cl-png.png","contentUrl":"https:\/\/www.mesvendanges.com\/wp-content\/uploads\/2025\/05\/roches-neuves-dne-clos-de-lechelier-rouge-75cl-png.png","width":398,"height":1500},{"@type":"WebPage","@id":"https:\/\/www.mesvendanges.com\/en\/shop\/wines\/clos-de-lechelier-roches-neuves-dne-des-2020-75cl\/","url":"https:\/\/www.mesvendanges.com\/en\/shop\/wines\/clos-de-lechelier-roches-neuves-dne-des-2020-75cl\/","name":"CLOS DE L'ECHELIER - Mes Vendanges","isPartOf":{"@id":"https:\/\/www.mesvendanges.com\/en\/#website"},"primaryImageOfPage":{"@id":"https:\/\/www.mesvendanges.com\/en\/shop\/wines\/clos-de-lechelier-roches-neuves-dne-des-2020-75cl\/#primaryimage"},"datePublished":"2022-08-02T15:51:29+00:00","dateModified":"2025-05-01T15:27:36+00:00","breadcrumb":{"@id":"https:\/\/www.mesvendanges.com\/en\/shop\/wines\/clos-de-lechelier-roches-neuves-dne-des-2020-75cl\/#breadcrumb"},"inLanguage":"fr-FR","potentialAction":[{"@type":"ReadAction","target":["https:\/\/www.mesvendanges.com\/en\/shop\/wines\/clos-de-lechelier-roches-neuves-dne-des-2020-75cl\/"]}]},{"@type":"BreadcrumbList","@id":"https:\/\/www.mesvendanges.com\/en\/shop\/wines\/clos-de-lechelier-roches-neuves-dne-des-2020-75cl\/#breadcrumb","itemListElement":[{"@type":"ListItem","position":1,"name":"Home","item":"https:\/\/www.mesvendanges.com\/en\/"},{"@type":"ListItem","position":2,"name":"Shop","item":"https:\/\/www.mesvendanges.com\/en\/shop\/"},{"@type":"ListItem","position":3,"name":"CLOS DE L&#8217;ECHELIER"}]}]}},"_links":{"self":[{"href":"https:\/\/www.mesvendanges.com\/en\/wp-json\/wp\/v2\/product\/49282"}],"collection":[{"href":"https:\/\/www.mesvendanges.com\/en\/wp-json\/wp\/v2\/product"}],"about":[{"href":"https:\/\/www.mesvendanges.com\/en\/wp-json\/wp\/v2\/types\/product"}],"wp:featuredmedia":[{"embeddable":true,"href":"https:\/\/www.mesvendanges.com\/en\/wp-json\/wp\/v2\/media\/87720"}],"wp:attachment":[{"href":"https:\/\/www.mesvendanges.com\/en\/wp-json\/wp\/v2\/media?parent=49282"}],"wp:term":[{"taxonomy":"product_cat","embeddable":true,"href":"https:\/\/www.mesvendanges.com\/en\/wp-json\/wp\/v2\/product_cat?post=49282"},{"taxonomy":"product_tag","embeddable":true,"href":"https:\/\/www.mesvendanges.com\/en\/wp-json\/wp\/v2\/product_tag?post=49282"}],"curies":[{"name":"wp","href":"https:\/\/api.w.org\/{rel}","templated":true}]}}