{"id":49322,"date":"2022-08-02T17:52:13","date_gmt":"2022-08-02T15:52:13","guid":{"rendered":"https:\/\/www.mesvendanges.com\/shop\/uncategorized\/clos-du-moulin\/"},"modified":"2025-05-01T17:27:41","modified_gmt":"2025-05-01T15:27:41","slug":"clos-du-moulin-roches-neuves-dne-des-2020-75cl","status":"publish","type":"product","link":"https:\/\/www.mesvendanges.com\/en\/shop\/wines\/clos-du-moulin-roches-neuves-dne-des-2020-75cl\/","title":{"rendered":"CLOS DU MOULIN"},"content":{"rendered":"<p>Le clos du Moulin est une s\u00e9lection massale de vieilles vignes de chenins (80 ans). Tr\u00e9s belle parcelle donnant des vins tendus et nerveux, mais aussi avec une mati\u00e8re dense, une certaine largeur en bouche. De la m\u00e2che, de l&#8217;allonge. un blanc architectur\u00e9 qui gagnera beaucoup avec quelques ann\u00e9es de garde.<\/p>\n","protected":false},"excerpt":{"rendered":"<p>Le clos du Moulin est une s\u00e9lection massale de vieilles vignes de chenins (80 ans). Tr\u00e9s belle parcelle donnant des vins tendus et nerveux, mais aussi avec une mati\u00e8re dense, une certaine largeur en bouche. De la m\u00e2che, de l&#8217;allonge. un blanc architectur\u00e9 qui gagnera beaucoup avec quelques ann\u00e9es de garde.<\/p>\n","protected":false},"featured_media":29072,"template":"","meta":[],"product_cat":[3740],"product_tag":[],"acf":[],"yoast_head":"<!-- This site is optimized with the Yoast SEO plugin v19.3 - https:\/\/yoast.com\/wordpress\/plugins\/seo\/ -->\n<title>CLOS DU MOULIN - Mes Vendanges<\/title>\n<meta name=\"robots\" content=\"index, follow, max-snippet:-1, max-image-preview:large, max-video-preview:-1\" \/>\n<link rel=\"canonical\" href=\"https:\/\/www.mesvendanges.com\/en\/shop\/wines\/clos-du-moulin-roches-neuves-dne-des-2020-75cl\/\" \/>\n<meta property=\"og:locale\" content=\"en_US\" \/>\n<meta property=\"og:type\" content=\"article\" \/>\n<meta property=\"og:title\" content=\"CLOS DU MOULIN - Mes Vendanges\" \/>\n<meta property=\"og:description\" content=\"Le clos du Moulin est une s\u00e9lection massale de vieilles vignes de chenins (80 ans). Tr\u00e9s belle parcelle donnant des vins tendus et nerveux, mais aussi avec une mati\u00e8re dense, une certaine largeur en bouche. De la m\u00e2che, de l&#8217;allonge. un blanc architectur\u00e9 qui gagnera beaucoup avec quelques ann\u00e9es de garde.\" \/>\n<meta property=\"og:url\" content=\"https:\/\/www.mesvendanges.com\/en\/shop\/wines\/clos-du-moulin-roches-neuves-dne-des-2020-75cl\/\" \/>\n<meta property=\"og:site_name\" content=\"Mes Vendanges\" \/>\n<meta property=\"article:modified_time\" content=\"2025-05-01T15:27:41+00:00\" \/>\n<meta property=\"og:image\" content=\"https:\/\/www.mesvendanges.com\/wp-content\/uploads\/2022\/07\/roches-neuves-dne-clos-du-moulin-blanc-75cl-png.png\" \/>\n\t<meta property=\"og:image:width\" content=\"399\" \/>\n\t<meta property=\"og:image:height\" content=\"1500\" \/>\n\t<meta property=\"og:image:type\" content=\"image\/png\" \/>\n<meta name=\"twitter:card\" content=\"summary_large_image\" \/>\n<script type=\"application\/ld+json\" class=\"yoast-schema-graph\">{\"@context\":\"https:\/\/schema.org\",\"@graph\":[{\"@type\":\"Organization\",\"@id\":\"https:\/\/www.mesvendanges.com\/en\/#organization\",\"name\":\"Mes Vendanges\",\"url\":\"https:\/\/www.mesvendanges.com\/en\/\",\"sameAs\":[],\"logo\":{\"@type\":\"ImageObject\",\"inLanguage\":\"fr-FR\",\"@id\":\"https:\/\/www.mesvendanges.com\/en\/#\/schema\/logo\/image\/\",\"url\":\"https:\/\/www.mesvendanges.com\/wp-content\/uploads\/2022\/02\/logo-mesvendanges.jpg\",\"contentUrl\":\"https:\/\/www.mesvendanges.com\/wp-content\/uploads\/2022\/02\/logo-mesvendanges.jpg\",\"width\":851,\"height\":260,\"caption\":\"Mes Vendanges\"},\"image\":{\"@id\":\"https:\/\/www.mesvendanges.com\/en\/#\/schema\/logo\/image\/\"}},{\"@type\":\"WebSite\",\"@id\":\"https:\/\/www.mesvendanges.com\/en\/#website\",\"url\":\"https:\/\/www.mesvendanges.com\/en\/\",\"name\":\"Mes Vendanges\",\"description\":\"Des journ\u00e9es enti\u00e8res dans les vignes\",\"publisher\":{\"@id\":\"https:\/\/www.mesvendanges.com\/en\/#organization\"},\"potentialAction\":[{\"@type\":\"SearchAction\",\"target\":{\"@type\":\"EntryPoint\",\"urlTemplate\":\"https:\/\/www.mesvendanges.com\/en\/?s={search_term_string}\"},\"query-input\":\"required name=search_term_string\"}],\"inLanguage\":\"fr-FR\"},{\"@type\":\"ImageObject\",\"inLanguage\":\"fr-FR\",\"@id\":\"https:\/\/www.mesvendanges.com\/en\/shop\/wines\/clos-du-moulin-roches-neuves-dne-des-2020-75cl\/#primaryimage\",\"url\":\"https:\/\/www.mesvendanges.com\/wp-content\/uploads\/2022\/07\/roches-neuves-dne-clos-du-moulin-blanc-75cl-png.png\",\"contentUrl\":\"https:\/\/www.mesvendanges.com\/wp-content\/uploads\/2022\/07\/roches-neuves-dne-clos-du-moulin-blanc-75cl-png.png\",\"width\":399,\"height\":1500},{\"@type\":\"WebPage\",\"@id\":\"https:\/\/www.mesvendanges.com\/en\/shop\/wines\/clos-du-moulin-roches-neuves-dne-des-2020-75cl\/\",\"url\":\"https:\/\/www.mesvendanges.com\/en\/shop\/wines\/clos-du-moulin-roches-neuves-dne-des-2020-75cl\/\",\"name\":\"CLOS DU MOULIN - Mes Vendanges\",\"isPartOf\":{\"@id\":\"https:\/\/www.mesvendanges.com\/en\/#website\"},\"primaryImageOfPage\":{\"@id\":\"https:\/\/www.mesvendanges.com\/en\/shop\/wines\/clos-du-moulin-roches-neuves-dne-des-2020-75cl\/#primaryimage\"},\"datePublished\":\"2022-08-02T15:52:13+00:00\",\"dateModified\":\"2025-05-01T15:27:41+00:00\",\"breadcrumb\":{\"@id\":\"https:\/\/www.mesvendanges.com\/en\/shop\/wines\/clos-du-moulin-roches-neuves-dne-des-2020-75cl\/#breadcrumb\"},\"inLanguage\":\"fr-FR\",\"potentialAction\":[{\"@type\":\"ReadAction\",\"target\":[\"https:\/\/www.mesvendanges.com\/en\/shop\/wines\/clos-du-moulin-roches-neuves-dne-des-2020-75cl\/\"]}]},{\"@type\":\"BreadcrumbList\",\"@id\":\"https:\/\/www.mesvendanges.com\/en\/shop\/wines\/clos-du-moulin-roches-neuves-dne-des-2020-75cl\/#breadcrumb\",\"itemListElement\":[{\"@type\":\"ListItem\",\"position\":1,\"name\":\"Home\",\"item\":\"https:\/\/www.mesvendanges.com\/en\/\"},{\"@type\":\"ListItem\",\"position\":2,\"name\":\"Shop\",\"item\":\"https:\/\/www.mesvendanges.com\/en\/shop\/\"},{\"@type\":\"ListItem\",\"position\":3,\"name\":\"CLOS DU MOULIN\"}]}]}<\/script>\n<!-- \/ Yoast SEO plugin. -->","yoast_head_json":{"title":"CLOS DU MOULIN - Mes Vendanges","robots":{"index":"index","follow":"follow","max-snippet":"max-snippet:-1","max-image-preview":"max-image-preview:large","max-video-preview":"max-video-preview:-1"},"canonical":"https:\/\/www.mesvendanges.com\/en\/shop\/wines\/clos-du-moulin-roches-neuves-dne-des-2020-75cl\/","og_locale":"en_US","og_type":"article","og_title":"CLOS DU MOULIN - Mes Vendanges","og_description":"Le clos du Moulin est une s\u00e9lection massale de vieilles vignes de chenins (80 ans). Tr\u00e9s belle parcelle donnant des vins tendus et nerveux, mais aussi avec une mati\u00e8re dense, une certaine largeur en bouche. De la m\u00e2che, de l&#8217;allonge. un blanc architectur\u00e9 qui gagnera beaucoup avec quelques ann\u00e9es de garde.","og_url":"https:\/\/www.mesvendanges.com\/en\/shop\/wines\/clos-du-moulin-roches-neuves-dne-des-2020-75cl\/","og_site_name":"Mes Vendanges","article_modified_time":"2025-05-01T15:27:41+00:00","og_image":[{"width":399,"height":1500,"url":"https:\/\/www.mesvendanges.com\/wp-content\/uploads\/2022\/07\/roches-neuves-dne-clos-du-moulin-blanc-75cl-png.png","type":"image\/png"}],"twitter_card":"summary_large_image","schema":{"@context":"https:\/\/schema.org","@graph":[{"@type":"Organization","@id":"https:\/\/www.mesvendanges.com\/en\/#organization","name":"Mes Vendanges","url":"https:\/\/www.mesvendanges.com\/en\/","sameAs":[],"logo":{"@type":"ImageObject","inLanguage":"fr-FR","@id":"https:\/\/www.mesvendanges.com\/en\/#\/schema\/logo\/image\/","url":"https:\/\/www.mesvendanges.com\/wp-content\/uploads\/2022\/02\/logo-mesvendanges.jpg","contentUrl":"https:\/\/www.mesvendanges.com\/wp-content\/uploads\/2022\/02\/logo-mesvendanges.jpg","width":851,"height":260,"caption":"Mes Vendanges"},"image":{"@id":"https:\/\/www.mesvendanges.com\/en\/#\/schema\/logo\/image\/"}},{"@type":"WebSite","@id":"https:\/\/www.mesvendanges.com\/en\/#website","url":"https:\/\/www.mesvendanges.com\/en\/","name":"Mes Vendanges","description":"Des journ\u00e9es enti\u00e8res dans les vignes","publisher":{"@id":"https:\/\/www.mesvendanges.com\/en\/#organization"},"potentialAction":[{"@type":"SearchAction","target":{"@type":"EntryPoint","urlTemplate":"https:\/\/www.mesvendanges.com\/en\/?s={search_term_string}"},"query-input":"required name=search_term_string"}],"inLanguage":"fr-FR"},{"@type":"ImageObject","inLanguage":"fr-FR","@id":"https:\/\/www.mesvendanges.com\/en\/shop\/wines\/clos-du-moulin-roches-neuves-dne-des-2020-75cl\/#primaryimage","url":"https:\/\/www.mesvendanges.com\/wp-content\/uploads\/2022\/07\/roches-neuves-dne-clos-du-moulin-blanc-75cl-png.png","contentUrl":"https:\/\/www.mesvendanges.com\/wp-content\/uploads\/2022\/07\/roches-neuves-dne-clos-du-moulin-blanc-75cl-png.png","width":399,"height":1500},{"@type":"WebPage","@id":"https:\/\/www.mesvendanges.com\/en\/shop\/wines\/clos-du-moulin-roches-neuves-dne-des-2020-75cl\/","url":"https:\/\/www.mesvendanges.com\/en\/shop\/wines\/clos-du-moulin-roches-neuves-dne-des-2020-75cl\/","name":"CLOS DU MOULIN - Mes Vendanges","isPartOf":{"@id":"https:\/\/www.mesvendanges.com\/en\/#website"},"primaryImageOfPage":{"@id":"https:\/\/www.mesvendanges.com\/en\/shop\/wines\/clos-du-moulin-roches-neuves-dne-des-2020-75cl\/#primaryimage"},"datePublished":"2022-08-02T15:52:13+00:00","dateModified":"2025-05-01T15:27:41+00:00","breadcrumb":{"@id":"https:\/\/www.mesvendanges.com\/en\/shop\/wines\/clos-du-moulin-roches-neuves-dne-des-2020-75cl\/#breadcrumb"},"inLanguage":"fr-FR","potentialAction":[{"@type":"ReadAction","target":["https:\/\/www.mesvendanges.com\/en\/shop\/wines\/clos-du-moulin-roches-neuves-dne-des-2020-75cl\/"]}]},{"@type":"BreadcrumbList","@id":"https:\/\/www.mesvendanges.com\/en\/shop\/wines\/clos-du-moulin-roches-neuves-dne-des-2020-75cl\/#breadcrumb","itemListElement":[{"@type":"ListItem","position":1,"name":"Home","item":"https:\/\/www.mesvendanges.com\/en\/"},{"@type":"ListItem","position":2,"name":"Shop","item":"https:\/\/www.mesvendanges.com\/en\/shop\/"},{"@type":"ListItem","position":3,"name":"CLOS DU MOULIN"}]}]}},"_links":{"self":[{"href":"https:\/\/www.mesvendanges.com\/en\/wp-json\/wp\/v2\/product\/49322"}],"collection":[{"href":"https:\/\/www.mesvendanges.com\/en\/wp-json\/wp\/v2\/product"}],"about":[{"href":"https:\/\/www.mesvendanges.com\/en\/wp-json\/wp\/v2\/types\/product"}],"wp:featuredmedia":[{"embeddable":true,"href":"https:\/\/www.mesvendanges.com\/en\/wp-json\/wp\/v2\/media\/29072"}],"wp:attachment":[{"href":"https:\/\/www.mesvendanges.com\/en\/wp-json\/wp\/v2\/media?parent=49322"}],"wp:term":[{"taxonomy":"product_cat","embeddable":true,"href":"https:\/\/www.mesvendanges.com\/en\/wp-json\/wp\/v2\/product_cat?post=49322"},{"taxonomy":"product_tag","embeddable":true,"href":"https:\/\/www.mesvendanges.com\/en\/wp-json\/wp\/v2\/product_tag?post=49322"}],"curies":[{"name":"wp","href":"https:\/\/api.w.org\/{rel}","templated":true}]}}