{"id":49327,"date":"2022-08-02T17:52:18","date_gmt":"2022-08-02T15:52:18","guid":{"rendered":"https:\/\/www.mesvendanges.com\/shop\/uncategorized\/bulles-de-roches-brut\/"},"modified":"2023-12-06T04:53:41","modified_gmt":"2023-12-06T03:53:41","slug":"bulles-de-roches-brut-roches-neuves-dne-des-2019-75cl","status":"publish","type":"product","link":"https:\/\/www.mesvendanges.com\/en\/shop\/wines\/bulles-de-roches-brut-roches-neuves-dne-des-2019-75cl\/","title":{"rendered":"BULLES DE ROCHES BRUT"},"content":{"rendered":"<p>Tr\u00e8s jolie bulle, expressive et gourmande. Beau nez fruit\u00e9, sur les fruits jaunes, la poire, le floral. La bouche est ample, cr\u00e9meuse, avec une tr\u00e8s belle int\u00e9gration des bulles, dans un sensemble ap\u00e9tant, salivant \u00e0 souhait.<\/p>\n","protected":false},"excerpt":{"rendered":"<p>Tr\u00e8s jolie bulle, expressive et gourmande. Beau nez fruit\u00e9, sur les fruits jaunes, la poire, le floral. La bouche est ample, cr\u00e9meuse, avec une tr\u00e8s belle int\u00e9gration des bulles, dans un sensemble ap\u00e9tant, salivant \u00e0 souhait.<\/p>\n","protected":false},"featured_media":29076,"template":"","meta":[],"product_cat":[3740],"product_tag":[],"acf":[],"yoast_head":"<!-- This site is optimized with the Yoast SEO plugin v19.3 - https:\/\/yoast.com\/wordpress\/plugins\/seo\/ -->\n<title>BULLES DE ROCHES BRUT - Mes Vendanges<\/title>\n<meta name=\"robots\" content=\"index, follow, max-snippet:-1, max-image-preview:large, max-video-preview:-1\" \/>\n<link rel=\"canonical\" href=\"https:\/\/www.mesvendanges.com\/en\/shop\/wines\/bulles-de-roches-brut-roches-neuves-dne-des-2019-75cl\/\" \/>\n<meta property=\"og:locale\" content=\"en_US\" \/>\n<meta property=\"og:type\" content=\"article\" \/>\n<meta property=\"og:title\" content=\"BULLES DE ROCHES BRUT - Mes Vendanges\" \/>\n<meta property=\"og:description\" content=\"Tr\u00e8s jolie bulle, expressive et gourmande. Beau nez fruit\u00e9, sur les fruits jaunes, la poire, le floral. La bouche est ample, cr\u00e9meuse, avec une tr\u00e8s belle int\u00e9gration des bulles, dans un sensemble ap\u00e9tant, salivant \u00e0 souhait.\" \/>\n<meta property=\"og:url\" content=\"https:\/\/www.mesvendanges.com\/en\/shop\/wines\/bulles-de-roches-brut-roches-neuves-dne-des-2019-75cl\/\" \/>\n<meta property=\"og:site_name\" content=\"Mes Vendanges\" \/>\n<meta property=\"article:modified_time\" content=\"2023-12-06T03:53:41+00:00\" \/>\n<meta property=\"og:image\" content=\"https:\/\/www.mesvendanges.com\/wp-content\/uploads\/2022\/07\/roches-neuves-dne-bulles-de-roche-blanc-75cl-png.png\" \/>\n\t<meta property=\"og:image:width\" content=\"393\" \/>\n\t<meta property=\"og:image:height\" content=\"1500\" \/>\n\t<meta property=\"og:image:type\" content=\"image\/png\" \/>\n<meta name=\"twitter:card\" content=\"summary_large_image\" \/>\n<script type=\"application\/ld+json\" class=\"yoast-schema-graph\">{\"@context\":\"https:\/\/schema.org\",\"@graph\":[{\"@type\":\"Organization\",\"@id\":\"https:\/\/www.mesvendanges.com\/en\/#organization\",\"name\":\"Mes Vendanges\",\"url\":\"https:\/\/www.mesvendanges.com\/en\/\",\"sameAs\":[],\"logo\":{\"@type\":\"ImageObject\",\"inLanguage\":\"fr-FR\",\"@id\":\"https:\/\/www.mesvendanges.com\/en\/#\/schema\/logo\/image\/\",\"url\":\"https:\/\/www.mesvendanges.com\/wp-content\/uploads\/2022\/02\/logo-mesvendanges.jpg\",\"contentUrl\":\"https:\/\/www.mesvendanges.com\/wp-content\/uploads\/2022\/02\/logo-mesvendanges.jpg\",\"width\":851,\"height\":260,\"caption\":\"Mes Vendanges\"},\"image\":{\"@id\":\"https:\/\/www.mesvendanges.com\/en\/#\/schema\/logo\/image\/\"}},{\"@type\":\"WebSite\",\"@id\":\"https:\/\/www.mesvendanges.com\/en\/#website\",\"url\":\"https:\/\/www.mesvendanges.com\/en\/\",\"name\":\"Mes Vendanges\",\"description\":\"Des journ\u00e9es enti\u00e8res dans les vignes\",\"publisher\":{\"@id\":\"https:\/\/www.mesvendanges.com\/en\/#organization\"},\"potentialAction\":[{\"@type\":\"SearchAction\",\"target\":{\"@type\":\"EntryPoint\",\"urlTemplate\":\"https:\/\/www.mesvendanges.com\/en\/?s={search_term_string}\"},\"query-input\":\"required name=search_term_string\"}],\"inLanguage\":\"fr-FR\"},{\"@type\":\"ImageObject\",\"inLanguage\":\"fr-FR\",\"@id\":\"https:\/\/www.mesvendanges.com\/en\/shop\/wines\/bulles-de-roches-brut-roches-neuves-dne-des-2019-75cl\/#primaryimage\",\"url\":\"https:\/\/www.mesvendanges.com\/wp-content\/uploads\/2022\/07\/roches-neuves-dne-bulles-de-roche-blanc-75cl-png.png\",\"contentUrl\":\"https:\/\/www.mesvendanges.com\/wp-content\/uploads\/2022\/07\/roches-neuves-dne-bulles-de-roche-blanc-75cl-png.png\",\"width\":393,\"height\":1500},{\"@type\":\"WebPage\",\"@id\":\"https:\/\/www.mesvendanges.com\/en\/shop\/wines\/bulles-de-roches-brut-roches-neuves-dne-des-2019-75cl\/\",\"url\":\"https:\/\/www.mesvendanges.com\/en\/shop\/wines\/bulles-de-roches-brut-roches-neuves-dne-des-2019-75cl\/\",\"name\":\"BULLES DE ROCHES BRUT - Mes Vendanges\",\"isPartOf\":{\"@id\":\"https:\/\/www.mesvendanges.com\/en\/#website\"},\"primaryImageOfPage\":{\"@id\":\"https:\/\/www.mesvendanges.com\/en\/shop\/wines\/bulles-de-roches-brut-roches-neuves-dne-des-2019-75cl\/#primaryimage\"},\"datePublished\":\"2022-08-02T15:52:18+00:00\",\"dateModified\":\"2023-12-06T03:53:41+00:00\",\"breadcrumb\":{\"@id\":\"https:\/\/www.mesvendanges.com\/en\/shop\/wines\/bulles-de-roches-brut-roches-neuves-dne-des-2019-75cl\/#breadcrumb\"},\"inLanguage\":\"fr-FR\",\"potentialAction\":[{\"@type\":\"ReadAction\",\"target\":[\"https:\/\/www.mesvendanges.com\/en\/shop\/wines\/bulles-de-roches-brut-roches-neuves-dne-des-2019-75cl\/\"]}]},{\"@type\":\"BreadcrumbList\",\"@id\":\"https:\/\/www.mesvendanges.com\/en\/shop\/wines\/bulles-de-roches-brut-roches-neuves-dne-des-2019-75cl\/#breadcrumb\",\"itemListElement\":[{\"@type\":\"ListItem\",\"position\":1,\"name\":\"Home\",\"item\":\"https:\/\/www.mesvendanges.com\/en\/\"},{\"@type\":\"ListItem\",\"position\":2,\"name\":\"Shop\",\"item\":\"https:\/\/www.mesvendanges.com\/en\/shop\/\"},{\"@type\":\"ListItem\",\"position\":3,\"name\":\"BULLES DE ROCHES BRUT\"}]}]}<\/script>\n<!-- \/ Yoast SEO plugin. -->","yoast_head_json":{"title":"BULLES DE ROCHES BRUT - Mes Vendanges","robots":{"index":"index","follow":"follow","max-snippet":"max-snippet:-1","max-image-preview":"max-image-preview:large","max-video-preview":"max-video-preview:-1"},"canonical":"https:\/\/www.mesvendanges.com\/en\/shop\/wines\/bulles-de-roches-brut-roches-neuves-dne-des-2019-75cl\/","og_locale":"en_US","og_type":"article","og_title":"BULLES DE ROCHES BRUT - Mes Vendanges","og_description":"Tr\u00e8s jolie bulle, expressive et gourmande. Beau nez fruit\u00e9, sur les fruits jaunes, la poire, le floral. La bouche est ample, cr\u00e9meuse, avec une tr\u00e8s belle int\u00e9gration des bulles, dans un sensemble ap\u00e9tant, salivant \u00e0 souhait.","og_url":"https:\/\/www.mesvendanges.com\/en\/shop\/wines\/bulles-de-roches-brut-roches-neuves-dne-des-2019-75cl\/","og_site_name":"Mes Vendanges","article_modified_time":"2023-12-06T03:53:41+00:00","og_image":[{"width":393,"height":1500,"url":"https:\/\/www.mesvendanges.com\/wp-content\/uploads\/2022\/07\/roches-neuves-dne-bulles-de-roche-blanc-75cl-png.png","type":"image\/png"}],"twitter_card":"summary_large_image","schema":{"@context":"https:\/\/schema.org","@graph":[{"@type":"Organization","@id":"https:\/\/www.mesvendanges.com\/en\/#organization","name":"Mes Vendanges","url":"https:\/\/www.mesvendanges.com\/en\/","sameAs":[],"logo":{"@type":"ImageObject","inLanguage":"fr-FR","@id":"https:\/\/www.mesvendanges.com\/en\/#\/schema\/logo\/image\/","url":"https:\/\/www.mesvendanges.com\/wp-content\/uploads\/2022\/02\/logo-mesvendanges.jpg","contentUrl":"https:\/\/www.mesvendanges.com\/wp-content\/uploads\/2022\/02\/logo-mesvendanges.jpg","width":851,"height":260,"caption":"Mes Vendanges"},"image":{"@id":"https:\/\/www.mesvendanges.com\/en\/#\/schema\/logo\/image\/"}},{"@type":"WebSite","@id":"https:\/\/www.mesvendanges.com\/en\/#website","url":"https:\/\/www.mesvendanges.com\/en\/","name":"Mes Vendanges","description":"Des journ\u00e9es enti\u00e8res dans les vignes","publisher":{"@id":"https:\/\/www.mesvendanges.com\/en\/#organization"},"potentialAction":[{"@type":"SearchAction","target":{"@type":"EntryPoint","urlTemplate":"https:\/\/www.mesvendanges.com\/en\/?s={search_term_string}"},"query-input":"required name=search_term_string"}],"inLanguage":"fr-FR"},{"@type":"ImageObject","inLanguage":"fr-FR","@id":"https:\/\/www.mesvendanges.com\/en\/shop\/wines\/bulles-de-roches-brut-roches-neuves-dne-des-2019-75cl\/#primaryimage","url":"https:\/\/www.mesvendanges.com\/wp-content\/uploads\/2022\/07\/roches-neuves-dne-bulles-de-roche-blanc-75cl-png.png","contentUrl":"https:\/\/www.mesvendanges.com\/wp-content\/uploads\/2022\/07\/roches-neuves-dne-bulles-de-roche-blanc-75cl-png.png","width":393,"height":1500},{"@type":"WebPage","@id":"https:\/\/www.mesvendanges.com\/en\/shop\/wines\/bulles-de-roches-brut-roches-neuves-dne-des-2019-75cl\/","url":"https:\/\/www.mesvendanges.com\/en\/shop\/wines\/bulles-de-roches-brut-roches-neuves-dne-des-2019-75cl\/","name":"BULLES DE ROCHES BRUT - Mes Vendanges","isPartOf":{"@id":"https:\/\/www.mesvendanges.com\/en\/#website"},"primaryImageOfPage":{"@id":"https:\/\/www.mesvendanges.com\/en\/shop\/wines\/bulles-de-roches-brut-roches-neuves-dne-des-2019-75cl\/#primaryimage"},"datePublished":"2022-08-02T15:52:18+00:00","dateModified":"2023-12-06T03:53:41+00:00","breadcrumb":{"@id":"https:\/\/www.mesvendanges.com\/en\/shop\/wines\/bulles-de-roches-brut-roches-neuves-dne-des-2019-75cl\/#breadcrumb"},"inLanguage":"fr-FR","potentialAction":[{"@type":"ReadAction","target":["https:\/\/www.mesvendanges.com\/en\/shop\/wines\/bulles-de-roches-brut-roches-neuves-dne-des-2019-75cl\/"]}]},{"@type":"BreadcrumbList","@id":"https:\/\/www.mesvendanges.com\/en\/shop\/wines\/bulles-de-roches-brut-roches-neuves-dne-des-2019-75cl\/#breadcrumb","itemListElement":[{"@type":"ListItem","position":1,"name":"Home","item":"https:\/\/www.mesvendanges.com\/en\/"},{"@type":"ListItem","position":2,"name":"Shop","item":"https:\/\/www.mesvendanges.com\/en\/shop\/"},{"@type":"ListItem","position":3,"name":"BULLES DE ROCHES BRUT"}]}]}},"_links":{"self":[{"href":"https:\/\/www.mesvendanges.com\/en\/wp-json\/wp\/v2\/product\/49327"}],"collection":[{"href":"https:\/\/www.mesvendanges.com\/en\/wp-json\/wp\/v2\/product"}],"about":[{"href":"https:\/\/www.mesvendanges.com\/en\/wp-json\/wp\/v2\/types\/product"}],"wp:featuredmedia":[{"embeddable":true,"href":"https:\/\/www.mesvendanges.com\/en\/wp-json\/wp\/v2\/media\/29076"}],"wp:attachment":[{"href":"https:\/\/www.mesvendanges.com\/en\/wp-json\/wp\/v2\/media?parent=49327"}],"wp:term":[{"taxonomy":"product_cat","embeddable":true,"href":"https:\/\/www.mesvendanges.com\/en\/wp-json\/wp\/v2\/product_cat?post=49327"},{"taxonomy":"product_tag","embeddable":true,"href":"https:\/\/www.mesvendanges.com\/en\/wp-json\/wp\/v2\/product_tag?post=49327"}],"curies":[{"name":"wp","href":"https:\/\/api.w.org\/{rel}","templated":true}]}}