{"id":49346,"date":"2022-08-02T17:52:40","date_gmt":"2022-08-02T15:52:40","guid":{"rendered":"https:\/\/www.mesvendanges.com\/shop\/uncategorized\/beaune-1er-cru-greves-3\/"},"modified":"2023-12-05T18:47:35","modified_gmt":"2023-12-05T17:47:35","slug":"beaune-1er-cru-greves-gay-dne-michel-2017-75cl","status":"publish","type":"product","link":"https:\/\/www.mesvendanges.com\/en\/shop\/wines\/beaune-1er-cru-greves-gay-dne-michel-2017-75cl\/","title":{"rendered":"BEAUNE 1ER CRU GREVES"},"content":{"rendered":"<p>Michel Gay \u00e9labore des vins dans un style tr\u00e8s traditionnel sur le plan des vinifications. Du fait d&#8217;un magnifique travail aux vignes (pour la majeure partie de superbes vieilles vignes) et d&#8217;une vendange tr\u00e8s soign\u00e9e, la mati\u00e8re premi\u00e8re est splendide. On la retrouve en bouteille par ce fruit vivant, charnu, cet \u00e9clat du pinot qui fait si cruellement d\u00e9faut \u00e0 la majorit\u00e9 des Bourgognes, m\u00eame issus de grands domaines <\/p>\n","protected":false},"excerpt":{"rendered":"<p>Michel Gay \u00e9labore des vins dans un style tr\u00e8s traditionnel sur le plan des vinifications. Du fait d&#8217;un magnifique travail aux vignes (pour la majeure partie de superbes vieilles vignes) et d&#8217;une vendange tr\u00e8s soign\u00e9e, la mati\u00e8re premi\u00e8re est splendide. On la retrouve en bouteille par ce fruit vivant, charnu, cet \u00e9clat du pinot qui [&hellip;]<\/p>\n","protected":false},"featured_media":0,"template":"","meta":[],"product_cat":[3740],"product_tag":[],"acf":[],"yoast_head":"<!-- This site is optimized with the Yoast SEO plugin v19.3 - https:\/\/yoast.com\/wordpress\/plugins\/seo\/ -->\n<title>BEAUNE 1ER CRU GREVES - Mes Vendanges<\/title>\n<meta name=\"robots\" content=\"index, follow, max-snippet:-1, max-image-preview:large, max-video-preview:-1\" \/>\n<link rel=\"canonical\" href=\"https:\/\/www.mesvendanges.com\/en\/shop\/wines\/beaune-1er-cru-greves-gay-dne-michel-2017-75cl\/\" \/>\n<meta property=\"og:locale\" content=\"en_US\" \/>\n<meta property=\"og:type\" content=\"article\" \/>\n<meta property=\"og:title\" content=\"BEAUNE 1ER CRU GREVES - Mes Vendanges\" \/>\n<meta property=\"og:description\" content=\"Michel Gay \u00e9labore des vins dans un style tr\u00e8s traditionnel sur le plan des vinifications. Du fait d&#8217;un magnifique travail aux vignes (pour la majeure partie de superbes vieilles vignes) et d&#8217;une vendange tr\u00e8s soign\u00e9e, la mati\u00e8re premi\u00e8re est splendide. On la retrouve en bouteille par ce fruit vivant, charnu, cet \u00e9clat du pinot qui [&hellip;]\" \/>\n<meta property=\"og:url\" content=\"https:\/\/www.mesvendanges.com\/en\/shop\/wines\/beaune-1er-cru-greves-gay-dne-michel-2017-75cl\/\" \/>\n<meta property=\"og:site_name\" content=\"Mes Vendanges\" \/>\n<meta property=\"article:modified_time\" content=\"2023-12-05T17:47:35+00:00\" \/>\n<meta name=\"twitter:card\" content=\"summary_large_image\" \/>\n<script type=\"application\/ld+json\" class=\"yoast-schema-graph\">{\"@context\":\"https:\/\/schema.org\",\"@graph\":[{\"@type\":\"Organization\",\"@id\":\"https:\/\/www.mesvendanges.com\/en\/#organization\",\"name\":\"Mes Vendanges\",\"url\":\"https:\/\/www.mesvendanges.com\/en\/\",\"sameAs\":[],\"logo\":{\"@type\":\"ImageObject\",\"inLanguage\":\"fr-FR\",\"@id\":\"https:\/\/www.mesvendanges.com\/en\/#\/schema\/logo\/image\/\",\"url\":\"https:\/\/www.mesvendanges.com\/wp-content\/uploads\/2022\/02\/logo-mesvendanges.jpg\",\"contentUrl\":\"https:\/\/www.mesvendanges.com\/wp-content\/uploads\/2022\/02\/logo-mesvendanges.jpg\",\"width\":851,\"height\":260,\"caption\":\"Mes Vendanges\"},\"image\":{\"@id\":\"https:\/\/www.mesvendanges.com\/en\/#\/schema\/logo\/image\/\"}},{\"@type\":\"WebSite\",\"@id\":\"https:\/\/www.mesvendanges.com\/en\/#website\",\"url\":\"https:\/\/www.mesvendanges.com\/en\/\",\"name\":\"Mes Vendanges\",\"description\":\"Des journ\u00e9es enti\u00e8res dans les vignes\",\"publisher\":{\"@id\":\"https:\/\/www.mesvendanges.com\/en\/#organization\"},\"potentialAction\":[{\"@type\":\"SearchAction\",\"target\":{\"@type\":\"EntryPoint\",\"urlTemplate\":\"https:\/\/www.mesvendanges.com\/en\/?s={search_term_string}\"},\"query-input\":\"required name=search_term_string\"}],\"inLanguage\":\"fr-FR\"},{\"@type\":\"WebPage\",\"@id\":\"https:\/\/www.mesvendanges.com\/en\/shop\/wines\/beaune-1er-cru-greves-gay-dne-michel-2017-75cl\/\",\"url\":\"https:\/\/www.mesvendanges.com\/en\/shop\/wines\/beaune-1er-cru-greves-gay-dne-michel-2017-75cl\/\",\"name\":\"BEAUNE 1ER CRU GREVES - Mes Vendanges\",\"isPartOf\":{\"@id\":\"https:\/\/www.mesvendanges.com\/en\/#website\"},\"datePublished\":\"2022-08-02T15:52:40+00:00\",\"dateModified\":\"2023-12-05T17:47:35+00:00\",\"breadcrumb\":{\"@id\":\"https:\/\/www.mesvendanges.com\/en\/shop\/wines\/beaune-1er-cru-greves-gay-dne-michel-2017-75cl\/#breadcrumb\"},\"inLanguage\":\"fr-FR\",\"potentialAction\":[{\"@type\":\"ReadAction\",\"target\":[\"https:\/\/www.mesvendanges.com\/en\/shop\/wines\/beaune-1er-cru-greves-gay-dne-michel-2017-75cl\/\"]}]},{\"@type\":\"BreadcrumbList\",\"@id\":\"https:\/\/www.mesvendanges.com\/en\/shop\/wines\/beaune-1er-cru-greves-gay-dne-michel-2017-75cl\/#breadcrumb\",\"itemListElement\":[{\"@type\":\"ListItem\",\"position\":1,\"name\":\"Home\",\"item\":\"https:\/\/www.mesvendanges.com\/en\/\"},{\"@type\":\"ListItem\",\"position\":2,\"name\":\"Shop\",\"item\":\"https:\/\/www.mesvendanges.com\/en\/shop\/\"},{\"@type\":\"ListItem\",\"position\":3,\"name\":\"BEAUNE 1ER CRU GREVES\"}]}]}<\/script>\n<!-- \/ Yoast SEO plugin. -->","yoast_head_json":{"title":"BEAUNE 1ER CRU GREVES - Mes Vendanges","robots":{"index":"index","follow":"follow","max-snippet":"max-snippet:-1","max-image-preview":"max-image-preview:large","max-video-preview":"max-video-preview:-1"},"canonical":"https:\/\/www.mesvendanges.com\/en\/shop\/wines\/beaune-1er-cru-greves-gay-dne-michel-2017-75cl\/","og_locale":"en_US","og_type":"article","og_title":"BEAUNE 1ER CRU GREVES - Mes Vendanges","og_description":"Michel Gay \u00e9labore des vins dans un style tr\u00e8s traditionnel sur le plan des vinifications. Du fait d&#8217;un magnifique travail aux vignes (pour la majeure partie de superbes vieilles vignes) et d&#8217;une vendange tr\u00e8s soign\u00e9e, la mati\u00e8re premi\u00e8re est splendide. On la retrouve en bouteille par ce fruit vivant, charnu, cet \u00e9clat du pinot qui [&hellip;]","og_url":"https:\/\/www.mesvendanges.com\/en\/shop\/wines\/beaune-1er-cru-greves-gay-dne-michel-2017-75cl\/","og_site_name":"Mes Vendanges","article_modified_time":"2023-12-05T17:47:35+00:00","twitter_card":"summary_large_image","schema":{"@context":"https:\/\/schema.org","@graph":[{"@type":"Organization","@id":"https:\/\/www.mesvendanges.com\/en\/#organization","name":"Mes Vendanges","url":"https:\/\/www.mesvendanges.com\/en\/","sameAs":[],"logo":{"@type":"ImageObject","inLanguage":"fr-FR","@id":"https:\/\/www.mesvendanges.com\/en\/#\/schema\/logo\/image\/","url":"https:\/\/www.mesvendanges.com\/wp-content\/uploads\/2022\/02\/logo-mesvendanges.jpg","contentUrl":"https:\/\/www.mesvendanges.com\/wp-content\/uploads\/2022\/02\/logo-mesvendanges.jpg","width":851,"height":260,"caption":"Mes Vendanges"},"image":{"@id":"https:\/\/www.mesvendanges.com\/en\/#\/schema\/logo\/image\/"}},{"@type":"WebSite","@id":"https:\/\/www.mesvendanges.com\/en\/#website","url":"https:\/\/www.mesvendanges.com\/en\/","name":"Mes Vendanges","description":"Des journ\u00e9es enti\u00e8res dans les vignes","publisher":{"@id":"https:\/\/www.mesvendanges.com\/en\/#organization"},"potentialAction":[{"@type":"SearchAction","target":{"@type":"EntryPoint","urlTemplate":"https:\/\/www.mesvendanges.com\/en\/?s={search_term_string}"},"query-input":"required name=search_term_string"}],"inLanguage":"fr-FR"},{"@type":"WebPage","@id":"https:\/\/www.mesvendanges.com\/en\/shop\/wines\/beaune-1er-cru-greves-gay-dne-michel-2017-75cl\/","url":"https:\/\/www.mesvendanges.com\/en\/shop\/wines\/beaune-1er-cru-greves-gay-dne-michel-2017-75cl\/","name":"BEAUNE 1ER CRU GREVES - Mes Vendanges","isPartOf":{"@id":"https:\/\/www.mesvendanges.com\/en\/#website"},"datePublished":"2022-08-02T15:52:40+00:00","dateModified":"2023-12-05T17:47:35+00:00","breadcrumb":{"@id":"https:\/\/www.mesvendanges.com\/en\/shop\/wines\/beaune-1er-cru-greves-gay-dne-michel-2017-75cl\/#breadcrumb"},"inLanguage":"fr-FR","potentialAction":[{"@type":"ReadAction","target":["https:\/\/www.mesvendanges.com\/en\/shop\/wines\/beaune-1er-cru-greves-gay-dne-michel-2017-75cl\/"]}]},{"@type":"BreadcrumbList","@id":"https:\/\/www.mesvendanges.com\/en\/shop\/wines\/beaune-1er-cru-greves-gay-dne-michel-2017-75cl\/#breadcrumb","itemListElement":[{"@type":"ListItem","position":1,"name":"Home","item":"https:\/\/www.mesvendanges.com\/en\/"},{"@type":"ListItem","position":2,"name":"Shop","item":"https:\/\/www.mesvendanges.com\/en\/shop\/"},{"@type":"ListItem","position":3,"name":"BEAUNE 1ER CRU GREVES"}]}]}},"_links":{"self":[{"href":"https:\/\/www.mesvendanges.com\/en\/wp-json\/wp\/v2\/product\/49346"}],"collection":[{"href":"https:\/\/www.mesvendanges.com\/en\/wp-json\/wp\/v2\/product"}],"about":[{"href":"https:\/\/www.mesvendanges.com\/en\/wp-json\/wp\/v2\/types\/product"}],"wp:attachment":[{"href":"https:\/\/www.mesvendanges.com\/en\/wp-json\/wp\/v2\/media?parent=49346"}],"wp:term":[{"taxonomy":"product_cat","embeddable":true,"href":"https:\/\/www.mesvendanges.com\/en\/wp-json\/wp\/v2\/product_cat?post=49346"},{"taxonomy":"product_tag","embeddable":true,"href":"https:\/\/www.mesvendanges.com\/en\/wp-json\/wp\/v2\/product_tag?post=49346"}],"curies":[{"name":"wp","href":"https:\/\/api.w.org\/{rel}","templated":true}]}}