{"id":49406,"date":"2022-08-02T17:53:47","date_gmt":"2022-08-02T15:53:47","guid":{"rendered":"https:\/\/www.mesvendanges.com\/shop\/uncategorized\/amontillado-origen\/"},"modified":"2025-09-29T11:14:47","modified_gmt":"2025-09-29T09:14:47","slug":"amontillado-origen-vina-la-callejuela-nm-75cl","status":"publish","type":"product","link":"https:\/\/www.mesvendanges.com\/en\/shop\/wines\/amontillado-origen-vina-la-callejuela-nm-75cl\/","title":{"rendered":"AMONTILLADO ORIGEN"},"content":{"rendered":"<p>Une parfaite introduction \u00e0 l&#8217;univers des amontillados. Plus puissants et profonds qu&#8217;une manzanilla, l&#8217;amontillado chante les grands secs oxydatifs.<br \/>\nCouleur dor\u00e9e avec des reflets orang\u00e9s. Ar\u00f4mes intenses de bois\u00e9, de notes salines et de fruits secs sur un fond herbac\u00e9 et min\u00e9ral. Sec en bouche avec un long arri\u00e8re-go\u00fbt.<\/p>\n","protected":false},"excerpt":{"rendered":"<p>Une parfaite introduction \u00e0 l&#8217;univers des amontillados. Plus puissants et profonds qu&#8217;une manzanilla, l&#8217;amontillado chante les grands secs oxydatifs. Couleur dor\u00e9e avec des reflets orang\u00e9s. Ar\u00f4mes intenses de bois\u00e9, de notes salines et de fruits secs sur un fond herbac\u00e9 et min\u00e9ral. Sec en bouche avec un long arri\u00e8re-go\u00fbt.<\/p>\n","protected":false},"featured_media":87924,"template":"","meta":[],"product_cat":[3740],"product_tag":[],"acf":[],"yoast_head":"<!-- This site is optimized with the Yoast SEO plugin v19.3 - https:\/\/yoast.com\/wordpress\/plugins\/seo\/ -->\n<title>AMONTILLADO ORIGEN - Mes Vendanges<\/title>\n<meta name=\"robots\" content=\"index, follow, max-snippet:-1, max-image-preview:large, max-video-preview:-1\" \/>\n<link rel=\"canonical\" href=\"https:\/\/www.mesvendanges.com\/en\/shop\/wines\/amontillado-origen-vina-la-callejuela-nm-75cl\/\" \/>\n<meta property=\"og:locale\" content=\"en_US\" \/>\n<meta property=\"og:type\" content=\"article\" \/>\n<meta property=\"og:title\" content=\"AMONTILLADO ORIGEN - Mes Vendanges\" \/>\n<meta property=\"og:description\" content=\"Une parfaite introduction \u00e0 l&#8217;univers des amontillados. Plus puissants et profonds qu&#8217;une manzanilla, l&#8217;amontillado chante les grands secs oxydatifs. Couleur dor\u00e9e avec des reflets orang\u00e9s. Ar\u00f4mes intenses de bois\u00e9, de notes salines et de fruits secs sur un fond herbac\u00e9 et min\u00e9ral. Sec en bouche avec un long arri\u00e8re-go\u00fbt.\" \/>\n<meta property=\"og:url\" content=\"https:\/\/www.mesvendanges.com\/en\/shop\/wines\/amontillado-origen-vina-la-callejuela-nm-75cl\/\" \/>\n<meta property=\"og:site_name\" content=\"Mes Vendanges\" \/>\n<meta property=\"article:modified_time\" content=\"2025-09-29T09:14:47+00:00\" \/>\n<meta property=\"og:image\" content=\"https:\/\/www.mesvendanges.com\/wp-content\/uploads\/2025\/05\/vina-la-callejuela-amontillado-origen-jerez-nm-75cl-mute-png.png\" \/>\n\t<meta property=\"og:image:width\" content=\"374\" \/>\n\t<meta property=\"og:image:height\" content=\"1500\" \/>\n\t<meta property=\"og:image:type\" content=\"image\/png\" \/>\n<meta name=\"twitter:card\" content=\"summary_large_image\" \/>\n<script type=\"application\/ld+json\" class=\"yoast-schema-graph\">{\"@context\":\"https:\/\/schema.org\",\"@graph\":[{\"@type\":\"Organization\",\"@id\":\"https:\/\/www.mesvendanges.com\/en\/#organization\",\"name\":\"Mes Vendanges\",\"url\":\"https:\/\/www.mesvendanges.com\/en\/\",\"sameAs\":[],\"logo\":{\"@type\":\"ImageObject\",\"inLanguage\":\"fr-FR\",\"@id\":\"https:\/\/www.mesvendanges.com\/en\/#\/schema\/logo\/image\/\",\"url\":\"https:\/\/www.mesvendanges.com\/wp-content\/uploads\/2022\/02\/logo-mesvendanges.jpg\",\"contentUrl\":\"https:\/\/www.mesvendanges.com\/wp-content\/uploads\/2022\/02\/logo-mesvendanges.jpg\",\"width\":851,\"height\":260,\"caption\":\"Mes Vendanges\"},\"image\":{\"@id\":\"https:\/\/www.mesvendanges.com\/en\/#\/schema\/logo\/image\/\"}},{\"@type\":\"WebSite\",\"@id\":\"https:\/\/www.mesvendanges.com\/en\/#website\",\"url\":\"https:\/\/www.mesvendanges.com\/en\/\",\"name\":\"Mes Vendanges\",\"description\":\"Des journ\u00e9es enti\u00e8res dans les vignes\",\"publisher\":{\"@id\":\"https:\/\/www.mesvendanges.com\/en\/#organization\"},\"potentialAction\":[{\"@type\":\"SearchAction\",\"target\":{\"@type\":\"EntryPoint\",\"urlTemplate\":\"https:\/\/www.mesvendanges.com\/en\/?s={search_term_string}\"},\"query-input\":\"required name=search_term_string\"}],\"inLanguage\":\"fr-FR\"},{\"@type\":\"ImageObject\",\"inLanguage\":\"fr-FR\",\"@id\":\"https:\/\/www.mesvendanges.com\/en\/shop\/wines\/amontillado-origen-vina-la-callejuela-nm-75cl\/#primaryimage\",\"url\":\"https:\/\/www.mesvendanges.com\/wp-content\/uploads\/2025\/05\/vina-la-callejuela-amontillado-origen-jerez-nm-75cl-mute-png.png\",\"contentUrl\":\"https:\/\/www.mesvendanges.com\/wp-content\/uploads\/2025\/05\/vina-la-callejuela-amontillado-origen-jerez-nm-75cl-mute-png.png\",\"width\":374,\"height\":1500},{\"@type\":\"WebPage\",\"@id\":\"https:\/\/www.mesvendanges.com\/en\/shop\/wines\/amontillado-origen-vina-la-callejuela-nm-75cl\/\",\"url\":\"https:\/\/www.mesvendanges.com\/en\/shop\/wines\/amontillado-origen-vina-la-callejuela-nm-75cl\/\",\"name\":\"AMONTILLADO ORIGEN - Mes Vendanges\",\"isPartOf\":{\"@id\":\"https:\/\/www.mesvendanges.com\/en\/#website\"},\"primaryImageOfPage\":{\"@id\":\"https:\/\/www.mesvendanges.com\/en\/shop\/wines\/amontillado-origen-vina-la-callejuela-nm-75cl\/#primaryimage\"},\"datePublished\":\"2022-08-02T15:53:47+00:00\",\"dateModified\":\"2025-09-29T09:14:47+00:00\",\"breadcrumb\":{\"@id\":\"https:\/\/www.mesvendanges.com\/en\/shop\/wines\/amontillado-origen-vina-la-callejuela-nm-75cl\/#breadcrumb\"},\"inLanguage\":\"fr-FR\",\"potentialAction\":[{\"@type\":\"ReadAction\",\"target\":[\"https:\/\/www.mesvendanges.com\/en\/shop\/wines\/amontillado-origen-vina-la-callejuela-nm-75cl\/\"]}]},{\"@type\":\"BreadcrumbList\",\"@id\":\"https:\/\/www.mesvendanges.com\/en\/shop\/wines\/amontillado-origen-vina-la-callejuela-nm-75cl\/#breadcrumb\",\"itemListElement\":[{\"@type\":\"ListItem\",\"position\":1,\"name\":\"Home\",\"item\":\"https:\/\/www.mesvendanges.com\/en\/\"},{\"@type\":\"ListItem\",\"position\":2,\"name\":\"Shop\",\"item\":\"https:\/\/www.mesvendanges.com\/en\/shop\/\"},{\"@type\":\"ListItem\",\"position\":3,\"name\":\"AMONTILLADO ORIGEN\"}]}]}<\/script>\n<!-- \/ Yoast SEO plugin. -->","yoast_head_json":{"title":"AMONTILLADO ORIGEN - Mes Vendanges","robots":{"index":"index","follow":"follow","max-snippet":"max-snippet:-1","max-image-preview":"max-image-preview:large","max-video-preview":"max-video-preview:-1"},"canonical":"https:\/\/www.mesvendanges.com\/en\/shop\/wines\/amontillado-origen-vina-la-callejuela-nm-75cl\/","og_locale":"en_US","og_type":"article","og_title":"AMONTILLADO ORIGEN - Mes Vendanges","og_description":"Une parfaite introduction \u00e0 l&#8217;univers des amontillados. Plus puissants et profonds qu&#8217;une manzanilla, l&#8217;amontillado chante les grands secs oxydatifs. Couleur dor\u00e9e avec des reflets orang\u00e9s. Ar\u00f4mes intenses de bois\u00e9, de notes salines et de fruits secs sur un fond herbac\u00e9 et min\u00e9ral. Sec en bouche avec un long arri\u00e8re-go\u00fbt.","og_url":"https:\/\/www.mesvendanges.com\/en\/shop\/wines\/amontillado-origen-vina-la-callejuela-nm-75cl\/","og_site_name":"Mes Vendanges","article_modified_time":"2025-09-29T09:14:47+00:00","og_image":[{"width":374,"height":1500,"url":"https:\/\/www.mesvendanges.com\/wp-content\/uploads\/2025\/05\/vina-la-callejuela-amontillado-origen-jerez-nm-75cl-mute-png.png","type":"image\/png"}],"twitter_card":"summary_large_image","schema":{"@context":"https:\/\/schema.org","@graph":[{"@type":"Organization","@id":"https:\/\/www.mesvendanges.com\/en\/#organization","name":"Mes Vendanges","url":"https:\/\/www.mesvendanges.com\/en\/","sameAs":[],"logo":{"@type":"ImageObject","inLanguage":"fr-FR","@id":"https:\/\/www.mesvendanges.com\/en\/#\/schema\/logo\/image\/","url":"https:\/\/www.mesvendanges.com\/wp-content\/uploads\/2022\/02\/logo-mesvendanges.jpg","contentUrl":"https:\/\/www.mesvendanges.com\/wp-content\/uploads\/2022\/02\/logo-mesvendanges.jpg","width":851,"height":260,"caption":"Mes Vendanges"},"image":{"@id":"https:\/\/www.mesvendanges.com\/en\/#\/schema\/logo\/image\/"}},{"@type":"WebSite","@id":"https:\/\/www.mesvendanges.com\/en\/#website","url":"https:\/\/www.mesvendanges.com\/en\/","name":"Mes Vendanges","description":"Des journ\u00e9es enti\u00e8res dans les vignes","publisher":{"@id":"https:\/\/www.mesvendanges.com\/en\/#organization"},"potentialAction":[{"@type":"SearchAction","target":{"@type":"EntryPoint","urlTemplate":"https:\/\/www.mesvendanges.com\/en\/?s={search_term_string}"},"query-input":"required name=search_term_string"}],"inLanguage":"fr-FR"},{"@type":"ImageObject","inLanguage":"fr-FR","@id":"https:\/\/www.mesvendanges.com\/en\/shop\/wines\/amontillado-origen-vina-la-callejuela-nm-75cl\/#primaryimage","url":"https:\/\/www.mesvendanges.com\/wp-content\/uploads\/2025\/05\/vina-la-callejuela-amontillado-origen-jerez-nm-75cl-mute-png.png","contentUrl":"https:\/\/www.mesvendanges.com\/wp-content\/uploads\/2025\/05\/vina-la-callejuela-amontillado-origen-jerez-nm-75cl-mute-png.png","width":374,"height":1500},{"@type":"WebPage","@id":"https:\/\/www.mesvendanges.com\/en\/shop\/wines\/amontillado-origen-vina-la-callejuela-nm-75cl\/","url":"https:\/\/www.mesvendanges.com\/en\/shop\/wines\/amontillado-origen-vina-la-callejuela-nm-75cl\/","name":"AMONTILLADO ORIGEN - Mes Vendanges","isPartOf":{"@id":"https:\/\/www.mesvendanges.com\/en\/#website"},"primaryImageOfPage":{"@id":"https:\/\/www.mesvendanges.com\/en\/shop\/wines\/amontillado-origen-vina-la-callejuela-nm-75cl\/#primaryimage"},"datePublished":"2022-08-02T15:53:47+00:00","dateModified":"2025-09-29T09:14:47+00:00","breadcrumb":{"@id":"https:\/\/www.mesvendanges.com\/en\/shop\/wines\/amontillado-origen-vina-la-callejuela-nm-75cl\/#breadcrumb"},"inLanguage":"fr-FR","potentialAction":[{"@type":"ReadAction","target":["https:\/\/www.mesvendanges.com\/en\/shop\/wines\/amontillado-origen-vina-la-callejuela-nm-75cl\/"]}]},{"@type":"BreadcrumbList","@id":"https:\/\/www.mesvendanges.com\/en\/shop\/wines\/amontillado-origen-vina-la-callejuela-nm-75cl\/#breadcrumb","itemListElement":[{"@type":"ListItem","position":1,"name":"Home","item":"https:\/\/www.mesvendanges.com\/en\/"},{"@type":"ListItem","position":2,"name":"Shop","item":"https:\/\/www.mesvendanges.com\/en\/shop\/"},{"@type":"ListItem","position":3,"name":"AMONTILLADO ORIGEN"}]}]}},"_links":{"self":[{"href":"https:\/\/www.mesvendanges.com\/en\/wp-json\/wp\/v2\/product\/49406"}],"collection":[{"href":"https:\/\/www.mesvendanges.com\/en\/wp-json\/wp\/v2\/product"}],"about":[{"href":"https:\/\/www.mesvendanges.com\/en\/wp-json\/wp\/v2\/types\/product"}],"wp:featuredmedia":[{"embeddable":true,"href":"https:\/\/www.mesvendanges.com\/en\/wp-json\/wp\/v2\/media\/87924"}],"wp:attachment":[{"href":"https:\/\/www.mesvendanges.com\/en\/wp-json\/wp\/v2\/media?parent=49406"}],"wp:term":[{"taxonomy":"product_cat","embeddable":true,"href":"https:\/\/www.mesvendanges.com\/en\/wp-json\/wp\/v2\/product_cat?post=49406"},{"taxonomy":"product_tag","embeddable":true,"href":"https:\/\/www.mesvendanges.com\/en\/wp-json\/wp\/v2\/product_tag?post=49406"}],"curies":[{"name":"wp","href":"https:\/\/api.w.org\/{rel}","templated":true}]}}