{"id":49650,"date":"2022-08-02T17:57:49","date_gmt":"2022-08-02T15:57:49","guid":{"rendered":"https:\/\/www.mesvendanges.com\/shop\/uncategorized\/gondonne-10\/"},"modified":"2023-12-05T19:34:33","modified_gmt":"2023-12-05T18:34:33","slug":"gondonne-goisot-dne-g-et-j-h-2019-75cl","status":"publish","type":"product","link":"https:\/\/www.mesvendanges.com\/en\/shop\/wines\/gondonne-goisot-dne-g-et-j-h-2019-75cl\/","title":{"rendered":"GONDONNE"},"content":{"rendered":"<p>Gondonne est un climat au sens bourguignon du mot, parcelle avec sol et micro-climat sp\u00e9cifique. Les vins qui en sont issus ne sont pas assembl\u00e9s \u00e0 la cuv\u00e9e du Corps de Garde lorsque le mill\u00e9sime permet une expression pure du terroir. <br \/>C&#8217;est un vin de bonne garde, qui \u00e9voluera magnifiquement sur une quinzaine d&#8217;ann\u00e9es.<br \/>\nsuperficie : 1,2 hectare.<br \/>\nVignes de plus de 40 ans. Egrappage \u00e0 100% pressurage pneumatique tr\u00e8s lent, fermentation alcoolique tr\u00e8s longue \u00e0 une temp\u00e9rature voisine de 25\u00b0dans sa premi\u00e8re partie pour ne garder que les aspects du terroir. Suivi de la fermentation malolactique puis \u00e9levage sur lies fines. La vinification et l\u2019\u00e9levage se d\u00e9roulent en f\u00fbts de ch\u00eane.<br \/>\nToutes les vignes du domaine sont conduite en agriculture biodynamique certifi\u00e9e<\/p>\n","protected":false},"excerpt":{"rendered":"<p>Gondonne est un climat au sens bourguignon du mot, parcelle avec sol et micro-climat sp\u00e9cifique. Les vins qui en sont issus ne sont pas assembl\u00e9s \u00e0 la cuv\u00e9e du Corps de Garde lorsque le mill\u00e9sime permet une expression pure du terroir. C&#8217;est un vin de bonne garde, qui \u00e9voluera magnifiquement sur une quinzaine d&#8217;ann\u00e9es. superficie [&hellip;]<\/p>\n","protected":false},"featured_media":70619,"template":"","meta":[],"product_cat":[3740],"product_tag":[],"acf":[],"yoast_head":"<!-- This site is optimized with the Yoast SEO plugin v19.3 - https:\/\/yoast.com\/wordpress\/plugins\/seo\/ -->\n<title>GONDONNE - Mes Vendanges<\/title>\n<meta name=\"robots\" content=\"index, follow, max-snippet:-1, max-image-preview:large, max-video-preview:-1\" \/>\n<link rel=\"canonical\" href=\"https:\/\/www.mesvendanges.com\/en\/shop\/wines\/gondonne-goisot-dne-g-et-j-h-2019-75cl\/\" \/>\n<meta property=\"og:locale\" content=\"en_US\" \/>\n<meta property=\"og:type\" content=\"article\" \/>\n<meta property=\"og:title\" content=\"GONDONNE - Mes Vendanges\" \/>\n<meta property=\"og:description\" content=\"Gondonne est un climat au sens bourguignon du mot, parcelle avec sol et micro-climat sp\u00e9cifique. Les vins qui en sont issus ne sont pas assembl\u00e9s \u00e0 la cuv\u00e9e du Corps de Garde lorsque le mill\u00e9sime permet une expression pure du terroir. C&#8217;est un vin de bonne garde, qui \u00e9voluera magnifiquement sur une quinzaine d&#8217;ann\u00e9es. superficie [&hellip;]\" \/>\n<meta property=\"og:url\" content=\"https:\/\/www.mesvendanges.com\/en\/shop\/wines\/gondonne-goisot-dne-g-et-j-h-2019-75cl\/\" \/>\n<meta property=\"og:site_name\" content=\"Mes Vendanges\" \/>\n<meta property=\"article:modified_time\" content=\"2023-12-05T18:34:33+00:00\" \/>\n<meta property=\"og:image\" content=\"https:\/\/www.mesvendanges.com\/wp-content\/uploads\/2023\/12\/domaine-jean-hugues-et-guilhem-goisot-bourgogne-cotes-dauxerre-gondonne-blanc-2017-png.png\" \/>\n\t<meta property=\"og:image:width\" content=\"444\" \/>\n\t<meta property=\"og:image:height\" content=\"1500\" \/>\n\t<meta property=\"og:image:type\" content=\"image\/png\" \/>\n<meta name=\"twitter:card\" content=\"summary_large_image\" \/>\n<meta name=\"twitter:label1\" content=\"Est. reading time\" \/>\n\t<meta name=\"twitter:data1\" content=\"1 minute\" \/>\n<script type=\"application\/ld+json\" class=\"yoast-schema-graph\">{\"@context\":\"https:\/\/schema.org\",\"@graph\":[{\"@type\":\"Organization\",\"@id\":\"https:\/\/www.mesvendanges.com\/en\/#organization\",\"name\":\"Mes Vendanges\",\"url\":\"https:\/\/www.mesvendanges.com\/en\/\",\"sameAs\":[],\"logo\":{\"@type\":\"ImageObject\",\"inLanguage\":\"fr-FR\",\"@id\":\"https:\/\/www.mesvendanges.com\/en\/#\/schema\/logo\/image\/\",\"url\":\"https:\/\/www.mesvendanges.com\/wp-content\/uploads\/2022\/02\/logo-mesvendanges.jpg\",\"contentUrl\":\"https:\/\/www.mesvendanges.com\/wp-content\/uploads\/2022\/02\/logo-mesvendanges.jpg\",\"width\":851,\"height\":260,\"caption\":\"Mes Vendanges\"},\"image\":{\"@id\":\"https:\/\/www.mesvendanges.com\/en\/#\/schema\/logo\/image\/\"}},{\"@type\":\"WebSite\",\"@id\":\"https:\/\/www.mesvendanges.com\/en\/#website\",\"url\":\"https:\/\/www.mesvendanges.com\/en\/\",\"name\":\"Mes Vendanges\",\"description\":\"Des journ\u00e9es enti\u00e8res dans les vignes\",\"publisher\":{\"@id\":\"https:\/\/www.mesvendanges.com\/en\/#organization\"},\"potentialAction\":[{\"@type\":\"SearchAction\",\"target\":{\"@type\":\"EntryPoint\",\"urlTemplate\":\"https:\/\/www.mesvendanges.com\/en\/?s={search_term_string}\"},\"query-input\":\"required name=search_term_string\"}],\"inLanguage\":\"fr-FR\"},{\"@type\":\"ImageObject\",\"inLanguage\":\"fr-FR\",\"@id\":\"https:\/\/www.mesvendanges.com\/en\/shop\/wines\/gondonne-goisot-dne-g-et-j-h-2019-75cl\/#primaryimage\",\"url\":\"https:\/\/www.mesvendanges.com\/wp-content\/uploads\/2023\/12\/domaine-jean-hugues-et-guilhem-goisot-bourgogne-cotes-dauxerre-gondonne-blanc-2017-png.png\",\"contentUrl\":\"https:\/\/www.mesvendanges.com\/wp-content\/uploads\/2023\/12\/domaine-jean-hugues-et-guilhem-goisot-bourgogne-cotes-dauxerre-gondonne-blanc-2017-png.png\",\"width\":444,\"height\":1500},{\"@type\":\"WebPage\",\"@id\":\"https:\/\/www.mesvendanges.com\/en\/shop\/wines\/gondonne-goisot-dne-g-et-j-h-2019-75cl\/\",\"url\":\"https:\/\/www.mesvendanges.com\/en\/shop\/wines\/gondonne-goisot-dne-g-et-j-h-2019-75cl\/\",\"name\":\"GONDONNE - Mes Vendanges\",\"isPartOf\":{\"@id\":\"https:\/\/www.mesvendanges.com\/en\/#website\"},\"primaryImageOfPage\":{\"@id\":\"https:\/\/www.mesvendanges.com\/en\/shop\/wines\/gondonne-goisot-dne-g-et-j-h-2019-75cl\/#primaryimage\"},\"datePublished\":\"2022-08-02T15:57:49+00:00\",\"dateModified\":\"2023-12-05T18:34:33+00:00\",\"breadcrumb\":{\"@id\":\"https:\/\/www.mesvendanges.com\/en\/shop\/wines\/gondonne-goisot-dne-g-et-j-h-2019-75cl\/#breadcrumb\"},\"inLanguage\":\"fr-FR\",\"potentialAction\":[{\"@type\":\"ReadAction\",\"target\":[\"https:\/\/www.mesvendanges.com\/en\/shop\/wines\/gondonne-goisot-dne-g-et-j-h-2019-75cl\/\"]}]},{\"@type\":\"BreadcrumbList\",\"@id\":\"https:\/\/www.mesvendanges.com\/en\/shop\/wines\/gondonne-goisot-dne-g-et-j-h-2019-75cl\/#breadcrumb\",\"itemListElement\":[{\"@type\":\"ListItem\",\"position\":1,\"name\":\"Home\",\"item\":\"https:\/\/www.mesvendanges.com\/en\/\"},{\"@type\":\"ListItem\",\"position\":2,\"name\":\"Shop\",\"item\":\"https:\/\/www.mesvendanges.com\/en\/shop\/\"},{\"@type\":\"ListItem\",\"position\":3,\"name\":\"GONDONNE\"}]}]}<\/script>\n<!-- \/ Yoast SEO plugin. -->","yoast_head_json":{"title":"GONDONNE - Mes Vendanges","robots":{"index":"index","follow":"follow","max-snippet":"max-snippet:-1","max-image-preview":"max-image-preview:large","max-video-preview":"max-video-preview:-1"},"canonical":"https:\/\/www.mesvendanges.com\/en\/shop\/wines\/gondonne-goisot-dne-g-et-j-h-2019-75cl\/","og_locale":"en_US","og_type":"article","og_title":"GONDONNE - Mes Vendanges","og_description":"Gondonne est un climat au sens bourguignon du mot, parcelle avec sol et micro-climat sp\u00e9cifique. Les vins qui en sont issus ne sont pas assembl\u00e9s \u00e0 la cuv\u00e9e du Corps de Garde lorsque le mill\u00e9sime permet une expression pure du terroir. C&#8217;est un vin de bonne garde, qui \u00e9voluera magnifiquement sur une quinzaine d&#8217;ann\u00e9es. superficie [&hellip;]","og_url":"https:\/\/www.mesvendanges.com\/en\/shop\/wines\/gondonne-goisot-dne-g-et-j-h-2019-75cl\/","og_site_name":"Mes Vendanges","article_modified_time":"2023-12-05T18:34:33+00:00","og_image":[{"width":444,"height":1500,"url":"https:\/\/www.mesvendanges.com\/wp-content\/uploads\/2023\/12\/domaine-jean-hugues-et-guilhem-goisot-bourgogne-cotes-dauxerre-gondonne-blanc-2017-png.png","type":"image\/png"}],"twitter_card":"summary_large_image","twitter_misc":{"Est. reading time":"1 minute"},"schema":{"@context":"https:\/\/schema.org","@graph":[{"@type":"Organization","@id":"https:\/\/www.mesvendanges.com\/en\/#organization","name":"Mes Vendanges","url":"https:\/\/www.mesvendanges.com\/en\/","sameAs":[],"logo":{"@type":"ImageObject","inLanguage":"fr-FR","@id":"https:\/\/www.mesvendanges.com\/en\/#\/schema\/logo\/image\/","url":"https:\/\/www.mesvendanges.com\/wp-content\/uploads\/2022\/02\/logo-mesvendanges.jpg","contentUrl":"https:\/\/www.mesvendanges.com\/wp-content\/uploads\/2022\/02\/logo-mesvendanges.jpg","width":851,"height":260,"caption":"Mes Vendanges"},"image":{"@id":"https:\/\/www.mesvendanges.com\/en\/#\/schema\/logo\/image\/"}},{"@type":"WebSite","@id":"https:\/\/www.mesvendanges.com\/en\/#website","url":"https:\/\/www.mesvendanges.com\/en\/","name":"Mes Vendanges","description":"Des journ\u00e9es enti\u00e8res dans les vignes","publisher":{"@id":"https:\/\/www.mesvendanges.com\/en\/#organization"},"potentialAction":[{"@type":"SearchAction","target":{"@type":"EntryPoint","urlTemplate":"https:\/\/www.mesvendanges.com\/en\/?s={search_term_string}"},"query-input":"required name=search_term_string"}],"inLanguage":"fr-FR"},{"@type":"ImageObject","inLanguage":"fr-FR","@id":"https:\/\/www.mesvendanges.com\/en\/shop\/wines\/gondonne-goisot-dne-g-et-j-h-2019-75cl\/#primaryimage","url":"https:\/\/www.mesvendanges.com\/wp-content\/uploads\/2023\/12\/domaine-jean-hugues-et-guilhem-goisot-bourgogne-cotes-dauxerre-gondonne-blanc-2017-png.png","contentUrl":"https:\/\/www.mesvendanges.com\/wp-content\/uploads\/2023\/12\/domaine-jean-hugues-et-guilhem-goisot-bourgogne-cotes-dauxerre-gondonne-blanc-2017-png.png","width":444,"height":1500},{"@type":"WebPage","@id":"https:\/\/www.mesvendanges.com\/en\/shop\/wines\/gondonne-goisot-dne-g-et-j-h-2019-75cl\/","url":"https:\/\/www.mesvendanges.com\/en\/shop\/wines\/gondonne-goisot-dne-g-et-j-h-2019-75cl\/","name":"GONDONNE - Mes Vendanges","isPartOf":{"@id":"https:\/\/www.mesvendanges.com\/en\/#website"},"primaryImageOfPage":{"@id":"https:\/\/www.mesvendanges.com\/en\/shop\/wines\/gondonne-goisot-dne-g-et-j-h-2019-75cl\/#primaryimage"},"datePublished":"2022-08-02T15:57:49+00:00","dateModified":"2023-12-05T18:34:33+00:00","breadcrumb":{"@id":"https:\/\/www.mesvendanges.com\/en\/shop\/wines\/gondonne-goisot-dne-g-et-j-h-2019-75cl\/#breadcrumb"},"inLanguage":"fr-FR","potentialAction":[{"@type":"ReadAction","target":["https:\/\/www.mesvendanges.com\/en\/shop\/wines\/gondonne-goisot-dne-g-et-j-h-2019-75cl\/"]}]},{"@type":"BreadcrumbList","@id":"https:\/\/www.mesvendanges.com\/en\/shop\/wines\/gondonne-goisot-dne-g-et-j-h-2019-75cl\/#breadcrumb","itemListElement":[{"@type":"ListItem","position":1,"name":"Home","item":"https:\/\/www.mesvendanges.com\/en\/"},{"@type":"ListItem","position":2,"name":"Shop","item":"https:\/\/www.mesvendanges.com\/en\/shop\/"},{"@type":"ListItem","position":3,"name":"GONDONNE"}]}]}},"_links":{"self":[{"href":"https:\/\/www.mesvendanges.com\/en\/wp-json\/wp\/v2\/product\/49650"}],"collection":[{"href":"https:\/\/www.mesvendanges.com\/en\/wp-json\/wp\/v2\/product"}],"about":[{"href":"https:\/\/www.mesvendanges.com\/en\/wp-json\/wp\/v2\/types\/product"}],"wp:featuredmedia":[{"embeddable":true,"href":"https:\/\/www.mesvendanges.com\/en\/wp-json\/wp\/v2\/media\/70619"}],"wp:attachment":[{"href":"https:\/\/www.mesvendanges.com\/en\/wp-json\/wp\/v2\/media?parent=49650"}],"wp:term":[{"taxonomy":"product_cat","embeddable":true,"href":"https:\/\/www.mesvendanges.com\/en\/wp-json\/wp\/v2\/product_cat?post=49650"},{"taxonomy":"product_tag","embeddable":true,"href":"https:\/\/www.mesvendanges.com\/en\/wp-json\/wp\/v2\/product_tag?post=49650"}],"curies":[{"name":"wp","href":"https:\/\/api.w.org\/{rel}","templated":true}]}}