{"id":49652,"date":"2022-08-02T17:57:52","date_gmt":"2022-08-02T15:57:52","guid":{"rendered":"https:\/\/www.mesvendanges.com\/shop\/uncategorized\/grain-pinot-charrat-5\/"},"modified":"2026-01-06T15:33:51","modified_gmt":"2026-01-06T14:33:51","slug":"grain-pinot-charrat-chappaz-marie-therese-2020-75cl","status":"publish","type":"product","link":"https:\/\/www.mesvendanges.com\/en\/shop\/wines\/grain-pinot-charrat-chappaz-marie-therese-2020-75cl\/","title":{"rendered":"GRAIN PINOT CHARRAT"},"content":{"rendered":"<p>C\u00e9page : Pinot Noir de vieilles vignes Terroir : calcaire, Charrat<br \/>\nD\u00e9gustation : Le nez est complexe et concentr\u00e9, s\u2019ouvrant sur des notes de tabac, de myrtille et de cannelle. La bouche offre un c\u00f4t\u00e9 sanguin, charnel et suave. Ce Pinot Noir, taill\u00e9 pour la garde, se r\u00e9v\u00e8lera pleinement d\u00e8s No\u00ebl prochain et pour plusieurs ann\u00e9es &#8230; <\/p>\n","protected":false},"excerpt":{"rendered":"<p>C\u00e9page : Pinot Noir de vieilles vignes Terroir : calcaire, Charrat D\u00e9gustation : Le nez est complexe et concentr\u00e9, s\u2019ouvrant sur des notes de tabac, de myrtille et de cannelle. La bouche offre un c\u00f4t\u00e9 sanguin, charnel et suave. Ce Pinot Noir, taill\u00e9 pour la garde, se r\u00e9v\u00e8lera pleinement d\u00e8s No\u00ebl prochain et pour plusieurs [&hellip;]<\/p>\n","protected":false},"featured_media":86654,"template":"","meta":[],"product_cat":[3740],"product_tag":[],"acf":[],"yoast_head":"<!-- This site is optimized with the Yoast SEO plugin v19.3 - https:\/\/yoast.com\/wordpress\/plugins\/seo\/ -->\n<title>GRAIN PINOT CHARRAT - Mes Vendanges<\/title>\n<meta name=\"robots\" content=\"index, follow, max-snippet:-1, max-image-preview:large, max-video-preview:-1\" \/>\n<link rel=\"canonical\" href=\"https:\/\/www.mesvendanges.com\/en\/shop\/wines\/grain-pinot-charrat-chappaz-marie-therese-2020-75cl\/\" \/>\n<meta property=\"og:locale\" content=\"en_US\" \/>\n<meta property=\"og:type\" content=\"article\" \/>\n<meta property=\"og:title\" content=\"GRAIN PINOT CHARRAT - Mes Vendanges\" \/>\n<meta property=\"og:description\" content=\"C\u00e9page : Pinot Noir de vieilles vignes Terroir : calcaire, Charrat D\u00e9gustation : Le nez est complexe et concentr\u00e9, s\u2019ouvrant sur des notes de tabac, de myrtille et de cannelle. La bouche offre un c\u00f4t\u00e9 sanguin, charnel et suave. Ce Pinot Noir, taill\u00e9 pour la garde, se r\u00e9v\u00e8lera pleinement d\u00e8s No\u00ebl prochain et pour plusieurs [&hellip;]\" \/>\n<meta property=\"og:url\" content=\"https:\/\/www.mesvendanges.com\/en\/shop\/wines\/grain-pinot-charrat-chappaz-marie-therese-2020-75cl\/\" \/>\n<meta property=\"og:site_name\" content=\"Mes Vendanges\" \/>\n<meta property=\"article:modified_time\" content=\"2026-01-06T14:33:51+00:00\" \/>\n<meta property=\"og:image\" content=\"https:\/\/www.mesvendanges.com\/wp-content\/uploads\/2025\/05\/chappaz-marie-therese-grain-pinot-charrat-valais-2020-75cl-rouge-png.png\" \/>\n\t<meta property=\"og:image:width\" content=\"372\" \/>\n\t<meta property=\"og:image:height\" content=\"1500\" \/>\n\t<meta property=\"og:image:type\" content=\"image\/png\" \/>\n<meta name=\"twitter:card\" content=\"summary_large_image\" \/>\n<script type=\"application\/ld+json\" class=\"yoast-schema-graph\">{\"@context\":\"https:\/\/schema.org\",\"@graph\":[{\"@type\":\"Organization\",\"@id\":\"https:\/\/www.mesvendanges.com\/en\/#organization\",\"name\":\"Mes Vendanges\",\"url\":\"https:\/\/www.mesvendanges.com\/en\/\",\"sameAs\":[],\"logo\":{\"@type\":\"ImageObject\",\"inLanguage\":\"fr-FR\",\"@id\":\"https:\/\/www.mesvendanges.com\/en\/#\/schema\/logo\/image\/\",\"url\":\"https:\/\/www.mesvendanges.com\/wp-content\/uploads\/2022\/02\/logo-mesvendanges.jpg\",\"contentUrl\":\"https:\/\/www.mesvendanges.com\/wp-content\/uploads\/2022\/02\/logo-mesvendanges.jpg\",\"width\":851,\"height\":260,\"caption\":\"Mes Vendanges\"},\"image\":{\"@id\":\"https:\/\/www.mesvendanges.com\/en\/#\/schema\/logo\/image\/\"}},{\"@type\":\"WebSite\",\"@id\":\"https:\/\/www.mesvendanges.com\/en\/#website\",\"url\":\"https:\/\/www.mesvendanges.com\/en\/\",\"name\":\"Mes Vendanges\",\"description\":\"Des journ\u00e9es enti\u00e8res dans les vignes\",\"publisher\":{\"@id\":\"https:\/\/www.mesvendanges.com\/en\/#organization\"},\"potentialAction\":[{\"@type\":\"SearchAction\",\"target\":{\"@type\":\"EntryPoint\",\"urlTemplate\":\"https:\/\/www.mesvendanges.com\/en\/?s={search_term_string}\"},\"query-input\":\"required name=search_term_string\"}],\"inLanguage\":\"fr-FR\"},{\"@type\":\"ImageObject\",\"inLanguage\":\"fr-FR\",\"@id\":\"https:\/\/www.mesvendanges.com\/en\/shop\/wines\/grain-pinot-charrat-chappaz-marie-therese-2020-75cl\/#primaryimage\",\"url\":\"https:\/\/www.mesvendanges.com\/wp-content\/uploads\/2025\/05\/chappaz-marie-therese-grain-pinot-charrat-valais-2020-75cl-rouge-png.png\",\"contentUrl\":\"https:\/\/www.mesvendanges.com\/wp-content\/uploads\/2025\/05\/chappaz-marie-therese-grain-pinot-charrat-valais-2020-75cl-rouge-png.png\",\"width\":372,\"height\":1500},{\"@type\":\"WebPage\",\"@id\":\"https:\/\/www.mesvendanges.com\/en\/shop\/wines\/grain-pinot-charrat-chappaz-marie-therese-2020-75cl\/\",\"url\":\"https:\/\/www.mesvendanges.com\/en\/shop\/wines\/grain-pinot-charrat-chappaz-marie-therese-2020-75cl\/\",\"name\":\"GRAIN PINOT CHARRAT - Mes Vendanges\",\"isPartOf\":{\"@id\":\"https:\/\/www.mesvendanges.com\/en\/#website\"},\"primaryImageOfPage\":{\"@id\":\"https:\/\/www.mesvendanges.com\/en\/shop\/wines\/grain-pinot-charrat-chappaz-marie-therese-2020-75cl\/#primaryimage\"},\"datePublished\":\"2022-08-02T15:57:52+00:00\",\"dateModified\":\"2026-01-06T14:33:51+00:00\",\"breadcrumb\":{\"@id\":\"https:\/\/www.mesvendanges.com\/en\/shop\/wines\/grain-pinot-charrat-chappaz-marie-therese-2020-75cl\/#breadcrumb\"},\"inLanguage\":\"fr-FR\",\"potentialAction\":[{\"@type\":\"ReadAction\",\"target\":[\"https:\/\/www.mesvendanges.com\/en\/shop\/wines\/grain-pinot-charrat-chappaz-marie-therese-2020-75cl\/\"]}]},{\"@type\":\"BreadcrumbList\",\"@id\":\"https:\/\/www.mesvendanges.com\/en\/shop\/wines\/grain-pinot-charrat-chappaz-marie-therese-2020-75cl\/#breadcrumb\",\"itemListElement\":[{\"@type\":\"ListItem\",\"position\":1,\"name\":\"Home\",\"item\":\"https:\/\/www.mesvendanges.com\/en\/\"},{\"@type\":\"ListItem\",\"position\":2,\"name\":\"Shop\",\"item\":\"https:\/\/www.mesvendanges.com\/en\/shop\/\"},{\"@type\":\"ListItem\",\"position\":3,\"name\":\"GRAIN PINOT CHARRAT\"}]}]}<\/script>\n<!-- \/ Yoast SEO plugin. -->","yoast_head_json":{"title":"GRAIN PINOT CHARRAT - Mes Vendanges","robots":{"index":"index","follow":"follow","max-snippet":"max-snippet:-1","max-image-preview":"max-image-preview:large","max-video-preview":"max-video-preview:-1"},"canonical":"https:\/\/www.mesvendanges.com\/en\/shop\/wines\/grain-pinot-charrat-chappaz-marie-therese-2020-75cl\/","og_locale":"en_US","og_type":"article","og_title":"GRAIN PINOT CHARRAT - Mes Vendanges","og_description":"C\u00e9page : Pinot Noir de vieilles vignes Terroir : calcaire, Charrat D\u00e9gustation : Le nez est complexe et concentr\u00e9, s\u2019ouvrant sur des notes de tabac, de myrtille et de cannelle. La bouche offre un c\u00f4t\u00e9 sanguin, charnel et suave. Ce Pinot Noir, taill\u00e9 pour la garde, se r\u00e9v\u00e8lera pleinement d\u00e8s No\u00ebl prochain et pour plusieurs [&hellip;]","og_url":"https:\/\/www.mesvendanges.com\/en\/shop\/wines\/grain-pinot-charrat-chappaz-marie-therese-2020-75cl\/","og_site_name":"Mes Vendanges","article_modified_time":"2026-01-06T14:33:51+00:00","og_image":[{"width":372,"height":1500,"url":"https:\/\/www.mesvendanges.com\/wp-content\/uploads\/2025\/05\/chappaz-marie-therese-grain-pinot-charrat-valais-2020-75cl-rouge-png.png","type":"image\/png"}],"twitter_card":"summary_large_image","schema":{"@context":"https:\/\/schema.org","@graph":[{"@type":"Organization","@id":"https:\/\/www.mesvendanges.com\/en\/#organization","name":"Mes Vendanges","url":"https:\/\/www.mesvendanges.com\/en\/","sameAs":[],"logo":{"@type":"ImageObject","inLanguage":"fr-FR","@id":"https:\/\/www.mesvendanges.com\/en\/#\/schema\/logo\/image\/","url":"https:\/\/www.mesvendanges.com\/wp-content\/uploads\/2022\/02\/logo-mesvendanges.jpg","contentUrl":"https:\/\/www.mesvendanges.com\/wp-content\/uploads\/2022\/02\/logo-mesvendanges.jpg","width":851,"height":260,"caption":"Mes Vendanges"},"image":{"@id":"https:\/\/www.mesvendanges.com\/en\/#\/schema\/logo\/image\/"}},{"@type":"WebSite","@id":"https:\/\/www.mesvendanges.com\/en\/#website","url":"https:\/\/www.mesvendanges.com\/en\/","name":"Mes Vendanges","description":"Des journ\u00e9es enti\u00e8res dans les vignes","publisher":{"@id":"https:\/\/www.mesvendanges.com\/en\/#organization"},"potentialAction":[{"@type":"SearchAction","target":{"@type":"EntryPoint","urlTemplate":"https:\/\/www.mesvendanges.com\/en\/?s={search_term_string}"},"query-input":"required name=search_term_string"}],"inLanguage":"fr-FR"},{"@type":"ImageObject","inLanguage":"fr-FR","@id":"https:\/\/www.mesvendanges.com\/en\/shop\/wines\/grain-pinot-charrat-chappaz-marie-therese-2020-75cl\/#primaryimage","url":"https:\/\/www.mesvendanges.com\/wp-content\/uploads\/2025\/05\/chappaz-marie-therese-grain-pinot-charrat-valais-2020-75cl-rouge-png.png","contentUrl":"https:\/\/www.mesvendanges.com\/wp-content\/uploads\/2025\/05\/chappaz-marie-therese-grain-pinot-charrat-valais-2020-75cl-rouge-png.png","width":372,"height":1500},{"@type":"WebPage","@id":"https:\/\/www.mesvendanges.com\/en\/shop\/wines\/grain-pinot-charrat-chappaz-marie-therese-2020-75cl\/","url":"https:\/\/www.mesvendanges.com\/en\/shop\/wines\/grain-pinot-charrat-chappaz-marie-therese-2020-75cl\/","name":"GRAIN PINOT CHARRAT - Mes Vendanges","isPartOf":{"@id":"https:\/\/www.mesvendanges.com\/en\/#website"},"primaryImageOfPage":{"@id":"https:\/\/www.mesvendanges.com\/en\/shop\/wines\/grain-pinot-charrat-chappaz-marie-therese-2020-75cl\/#primaryimage"},"datePublished":"2022-08-02T15:57:52+00:00","dateModified":"2026-01-06T14:33:51+00:00","breadcrumb":{"@id":"https:\/\/www.mesvendanges.com\/en\/shop\/wines\/grain-pinot-charrat-chappaz-marie-therese-2020-75cl\/#breadcrumb"},"inLanguage":"fr-FR","potentialAction":[{"@type":"ReadAction","target":["https:\/\/www.mesvendanges.com\/en\/shop\/wines\/grain-pinot-charrat-chappaz-marie-therese-2020-75cl\/"]}]},{"@type":"BreadcrumbList","@id":"https:\/\/www.mesvendanges.com\/en\/shop\/wines\/grain-pinot-charrat-chappaz-marie-therese-2020-75cl\/#breadcrumb","itemListElement":[{"@type":"ListItem","position":1,"name":"Home","item":"https:\/\/www.mesvendanges.com\/en\/"},{"@type":"ListItem","position":2,"name":"Shop","item":"https:\/\/www.mesvendanges.com\/en\/shop\/"},{"@type":"ListItem","position":3,"name":"GRAIN PINOT CHARRAT"}]}]}},"_links":{"self":[{"href":"https:\/\/www.mesvendanges.com\/en\/wp-json\/wp\/v2\/product\/49652"}],"collection":[{"href":"https:\/\/www.mesvendanges.com\/en\/wp-json\/wp\/v2\/product"}],"about":[{"href":"https:\/\/www.mesvendanges.com\/en\/wp-json\/wp\/v2\/types\/product"}],"wp:featuredmedia":[{"embeddable":true,"href":"https:\/\/www.mesvendanges.com\/en\/wp-json\/wp\/v2\/media\/86654"}],"wp:attachment":[{"href":"https:\/\/www.mesvendanges.com\/en\/wp-json\/wp\/v2\/media?parent=49652"}],"wp:term":[{"taxonomy":"product_cat","embeddable":true,"href":"https:\/\/www.mesvendanges.com\/en\/wp-json\/wp\/v2\/product_cat?post=49652"},{"taxonomy":"product_tag","embeddable":true,"href":"https:\/\/www.mesvendanges.com\/en\/wp-json\/wp\/v2\/product_tag?post=49652"}],"curies":[{"name":"wp","href":"https:\/\/api.w.org\/{rel}","templated":true}]}}