{"id":51459,"date":"2022-08-02T17:09:33","date_gmt":"2022-08-02T15:09:33","guid":{"rendered":"https:\/\/www.mesvendanges.com\/shop\/uncategorized\/corps-de-garde-chardonnay-8-2\/"},"modified":"2025-05-01T15:15:31","modified_gmt":"2025-05-01T13:15:31","slug":"corps-de-garde-chardonnay-domaine-goisot-2018-75cl","status":"publish","type":"product","link":"https:\/\/www.mesvendanges.com\/en\/shop\/wines\/corps-de-garde-chardonnay-domaine-goisot-2018-75cl\/","title":{"rendered":"CORPS DE GARDE CHARDONNAY"},"content":{"rendered":"<p>La cuv\u00e9e du Coprs de Garde blanc, issue de chardonnay, est un vin droit et imposant. Le nez au caract\u00e8re grill\u00e9 et beurr\u00e9 signe un grand bourgogne, la bouche allie amplitude et vivacit\u00e9. La min\u00e9ralit\u00e9 qui signe la finale appelle des viandes blanches ou des poissons de mer. C&#8217;est r\u00e9solument un vin de garde qui gagnera \u00e0 \u00eatre bu sur une dizaine d&#8217;ann\u00e9e.<br \/>\nsuperficie : 2,5 hactares.<br \/>\nVignes de plus de trente ans.<br \/>\nsol: kimm\u00e9ridgien moyen et sup\u00e9rieur Egrappage \u00e0 100% puis pressurage pneumatique tr\u00e8s lent, fermentation alcoolique tr\u00e8s longue \u00e0 une temp\u00e9rature voisine de 25\u00b0 dans sa premi\u00e8re partie pour ne garder que les aspects du terroir . La fermentation malolactique et l&#8217;\u00e9levage sur lies fines se d\u00e9roulent en barriques de ch\u00eane.<\/p>\n","protected":false},"excerpt":{"rendered":"<p>La cuv\u00e9e du Coprs de Garde blanc, issue de chardonnay, est un vin droit et imposant. Le nez au caract\u00e8re grill\u00e9 et beurr\u00e9 signe un grand bourgogne, la bouche allie amplitude et vivacit\u00e9. La min\u00e9ralit\u00e9 qui signe la finale appelle des viandes blanches ou des poissons de mer. C&#8217;est r\u00e9solument un vin de garde qui [&hellip;]<\/p>\n","protected":false},"featured_media":86896,"template":"","meta":[],"product_cat":[3740],"product_tag":[],"acf":[],"yoast_head":"<!-- This site is optimized with the Yoast SEO plugin v19.3 - https:\/\/yoast.com\/wordpress\/plugins\/seo\/ -->\n<title>CORPS DE GARDE CHARDONNAY - Mes Vendanges<\/title>\n<meta name=\"robots\" content=\"index, follow, max-snippet:-1, max-image-preview:large, max-video-preview:-1\" \/>\n<link rel=\"canonical\" href=\"https:\/\/www.mesvendanges.com\/en\/shop\/wines\/corps-de-garde-chardonnay-domaine-goisot-2018-75cl\/\" \/>\n<meta property=\"og:locale\" content=\"en_US\" \/>\n<meta property=\"og:type\" content=\"article\" \/>\n<meta property=\"og:title\" content=\"CORPS DE GARDE CHARDONNAY - Mes Vendanges\" \/>\n<meta property=\"og:description\" content=\"La cuv\u00e9e du Coprs de Garde blanc, issue de chardonnay, est un vin droit et imposant. Le nez au caract\u00e8re grill\u00e9 et beurr\u00e9 signe un grand bourgogne, la bouche allie amplitude et vivacit\u00e9. La min\u00e9ralit\u00e9 qui signe la finale appelle des viandes blanches ou des poissons de mer. C&#8217;est r\u00e9solument un vin de garde qui [&hellip;]\" \/>\n<meta property=\"og:url\" content=\"https:\/\/www.mesvendanges.com\/en\/shop\/wines\/corps-de-garde-chardonnay-domaine-goisot-2018-75cl\/\" \/>\n<meta property=\"og:site_name\" content=\"Mes Vendanges\" \/>\n<meta property=\"article:modified_time\" content=\"2025-05-01T13:15:31+00:00\" \/>\n<meta property=\"og:image\" content=\"https:\/\/www.mesvendanges.com\/wp-content\/uploads\/2025\/05\/domaine-jean-hugues-et-guilhem-goisot-bourgogne-cotes-dauxerre-corps-de-garde-blanc-2018.png\" \/>\n\t<meta property=\"og:image:width\" content=\"426\" \/>\n\t<meta property=\"og:image:height\" content=\"1500\" \/>\n\t<meta property=\"og:image:type\" content=\"image\/png\" \/>\n<meta name=\"twitter:card\" content=\"summary_large_image\" \/>\n<meta name=\"twitter:label1\" content=\"Est. reading time\" \/>\n\t<meta name=\"twitter:data1\" content=\"1 minute\" \/>\n<script type=\"application\/ld+json\" class=\"yoast-schema-graph\">{\"@context\":\"https:\/\/schema.org\",\"@graph\":[{\"@type\":\"Organization\",\"@id\":\"https:\/\/www.mesvendanges.com\/en\/#organization\",\"name\":\"Mes Vendanges\",\"url\":\"https:\/\/www.mesvendanges.com\/en\/\",\"sameAs\":[],\"logo\":{\"@type\":\"ImageObject\",\"inLanguage\":\"fr-FR\",\"@id\":\"https:\/\/www.mesvendanges.com\/en\/#\/schema\/logo\/image\/\",\"url\":\"https:\/\/www.mesvendanges.com\/wp-content\/uploads\/2022\/02\/logo-mesvendanges.jpg\",\"contentUrl\":\"https:\/\/www.mesvendanges.com\/wp-content\/uploads\/2022\/02\/logo-mesvendanges.jpg\",\"width\":851,\"height\":260,\"caption\":\"Mes Vendanges\"},\"image\":{\"@id\":\"https:\/\/www.mesvendanges.com\/en\/#\/schema\/logo\/image\/\"}},{\"@type\":\"WebSite\",\"@id\":\"https:\/\/www.mesvendanges.com\/en\/#website\",\"url\":\"https:\/\/www.mesvendanges.com\/en\/\",\"name\":\"Mes Vendanges\",\"description\":\"Des journ\u00e9es enti\u00e8res dans les vignes\",\"publisher\":{\"@id\":\"https:\/\/www.mesvendanges.com\/en\/#organization\"},\"potentialAction\":[{\"@type\":\"SearchAction\",\"target\":{\"@type\":\"EntryPoint\",\"urlTemplate\":\"https:\/\/www.mesvendanges.com\/en\/?s={search_term_string}\"},\"query-input\":\"required name=search_term_string\"}],\"inLanguage\":\"fr-FR\"},{\"@type\":\"ImageObject\",\"inLanguage\":\"fr-FR\",\"@id\":\"https:\/\/www.mesvendanges.com\/en\/shop\/wines\/corps-de-garde-chardonnay-domaine-goisot-2018-75cl\/#primaryimage\",\"url\":\"https:\/\/www.mesvendanges.com\/wp-content\/uploads\/2025\/05\/domaine-jean-hugues-et-guilhem-goisot-bourgogne-cotes-dauxerre-corps-de-garde-blanc-2018.png\",\"contentUrl\":\"https:\/\/www.mesvendanges.com\/wp-content\/uploads\/2025\/05\/domaine-jean-hugues-et-guilhem-goisot-bourgogne-cotes-dauxerre-corps-de-garde-blanc-2018.png\",\"width\":426,\"height\":1500},{\"@type\":\"WebPage\",\"@id\":\"https:\/\/www.mesvendanges.com\/en\/shop\/wines\/corps-de-garde-chardonnay-domaine-goisot-2018-75cl\/\",\"url\":\"https:\/\/www.mesvendanges.com\/en\/shop\/wines\/corps-de-garde-chardonnay-domaine-goisot-2018-75cl\/\",\"name\":\"CORPS DE GARDE CHARDONNAY - Mes Vendanges\",\"isPartOf\":{\"@id\":\"https:\/\/www.mesvendanges.com\/en\/#website\"},\"primaryImageOfPage\":{\"@id\":\"https:\/\/www.mesvendanges.com\/en\/shop\/wines\/corps-de-garde-chardonnay-domaine-goisot-2018-75cl\/#primaryimage\"},\"datePublished\":\"2022-08-02T15:09:33+00:00\",\"dateModified\":\"2025-05-01T13:15:31+00:00\",\"breadcrumb\":{\"@id\":\"https:\/\/www.mesvendanges.com\/en\/shop\/wines\/corps-de-garde-chardonnay-domaine-goisot-2018-75cl\/#breadcrumb\"},\"inLanguage\":\"fr-FR\",\"potentialAction\":[{\"@type\":\"ReadAction\",\"target\":[\"https:\/\/www.mesvendanges.com\/en\/shop\/wines\/corps-de-garde-chardonnay-domaine-goisot-2018-75cl\/\"]}]},{\"@type\":\"BreadcrumbList\",\"@id\":\"https:\/\/www.mesvendanges.com\/en\/shop\/wines\/corps-de-garde-chardonnay-domaine-goisot-2018-75cl\/#breadcrumb\",\"itemListElement\":[{\"@type\":\"ListItem\",\"position\":1,\"name\":\"Home\",\"item\":\"https:\/\/www.mesvendanges.com\/en\/\"},{\"@type\":\"ListItem\",\"position\":2,\"name\":\"Shop\",\"item\":\"https:\/\/www.mesvendanges.com\/en\/shop\/\"},{\"@type\":\"ListItem\",\"position\":3,\"name\":\"CORPS DE GARDE CHARDONNAY\"}]}]}<\/script>\n<!-- \/ Yoast SEO plugin. -->","yoast_head_json":{"title":"CORPS DE GARDE CHARDONNAY - Mes Vendanges","robots":{"index":"index","follow":"follow","max-snippet":"max-snippet:-1","max-image-preview":"max-image-preview:large","max-video-preview":"max-video-preview:-1"},"canonical":"https:\/\/www.mesvendanges.com\/en\/shop\/wines\/corps-de-garde-chardonnay-domaine-goisot-2018-75cl\/","og_locale":"en_US","og_type":"article","og_title":"CORPS DE GARDE CHARDONNAY - Mes Vendanges","og_description":"La cuv\u00e9e du Coprs de Garde blanc, issue de chardonnay, est un vin droit et imposant. Le nez au caract\u00e8re grill\u00e9 et beurr\u00e9 signe un grand bourgogne, la bouche allie amplitude et vivacit\u00e9. La min\u00e9ralit\u00e9 qui signe la finale appelle des viandes blanches ou des poissons de mer. C&#8217;est r\u00e9solument un vin de garde qui [&hellip;]","og_url":"https:\/\/www.mesvendanges.com\/en\/shop\/wines\/corps-de-garde-chardonnay-domaine-goisot-2018-75cl\/","og_site_name":"Mes Vendanges","article_modified_time":"2025-05-01T13:15:31+00:00","og_image":[{"width":426,"height":1500,"url":"https:\/\/www.mesvendanges.com\/wp-content\/uploads\/2025\/05\/domaine-jean-hugues-et-guilhem-goisot-bourgogne-cotes-dauxerre-corps-de-garde-blanc-2018.png","type":"image\/png"}],"twitter_card":"summary_large_image","twitter_misc":{"Est. reading time":"1 minute"},"schema":{"@context":"https:\/\/schema.org","@graph":[{"@type":"Organization","@id":"https:\/\/www.mesvendanges.com\/en\/#organization","name":"Mes Vendanges","url":"https:\/\/www.mesvendanges.com\/en\/","sameAs":[],"logo":{"@type":"ImageObject","inLanguage":"fr-FR","@id":"https:\/\/www.mesvendanges.com\/en\/#\/schema\/logo\/image\/","url":"https:\/\/www.mesvendanges.com\/wp-content\/uploads\/2022\/02\/logo-mesvendanges.jpg","contentUrl":"https:\/\/www.mesvendanges.com\/wp-content\/uploads\/2022\/02\/logo-mesvendanges.jpg","width":851,"height":260,"caption":"Mes Vendanges"},"image":{"@id":"https:\/\/www.mesvendanges.com\/en\/#\/schema\/logo\/image\/"}},{"@type":"WebSite","@id":"https:\/\/www.mesvendanges.com\/en\/#website","url":"https:\/\/www.mesvendanges.com\/en\/","name":"Mes Vendanges","description":"Des journ\u00e9es enti\u00e8res dans les vignes","publisher":{"@id":"https:\/\/www.mesvendanges.com\/en\/#organization"},"potentialAction":[{"@type":"SearchAction","target":{"@type":"EntryPoint","urlTemplate":"https:\/\/www.mesvendanges.com\/en\/?s={search_term_string}"},"query-input":"required name=search_term_string"}],"inLanguage":"fr-FR"},{"@type":"ImageObject","inLanguage":"fr-FR","@id":"https:\/\/www.mesvendanges.com\/en\/shop\/wines\/corps-de-garde-chardonnay-domaine-goisot-2018-75cl\/#primaryimage","url":"https:\/\/www.mesvendanges.com\/wp-content\/uploads\/2025\/05\/domaine-jean-hugues-et-guilhem-goisot-bourgogne-cotes-dauxerre-corps-de-garde-blanc-2018.png","contentUrl":"https:\/\/www.mesvendanges.com\/wp-content\/uploads\/2025\/05\/domaine-jean-hugues-et-guilhem-goisot-bourgogne-cotes-dauxerre-corps-de-garde-blanc-2018.png","width":426,"height":1500},{"@type":"WebPage","@id":"https:\/\/www.mesvendanges.com\/en\/shop\/wines\/corps-de-garde-chardonnay-domaine-goisot-2018-75cl\/","url":"https:\/\/www.mesvendanges.com\/en\/shop\/wines\/corps-de-garde-chardonnay-domaine-goisot-2018-75cl\/","name":"CORPS DE GARDE CHARDONNAY - Mes Vendanges","isPartOf":{"@id":"https:\/\/www.mesvendanges.com\/en\/#website"},"primaryImageOfPage":{"@id":"https:\/\/www.mesvendanges.com\/en\/shop\/wines\/corps-de-garde-chardonnay-domaine-goisot-2018-75cl\/#primaryimage"},"datePublished":"2022-08-02T15:09:33+00:00","dateModified":"2025-05-01T13:15:31+00:00","breadcrumb":{"@id":"https:\/\/www.mesvendanges.com\/en\/shop\/wines\/corps-de-garde-chardonnay-domaine-goisot-2018-75cl\/#breadcrumb"},"inLanguage":"fr-FR","potentialAction":[{"@type":"ReadAction","target":["https:\/\/www.mesvendanges.com\/en\/shop\/wines\/corps-de-garde-chardonnay-domaine-goisot-2018-75cl\/"]}]},{"@type":"BreadcrumbList","@id":"https:\/\/www.mesvendanges.com\/en\/shop\/wines\/corps-de-garde-chardonnay-domaine-goisot-2018-75cl\/#breadcrumb","itemListElement":[{"@type":"ListItem","position":1,"name":"Home","item":"https:\/\/www.mesvendanges.com\/en\/"},{"@type":"ListItem","position":2,"name":"Shop","item":"https:\/\/www.mesvendanges.com\/en\/shop\/"},{"@type":"ListItem","position":3,"name":"CORPS DE GARDE CHARDONNAY"}]}]}},"_links":{"self":[{"href":"https:\/\/www.mesvendanges.com\/en\/wp-json\/wp\/v2\/product\/51459"}],"collection":[{"href":"https:\/\/www.mesvendanges.com\/en\/wp-json\/wp\/v2\/product"}],"about":[{"href":"https:\/\/www.mesvendanges.com\/en\/wp-json\/wp\/v2\/types\/product"}],"wp:featuredmedia":[{"embeddable":true,"href":"https:\/\/www.mesvendanges.com\/en\/wp-json\/wp\/v2\/media\/86896"}],"wp:attachment":[{"href":"https:\/\/www.mesvendanges.com\/en\/wp-json\/wp\/v2\/media?parent=51459"}],"wp:term":[{"taxonomy":"product_cat","embeddable":true,"href":"https:\/\/www.mesvendanges.com\/en\/wp-json\/wp\/v2\/product_cat?post=51459"},{"taxonomy":"product_tag","embeddable":true,"href":"https:\/\/www.mesvendanges.com\/en\/wp-json\/wp\/v2\/product_tag?post=51459"}],"curies":[{"name":"wp","href":"https:\/\/api.w.org\/{rel}","templated":true}]}}