{"id":55759,"date":"2022-08-31T17:23:13","date_gmt":"2022-08-31T15:23:13","guid":{"rendered":"https:\/\/www.mesvendanges.com\/shop\/uncategorized\/riesling-oberhauser-brucke-auslese-goldkapsel-auktion-donnhoff-2007-75cl\/"},"modified":"2023-12-05T16:28:32","modified_gmt":"2023-12-05T15:28:32","slug":"riesling-oberhauser-brucke-auslese-goldkapsel-auktion-donnhoff-2007-75cl","status":"publish","type":"product","link":"https:\/\/www.mesvendanges.com\/en\/shop\/wines\/riesling-oberhauser-brucke-auslese-goldkapsel-auktion-donnhoff-2007-75cl\/","title":{"rendered":"RIESLING OBERHAUSER BRUCKE AUSLESE GOLDKAPSEL AUKTION"},"content":{"rendered":"<p>Special vintage from the Bad Kreuznach auction on 28 September 2008. The Oberh\u00e4user Br\u00fccke is a monopoly of the D\u00f6nnhoff estate. This 1.1 hectare plot is recognized as a cru because of its unique character. It is a small vineyard located opposite the Luitpold bridge that leads to Oberh\u00e4user. The vines are perfectly protected, which allows for early flowering, a long vegetative period and therefore a late and slow ripening. The presence of the arm of the river naturally leads the grapes to botrytize and the grey schist soil covered with silty loess provides the necessary water throughout the ripening process. The subsoil is made up of ancient rocks that bring a strong minerality to the wine, as well as a lot of freshness. Thanks to this unique terroir, the estate produces great sweet wines as well as ice wines on this plot almost every year. The Oberh\u00e4user Br\u00fccke Auslese Goldkapsel is a superb soft. The nose is crystalline-pure, very complex and deep, the palate is chiseled, long, perfectly balanced, with a permanent dialogue between sweetness and minerality. Rich sweet Riesling 8.5% Vines 25-35 years old Manual harvest &#8211; yields 45hl\/ha Fermentation and ageing in stainless steel tanks.<\/p>\n","protected":false},"excerpt":{"rendered":"<p>Special vintage from the Bad Kreuznach auction on 28 September 2008. The Oberh\u00e4user Br\u00fccke is a monopoly of the D\u00f6nnhoff estate. This 1.1 hectare plot is recognized as a cru because of its unique character. It is a small vineyard located opposite the Luitpold bridge that leads to Oberh\u00e4user. The vines are perfectly protected, which [&hellip;]<\/p>\n","protected":false},"featured_media":55760,"template":"","meta":[],"product_cat":[3740],"product_tag":[],"acf":[],"yoast_head":"<!-- This site is optimized with the Yoast SEO plugin v19.3 - https:\/\/yoast.com\/wordpress\/plugins\/seo\/ -->\n<title>RIESLING OBERHAUSER BRUCKE AUSLESE GOLDKAPSEL AUKTION - Mes Vendanges<\/title>\n<meta name=\"robots\" content=\"index, follow, max-snippet:-1, max-image-preview:large, max-video-preview:-1\" \/>\n<link rel=\"canonical\" href=\"https:\/\/www.mesvendanges.com\/en\/shop\/wines\/riesling-oberhauser-brucke-auslese-goldkapsel-auktion-donnhoff-2007-75cl\/\" \/>\n<meta property=\"og:locale\" content=\"en_US\" \/>\n<meta property=\"og:type\" content=\"article\" \/>\n<meta property=\"og:title\" content=\"RIESLING OBERHAUSER BRUCKE AUSLESE GOLDKAPSEL AUKTION - Mes Vendanges\" \/>\n<meta property=\"og:description\" content=\"Special vintage from the Bad Kreuznach auction on 28 September 2008. The Oberh\u00e4user Br\u00fccke is a monopoly of the D\u00f6nnhoff estate. This 1.1 hectare plot is recognized as a cru because of its unique character. It is a small vineyard located opposite the Luitpold bridge that leads to Oberh\u00e4user. The vines are perfectly protected, which [&hellip;]\" \/>\n<meta property=\"og:url\" content=\"https:\/\/www.mesvendanges.com\/en\/shop\/wines\/riesling-oberhauser-brucke-auslese-goldkapsel-auktion-donnhoff-2007-75cl\/\" \/>\n<meta property=\"og:site_name\" content=\"Mes Vendanges\" \/>\n<meta property=\"article:modified_time\" content=\"2023-12-05T15:28:32+00:00\" \/>\n<meta property=\"og:image\" content=\"https:\/\/www.mesvendanges.com\/wp-content\/uploads\/2022\/08\/donnhoff-riesling-oberhauser-brucke-auslese-auktion-nahe-2007-75cl-moelleux-png.png\" \/>\n\t<meta property=\"og:image:width\" content=\"333\" \/>\n\t<meta property=\"og:image:height\" content=\"1500\" \/>\n\t<meta property=\"og:image:type\" content=\"image\/png\" \/>\n<meta name=\"twitter:card\" content=\"summary_large_image\" \/>\n<meta name=\"twitter:label1\" content=\"Est. reading time\" \/>\n\t<meta name=\"twitter:data1\" content=\"1 minute\" \/>\n<script type=\"application\/ld+json\" class=\"yoast-schema-graph\">{\"@context\":\"https:\/\/schema.org\",\"@graph\":[{\"@type\":\"Organization\",\"@id\":\"https:\/\/www.mesvendanges.com\/en\/#organization\",\"name\":\"Mes Vendanges\",\"url\":\"https:\/\/www.mesvendanges.com\/en\/\",\"sameAs\":[],\"logo\":{\"@type\":\"ImageObject\",\"inLanguage\":\"fr-FR\",\"@id\":\"https:\/\/www.mesvendanges.com\/en\/#\/schema\/logo\/image\/\",\"url\":\"https:\/\/www.mesvendanges.com\/wp-content\/uploads\/2022\/02\/logo-mesvendanges.jpg\",\"contentUrl\":\"https:\/\/www.mesvendanges.com\/wp-content\/uploads\/2022\/02\/logo-mesvendanges.jpg\",\"width\":851,\"height\":260,\"caption\":\"Mes Vendanges\"},\"image\":{\"@id\":\"https:\/\/www.mesvendanges.com\/en\/#\/schema\/logo\/image\/\"}},{\"@type\":\"WebSite\",\"@id\":\"https:\/\/www.mesvendanges.com\/en\/#website\",\"url\":\"https:\/\/www.mesvendanges.com\/en\/\",\"name\":\"Mes Vendanges\",\"description\":\"Des journ\u00e9es enti\u00e8res dans les vignes\",\"publisher\":{\"@id\":\"https:\/\/www.mesvendanges.com\/en\/#organization\"},\"potentialAction\":[{\"@type\":\"SearchAction\",\"target\":{\"@type\":\"EntryPoint\",\"urlTemplate\":\"https:\/\/www.mesvendanges.com\/en\/?s={search_term_string}\"},\"query-input\":\"required name=search_term_string\"}],\"inLanguage\":\"fr-FR\"},{\"@type\":\"ImageObject\",\"inLanguage\":\"fr-FR\",\"@id\":\"https:\/\/www.mesvendanges.com\/en\/shop\/wines\/riesling-oberhauser-brucke-auslese-goldkapsel-auktion-donnhoff-2007-75cl\/#primaryimage\",\"url\":\"https:\/\/www.mesvendanges.com\/wp-content\/uploads\/2022\/08\/donnhoff-riesling-oberhauser-brucke-auslese-auktion-nahe-2007-75cl-moelleux-png.png\",\"contentUrl\":\"https:\/\/www.mesvendanges.com\/wp-content\/uploads\/2022\/08\/donnhoff-riesling-oberhauser-brucke-auslese-auktion-nahe-2007-75cl-moelleux-png.png\",\"width\":333,\"height\":1500},{\"@type\":\"WebPage\",\"@id\":\"https:\/\/www.mesvendanges.com\/en\/shop\/wines\/riesling-oberhauser-brucke-auslese-goldkapsel-auktion-donnhoff-2007-75cl\/\",\"url\":\"https:\/\/www.mesvendanges.com\/en\/shop\/wines\/riesling-oberhauser-brucke-auslese-goldkapsel-auktion-donnhoff-2007-75cl\/\",\"name\":\"RIESLING OBERHAUSER BRUCKE AUSLESE GOLDKAPSEL AUKTION - Mes Vendanges\",\"isPartOf\":{\"@id\":\"https:\/\/www.mesvendanges.com\/en\/#website\"},\"primaryImageOfPage\":{\"@id\":\"https:\/\/www.mesvendanges.com\/en\/shop\/wines\/riesling-oberhauser-brucke-auslese-goldkapsel-auktion-donnhoff-2007-75cl\/#primaryimage\"},\"datePublished\":\"2022-08-31T15:23:13+00:00\",\"dateModified\":\"2023-12-05T15:28:32+00:00\",\"breadcrumb\":{\"@id\":\"https:\/\/www.mesvendanges.com\/en\/shop\/wines\/riesling-oberhauser-brucke-auslese-goldkapsel-auktion-donnhoff-2007-75cl\/#breadcrumb\"},\"inLanguage\":\"fr-FR\",\"potentialAction\":[{\"@type\":\"ReadAction\",\"target\":[\"https:\/\/www.mesvendanges.com\/en\/shop\/wines\/riesling-oberhauser-brucke-auslese-goldkapsel-auktion-donnhoff-2007-75cl\/\"]}]},{\"@type\":\"BreadcrumbList\",\"@id\":\"https:\/\/www.mesvendanges.com\/en\/shop\/wines\/riesling-oberhauser-brucke-auslese-goldkapsel-auktion-donnhoff-2007-75cl\/#breadcrumb\",\"itemListElement\":[{\"@type\":\"ListItem\",\"position\":1,\"name\":\"Home\",\"item\":\"https:\/\/www.mesvendanges.com\/en\/\"},{\"@type\":\"ListItem\",\"position\":2,\"name\":\"Shop\",\"item\":\"https:\/\/www.mesvendanges.com\/en\/shop\/\"},{\"@type\":\"ListItem\",\"position\":3,\"name\":\"RIESLING OBERHAUSER BRUCKE AUSLESE GOLDKAPSEL AUKTION\"}]}]}<\/script>\n<!-- \/ Yoast SEO plugin. -->","yoast_head_json":{"title":"RIESLING OBERHAUSER BRUCKE AUSLESE GOLDKAPSEL AUKTION - Mes Vendanges","robots":{"index":"index","follow":"follow","max-snippet":"max-snippet:-1","max-image-preview":"max-image-preview:large","max-video-preview":"max-video-preview:-1"},"canonical":"https:\/\/www.mesvendanges.com\/en\/shop\/wines\/riesling-oberhauser-brucke-auslese-goldkapsel-auktion-donnhoff-2007-75cl\/","og_locale":"en_US","og_type":"article","og_title":"RIESLING OBERHAUSER BRUCKE AUSLESE GOLDKAPSEL AUKTION - Mes Vendanges","og_description":"Special vintage from the Bad Kreuznach auction on 28 September 2008. The Oberh\u00e4user Br\u00fccke is a monopoly of the D\u00f6nnhoff estate. This 1.1 hectare plot is recognized as a cru because of its unique character. It is a small vineyard located opposite the Luitpold bridge that leads to Oberh\u00e4user. The vines are perfectly protected, which [&hellip;]","og_url":"https:\/\/www.mesvendanges.com\/en\/shop\/wines\/riesling-oberhauser-brucke-auslese-goldkapsel-auktion-donnhoff-2007-75cl\/","og_site_name":"Mes Vendanges","article_modified_time":"2023-12-05T15:28:32+00:00","og_image":[{"width":333,"height":1500,"url":"https:\/\/www.mesvendanges.com\/wp-content\/uploads\/2022\/08\/donnhoff-riesling-oberhauser-brucke-auslese-auktion-nahe-2007-75cl-moelleux-png.png","type":"image\/png"}],"twitter_card":"summary_large_image","twitter_misc":{"Est. reading time":"1 minute"},"schema":{"@context":"https:\/\/schema.org","@graph":[{"@type":"Organization","@id":"https:\/\/www.mesvendanges.com\/en\/#organization","name":"Mes Vendanges","url":"https:\/\/www.mesvendanges.com\/en\/","sameAs":[],"logo":{"@type":"ImageObject","inLanguage":"fr-FR","@id":"https:\/\/www.mesvendanges.com\/en\/#\/schema\/logo\/image\/","url":"https:\/\/www.mesvendanges.com\/wp-content\/uploads\/2022\/02\/logo-mesvendanges.jpg","contentUrl":"https:\/\/www.mesvendanges.com\/wp-content\/uploads\/2022\/02\/logo-mesvendanges.jpg","width":851,"height":260,"caption":"Mes Vendanges"},"image":{"@id":"https:\/\/www.mesvendanges.com\/en\/#\/schema\/logo\/image\/"}},{"@type":"WebSite","@id":"https:\/\/www.mesvendanges.com\/en\/#website","url":"https:\/\/www.mesvendanges.com\/en\/","name":"Mes Vendanges","description":"Des journ\u00e9es enti\u00e8res dans les vignes","publisher":{"@id":"https:\/\/www.mesvendanges.com\/en\/#organization"},"potentialAction":[{"@type":"SearchAction","target":{"@type":"EntryPoint","urlTemplate":"https:\/\/www.mesvendanges.com\/en\/?s={search_term_string}"},"query-input":"required name=search_term_string"}],"inLanguage":"fr-FR"},{"@type":"ImageObject","inLanguage":"fr-FR","@id":"https:\/\/www.mesvendanges.com\/en\/shop\/wines\/riesling-oberhauser-brucke-auslese-goldkapsel-auktion-donnhoff-2007-75cl\/#primaryimage","url":"https:\/\/www.mesvendanges.com\/wp-content\/uploads\/2022\/08\/donnhoff-riesling-oberhauser-brucke-auslese-auktion-nahe-2007-75cl-moelleux-png.png","contentUrl":"https:\/\/www.mesvendanges.com\/wp-content\/uploads\/2022\/08\/donnhoff-riesling-oberhauser-brucke-auslese-auktion-nahe-2007-75cl-moelleux-png.png","width":333,"height":1500},{"@type":"WebPage","@id":"https:\/\/www.mesvendanges.com\/en\/shop\/wines\/riesling-oberhauser-brucke-auslese-goldkapsel-auktion-donnhoff-2007-75cl\/","url":"https:\/\/www.mesvendanges.com\/en\/shop\/wines\/riesling-oberhauser-brucke-auslese-goldkapsel-auktion-donnhoff-2007-75cl\/","name":"RIESLING OBERHAUSER BRUCKE AUSLESE GOLDKAPSEL AUKTION - Mes Vendanges","isPartOf":{"@id":"https:\/\/www.mesvendanges.com\/en\/#website"},"primaryImageOfPage":{"@id":"https:\/\/www.mesvendanges.com\/en\/shop\/wines\/riesling-oberhauser-brucke-auslese-goldkapsel-auktion-donnhoff-2007-75cl\/#primaryimage"},"datePublished":"2022-08-31T15:23:13+00:00","dateModified":"2023-12-05T15:28:32+00:00","breadcrumb":{"@id":"https:\/\/www.mesvendanges.com\/en\/shop\/wines\/riesling-oberhauser-brucke-auslese-goldkapsel-auktion-donnhoff-2007-75cl\/#breadcrumb"},"inLanguage":"fr-FR","potentialAction":[{"@type":"ReadAction","target":["https:\/\/www.mesvendanges.com\/en\/shop\/wines\/riesling-oberhauser-brucke-auslese-goldkapsel-auktion-donnhoff-2007-75cl\/"]}]},{"@type":"BreadcrumbList","@id":"https:\/\/www.mesvendanges.com\/en\/shop\/wines\/riesling-oberhauser-brucke-auslese-goldkapsel-auktion-donnhoff-2007-75cl\/#breadcrumb","itemListElement":[{"@type":"ListItem","position":1,"name":"Home","item":"https:\/\/www.mesvendanges.com\/en\/"},{"@type":"ListItem","position":2,"name":"Shop","item":"https:\/\/www.mesvendanges.com\/en\/shop\/"},{"@type":"ListItem","position":3,"name":"RIESLING OBERHAUSER BRUCKE AUSLESE GOLDKAPSEL AUKTION"}]}]}},"_links":{"self":[{"href":"https:\/\/www.mesvendanges.com\/en\/wp-json\/wp\/v2\/product\/55759"}],"collection":[{"href":"https:\/\/www.mesvendanges.com\/en\/wp-json\/wp\/v2\/product"}],"about":[{"href":"https:\/\/www.mesvendanges.com\/en\/wp-json\/wp\/v2\/types\/product"}],"wp:featuredmedia":[{"embeddable":true,"href":"https:\/\/www.mesvendanges.com\/en\/wp-json\/wp\/v2\/media\/55760"}],"wp:attachment":[{"href":"https:\/\/www.mesvendanges.com\/en\/wp-json\/wp\/v2\/media?parent=55759"}],"wp:term":[{"taxonomy":"product_cat","embeddable":true,"href":"https:\/\/www.mesvendanges.com\/en\/wp-json\/wp\/v2\/product_cat?post=55759"},{"taxonomy":"product_tag","embeddable":true,"href":"https:\/\/www.mesvendanges.com\/en\/wp-json\/wp\/v2\/product_tag?post=55759"}],"curies":[{"name":"wp","href":"https:\/\/api.w.org\/{rel}","templated":true}]}}