{"id":58222,"date":"2022-09-14T15:57:20","date_gmt":"2022-09-14T13:57:20","guid":{"rendered":"https:\/\/www.mesvendanges.com\/shop\/uncategorized\/les-argiles-chidaine-dne-francois-2020-75cl\/"},"modified":"2025-12-30T09:35:13","modified_gmt":"2025-12-30T08:35:13","slug":"les-argiles-chidaine-dne-francois-2020-75cl","status":"publish","type":"product","link":"https:\/\/www.mesvendanges.com\/en\/shop\/wines\/les-argiles-chidaine-dne-francois-2020-75cl\/","title":{"rendered":"LES ARGILES"},"content":{"rendered":"<p>Les Argiles est un vin ample, avec un tr\u00e8s joli gras contrebalanc\u00e9 par une min\u00e9ralit\u00e9 et une acidit\u00e9 fine. Cela en fait un vin assez accessible dans sa jeunesse bien qu&#8217;il \u00e9volue superbement sur une dizaine d&#8217;ann\u00e9es. Nous appr\u00e9cions beaucoup sa finale marqu\u00e9e par de belles notes d&#8217;agr\u00fbmes !<br \/>\nEn 2015, le syndicat viticole a refus\u00e9 d&#8217;accorder l&#8217;appellation aux vouvrays de Fran\u00e7ois Chidaine car il les a vinifi\u00e9 sur Montlouis, ils sont donc en &#8220;Vin de France&#8221;<br \/>\ndensit\u00e9 : 6600 ceps\/hectare<br \/>\n\u00e2ge des vignes : 70 ans<br \/>\nsols : compos\u00e9s d&#8217;argiles profondes et de craies blanches uniquement de nature argilocalcaire . Sous sol constitu\u00e9 de tuffeau, craie qui reste \u00e0 port\u00e9e des racines. La vigne est conduite en taille guyot , vendanges avec tris successifs, rendements aux alentours de 40hecto\/hectare<br \/>\nPressurage pneumatique de la vendange, fermentation sur levures indig\u00e8nes en demi-muids (f\u00fbts de 600 litres). Pas de fermentation malolactique. <\/p>\n","protected":false},"excerpt":{"rendered":"<p>Les Argiles est un vin ample, avec un tr\u00e8s joli gras contrebalanc\u00e9 par une min\u00e9ralit\u00e9 et une acidit\u00e9 fine. Cela en fait un vin assez accessible dans sa jeunesse bien qu&#8217;il \u00e9volue superbement sur une dizaine d&#8217;ann\u00e9es. Nous appr\u00e9cions beaucoup sa finale marqu\u00e9e par de belles notes d&#8217;agr\u00fbmes ! En 2015, le syndicat viticole a [&hellip;]<\/p>\n","protected":false},"featured_media":86706,"template":"","meta":[],"product_cat":[3740],"product_tag":[],"acf":[],"yoast_head":"<!-- This site is optimized with the Yoast SEO plugin v19.3 - https:\/\/yoast.com\/wordpress\/plugins\/seo\/ -->\n<title>LES ARGILES - Mes Vendanges<\/title>\n<meta name=\"robots\" content=\"index, follow, max-snippet:-1, max-image-preview:large, max-video-preview:-1\" \/>\n<link rel=\"canonical\" href=\"https:\/\/www.mesvendanges.com\/en\/shop\/wines\/les-argiles-chidaine-dne-francois-2020-75cl\/\" \/>\n<meta property=\"og:locale\" content=\"en_US\" \/>\n<meta property=\"og:type\" content=\"article\" \/>\n<meta property=\"og:title\" content=\"LES ARGILES - Mes Vendanges\" \/>\n<meta property=\"og:description\" content=\"Les Argiles est un vin ample, avec un tr\u00e8s joli gras contrebalanc\u00e9 par une min\u00e9ralit\u00e9 et une acidit\u00e9 fine. Cela en fait un vin assez accessible dans sa jeunesse bien qu&#8217;il \u00e9volue superbement sur une dizaine d&#8217;ann\u00e9es. Nous appr\u00e9cions beaucoup sa finale marqu\u00e9e par de belles notes d&#8217;agr\u00fbmes ! En 2015, le syndicat viticole a [&hellip;]\" \/>\n<meta property=\"og:url\" content=\"https:\/\/www.mesvendanges.com\/en\/shop\/wines\/les-argiles-chidaine-dne-francois-2020-75cl\/\" \/>\n<meta property=\"og:site_name\" content=\"Mes Vendanges\" \/>\n<meta property=\"article:modified_time\" content=\"2025-12-30T08:35:13+00:00\" \/>\n<meta property=\"og:image\" content=\"https:\/\/www.mesvendanges.com\/wp-content\/uploads\/2025\/05\/chidaine-dne-francois-les-argiles-vin-de-france-2020-75cl-blanc-png.png\" \/>\n\t<meta property=\"og:image:width\" content=\"406\" \/>\n\t<meta property=\"og:image:height\" content=\"1500\" \/>\n\t<meta property=\"og:image:type\" content=\"image\/png\" \/>\n<meta name=\"twitter:card\" content=\"summary_large_image\" \/>\n<meta name=\"twitter:label1\" content=\"Est. reading time\" \/>\n\t<meta name=\"twitter:data1\" content=\"1 minute\" \/>\n<script type=\"application\/ld+json\" class=\"yoast-schema-graph\">{\"@context\":\"https:\/\/schema.org\",\"@graph\":[{\"@type\":\"Organization\",\"@id\":\"https:\/\/www.mesvendanges.com\/en\/#organization\",\"name\":\"Mes Vendanges\",\"url\":\"https:\/\/www.mesvendanges.com\/en\/\",\"sameAs\":[],\"logo\":{\"@type\":\"ImageObject\",\"inLanguage\":\"fr-FR\",\"@id\":\"https:\/\/www.mesvendanges.com\/en\/#\/schema\/logo\/image\/\",\"url\":\"https:\/\/www.mesvendanges.com\/wp-content\/uploads\/2022\/02\/logo-mesvendanges.jpg\",\"contentUrl\":\"https:\/\/www.mesvendanges.com\/wp-content\/uploads\/2022\/02\/logo-mesvendanges.jpg\",\"width\":851,\"height\":260,\"caption\":\"Mes Vendanges\"},\"image\":{\"@id\":\"https:\/\/www.mesvendanges.com\/en\/#\/schema\/logo\/image\/\"}},{\"@type\":\"WebSite\",\"@id\":\"https:\/\/www.mesvendanges.com\/en\/#website\",\"url\":\"https:\/\/www.mesvendanges.com\/en\/\",\"name\":\"Mes Vendanges\",\"description\":\"Des journ\u00e9es enti\u00e8res dans les vignes\",\"publisher\":{\"@id\":\"https:\/\/www.mesvendanges.com\/en\/#organization\"},\"potentialAction\":[{\"@type\":\"SearchAction\",\"target\":{\"@type\":\"EntryPoint\",\"urlTemplate\":\"https:\/\/www.mesvendanges.com\/en\/?s={search_term_string}\"},\"query-input\":\"required name=search_term_string\"}],\"inLanguage\":\"fr-FR\"},{\"@type\":\"ImageObject\",\"inLanguage\":\"fr-FR\",\"@id\":\"https:\/\/www.mesvendanges.com\/en\/shop\/wines\/les-argiles-chidaine-dne-francois-2020-75cl\/#primaryimage\",\"url\":\"https:\/\/www.mesvendanges.com\/wp-content\/uploads\/2025\/05\/chidaine-dne-francois-les-argiles-vin-de-france-2020-75cl-blanc-png.png\",\"contentUrl\":\"https:\/\/www.mesvendanges.com\/wp-content\/uploads\/2025\/05\/chidaine-dne-francois-les-argiles-vin-de-france-2020-75cl-blanc-png.png\",\"width\":406,\"height\":1500},{\"@type\":\"WebPage\",\"@id\":\"https:\/\/www.mesvendanges.com\/en\/shop\/wines\/les-argiles-chidaine-dne-francois-2020-75cl\/\",\"url\":\"https:\/\/www.mesvendanges.com\/en\/shop\/wines\/les-argiles-chidaine-dne-francois-2020-75cl\/\",\"name\":\"LES ARGILES - Mes Vendanges\",\"isPartOf\":{\"@id\":\"https:\/\/www.mesvendanges.com\/en\/#website\"},\"primaryImageOfPage\":{\"@id\":\"https:\/\/www.mesvendanges.com\/en\/shop\/wines\/les-argiles-chidaine-dne-francois-2020-75cl\/#primaryimage\"},\"datePublished\":\"2022-09-14T13:57:20+00:00\",\"dateModified\":\"2025-12-30T08:35:13+00:00\",\"breadcrumb\":{\"@id\":\"https:\/\/www.mesvendanges.com\/en\/shop\/wines\/les-argiles-chidaine-dne-francois-2020-75cl\/#breadcrumb\"},\"inLanguage\":\"fr-FR\",\"potentialAction\":[{\"@type\":\"ReadAction\",\"target\":[\"https:\/\/www.mesvendanges.com\/en\/shop\/wines\/les-argiles-chidaine-dne-francois-2020-75cl\/\"]}]},{\"@type\":\"BreadcrumbList\",\"@id\":\"https:\/\/www.mesvendanges.com\/en\/shop\/wines\/les-argiles-chidaine-dne-francois-2020-75cl\/#breadcrumb\",\"itemListElement\":[{\"@type\":\"ListItem\",\"position\":1,\"name\":\"Home\",\"item\":\"https:\/\/www.mesvendanges.com\/en\/\"},{\"@type\":\"ListItem\",\"position\":2,\"name\":\"Shop\",\"item\":\"https:\/\/www.mesvendanges.com\/en\/shop\/\"},{\"@type\":\"ListItem\",\"position\":3,\"name\":\"LES ARGILES\"}]}]}<\/script>\n<!-- \/ Yoast SEO plugin. -->","yoast_head_json":{"title":"LES ARGILES - Mes Vendanges","robots":{"index":"index","follow":"follow","max-snippet":"max-snippet:-1","max-image-preview":"max-image-preview:large","max-video-preview":"max-video-preview:-1"},"canonical":"https:\/\/www.mesvendanges.com\/en\/shop\/wines\/les-argiles-chidaine-dne-francois-2020-75cl\/","og_locale":"en_US","og_type":"article","og_title":"LES ARGILES - Mes Vendanges","og_description":"Les Argiles est un vin ample, avec un tr\u00e8s joli gras contrebalanc\u00e9 par une min\u00e9ralit\u00e9 et une acidit\u00e9 fine. Cela en fait un vin assez accessible dans sa jeunesse bien qu&#8217;il \u00e9volue superbement sur une dizaine d&#8217;ann\u00e9es. Nous appr\u00e9cions beaucoup sa finale marqu\u00e9e par de belles notes d&#8217;agr\u00fbmes ! En 2015, le syndicat viticole a [&hellip;]","og_url":"https:\/\/www.mesvendanges.com\/en\/shop\/wines\/les-argiles-chidaine-dne-francois-2020-75cl\/","og_site_name":"Mes Vendanges","article_modified_time":"2025-12-30T08:35:13+00:00","og_image":[{"width":406,"height":1500,"url":"https:\/\/www.mesvendanges.com\/wp-content\/uploads\/2025\/05\/chidaine-dne-francois-les-argiles-vin-de-france-2020-75cl-blanc-png.png","type":"image\/png"}],"twitter_card":"summary_large_image","twitter_misc":{"Est. reading time":"1 minute"},"schema":{"@context":"https:\/\/schema.org","@graph":[{"@type":"Organization","@id":"https:\/\/www.mesvendanges.com\/en\/#organization","name":"Mes Vendanges","url":"https:\/\/www.mesvendanges.com\/en\/","sameAs":[],"logo":{"@type":"ImageObject","inLanguage":"fr-FR","@id":"https:\/\/www.mesvendanges.com\/en\/#\/schema\/logo\/image\/","url":"https:\/\/www.mesvendanges.com\/wp-content\/uploads\/2022\/02\/logo-mesvendanges.jpg","contentUrl":"https:\/\/www.mesvendanges.com\/wp-content\/uploads\/2022\/02\/logo-mesvendanges.jpg","width":851,"height":260,"caption":"Mes Vendanges"},"image":{"@id":"https:\/\/www.mesvendanges.com\/en\/#\/schema\/logo\/image\/"}},{"@type":"WebSite","@id":"https:\/\/www.mesvendanges.com\/en\/#website","url":"https:\/\/www.mesvendanges.com\/en\/","name":"Mes Vendanges","description":"Des journ\u00e9es enti\u00e8res dans les vignes","publisher":{"@id":"https:\/\/www.mesvendanges.com\/en\/#organization"},"potentialAction":[{"@type":"SearchAction","target":{"@type":"EntryPoint","urlTemplate":"https:\/\/www.mesvendanges.com\/en\/?s={search_term_string}"},"query-input":"required name=search_term_string"}],"inLanguage":"fr-FR"},{"@type":"ImageObject","inLanguage":"fr-FR","@id":"https:\/\/www.mesvendanges.com\/en\/shop\/wines\/les-argiles-chidaine-dne-francois-2020-75cl\/#primaryimage","url":"https:\/\/www.mesvendanges.com\/wp-content\/uploads\/2025\/05\/chidaine-dne-francois-les-argiles-vin-de-france-2020-75cl-blanc-png.png","contentUrl":"https:\/\/www.mesvendanges.com\/wp-content\/uploads\/2025\/05\/chidaine-dne-francois-les-argiles-vin-de-france-2020-75cl-blanc-png.png","width":406,"height":1500},{"@type":"WebPage","@id":"https:\/\/www.mesvendanges.com\/en\/shop\/wines\/les-argiles-chidaine-dne-francois-2020-75cl\/","url":"https:\/\/www.mesvendanges.com\/en\/shop\/wines\/les-argiles-chidaine-dne-francois-2020-75cl\/","name":"LES ARGILES - Mes Vendanges","isPartOf":{"@id":"https:\/\/www.mesvendanges.com\/en\/#website"},"primaryImageOfPage":{"@id":"https:\/\/www.mesvendanges.com\/en\/shop\/wines\/les-argiles-chidaine-dne-francois-2020-75cl\/#primaryimage"},"datePublished":"2022-09-14T13:57:20+00:00","dateModified":"2025-12-30T08:35:13+00:00","breadcrumb":{"@id":"https:\/\/www.mesvendanges.com\/en\/shop\/wines\/les-argiles-chidaine-dne-francois-2020-75cl\/#breadcrumb"},"inLanguage":"fr-FR","potentialAction":[{"@type":"ReadAction","target":["https:\/\/www.mesvendanges.com\/en\/shop\/wines\/les-argiles-chidaine-dne-francois-2020-75cl\/"]}]},{"@type":"BreadcrumbList","@id":"https:\/\/www.mesvendanges.com\/en\/shop\/wines\/les-argiles-chidaine-dne-francois-2020-75cl\/#breadcrumb","itemListElement":[{"@type":"ListItem","position":1,"name":"Home","item":"https:\/\/www.mesvendanges.com\/en\/"},{"@type":"ListItem","position":2,"name":"Shop","item":"https:\/\/www.mesvendanges.com\/en\/shop\/"},{"@type":"ListItem","position":3,"name":"LES ARGILES"}]}]}},"_links":{"self":[{"href":"https:\/\/www.mesvendanges.com\/en\/wp-json\/wp\/v2\/product\/58222"}],"collection":[{"href":"https:\/\/www.mesvendanges.com\/en\/wp-json\/wp\/v2\/product"}],"about":[{"href":"https:\/\/www.mesvendanges.com\/en\/wp-json\/wp\/v2\/types\/product"}],"wp:featuredmedia":[{"embeddable":true,"href":"https:\/\/www.mesvendanges.com\/en\/wp-json\/wp\/v2\/media\/86706"}],"wp:attachment":[{"href":"https:\/\/www.mesvendanges.com\/en\/wp-json\/wp\/v2\/media?parent=58222"}],"wp:term":[{"taxonomy":"product_cat","embeddable":true,"href":"https:\/\/www.mesvendanges.com\/en\/wp-json\/wp\/v2\/product_cat?post=58222"},{"taxonomy":"product_tag","embeddable":true,"href":"https:\/\/www.mesvendanges.com\/en\/wp-json\/wp\/v2\/product_tag?post=58222"}],"curies":[{"name":"wp","href":"https:\/\/api.w.org\/{rel}","templated":true}]}}