{"id":58272,"date":"2022-09-14T16:40:33","date_gmt":"2022-09-14T14:40:33","guid":{"rendered":"https:\/\/www.mesvendanges.com\/shop\/uncategorized\/la-haie-nardin-clos-de-lecotard-2020-75cl\/"},"modified":"2026-02-25T15:09:23","modified_gmt":"2026-02-25T14:09:23","slug":"la-haie-nardin-clos-de-lecotard-2020-75cl","status":"publish","type":"product","link":"https:\/\/www.mesvendanges.com\/en\/shop\/wines\/la-haie-nardin-clos-de-lecotard-2020-75cl\/","title":{"rendered":"LA HAIE NARDIN"},"content":{"rendered":"<p>La Haie Nardin est la porte d&#8217;entr\u00e9e du Clos de l&#8217;Ecotard, un vin issu de vignes de 50 ans sur sol argilo-sableux. C&#8217;est un vin qui est \u00e0 la fois expressif, gourmand, avec un fruit lumineux, mais aussi bien repr\u00e9sentatif du domaine avec son bel \u00e9quilibre en bouche, sa finale sapide. Une vraie r\u00e9ussite ! Un vin que l&#8217;on peut appr\u00e9cier d\u00e8s \u00e0 pr\u00e9sent et qui \u00e9voluera avec bonheur sur une dizaine d&#8217;ann\u00e9es.<\/p>\n","protected":false},"excerpt":{"rendered":"<p>La Haie Nardin est la porte d&#8217;entr\u00e9e du Clos de l&#8217;Ecotard, un vin issu de vignes de 50 ans sur sol argilo-sableux. C&#8217;est un vin qui est \u00e0 la fois expressif, gourmand, avec un fruit lumineux, mais aussi bien repr\u00e9sentatif du domaine avec son bel \u00e9quilibre en bouche, sa finale sapide. Une vraie r\u00e9ussite ! [&hellip;]<\/p>\n","protected":false},"featured_media":58818,"template":"","meta":[],"product_cat":[3740],"product_tag":[],"acf":[],"yoast_head":"<!-- This site is optimized with the Yoast SEO plugin v19.3 - https:\/\/yoast.com\/wordpress\/plugins\/seo\/ -->\n<title>LA HAIE NARDIN - Mes Vendanges<\/title>\n<meta name=\"robots\" content=\"index, follow, max-snippet:-1, max-image-preview:large, max-video-preview:-1\" \/>\n<link rel=\"canonical\" href=\"https:\/\/www.mesvendanges.com\/en\/shop\/wines\/la-haie-nardin-clos-de-lecotard-2020-75cl\/\" \/>\n<meta property=\"og:locale\" content=\"en_US\" \/>\n<meta property=\"og:type\" content=\"article\" \/>\n<meta property=\"og:title\" content=\"LA HAIE NARDIN - Mes Vendanges\" \/>\n<meta property=\"og:description\" content=\"La Haie Nardin est la porte d&#8217;entr\u00e9e du Clos de l&#8217;Ecotard, un vin issu de vignes de 50 ans sur sol argilo-sableux. C&#8217;est un vin qui est \u00e0 la fois expressif, gourmand, avec un fruit lumineux, mais aussi bien repr\u00e9sentatif du domaine avec son bel \u00e9quilibre en bouche, sa finale sapide. Une vraie r\u00e9ussite ! [&hellip;]\" \/>\n<meta property=\"og:url\" content=\"https:\/\/www.mesvendanges.com\/en\/shop\/wines\/la-haie-nardin-clos-de-lecotard-2020-75cl\/\" \/>\n<meta property=\"og:site_name\" content=\"Mes Vendanges\" \/>\n<meta property=\"article:modified_time\" content=\"2026-02-25T14:09:23+00:00\" \/>\n<meta property=\"og:image\" content=\"https:\/\/www.mesvendanges.com\/wp-content\/uploads\/2022\/10\/clos-de-lecotard-la-haie-nardin-saumur-2020-75cl-blanc-png.png\" \/>\n\t<meta property=\"og:image:width\" content=\"406\" \/>\n\t<meta property=\"og:image:height\" content=\"1500\" \/>\n\t<meta property=\"og:image:type\" content=\"image\/png\" \/>\n<meta name=\"twitter:card\" content=\"summary_large_image\" \/>\n<script type=\"application\/ld+json\" class=\"yoast-schema-graph\">{\"@context\":\"https:\/\/schema.org\",\"@graph\":[{\"@type\":\"Organization\",\"@id\":\"https:\/\/www.mesvendanges.com\/en\/#organization\",\"name\":\"Mes Vendanges\",\"url\":\"https:\/\/www.mesvendanges.com\/en\/\",\"sameAs\":[],\"logo\":{\"@type\":\"ImageObject\",\"inLanguage\":\"fr-FR\",\"@id\":\"https:\/\/www.mesvendanges.com\/en\/#\/schema\/logo\/image\/\",\"url\":\"https:\/\/www.mesvendanges.com\/wp-content\/uploads\/2022\/02\/logo-mesvendanges.jpg\",\"contentUrl\":\"https:\/\/www.mesvendanges.com\/wp-content\/uploads\/2022\/02\/logo-mesvendanges.jpg\",\"width\":851,\"height\":260,\"caption\":\"Mes Vendanges\"},\"image\":{\"@id\":\"https:\/\/www.mesvendanges.com\/en\/#\/schema\/logo\/image\/\"}},{\"@type\":\"WebSite\",\"@id\":\"https:\/\/www.mesvendanges.com\/en\/#website\",\"url\":\"https:\/\/www.mesvendanges.com\/en\/\",\"name\":\"Mes Vendanges\",\"description\":\"Des journ\u00e9es enti\u00e8res dans les vignes\",\"publisher\":{\"@id\":\"https:\/\/www.mesvendanges.com\/en\/#organization\"},\"potentialAction\":[{\"@type\":\"SearchAction\",\"target\":{\"@type\":\"EntryPoint\",\"urlTemplate\":\"https:\/\/www.mesvendanges.com\/en\/?s={search_term_string}\"},\"query-input\":\"required name=search_term_string\"}],\"inLanguage\":\"fr-FR\"},{\"@type\":\"ImageObject\",\"inLanguage\":\"fr-FR\",\"@id\":\"https:\/\/www.mesvendanges.com\/en\/shop\/wines\/la-haie-nardin-clos-de-lecotard-2020-75cl\/#primaryimage\",\"url\":\"https:\/\/www.mesvendanges.com\/wp-content\/uploads\/2022\/10\/clos-de-lecotard-la-haie-nardin-saumur-2020-75cl-blanc-png.png\",\"contentUrl\":\"https:\/\/www.mesvendanges.com\/wp-content\/uploads\/2022\/10\/clos-de-lecotard-la-haie-nardin-saumur-2020-75cl-blanc-png.png\",\"width\":406,\"height\":1500},{\"@type\":\"WebPage\",\"@id\":\"https:\/\/www.mesvendanges.com\/en\/shop\/wines\/la-haie-nardin-clos-de-lecotard-2020-75cl\/\",\"url\":\"https:\/\/www.mesvendanges.com\/en\/shop\/wines\/la-haie-nardin-clos-de-lecotard-2020-75cl\/\",\"name\":\"LA HAIE NARDIN - Mes Vendanges\",\"isPartOf\":{\"@id\":\"https:\/\/www.mesvendanges.com\/en\/#website\"},\"primaryImageOfPage\":{\"@id\":\"https:\/\/www.mesvendanges.com\/en\/shop\/wines\/la-haie-nardin-clos-de-lecotard-2020-75cl\/#primaryimage\"},\"datePublished\":\"2022-09-14T14:40:33+00:00\",\"dateModified\":\"2026-02-25T14:09:23+00:00\",\"breadcrumb\":{\"@id\":\"https:\/\/www.mesvendanges.com\/en\/shop\/wines\/la-haie-nardin-clos-de-lecotard-2020-75cl\/#breadcrumb\"},\"inLanguage\":\"fr-FR\",\"potentialAction\":[{\"@type\":\"ReadAction\",\"target\":[\"https:\/\/www.mesvendanges.com\/en\/shop\/wines\/la-haie-nardin-clos-de-lecotard-2020-75cl\/\"]}]},{\"@type\":\"BreadcrumbList\",\"@id\":\"https:\/\/www.mesvendanges.com\/en\/shop\/wines\/la-haie-nardin-clos-de-lecotard-2020-75cl\/#breadcrumb\",\"itemListElement\":[{\"@type\":\"ListItem\",\"position\":1,\"name\":\"Home\",\"item\":\"https:\/\/www.mesvendanges.com\/en\/\"},{\"@type\":\"ListItem\",\"position\":2,\"name\":\"Shop\",\"item\":\"https:\/\/www.mesvendanges.com\/en\/shop\/\"},{\"@type\":\"ListItem\",\"position\":3,\"name\":\"LA HAIE NARDIN\"}]}]}<\/script>\n<!-- \/ Yoast SEO plugin. -->","yoast_head_json":{"title":"LA HAIE NARDIN - Mes Vendanges","robots":{"index":"index","follow":"follow","max-snippet":"max-snippet:-1","max-image-preview":"max-image-preview:large","max-video-preview":"max-video-preview:-1"},"canonical":"https:\/\/www.mesvendanges.com\/en\/shop\/wines\/la-haie-nardin-clos-de-lecotard-2020-75cl\/","og_locale":"en_US","og_type":"article","og_title":"LA HAIE NARDIN - Mes Vendanges","og_description":"La Haie Nardin est la porte d&#8217;entr\u00e9e du Clos de l&#8217;Ecotard, un vin issu de vignes de 50 ans sur sol argilo-sableux. C&#8217;est un vin qui est \u00e0 la fois expressif, gourmand, avec un fruit lumineux, mais aussi bien repr\u00e9sentatif du domaine avec son bel \u00e9quilibre en bouche, sa finale sapide. Une vraie r\u00e9ussite ! [&hellip;]","og_url":"https:\/\/www.mesvendanges.com\/en\/shop\/wines\/la-haie-nardin-clos-de-lecotard-2020-75cl\/","og_site_name":"Mes Vendanges","article_modified_time":"2026-02-25T14:09:23+00:00","og_image":[{"width":406,"height":1500,"url":"https:\/\/www.mesvendanges.com\/wp-content\/uploads\/2022\/10\/clos-de-lecotard-la-haie-nardin-saumur-2020-75cl-blanc-png.png","type":"image\/png"}],"twitter_card":"summary_large_image","schema":{"@context":"https:\/\/schema.org","@graph":[{"@type":"Organization","@id":"https:\/\/www.mesvendanges.com\/en\/#organization","name":"Mes Vendanges","url":"https:\/\/www.mesvendanges.com\/en\/","sameAs":[],"logo":{"@type":"ImageObject","inLanguage":"fr-FR","@id":"https:\/\/www.mesvendanges.com\/en\/#\/schema\/logo\/image\/","url":"https:\/\/www.mesvendanges.com\/wp-content\/uploads\/2022\/02\/logo-mesvendanges.jpg","contentUrl":"https:\/\/www.mesvendanges.com\/wp-content\/uploads\/2022\/02\/logo-mesvendanges.jpg","width":851,"height":260,"caption":"Mes Vendanges"},"image":{"@id":"https:\/\/www.mesvendanges.com\/en\/#\/schema\/logo\/image\/"}},{"@type":"WebSite","@id":"https:\/\/www.mesvendanges.com\/en\/#website","url":"https:\/\/www.mesvendanges.com\/en\/","name":"Mes Vendanges","description":"Des journ\u00e9es enti\u00e8res dans les vignes","publisher":{"@id":"https:\/\/www.mesvendanges.com\/en\/#organization"},"potentialAction":[{"@type":"SearchAction","target":{"@type":"EntryPoint","urlTemplate":"https:\/\/www.mesvendanges.com\/en\/?s={search_term_string}"},"query-input":"required name=search_term_string"}],"inLanguage":"fr-FR"},{"@type":"ImageObject","inLanguage":"fr-FR","@id":"https:\/\/www.mesvendanges.com\/en\/shop\/wines\/la-haie-nardin-clos-de-lecotard-2020-75cl\/#primaryimage","url":"https:\/\/www.mesvendanges.com\/wp-content\/uploads\/2022\/10\/clos-de-lecotard-la-haie-nardin-saumur-2020-75cl-blanc-png.png","contentUrl":"https:\/\/www.mesvendanges.com\/wp-content\/uploads\/2022\/10\/clos-de-lecotard-la-haie-nardin-saumur-2020-75cl-blanc-png.png","width":406,"height":1500},{"@type":"WebPage","@id":"https:\/\/www.mesvendanges.com\/en\/shop\/wines\/la-haie-nardin-clos-de-lecotard-2020-75cl\/","url":"https:\/\/www.mesvendanges.com\/en\/shop\/wines\/la-haie-nardin-clos-de-lecotard-2020-75cl\/","name":"LA HAIE NARDIN - Mes Vendanges","isPartOf":{"@id":"https:\/\/www.mesvendanges.com\/en\/#website"},"primaryImageOfPage":{"@id":"https:\/\/www.mesvendanges.com\/en\/shop\/wines\/la-haie-nardin-clos-de-lecotard-2020-75cl\/#primaryimage"},"datePublished":"2022-09-14T14:40:33+00:00","dateModified":"2026-02-25T14:09:23+00:00","breadcrumb":{"@id":"https:\/\/www.mesvendanges.com\/en\/shop\/wines\/la-haie-nardin-clos-de-lecotard-2020-75cl\/#breadcrumb"},"inLanguage":"fr-FR","potentialAction":[{"@type":"ReadAction","target":["https:\/\/www.mesvendanges.com\/en\/shop\/wines\/la-haie-nardin-clos-de-lecotard-2020-75cl\/"]}]},{"@type":"BreadcrumbList","@id":"https:\/\/www.mesvendanges.com\/en\/shop\/wines\/la-haie-nardin-clos-de-lecotard-2020-75cl\/#breadcrumb","itemListElement":[{"@type":"ListItem","position":1,"name":"Home","item":"https:\/\/www.mesvendanges.com\/en\/"},{"@type":"ListItem","position":2,"name":"Shop","item":"https:\/\/www.mesvendanges.com\/en\/shop\/"},{"@type":"ListItem","position":3,"name":"LA HAIE NARDIN"}]}]}},"_links":{"self":[{"href":"https:\/\/www.mesvendanges.com\/en\/wp-json\/wp\/v2\/product\/58272"}],"collection":[{"href":"https:\/\/www.mesvendanges.com\/en\/wp-json\/wp\/v2\/product"}],"about":[{"href":"https:\/\/www.mesvendanges.com\/en\/wp-json\/wp\/v2\/types\/product"}],"wp:featuredmedia":[{"embeddable":true,"href":"https:\/\/www.mesvendanges.com\/en\/wp-json\/wp\/v2\/media\/58818"}],"wp:attachment":[{"href":"https:\/\/www.mesvendanges.com\/en\/wp-json\/wp\/v2\/media?parent=58272"}],"wp:term":[{"taxonomy":"product_cat","embeddable":true,"href":"https:\/\/www.mesvendanges.com\/en\/wp-json\/wp\/v2\/product_cat?post=58272"},{"taxonomy":"product_tag","embeddable":true,"href":"https:\/\/www.mesvendanges.com\/en\/wp-json\/wp\/v2\/product_tag?post=58272"}],"curies":[{"name":"wp","href":"https:\/\/api.w.org\/{rel}","templated":true}]}}