{"id":58429,"date":"2022-09-19T16:14:50","date_gmt":"2022-09-19T14:14:50","guid":{"rendered":"https:\/\/www.mesvendanges.com\/shop\/uncategorized\/las-vals-magnum-la-baronne-2018-150cl\/"},"modified":"2025-05-01T16:25:57","modified_gmt":"2025-05-01T14:25:57","slug":"las-vals-magnum-la-baronne-2018-150cl","status":"publish","type":"product","link":"https:\/\/www.mesvendanges.com\/en\/shop\/wines\/las-vals-magnum-la-baronne-2018-150cl\/","title":{"rendered":"LAS VALS MAGNUM"},"content":{"rendered":"<p>S\u00e9lections parcellaires de mourv\u00e8dres de coteaux. Un travail long et tr\u00e8s doux<br \/>\nde mac\u00e9ration, ou plut\u00f4t d\u2019infusion, permet d\u2019obtenir un vin profond mais d\u2019une grande fra\u00eecheur, aux tanins \u00e9tonnamment fins pour un 100% mourv\u00e8dre.<\/p>\n","protected":false},"excerpt":{"rendered":"<p>S\u00e9lections parcellaires de mourv\u00e8dres de coteaux. Un travail long et tr\u00e8s doux de mac\u00e9ration, ou plut\u00f4t d\u2019infusion, permet d\u2019obtenir un vin profond mais d\u2019une grande fra\u00eecheur, aux tanins \u00e9tonnamment fins pour un 100% mourv\u00e8dre.<\/p>\n","protected":false},"featured_media":58657,"template":"","meta":[],"product_cat":[3740],"product_tag":[],"acf":[],"yoast_head":"<!-- This site is optimized with the Yoast SEO plugin v19.3 - https:\/\/yoast.com\/wordpress\/plugins\/seo\/ -->\n<title>LAS VALS MAGNUM - Mes Vendanges<\/title>\n<meta name=\"robots\" content=\"index, follow, max-snippet:-1, max-image-preview:large, max-video-preview:-1\" \/>\n<link rel=\"canonical\" href=\"https:\/\/www.mesvendanges.com\/en\/shop\/wines\/las-vals-magnum-la-baronne-2018-150cl\/\" \/>\n<meta property=\"og:locale\" content=\"en_US\" \/>\n<meta property=\"og:type\" content=\"article\" \/>\n<meta property=\"og:title\" content=\"LAS VALS MAGNUM - Mes Vendanges\" \/>\n<meta property=\"og:description\" content=\"S\u00e9lections parcellaires de mourv\u00e8dres de coteaux. Un travail long et tr\u00e8s doux de mac\u00e9ration, ou plut\u00f4t d\u2019infusion, permet d\u2019obtenir un vin profond mais d\u2019une grande fra\u00eecheur, aux tanins \u00e9tonnamment fins pour un 100% mourv\u00e8dre.\" \/>\n<meta property=\"og:url\" content=\"https:\/\/www.mesvendanges.com\/en\/shop\/wines\/las-vals-magnum-la-baronne-2018-150cl\/\" \/>\n<meta property=\"og:site_name\" content=\"Mes Vendanges\" \/>\n<meta property=\"article:modified_time\" content=\"2025-05-01T14:25:57+00:00\" \/>\n<meta property=\"og:image\" content=\"https:\/\/www.mesvendanges.com\/wp-content\/uploads\/2022\/09\/la-baronne-las-vals-magnum-vin-de-france-2018-150cl-rouge-png.png\" \/>\n\t<meta property=\"og:image:width\" content=\"447\" \/>\n\t<meta property=\"og:image:height\" content=\"1500\" \/>\n\t<meta property=\"og:image:type\" content=\"image\/png\" \/>\n<meta name=\"twitter:card\" content=\"summary_large_image\" \/>\n<script type=\"application\/ld+json\" class=\"yoast-schema-graph\">{\"@context\":\"https:\/\/schema.org\",\"@graph\":[{\"@type\":\"Organization\",\"@id\":\"https:\/\/www.mesvendanges.com\/en\/#organization\",\"name\":\"Mes Vendanges\",\"url\":\"https:\/\/www.mesvendanges.com\/en\/\",\"sameAs\":[],\"logo\":{\"@type\":\"ImageObject\",\"inLanguage\":\"fr-FR\",\"@id\":\"https:\/\/www.mesvendanges.com\/en\/#\/schema\/logo\/image\/\",\"url\":\"https:\/\/www.mesvendanges.com\/wp-content\/uploads\/2022\/02\/logo-mesvendanges.jpg\",\"contentUrl\":\"https:\/\/www.mesvendanges.com\/wp-content\/uploads\/2022\/02\/logo-mesvendanges.jpg\",\"width\":851,\"height\":260,\"caption\":\"Mes Vendanges\"},\"image\":{\"@id\":\"https:\/\/www.mesvendanges.com\/en\/#\/schema\/logo\/image\/\"}},{\"@type\":\"WebSite\",\"@id\":\"https:\/\/www.mesvendanges.com\/en\/#website\",\"url\":\"https:\/\/www.mesvendanges.com\/en\/\",\"name\":\"Mes Vendanges\",\"description\":\"Des journ\u00e9es enti\u00e8res dans les vignes\",\"publisher\":{\"@id\":\"https:\/\/www.mesvendanges.com\/en\/#organization\"},\"potentialAction\":[{\"@type\":\"SearchAction\",\"target\":{\"@type\":\"EntryPoint\",\"urlTemplate\":\"https:\/\/www.mesvendanges.com\/en\/?s={search_term_string}\"},\"query-input\":\"required name=search_term_string\"}],\"inLanguage\":\"fr-FR\"},{\"@type\":\"ImageObject\",\"inLanguage\":\"fr-FR\",\"@id\":\"https:\/\/www.mesvendanges.com\/en\/shop\/wines\/las-vals-magnum-la-baronne-2018-150cl\/#primaryimage\",\"url\":\"https:\/\/www.mesvendanges.com\/wp-content\/uploads\/2022\/09\/la-baronne-las-vals-magnum-vin-de-france-2018-150cl-rouge-png.png\",\"contentUrl\":\"https:\/\/www.mesvendanges.com\/wp-content\/uploads\/2022\/09\/la-baronne-las-vals-magnum-vin-de-france-2018-150cl-rouge-png.png\",\"width\":447,\"height\":1500},{\"@type\":\"WebPage\",\"@id\":\"https:\/\/www.mesvendanges.com\/en\/shop\/wines\/las-vals-magnum-la-baronne-2018-150cl\/\",\"url\":\"https:\/\/www.mesvendanges.com\/en\/shop\/wines\/las-vals-magnum-la-baronne-2018-150cl\/\",\"name\":\"LAS VALS MAGNUM - Mes Vendanges\",\"isPartOf\":{\"@id\":\"https:\/\/www.mesvendanges.com\/en\/#website\"},\"primaryImageOfPage\":{\"@id\":\"https:\/\/www.mesvendanges.com\/en\/shop\/wines\/las-vals-magnum-la-baronne-2018-150cl\/#primaryimage\"},\"datePublished\":\"2022-09-19T14:14:50+00:00\",\"dateModified\":\"2025-05-01T14:25:57+00:00\",\"breadcrumb\":{\"@id\":\"https:\/\/www.mesvendanges.com\/en\/shop\/wines\/las-vals-magnum-la-baronne-2018-150cl\/#breadcrumb\"},\"inLanguage\":\"fr-FR\",\"potentialAction\":[{\"@type\":\"ReadAction\",\"target\":[\"https:\/\/www.mesvendanges.com\/en\/shop\/wines\/las-vals-magnum-la-baronne-2018-150cl\/\"]}]},{\"@type\":\"BreadcrumbList\",\"@id\":\"https:\/\/www.mesvendanges.com\/en\/shop\/wines\/las-vals-magnum-la-baronne-2018-150cl\/#breadcrumb\",\"itemListElement\":[{\"@type\":\"ListItem\",\"position\":1,\"name\":\"Home\",\"item\":\"https:\/\/www.mesvendanges.com\/en\/\"},{\"@type\":\"ListItem\",\"position\":2,\"name\":\"Shop\",\"item\":\"https:\/\/www.mesvendanges.com\/en\/shop\/\"},{\"@type\":\"ListItem\",\"position\":3,\"name\":\"LAS VALS MAGNUM\"}]}]}<\/script>\n<!-- \/ Yoast SEO plugin. -->","yoast_head_json":{"title":"LAS VALS MAGNUM - Mes Vendanges","robots":{"index":"index","follow":"follow","max-snippet":"max-snippet:-1","max-image-preview":"max-image-preview:large","max-video-preview":"max-video-preview:-1"},"canonical":"https:\/\/www.mesvendanges.com\/en\/shop\/wines\/las-vals-magnum-la-baronne-2018-150cl\/","og_locale":"en_US","og_type":"article","og_title":"LAS VALS MAGNUM - Mes Vendanges","og_description":"S\u00e9lections parcellaires de mourv\u00e8dres de coteaux. Un travail long et tr\u00e8s doux de mac\u00e9ration, ou plut\u00f4t d\u2019infusion, permet d\u2019obtenir un vin profond mais d\u2019une grande fra\u00eecheur, aux tanins \u00e9tonnamment fins pour un 100% mourv\u00e8dre.","og_url":"https:\/\/www.mesvendanges.com\/en\/shop\/wines\/las-vals-magnum-la-baronne-2018-150cl\/","og_site_name":"Mes Vendanges","article_modified_time":"2025-05-01T14:25:57+00:00","og_image":[{"width":447,"height":1500,"url":"https:\/\/www.mesvendanges.com\/wp-content\/uploads\/2022\/09\/la-baronne-las-vals-magnum-vin-de-france-2018-150cl-rouge-png.png","type":"image\/png"}],"twitter_card":"summary_large_image","schema":{"@context":"https:\/\/schema.org","@graph":[{"@type":"Organization","@id":"https:\/\/www.mesvendanges.com\/en\/#organization","name":"Mes Vendanges","url":"https:\/\/www.mesvendanges.com\/en\/","sameAs":[],"logo":{"@type":"ImageObject","inLanguage":"fr-FR","@id":"https:\/\/www.mesvendanges.com\/en\/#\/schema\/logo\/image\/","url":"https:\/\/www.mesvendanges.com\/wp-content\/uploads\/2022\/02\/logo-mesvendanges.jpg","contentUrl":"https:\/\/www.mesvendanges.com\/wp-content\/uploads\/2022\/02\/logo-mesvendanges.jpg","width":851,"height":260,"caption":"Mes Vendanges"},"image":{"@id":"https:\/\/www.mesvendanges.com\/en\/#\/schema\/logo\/image\/"}},{"@type":"WebSite","@id":"https:\/\/www.mesvendanges.com\/en\/#website","url":"https:\/\/www.mesvendanges.com\/en\/","name":"Mes Vendanges","description":"Des journ\u00e9es enti\u00e8res dans les vignes","publisher":{"@id":"https:\/\/www.mesvendanges.com\/en\/#organization"},"potentialAction":[{"@type":"SearchAction","target":{"@type":"EntryPoint","urlTemplate":"https:\/\/www.mesvendanges.com\/en\/?s={search_term_string}"},"query-input":"required name=search_term_string"}],"inLanguage":"fr-FR"},{"@type":"ImageObject","inLanguage":"fr-FR","@id":"https:\/\/www.mesvendanges.com\/en\/shop\/wines\/las-vals-magnum-la-baronne-2018-150cl\/#primaryimage","url":"https:\/\/www.mesvendanges.com\/wp-content\/uploads\/2022\/09\/la-baronne-las-vals-magnum-vin-de-france-2018-150cl-rouge-png.png","contentUrl":"https:\/\/www.mesvendanges.com\/wp-content\/uploads\/2022\/09\/la-baronne-las-vals-magnum-vin-de-france-2018-150cl-rouge-png.png","width":447,"height":1500},{"@type":"WebPage","@id":"https:\/\/www.mesvendanges.com\/en\/shop\/wines\/las-vals-magnum-la-baronne-2018-150cl\/","url":"https:\/\/www.mesvendanges.com\/en\/shop\/wines\/las-vals-magnum-la-baronne-2018-150cl\/","name":"LAS VALS MAGNUM - Mes Vendanges","isPartOf":{"@id":"https:\/\/www.mesvendanges.com\/en\/#website"},"primaryImageOfPage":{"@id":"https:\/\/www.mesvendanges.com\/en\/shop\/wines\/las-vals-magnum-la-baronne-2018-150cl\/#primaryimage"},"datePublished":"2022-09-19T14:14:50+00:00","dateModified":"2025-05-01T14:25:57+00:00","breadcrumb":{"@id":"https:\/\/www.mesvendanges.com\/en\/shop\/wines\/las-vals-magnum-la-baronne-2018-150cl\/#breadcrumb"},"inLanguage":"fr-FR","potentialAction":[{"@type":"ReadAction","target":["https:\/\/www.mesvendanges.com\/en\/shop\/wines\/las-vals-magnum-la-baronne-2018-150cl\/"]}]},{"@type":"BreadcrumbList","@id":"https:\/\/www.mesvendanges.com\/en\/shop\/wines\/las-vals-magnum-la-baronne-2018-150cl\/#breadcrumb","itemListElement":[{"@type":"ListItem","position":1,"name":"Home","item":"https:\/\/www.mesvendanges.com\/en\/"},{"@type":"ListItem","position":2,"name":"Shop","item":"https:\/\/www.mesvendanges.com\/en\/shop\/"},{"@type":"ListItem","position":3,"name":"LAS VALS MAGNUM"}]}]}},"_links":{"self":[{"href":"https:\/\/www.mesvendanges.com\/en\/wp-json\/wp\/v2\/product\/58429"}],"collection":[{"href":"https:\/\/www.mesvendanges.com\/en\/wp-json\/wp\/v2\/product"}],"about":[{"href":"https:\/\/www.mesvendanges.com\/en\/wp-json\/wp\/v2\/types\/product"}],"wp:featuredmedia":[{"embeddable":true,"href":"https:\/\/www.mesvendanges.com\/en\/wp-json\/wp\/v2\/media\/58657"}],"wp:attachment":[{"href":"https:\/\/www.mesvendanges.com\/en\/wp-json\/wp\/v2\/media?parent=58429"}],"wp:term":[{"taxonomy":"product_cat","embeddable":true,"href":"https:\/\/www.mesvendanges.com\/en\/wp-json\/wp\/v2\/product_cat?post=58429"},{"taxonomy":"product_tag","embeddable":true,"href":"https:\/\/www.mesvendanges.com\/en\/wp-json\/wp\/v2\/product_tag?post=58429"}],"curies":[{"name":"wp","href":"https:\/\/api.w.org\/{rel}","templated":true}]}}