{"id":59549,"date":"2022-11-07T14:58:58","date_gmt":"2022-11-07T13:58:58","guid":{"rendered":"https:\/\/www.mesvendanges.com\/shop\/uncategorized\/riesling-hofberg-reserve-grosses-gewachs-adam-a-j-weingut-2020-75cl\/"},"modified":"2025-05-01T14:01:13","modified_gmt":"2025-05-01T12:01:13","slug":"riesling-hofberg-reserve-grosses-gewachs-adam-a-j-weingut-2020-75cl","status":"publish","type":"product","link":"https:\/\/www.mesvendanges.com\/en\/shop\/wines\/riesling-hofberg-reserve-grosses-gewachs-adam-a-j-weingut-2020-75cl\/","title":{"rendered":"RIESLING HOFBERG RESERVE GROSSES GEWACHS"},"content":{"rendered":"<p>Nous voici sur le Hofberg, le cru embl\u00e9matique du domaine. Les Grosses Gewachs correspondent \u00e0 de tr\u00e8s belles tries vinifi\u00e9es en blanc sec, comme un cru bourguignon ou alsacien. Le Hofberg R\u00e9serve voit le jour pour la premi\u00e8re fois avec le mill\u00e9sime 2018. C&#8217;est une s\u00e9lection du coeur de parcelle, \u00e9lev\u00e9 un an de plus en grands foudres. Le vin prend une dimension suppl\u00e9mentaire avec une d\u00e9licatesse des textures, une finesse de l&#8217;allonge incroyable. Grand vin !<\/p>\n","protected":false},"excerpt":{"rendered":"<p>Nous voici sur le Hofberg, le cru embl\u00e9matique du domaine. Les Grosses Gewachs correspondent \u00e0 de tr\u00e8s belles tries vinifi\u00e9es en blanc sec, comme un cru bourguignon ou alsacien. Le Hofberg R\u00e9serve voit le jour pour la premi\u00e8re fois avec le mill\u00e9sime 2018. C&#8217;est une s\u00e9lection du coeur de parcelle, \u00e9lev\u00e9 un an de plus [&hellip;]<\/p>\n","protected":false},"featured_media":59665,"template":"","meta":[],"product_cat":[3740],"product_tag":[],"acf":[],"yoast_head":"<!-- This site is optimized with the Yoast SEO plugin v19.3 - https:\/\/yoast.com\/wordpress\/plugins\/seo\/ -->\n<title>RIESLING HOFBERG RESERVE GROSSES GEWACHS - Mes Vendanges<\/title>\n<meta name=\"robots\" content=\"index, follow, max-snippet:-1, max-image-preview:large, max-video-preview:-1\" \/>\n<link rel=\"canonical\" href=\"https:\/\/www.mesvendanges.com\/en\/shop\/wines\/riesling-hofberg-reserve-grosses-gewachs-adam-a-j-weingut-2020-75cl\/\" \/>\n<meta property=\"og:locale\" content=\"en_US\" \/>\n<meta property=\"og:type\" content=\"article\" \/>\n<meta property=\"og:title\" content=\"RIESLING HOFBERG RESERVE GROSSES GEWACHS - Mes Vendanges\" \/>\n<meta property=\"og:description\" content=\"Nous voici sur le Hofberg, le cru embl\u00e9matique du domaine. Les Grosses Gewachs correspondent \u00e0 de tr\u00e8s belles tries vinifi\u00e9es en blanc sec, comme un cru bourguignon ou alsacien. Le Hofberg R\u00e9serve voit le jour pour la premi\u00e8re fois avec le mill\u00e9sime 2018. C&#8217;est une s\u00e9lection du coeur de parcelle, \u00e9lev\u00e9 un an de plus [&hellip;]\" \/>\n<meta property=\"og:url\" content=\"https:\/\/www.mesvendanges.com\/en\/shop\/wines\/riesling-hofberg-reserve-grosses-gewachs-adam-a-j-weingut-2020-75cl\/\" \/>\n<meta property=\"og:site_name\" content=\"Mes Vendanges\" \/>\n<meta property=\"article:modified_time\" content=\"2025-05-01T12:01:13+00:00\" \/>\n<meta property=\"og:image\" content=\"https:\/\/www.mesvendanges.com\/wp-content\/uploads\/2022\/11\/adam-a-j-weingut-riesling-hofberg-reserve-grosses-gewachs-mosel-saar-ruwer-2020-75cl-blanc-png.png\" \/>\n\t<meta property=\"og:image:width\" content=\"322\" \/>\n\t<meta property=\"og:image:height\" content=\"1500\" \/>\n\t<meta property=\"og:image:type\" content=\"image\/png\" \/>\n<meta name=\"twitter:card\" content=\"summary_large_image\" \/>\n<script type=\"application\/ld+json\" class=\"yoast-schema-graph\">{\"@context\":\"https:\/\/schema.org\",\"@graph\":[{\"@type\":\"Organization\",\"@id\":\"https:\/\/www.mesvendanges.com\/en\/#organization\",\"name\":\"Mes Vendanges\",\"url\":\"https:\/\/www.mesvendanges.com\/en\/\",\"sameAs\":[],\"logo\":{\"@type\":\"ImageObject\",\"inLanguage\":\"fr-FR\",\"@id\":\"https:\/\/www.mesvendanges.com\/en\/#\/schema\/logo\/image\/\",\"url\":\"https:\/\/www.mesvendanges.com\/wp-content\/uploads\/2022\/02\/logo-mesvendanges.jpg\",\"contentUrl\":\"https:\/\/www.mesvendanges.com\/wp-content\/uploads\/2022\/02\/logo-mesvendanges.jpg\",\"width\":851,\"height\":260,\"caption\":\"Mes Vendanges\"},\"image\":{\"@id\":\"https:\/\/www.mesvendanges.com\/en\/#\/schema\/logo\/image\/\"}},{\"@type\":\"WebSite\",\"@id\":\"https:\/\/www.mesvendanges.com\/en\/#website\",\"url\":\"https:\/\/www.mesvendanges.com\/en\/\",\"name\":\"Mes Vendanges\",\"description\":\"Des journ\u00e9es enti\u00e8res dans les vignes\",\"publisher\":{\"@id\":\"https:\/\/www.mesvendanges.com\/en\/#organization\"},\"potentialAction\":[{\"@type\":\"SearchAction\",\"target\":{\"@type\":\"EntryPoint\",\"urlTemplate\":\"https:\/\/www.mesvendanges.com\/en\/?s={search_term_string}\"},\"query-input\":\"required name=search_term_string\"}],\"inLanguage\":\"fr-FR\"},{\"@type\":\"ImageObject\",\"inLanguage\":\"fr-FR\",\"@id\":\"https:\/\/www.mesvendanges.com\/en\/shop\/wines\/riesling-hofberg-reserve-grosses-gewachs-adam-a-j-weingut-2020-75cl\/#primaryimage\",\"url\":\"https:\/\/www.mesvendanges.com\/wp-content\/uploads\/2022\/11\/adam-a-j-weingut-riesling-hofberg-reserve-grosses-gewachs-mosel-saar-ruwer-2020-75cl-blanc-png.png\",\"contentUrl\":\"https:\/\/www.mesvendanges.com\/wp-content\/uploads\/2022\/11\/adam-a-j-weingut-riesling-hofberg-reserve-grosses-gewachs-mosel-saar-ruwer-2020-75cl-blanc-png.png\",\"width\":322,\"height\":1500},{\"@type\":\"WebPage\",\"@id\":\"https:\/\/www.mesvendanges.com\/en\/shop\/wines\/riesling-hofberg-reserve-grosses-gewachs-adam-a-j-weingut-2020-75cl\/\",\"url\":\"https:\/\/www.mesvendanges.com\/en\/shop\/wines\/riesling-hofberg-reserve-grosses-gewachs-adam-a-j-weingut-2020-75cl\/\",\"name\":\"RIESLING HOFBERG RESERVE GROSSES GEWACHS - Mes Vendanges\",\"isPartOf\":{\"@id\":\"https:\/\/www.mesvendanges.com\/en\/#website\"},\"primaryImageOfPage\":{\"@id\":\"https:\/\/www.mesvendanges.com\/en\/shop\/wines\/riesling-hofberg-reserve-grosses-gewachs-adam-a-j-weingut-2020-75cl\/#primaryimage\"},\"datePublished\":\"2022-11-07T13:58:58+00:00\",\"dateModified\":\"2025-05-01T12:01:13+00:00\",\"breadcrumb\":{\"@id\":\"https:\/\/www.mesvendanges.com\/en\/shop\/wines\/riesling-hofberg-reserve-grosses-gewachs-adam-a-j-weingut-2020-75cl\/#breadcrumb\"},\"inLanguage\":\"fr-FR\",\"potentialAction\":[{\"@type\":\"ReadAction\",\"target\":[\"https:\/\/www.mesvendanges.com\/en\/shop\/wines\/riesling-hofberg-reserve-grosses-gewachs-adam-a-j-weingut-2020-75cl\/\"]}]},{\"@type\":\"BreadcrumbList\",\"@id\":\"https:\/\/www.mesvendanges.com\/en\/shop\/wines\/riesling-hofberg-reserve-grosses-gewachs-adam-a-j-weingut-2020-75cl\/#breadcrumb\",\"itemListElement\":[{\"@type\":\"ListItem\",\"position\":1,\"name\":\"Home\",\"item\":\"https:\/\/www.mesvendanges.com\/en\/\"},{\"@type\":\"ListItem\",\"position\":2,\"name\":\"Shop\",\"item\":\"https:\/\/www.mesvendanges.com\/en\/shop\/\"},{\"@type\":\"ListItem\",\"position\":3,\"name\":\"RIESLING HOFBERG RESERVE GROSSES GEWACHS\"}]}]}<\/script>\n<!-- \/ Yoast SEO plugin. -->","yoast_head_json":{"title":"RIESLING HOFBERG RESERVE GROSSES GEWACHS - Mes Vendanges","robots":{"index":"index","follow":"follow","max-snippet":"max-snippet:-1","max-image-preview":"max-image-preview:large","max-video-preview":"max-video-preview:-1"},"canonical":"https:\/\/www.mesvendanges.com\/en\/shop\/wines\/riesling-hofberg-reserve-grosses-gewachs-adam-a-j-weingut-2020-75cl\/","og_locale":"en_US","og_type":"article","og_title":"RIESLING HOFBERG RESERVE GROSSES GEWACHS - Mes Vendanges","og_description":"Nous voici sur le Hofberg, le cru embl\u00e9matique du domaine. Les Grosses Gewachs correspondent \u00e0 de tr\u00e8s belles tries vinifi\u00e9es en blanc sec, comme un cru bourguignon ou alsacien. Le Hofberg R\u00e9serve voit le jour pour la premi\u00e8re fois avec le mill\u00e9sime 2018. C&#8217;est une s\u00e9lection du coeur de parcelle, \u00e9lev\u00e9 un an de plus [&hellip;]","og_url":"https:\/\/www.mesvendanges.com\/en\/shop\/wines\/riesling-hofberg-reserve-grosses-gewachs-adam-a-j-weingut-2020-75cl\/","og_site_name":"Mes Vendanges","article_modified_time":"2025-05-01T12:01:13+00:00","og_image":[{"width":322,"height":1500,"url":"https:\/\/www.mesvendanges.com\/wp-content\/uploads\/2022\/11\/adam-a-j-weingut-riesling-hofberg-reserve-grosses-gewachs-mosel-saar-ruwer-2020-75cl-blanc-png.png","type":"image\/png"}],"twitter_card":"summary_large_image","schema":{"@context":"https:\/\/schema.org","@graph":[{"@type":"Organization","@id":"https:\/\/www.mesvendanges.com\/en\/#organization","name":"Mes Vendanges","url":"https:\/\/www.mesvendanges.com\/en\/","sameAs":[],"logo":{"@type":"ImageObject","inLanguage":"fr-FR","@id":"https:\/\/www.mesvendanges.com\/en\/#\/schema\/logo\/image\/","url":"https:\/\/www.mesvendanges.com\/wp-content\/uploads\/2022\/02\/logo-mesvendanges.jpg","contentUrl":"https:\/\/www.mesvendanges.com\/wp-content\/uploads\/2022\/02\/logo-mesvendanges.jpg","width":851,"height":260,"caption":"Mes Vendanges"},"image":{"@id":"https:\/\/www.mesvendanges.com\/en\/#\/schema\/logo\/image\/"}},{"@type":"WebSite","@id":"https:\/\/www.mesvendanges.com\/en\/#website","url":"https:\/\/www.mesvendanges.com\/en\/","name":"Mes Vendanges","description":"Des journ\u00e9es enti\u00e8res dans les vignes","publisher":{"@id":"https:\/\/www.mesvendanges.com\/en\/#organization"},"potentialAction":[{"@type":"SearchAction","target":{"@type":"EntryPoint","urlTemplate":"https:\/\/www.mesvendanges.com\/en\/?s={search_term_string}"},"query-input":"required name=search_term_string"}],"inLanguage":"fr-FR"},{"@type":"ImageObject","inLanguage":"fr-FR","@id":"https:\/\/www.mesvendanges.com\/en\/shop\/wines\/riesling-hofberg-reserve-grosses-gewachs-adam-a-j-weingut-2020-75cl\/#primaryimage","url":"https:\/\/www.mesvendanges.com\/wp-content\/uploads\/2022\/11\/adam-a-j-weingut-riesling-hofberg-reserve-grosses-gewachs-mosel-saar-ruwer-2020-75cl-blanc-png.png","contentUrl":"https:\/\/www.mesvendanges.com\/wp-content\/uploads\/2022\/11\/adam-a-j-weingut-riesling-hofberg-reserve-grosses-gewachs-mosel-saar-ruwer-2020-75cl-blanc-png.png","width":322,"height":1500},{"@type":"WebPage","@id":"https:\/\/www.mesvendanges.com\/en\/shop\/wines\/riesling-hofberg-reserve-grosses-gewachs-adam-a-j-weingut-2020-75cl\/","url":"https:\/\/www.mesvendanges.com\/en\/shop\/wines\/riesling-hofberg-reserve-grosses-gewachs-adam-a-j-weingut-2020-75cl\/","name":"RIESLING HOFBERG RESERVE GROSSES GEWACHS - Mes Vendanges","isPartOf":{"@id":"https:\/\/www.mesvendanges.com\/en\/#website"},"primaryImageOfPage":{"@id":"https:\/\/www.mesvendanges.com\/en\/shop\/wines\/riesling-hofberg-reserve-grosses-gewachs-adam-a-j-weingut-2020-75cl\/#primaryimage"},"datePublished":"2022-11-07T13:58:58+00:00","dateModified":"2025-05-01T12:01:13+00:00","breadcrumb":{"@id":"https:\/\/www.mesvendanges.com\/en\/shop\/wines\/riesling-hofberg-reserve-grosses-gewachs-adam-a-j-weingut-2020-75cl\/#breadcrumb"},"inLanguage":"fr-FR","potentialAction":[{"@type":"ReadAction","target":["https:\/\/www.mesvendanges.com\/en\/shop\/wines\/riesling-hofberg-reserve-grosses-gewachs-adam-a-j-weingut-2020-75cl\/"]}]},{"@type":"BreadcrumbList","@id":"https:\/\/www.mesvendanges.com\/en\/shop\/wines\/riesling-hofberg-reserve-grosses-gewachs-adam-a-j-weingut-2020-75cl\/#breadcrumb","itemListElement":[{"@type":"ListItem","position":1,"name":"Home","item":"https:\/\/www.mesvendanges.com\/en\/"},{"@type":"ListItem","position":2,"name":"Shop","item":"https:\/\/www.mesvendanges.com\/en\/shop\/"},{"@type":"ListItem","position":3,"name":"RIESLING HOFBERG RESERVE GROSSES GEWACHS"}]}]}},"_links":{"self":[{"href":"https:\/\/www.mesvendanges.com\/en\/wp-json\/wp\/v2\/product\/59549"}],"collection":[{"href":"https:\/\/www.mesvendanges.com\/en\/wp-json\/wp\/v2\/product"}],"about":[{"href":"https:\/\/www.mesvendanges.com\/en\/wp-json\/wp\/v2\/types\/product"}],"wp:featuredmedia":[{"embeddable":true,"href":"https:\/\/www.mesvendanges.com\/en\/wp-json\/wp\/v2\/media\/59665"}],"wp:attachment":[{"href":"https:\/\/www.mesvendanges.com\/en\/wp-json\/wp\/v2\/media?parent=59549"}],"wp:term":[{"taxonomy":"product_cat","embeddable":true,"href":"https:\/\/www.mesvendanges.com\/en\/wp-json\/wp\/v2\/product_cat?post=59549"},{"taxonomy":"product_tag","embeddable":true,"href":"https:\/\/www.mesvendanges.com\/en\/wp-json\/wp\/v2\/product_tag?post=59549"}],"curies":[{"name":"wp","href":"https:\/\/api.w.org\/{rel}","templated":true}]}}