{"id":59788,"date":"2022-11-16T15:18:26","date_gmt":"2022-11-16T14:18:26","guid":{"rendered":"https:\/\/www.mesvendanges.com\/shop\/uncategorized\/pinot-noir-strangenberg-bursin-dne-agathe-2020-75cl\/"},"modified":"2026-01-15T13:00:29","modified_gmt":"2026-01-15T12:00:29","slug":"pinot-noir-strangenberg-bursin-dne-agathe-2020-75cl","status":"publish","type":"product","link":"https:\/\/www.mesvendanges.com\/en\/shop\/wines\/pinot-noir-strangenberg-bursin-dne-agathe-2020-75cl\/","title":{"rendered":"PINOT NOIR STRANGENBERG"},"content":{"rendered":"<p>Agathe Bursin travaille son Pinot Noir avec conviction, la conviction que sa parcelle, terroir calairo-gr\u00e9seux sur le Strangenberg, peut donner un grand vin de garde. R\u00e9colte minutieuse, \u00e9levage 20 mois en barriques bourguignones. Le r\u00e9sultat est l\u00e0, avec un vin de belle densit\u00e9, tr\u00e9s pur dans sa trame, un peu aust\u00e8re jeune mais qui prend de l&#8217;ampleur au vieillissement. L&#8217;\u00e9quilibre entre le fruit et les tannins est parfaitement maitris\u00e9, et l&#8217;\u00e9levage porte le vin plus qu&#8217;il ne le marque, ne laissant aucune trace \u00e0 la d\u00e9gustation.<\/p>\n","protected":false},"excerpt":{"rendered":"<p>Agathe Bursin travaille son Pinot Noir avec conviction, la conviction que sa parcelle, terroir calairo-gr\u00e9seux sur le Strangenberg, peut donner un grand vin de garde. R\u00e9colte minutieuse, \u00e9levage 20 mois en barriques bourguignones. Le r\u00e9sultat est l\u00e0, avec un vin de belle densit\u00e9, tr\u00e9s pur dans sa trame, un peu aust\u00e8re jeune mais qui prend [&hellip;]<\/p>\n","protected":false},"featured_media":59873,"template":"","meta":[],"product_cat":[3740],"product_tag":[],"acf":[],"yoast_head":"<!-- This site is optimized with the Yoast SEO plugin v19.3 - https:\/\/yoast.com\/wordpress\/plugins\/seo\/ -->\n<title>PINOT NOIR STRANGENBERG - Mes Vendanges<\/title>\n<meta name=\"robots\" content=\"index, follow, max-snippet:-1, max-image-preview:large, max-video-preview:-1\" \/>\n<link rel=\"canonical\" href=\"https:\/\/www.mesvendanges.com\/en\/shop\/wines\/pinot-noir-strangenberg-bursin-dne-agathe-2020-75cl\/\" \/>\n<meta property=\"og:locale\" content=\"en_US\" \/>\n<meta property=\"og:type\" content=\"article\" \/>\n<meta property=\"og:title\" content=\"PINOT NOIR STRANGENBERG - Mes Vendanges\" \/>\n<meta property=\"og:description\" content=\"Agathe Bursin travaille son Pinot Noir avec conviction, la conviction que sa parcelle, terroir calairo-gr\u00e9seux sur le Strangenberg, peut donner un grand vin de garde. R\u00e9colte minutieuse, \u00e9levage 20 mois en barriques bourguignones. Le r\u00e9sultat est l\u00e0, avec un vin de belle densit\u00e9, tr\u00e9s pur dans sa trame, un peu aust\u00e8re jeune mais qui prend [&hellip;]\" \/>\n<meta property=\"og:url\" content=\"https:\/\/www.mesvendanges.com\/en\/shop\/wines\/pinot-noir-strangenberg-bursin-dne-agathe-2020-75cl\/\" \/>\n<meta property=\"og:site_name\" content=\"Mes Vendanges\" \/>\n<meta property=\"article:modified_time\" content=\"2026-01-15T12:00:29+00:00\" \/>\n<meta property=\"og:image\" content=\"https:\/\/www.mesvendanges.com\/wp-content\/uploads\/2022\/11\/bursin-dne-agathe-pinot-noir-strangenberg-alsace-2020-75cl-rouge-png.png\" \/>\n\t<meta property=\"og:image:width\" content=\"323\" \/>\n\t<meta property=\"og:image:height\" content=\"1500\" \/>\n\t<meta property=\"og:image:type\" content=\"image\/png\" \/>\n<meta name=\"twitter:card\" content=\"summary_large_image\" \/>\n<script type=\"application\/ld+json\" class=\"yoast-schema-graph\">{\"@context\":\"https:\/\/schema.org\",\"@graph\":[{\"@type\":\"Organization\",\"@id\":\"https:\/\/www.mesvendanges.com\/en\/#organization\",\"name\":\"Mes Vendanges\",\"url\":\"https:\/\/www.mesvendanges.com\/en\/\",\"sameAs\":[],\"logo\":{\"@type\":\"ImageObject\",\"inLanguage\":\"fr-FR\",\"@id\":\"https:\/\/www.mesvendanges.com\/en\/#\/schema\/logo\/image\/\",\"url\":\"https:\/\/www.mesvendanges.com\/wp-content\/uploads\/2022\/02\/logo-mesvendanges.jpg\",\"contentUrl\":\"https:\/\/www.mesvendanges.com\/wp-content\/uploads\/2022\/02\/logo-mesvendanges.jpg\",\"width\":851,\"height\":260,\"caption\":\"Mes Vendanges\"},\"image\":{\"@id\":\"https:\/\/www.mesvendanges.com\/en\/#\/schema\/logo\/image\/\"}},{\"@type\":\"WebSite\",\"@id\":\"https:\/\/www.mesvendanges.com\/en\/#website\",\"url\":\"https:\/\/www.mesvendanges.com\/en\/\",\"name\":\"Mes Vendanges\",\"description\":\"Des journ\u00e9es enti\u00e8res dans les vignes\",\"publisher\":{\"@id\":\"https:\/\/www.mesvendanges.com\/en\/#organization\"},\"potentialAction\":[{\"@type\":\"SearchAction\",\"target\":{\"@type\":\"EntryPoint\",\"urlTemplate\":\"https:\/\/www.mesvendanges.com\/en\/?s={search_term_string}\"},\"query-input\":\"required name=search_term_string\"}],\"inLanguage\":\"fr-FR\"},{\"@type\":\"ImageObject\",\"inLanguage\":\"fr-FR\",\"@id\":\"https:\/\/www.mesvendanges.com\/en\/shop\/wines\/pinot-noir-strangenberg-bursin-dne-agathe-2020-75cl\/#primaryimage\",\"url\":\"https:\/\/www.mesvendanges.com\/wp-content\/uploads\/2022\/11\/bursin-dne-agathe-pinot-noir-strangenberg-alsace-2020-75cl-rouge-png.png\",\"contentUrl\":\"https:\/\/www.mesvendanges.com\/wp-content\/uploads\/2022\/11\/bursin-dne-agathe-pinot-noir-strangenberg-alsace-2020-75cl-rouge-png.png\",\"width\":323,\"height\":1500},{\"@type\":\"WebPage\",\"@id\":\"https:\/\/www.mesvendanges.com\/en\/shop\/wines\/pinot-noir-strangenberg-bursin-dne-agathe-2020-75cl\/\",\"url\":\"https:\/\/www.mesvendanges.com\/en\/shop\/wines\/pinot-noir-strangenberg-bursin-dne-agathe-2020-75cl\/\",\"name\":\"PINOT NOIR STRANGENBERG - Mes Vendanges\",\"isPartOf\":{\"@id\":\"https:\/\/www.mesvendanges.com\/en\/#website\"},\"primaryImageOfPage\":{\"@id\":\"https:\/\/www.mesvendanges.com\/en\/shop\/wines\/pinot-noir-strangenberg-bursin-dne-agathe-2020-75cl\/#primaryimage\"},\"datePublished\":\"2022-11-16T14:18:26+00:00\",\"dateModified\":\"2026-01-15T12:00:29+00:00\",\"breadcrumb\":{\"@id\":\"https:\/\/www.mesvendanges.com\/en\/shop\/wines\/pinot-noir-strangenberg-bursin-dne-agathe-2020-75cl\/#breadcrumb\"},\"inLanguage\":\"fr-FR\",\"potentialAction\":[{\"@type\":\"ReadAction\",\"target\":[\"https:\/\/www.mesvendanges.com\/en\/shop\/wines\/pinot-noir-strangenberg-bursin-dne-agathe-2020-75cl\/\"]}]},{\"@type\":\"BreadcrumbList\",\"@id\":\"https:\/\/www.mesvendanges.com\/en\/shop\/wines\/pinot-noir-strangenberg-bursin-dne-agathe-2020-75cl\/#breadcrumb\",\"itemListElement\":[{\"@type\":\"ListItem\",\"position\":1,\"name\":\"Home\",\"item\":\"https:\/\/www.mesvendanges.com\/en\/\"},{\"@type\":\"ListItem\",\"position\":2,\"name\":\"Shop\",\"item\":\"https:\/\/www.mesvendanges.com\/en\/shop\/\"},{\"@type\":\"ListItem\",\"position\":3,\"name\":\"PINOT NOIR STRANGENBERG\"}]}]}<\/script>\n<!-- \/ Yoast SEO plugin. -->","yoast_head_json":{"title":"PINOT NOIR STRANGENBERG - Mes Vendanges","robots":{"index":"index","follow":"follow","max-snippet":"max-snippet:-1","max-image-preview":"max-image-preview:large","max-video-preview":"max-video-preview:-1"},"canonical":"https:\/\/www.mesvendanges.com\/en\/shop\/wines\/pinot-noir-strangenberg-bursin-dne-agathe-2020-75cl\/","og_locale":"en_US","og_type":"article","og_title":"PINOT NOIR STRANGENBERG - Mes Vendanges","og_description":"Agathe Bursin travaille son Pinot Noir avec conviction, la conviction que sa parcelle, terroir calairo-gr\u00e9seux sur le Strangenberg, peut donner un grand vin de garde. R\u00e9colte minutieuse, \u00e9levage 20 mois en barriques bourguignones. Le r\u00e9sultat est l\u00e0, avec un vin de belle densit\u00e9, tr\u00e9s pur dans sa trame, un peu aust\u00e8re jeune mais qui prend [&hellip;]","og_url":"https:\/\/www.mesvendanges.com\/en\/shop\/wines\/pinot-noir-strangenberg-bursin-dne-agathe-2020-75cl\/","og_site_name":"Mes Vendanges","article_modified_time":"2026-01-15T12:00:29+00:00","og_image":[{"width":323,"height":1500,"url":"https:\/\/www.mesvendanges.com\/wp-content\/uploads\/2022\/11\/bursin-dne-agathe-pinot-noir-strangenberg-alsace-2020-75cl-rouge-png.png","type":"image\/png"}],"twitter_card":"summary_large_image","schema":{"@context":"https:\/\/schema.org","@graph":[{"@type":"Organization","@id":"https:\/\/www.mesvendanges.com\/en\/#organization","name":"Mes Vendanges","url":"https:\/\/www.mesvendanges.com\/en\/","sameAs":[],"logo":{"@type":"ImageObject","inLanguage":"fr-FR","@id":"https:\/\/www.mesvendanges.com\/en\/#\/schema\/logo\/image\/","url":"https:\/\/www.mesvendanges.com\/wp-content\/uploads\/2022\/02\/logo-mesvendanges.jpg","contentUrl":"https:\/\/www.mesvendanges.com\/wp-content\/uploads\/2022\/02\/logo-mesvendanges.jpg","width":851,"height":260,"caption":"Mes Vendanges"},"image":{"@id":"https:\/\/www.mesvendanges.com\/en\/#\/schema\/logo\/image\/"}},{"@type":"WebSite","@id":"https:\/\/www.mesvendanges.com\/en\/#website","url":"https:\/\/www.mesvendanges.com\/en\/","name":"Mes Vendanges","description":"Des journ\u00e9es enti\u00e8res dans les vignes","publisher":{"@id":"https:\/\/www.mesvendanges.com\/en\/#organization"},"potentialAction":[{"@type":"SearchAction","target":{"@type":"EntryPoint","urlTemplate":"https:\/\/www.mesvendanges.com\/en\/?s={search_term_string}"},"query-input":"required name=search_term_string"}],"inLanguage":"fr-FR"},{"@type":"ImageObject","inLanguage":"fr-FR","@id":"https:\/\/www.mesvendanges.com\/en\/shop\/wines\/pinot-noir-strangenberg-bursin-dne-agathe-2020-75cl\/#primaryimage","url":"https:\/\/www.mesvendanges.com\/wp-content\/uploads\/2022\/11\/bursin-dne-agathe-pinot-noir-strangenberg-alsace-2020-75cl-rouge-png.png","contentUrl":"https:\/\/www.mesvendanges.com\/wp-content\/uploads\/2022\/11\/bursin-dne-agathe-pinot-noir-strangenberg-alsace-2020-75cl-rouge-png.png","width":323,"height":1500},{"@type":"WebPage","@id":"https:\/\/www.mesvendanges.com\/en\/shop\/wines\/pinot-noir-strangenberg-bursin-dne-agathe-2020-75cl\/","url":"https:\/\/www.mesvendanges.com\/en\/shop\/wines\/pinot-noir-strangenberg-bursin-dne-agathe-2020-75cl\/","name":"PINOT NOIR STRANGENBERG - Mes Vendanges","isPartOf":{"@id":"https:\/\/www.mesvendanges.com\/en\/#website"},"primaryImageOfPage":{"@id":"https:\/\/www.mesvendanges.com\/en\/shop\/wines\/pinot-noir-strangenberg-bursin-dne-agathe-2020-75cl\/#primaryimage"},"datePublished":"2022-11-16T14:18:26+00:00","dateModified":"2026-01-15T12:00:29+00:00","breadcrumb":{"@id":"https:\/\/www.mesvendanges.com\/en\/shop\/wines\/pinot-noir-strangenberg-bursin-dne-agathe-2020-75cl\/#breadcrumb"},"inLanguage":"fr-FR","potentialAction":[{"@type":"ReadAction","target":["https:\/\/www.mesvendanges.com\/en\/shop\/wines\/pinot-noir-strangenberg-bursin-dne-agathe-2020-75cl\/"]}]},{"@type":"BreadcrumbList","@id":"https:\/\/www.mesvendanges.com\/en\/shop\/wines\/pinot-noir-strangenberg-bursin-dne-agathe-2020-75cl\/#breadcrumb","itemListElement":[{"@type":"ListItem","position":1,"name":"Home","item":"https:\/\/www.mesvendanges.com\/en\/"},{"@type":"ListItem","position":2,"name":"Shop","item":"https:\/\/www.mesvendanges.com\/en\/shop\/"},{"@type":"ListItem","position":3,"name":"PINOT NOIR STRANGENBERG"}]}]}},"_links":{"self":[{"href":"https:\/\/www.mesvendanges.com\/en\/wp-json\/wp\/v2\/product\/59788"}],"collection":[{"href":"https:\/\/www.mesvendanges.com\/en\/wp-json\/wp\/v2\/product"}],"about":[{"href":"https:\/\/www.mesvendanges.com\/en\/wp-json\/wp\/v2\/types\/product"}],"wp:featuredmedia":[{"embeddable":true,"href":"https:\/\/www.mesvendanges.com\/en\/wp-json\/wp\/v2\/media\/59873"}],"wp:attachment":[{"href":"https:\/\/www.mesvendanges.com\/en\/wp-json\/wp\/v2\/media?parent=59788"}],"wp:term":[{"taxonomy":"product_cat","embeddable":true,"href":"https:\/\/www.mesvendanges.com\/en\/wp-json\/wp\/v2\/product_cat?post=59788"},{"taxonomy":"product_tag","embeddable":true,"href":"https:\/\/www.mesvendanges.com\/en\/wp-json\/wp\/v2\/product_tag?post=59788"}],"curies":[{"name":"wp","href":"https:\/\/api.w.org\/{rel}","templated":true}]}}