{"id":60316,"date":"2022-12-23T11:56:20","date_gmt":"2022-12-23T10:56:20","guid":{"rendered":"https:\/\/www.mesvendanges.com\/shop\/uncategorized\/bianco-gentile-arena-antoine-marie-2021-75cl\/"},"modified":"2025-09-24T12:04:00","modified_gmt":"2025-09-24T10:04:00","slug":"bianco-gentile-arena-antoine-marie-2021-75cl","status":"publish","type":"product","link":"https:\/\/www.mesvendanges.com\/en\/shop\/wines\/bianco-gentile-arena-antoine-marie-2021-75cl\/","title":{"rendered":"BIANCO GENTILE"},"content":{"rendered":"<p>Cuv\u00e9e 100% Bianco Gentile sur argilo-calcaire. Vinification en cuve inox puis \u00e9levage en cuve inox en en foudre.Un blanc embl\u00e9matique du domaine, tout en nuance, qui brille par sa ligne \u00e9pur\u00e9e et tendue! Un coup de maitre.<\/p>\n","protected":false},"excerpt":{"rendered":"<p>Cuv\u00e9e 100% Bianco Gentile sur argilo-calcaire. Vinification en cuve inox puis \u00e9levage en cuve inox en en foudre.Un blanc embl\u00e9matique du domaine, tout en nuance, qui brille par sa ligne \u00e9pur\u00e9e et tendue! Un coup de maitre.<\/p>\n","protected":false},"featured_media":60317,"template":"","meta":[],"product_cat":[3740],"product_tag":[],"acf":[],"yoast_head":"<!-- This site is optimized with the Yoast SEO plugin v19.3 - https:\/\/yoast.com\/wordpress\/plugins\/seo\/ -->\n<title>BIANCO GENTILE - Mes Vendanges<\/title>\n<meta name=\"robots\" content=\"index, follow, max-snippet:-1, max-image-preview:large, max-video-preview:-1\" \/>\n<link rel=\"canonical\" href=\"https:\/\/www.mesvendanges.com\/en\/shop\/wines\/bianco-gentile-arena-antoine-marie-2021-75cl\/\" \/>\n<meta property=\"og:locale\" content=\"en_US\" \/>\n<meta property=\"og:type\" content=\"article\" \/>\n<meta property=\"og:title\" content=\"BIANCO GENTILE - Mes Vendanges\" \/>\n<meta property=\"og:description\" content=\"Cuv\u00e9e 100% Bianco Gentile sur argilo-calcaire. Vinification en cuve inox puis \u00e9levage en cuve inox en en foudre.Un blanc embl\u00e9matique du domaine, tout en nuance, qui brille par sa ligne \u00e9pur\u00e9e et tendue! Un coup de maitre.\" \/>\n<meta property=\"og:url\" content=\"https:\/\/www.mesvendanges.com\/en\/shop\/wines\/bianco-gentile-arena-antoine-marie-2021-75cl\/\" \/>\n<meta property=\"og:site_name\" content=\"Mes Vendanges\" \/>\n<meta property=\"article:modified_time\" content=\"2025-09-24T10:04:00+00:00\" \/>\n<meta property=\"og:image\" content=\"https:\/\/www.mesvendanges.com\/wp-content\/uploads\/2022\/12\/arena-antoine-marie-bianco-gentile-vin-de-france-2021-75cl-blanc-png.png\" \/>\n\t<meta property=\"og:image:width\" content=\"403\" \/>\n\t<meta property=\"og:image:height\" content=\"1500\" \/>\n\t<meta property=\"og:image:type\" content=\"image\/png\" \/>\n<meta name=\"twitter:card\" content=\"summary_large_image\" \/>\n<script type=\"application\/ld+json\" class=\"yoast-schema-graph\">{\"@context\":\"https:\/\/schema.org\",\"@graph\":[{\"@type\":\"Organization\",\"@id\":\"https:\/\/www.mesvendanges.com\/en\/#organization\",\"name\":\"Mes Vendanges\",\"url\":\"https:\/\/www.mesvendanges.com\/en\/\",\"sameAs\":[],\"logo\":{\"@type\":\"ImageObject\",\"inLanguage\":\"fr-FR\",\"@id\":\"https:\/\/www.mesvendanges.com\/en\/#\/schema\/logo\/image\/\",\"url\":\"https:\/\/www.mesvendanges.com\/wp-content\/uploads\/2022\/02\/logo-mesvendanges.jpg\",\"contentUrl\":\"https:\/\/www.mesvendanges.com\/wp-content\/uploads\/2022\/02\/logo-mesvendanges.jpg\",\"width\":851,\"height\":260,\"caption\":\"Mes Vendanges\"},\"image\":{\"@id\":\"https:\/\/www.mesvendanges.com\/en\/#\/schema\/logo\/image\/\"}},{\"@type\":\"WebSite\",\"@id\":\"https:\/\/www.mesvendanges.com\/en\/#website\",\"url\":\"https:\/\/www.mesvendanges.com\/en\/\",\"name\":\"Mes Vendanges\",\"description\":\"Des journ\u00e9es enti\u00e8res dans les vignes\",\"publisher\":{\"@id\":\"https:\/\/www.mesvendanges.com\/en\/#organization\"},\"potentialAction\":[{\"@type\":\"SearchAction\",\"target\":{\"@type\":\"EntryPoint\",\"urlTemplate\":\"https:\/\/www.mesvendanges.com\/en\/?s={search_term_string}\"},\"query-input\":\"required name=search_term_string\"}],\"inLanguage\":\"fr-FR\"},{\"@type\":\"ImageObject\",\"inLanguage\":\"fr-FR\",\"@id\":\"https:\/\/www.mesvendanges.com\/en\/shop\/wines\/bianco-gentile-arena-antoine-marie-2021-75cl\/#primaryimage\",\"url\":\"https:\/\/www.mesvendanges.com\/wp-content\/uploads\/2022\/12\/arena-antoine-marie-bianco-gentile-vin-de-france-2021-75cl-blanc-png.png\",\"contentUrl\":\"https:\/\/www.mesvendanges.com\/wp-content\/uploads\/2022\/12\/arena-antoine-marie-bianco-gentile-vin-de-france-2021-75cl-blanc-png.png\",\"width\":403,\"height\":1500},{\"@type\":\"WebPage\",\"@id\":\"https:\/\/www.mesvendanges.com\/en\/shop\/wines\/bianco-gentile-arena-antoine-marie-2021-75cl\/\",\"url\":\"https:\/\/www.mesvendanges.com\/en\/shop\/wines\/bianco-gentile-arena-antoine-marie-2021-75cl\/\",\"name\":\"BIANCO GENTILE - Mes Vendanges\",\"isPartOf\":{\"@id\":\"https:\/\/www.mesvendanges.com\/en\/#website\"},\"primaryImageOfPage\":{\"@id\":\"https:\/\/www.mesvendanges.com\/en\/shop\/wines\/bianco-gentile-arena-antoine-marie-2021-75cl\/#primaryimage\"},\"datePublished\":\"2022-12-23T10:56:20+00:00\",\"dateModified\":\"2025-09-24T10:04:00+00:00\",\"breadcrumb\":{\"@id\":\"https:\/\/www.mesvendanges.com\/en\/shop\/wines\/bianco-gentile-arena-antoine-marie-2021-75cl\/#breadcrumb\"},\"inLanguage\":\"fr-FR\",\"potentialAction\":[{\"@type\":\"ReadAction\",\"target\":[\"https:\/\/www.mesvendanges.com\/en\/shop\/wines\/bianco-gentile-arena-antoine-marie-2021-75cl\/\"]}]},{\"@type\":\"BreadcrumbList\",\"@id\":\"https:\/\/www.mesvendanges.com\/en\/shop\/wines\/bianco-gentile-arena-antoine-marie-2021-75cl\/#breadcrumb\",\"itemListElement\":[{\"@type\":\"ListItem\",\"position\":1,\"name\":\"Home\",\"item\":\"https:\/\/www.mesvendanges.com\/en\/\"},{\"@type\":\"ListItem\",\"position\":2,\"name\":\"Shop\",\"item\":\"https:\/\/www.mesvendanges.com\/en\/shop\/\"},{\"@type\":\"ListItem\",\"position\":3,\"name\":\"BIANCO GENTILE\"}]}]}<\/script>\n<!-- \/ Yoast SEO plugin. -->","yoast_head_json":{"title":"BIANCO GENTILE - Mes Vendanges","robots":{"index":"index","follow":"follow","max-snippet":"max-snippet:-1","max-image-preview":"max-image-preview:large","max-video-preview":"max-video-preview:-1"},"canonical":"https:\/\/www.mesvendanges.com\/en\/shop\/wines\/bianco-gentile-arena-antoine-marie-2021-75cl\/","og_locale":"en_US","og_type":"article","og_title":"BIANCO GENTILE - Mes Vendanges","og_description":"Cuv\u00e9e 100% Bianco Gentile sur argilo-calcaire. Vinification en cuve inox puis \u00e9levage en cuve inox en en foudre.Un blanc embl\u00e9matique du domaine, tout en nuance, qui brille par sa ligne \u00e9pur\u00e9e et tendue! Un coup de maitre.","og_url":"https:\/\/www.mesvendanges.com\/en\/shop\/wines\/bianco-gentile-arena-antoine-marie-2021-75cl\/","og_site_name":"Mes Vendanges","article_modified_time":"2025-09-24T10:04:00+00:00","og_image":[{"width":403,"height":1500,"url":"https:\/\/www.mesvendanges.com\/wp-content\/uploads\/2022\/12\/arena-antoine-marie-bianco-gentile-vin-de-france-2021-75cl-blanc-png.png","type":"image\/png"}],"twitter_card":"summary_large_image","schema":{"@context":"https:\/\/schema.org","@graph":[{"@type":"Organization","@id":"https:\/\/www.mesvendanges.com\/en\/#organization","name":"Mes Vendanges","url":"https:\/\/www.mesvendanges.com\/en\/","sameAs":[],"logo":{"@type":"ImageObject","inLanguage":"fr-FR","@id":"https:\/\/www.mesvendanges.com\/en\/#\/schema\/logo\/image\/","url":"https:\/\/www.mesvendanges.com\/wp-content\/uploads\/2022\/02\/logo-mesvendanges.jpg","contentUrl":"https:\/\/www.mesvendanges.com\/wp-content\/uploads\/2022\/02\/logo-mesvendanges.jpg","width":851,"height":260,"caption":"Mes Vendanges"},"image":{"@id":"https:\/\/www.mesvendanges.com\/en\/#\/schema\/logo\/image\/"}},{"@type":"WebSite","@id":"https:\/\/www.mesvendanges.com\/en\/#website","url":"https:\/\/www.mesvendanges.com\/en\/","name":"Mes Vendanges","description":"Des journ\u00e9es enti\u00e8res dans les vignes","publisher":{"@id":"https:\/\/www.mesvendanges.com\/en\/#organization"},"potentialAction":[{"@type":"SearchAction","target":{"@type":"EntryPoint","urlTemplate":"https:\/\/www.mesvendanges.com\/en\/?s={search_term_string}"},"query-input":"required name=search_term_string"}],"inLanguage":"fr-FR"},{"@type":"ImageObject","inLanguage":"fr-FR","@id":"https:\/\/www.mesvendanges.com\/en\/shop\/wines\/bianco-gentile-arena-antoine-marie-2021-75cl\/#primaryimage","url":"https:\/\/www.mesvendanges.com\/wp-content\/uploads\/2022\/12\/arena-antoine-marie-bianco-gentile-vin-de-france-2021-75cl-blanc-png.png","contentUrl":"https:\/\/www.mesvendanges.com\/wp-content\/uploads\/2022\/12\/arena-antoine-marie-bianco-gentile-vin-de-france-2021-75cl-blanc-png.png","width":403,"height":1500},{"@type":"WebPage","@id":"https:\/\/www.mesvendanges.com\/en\/shop\/wines\/bianco-gentile-arena-antoine-marie-2021-75cl\/","url":"https:\/\/www.mesvendanges.com\/en\/shop\/wines\/bianco-gentile-arena-antoine-marie-2021-75cl\/","name":"BIANCO GENTILE - Mes Vendanges","isPartOf":{"@id":"https:\/\/www.mesvendanges.com\/en\/#website"},"primaryImageOfPage":{"@id":"https:\/\/www.mesvendanges.com\/en\/shop\/wines\/bianco-gentile-arena-antoine-marie-2021-75cl\/#primaryimage"},"datePublished":"2022-12-23T10:56:20+00:00","dateModified":"2025-09-24T10:04:00+00:00","breadcrumb":{"@id":"https:\/\/www.mesvendanges.com\/en\/shop\/wines\/bianco-gentile-arena-antoine-marie-2021-75cl\/#breadcrumb"},"inLanguage":"fr-FR","potentialAction":[{"@type":"ReadAction","target":["https:\/\/www.mesvendanges.com\/en\/shop\/wines\/bianco-gentile-arena-antoine-marie-2021-75cl\/"]}]},{"@type":"BreadcrumbList","@id":"https:\/\/www.mesvendanges.com\/en\/shop\/wines\/bianco-gentile-arena-antoine-marie-2021-75cl\/#breadcrumb","itemListElement":[{"@type":"ListItem","position":1,"name":"Home","item":"https:\/\/www.mesvendanges.com\/en\/"},{"@type":"ListItem","position":2,"name":"Shop","item":"https:\/\/www.mesvendanges.com\/en\/shop\/"},{"@type":"ListItem","position":3,"name":"BIANCO GENTILE"}]}]}},"_links":{"self":[{"href":"https:\/\/www.mesvendanges.com\/en\/wp-json\/wp\/v2\/product\/60316"}],"collection":[{"href":"https:\/\/www.mesvendanges.com\/en\/wp-json\/wp\/v2\/product"}],"about":[{"href":"https:\/\/www.mesvendanges.com\/en\/wp-json\/wp\/v2\/types\/product"}],"wp:featuredmedia":[{"embeddable":true,"href":"https:\/\/www.mesvendanges.com\/en\/wp-json\/wp\/v2\/media\/60317"}],"wp:attachment":[{"href":"https:\/\/www.mesvendanges.com\/en\/wp-json\/wp\/v2\/media?parent=60316"}],"wp:term":[{"taxonomy":"product_cat","embeddable":true,"href":"https:\/\/www.mesvendanges.com\/en\/wp-json\/wp\/v2\/product_cat?post=60316"},{"taxonomy":"product_tag","embeddable":true,"href":"https:\/\/www.mesvendanges.com\/en\/wp-json\/wp\/v2\/product_tag?post=60316"}],"curies":[{"name":"wp","href":"https:\/\/api.w.org\/{rel}","templated":true}]}}