{"id":60326,"date":"2022-12-23T12:21:08","date_gmt":"2022-12-23T11:21:08","guid":{"rendered":"https:\/\/www.mesvendanges.com\/shop\/uncategorized\/memoria-arena-antoine-marie-2020-75cl\/"},"modified":"2026-03-30T16:44:55","modified_gmt":"2026-03-30T14:44:55","slug":"memoria-arena-antoine-marie-2020-75cl","status":"publish","type":"product","link":"https:\/\/www.mesvendanges.com\/en\/shop\/wines\/memoria-arena-antoine-marie-2020-75cl\/","title":{"rendered":"MEMORIA"},"content":{"rendered":"<p>Cuv\u00e9e 100% Nielluciu sur argilo-calcaire. Vinification en cuve b\u00e9ton puis \u00e9levage en cuve inox.<br \/>\nCuv\u00e9e historique du domaine, belle densit\u00e9, tension, force de caract\u00e8re, un vin profond, taill\u00e9 pour la garde, mais qui d\u00e9fend sa fraicheur et sa finesse, signature des vins d&#8217;Antoine-Marie<\/p>\n","protected":false},"excerpt":{"rendered":"<p>Cuv\u00e9e 100% Nielluciu sur argilo-calcaire. Vinification en cuve b\u00e9ton puis \u00e9levage en cuve inox. Cuv\u00e9e historique du domaine, belle densit\u00e9, tension, force de caract\u00e8re, un vin profond, taill\u00e9 pour la garde, mais qui d\u00e9fend sa fraicheur et sa finesse, signature des vins d&#8217;Antoine-Marie<\/p>\n","protected":false},"featured_media":60323,"template":"","meta":[],"product_cat":[3740],"product_tag":[],"acf":[],"yoast_head":"<!-- This site is optimized with the Yoast SEO plugin v19.3 - https:\/\/yoast.com\/wordpress\/plugins\/seo\/ -->\n<title>MEMORIA - Mes Vendanges<\/title>\n<meta name=\"robots\" content=\"index, follow, max-snippet:-1, max-image-preview:large, max-video-preview:-1\" \/>\n<link rel=\"canonical\" href=\"https:\/\/www.mesvendanges.com\/en\/shop\/wines\/memoria-arena-antoine-marie-2020-75cl\/\" \/>\n<meta property=\"og:locale\" content=\"en_US\" \/>\n<meta property=\"og:type\" content=\"article\" \/>\n<meta property=\"og:title\" content=\"MEMORIA - Mes Vendanges\" \/>\n<meta property=\"og:description\" content=\"Cuv\u00e9e 100% Nielluciu sur argilo-calcaire. Vinification en cuve b\u00e9ton puis \u00e9levage en cuve inox. Cuv\u00e9e historique du domaine, belle densit\u00e9, tension, force de caract\u00e8re, un vin profond, taill\u00e9 pour la garde, mais qui d\u00e9fend sa fraicheur et sa finesse, signature des vins d&#8217;Antoine-Marie\" \/>\n<meta property=\"og:url\" content=\"https:\/\/www.mesvendanges.com\/en\/shop\/wines\/memoria-arena-antoine-marie-2020-75cl\/\" \/>\n<meta property=\"og:site_name\" content=\"Mes Vendanges\" \/>\n<meta property=\"article:modified_time\" content=\"2026-03-30T14:44:55+00:00\" \/>\n<meta property=\"og:image\" content=\"https:\/\/www.mesvendanges.com\/wp-content\/uploads\/2022\/12\/arena-antoine-marie-memoria-patrimonio-2020-75cl-rouge-png.png\" \/>\n\t<meta property=\"og:image:width\" content=\"405\" \/>\n\t<meta property=\"og:image:height\" content=\"1500\" \/>\n\t<meta property=\"og:image:type\" content=\"image\/png\" \/>\n<meta name=\"twitter:card\" content=\"summary_large_image\" \/>\n<script type=\"application\/ld+json\" class=\"yoast-schema-graph\">{\"@context\":\"https:\/\/schema.org\",\"@graph\":[{\"@type\":\"Organization\",\"@id\":\"https:\/\/www.mesvendanges.com\/en\/#organization\",\"name\":\"Mes Vendanges\",\"url\":\"https:\/\/www.mesvendanges.com\/en\/\",\"sameAs\":[],\"logo\":{\"@type\":\"ImageObject\",\"inLanguage\":\"fr-FR\",\"@id\":\"https:\/\/www.mesvendanges.com\/en\/#\/schema\/logo\/image\/\",\"url\":\"https:\/\/www.mesvendanges.com\/wp-content\/uploads\/2022\/02\/logo-mesvendanges.jpg\",\"contentUrl\":\"https:\/\/www.mesvendanges.com\/wp-content\/uploads\/2022\/02\/logo-mesvendanges.jpg\",\"width\":851,\"height\":260,\"caption\":\"Mes Vendanges\"},\"image\":{\"@id\":\"https:\/\/www.mesvendanges.com\/en\/#\/schema\/logo\/image\/\"}},{\"@type\":\"WebSite\",\"@id\":\"https:\/\/www.mesvendanges.com\/en\/#website\",\"url\":\"https:\/\/www.mesvendanges.com\/en\/\",\"name\":\"Mes Vendanges\",\"description\":\"Des journ\u00e9es enti\u00e8res dans les vignes\",\"publisher\":{\"@id\":\"https:\/\/www.mesvendanges.com\/en\/#organization\"},\"potentialAction\":[{\"@type\":\"SearchAction\",\"target\":{\"@type\":\"EntryPoint\",\"urlTemplate\":\"https:\/\/www.mesvendanges.com\/en\/?s={search_term_string}\"},\"query-input\":\"required name=search_term_string\"}],\"inLanguage\":\"fr-FR\"},{\"@type\":\"ImageObject\",\"inLanguage\":\"fr-FR\",\"@id\":\"https:\/\/www.mesvendanges.com\/en\/shop\/wines\/memoria-arena-antoine-marie-2020-75cl\/#primaryimage\",\"url\":\"https:\/\/www.mesvendanges.com\/wp-content\/uploads\/2022\/12\/arena-antoine-marie-memoria-patrimonio-2020-75cl-rouge-png.png\",\"contentUrl\":\"https:\/\/www.mesvendanges.com\/wp-content\/uploads\/2022\/12\/arena-antoine-marie-memoria-patrimonio-2020-75cl-rouge-png.png\",\"width\":405,\"height\":1500},{\"@type\":\"WebPage\",\"@id\":\"https:\/\/www.mesvendanges.com\/en\/shop\/wines\/memoria-arena-antoine-marie-2020-75cl\/\",\"url\":\"https:\/\/www.mesvendanges.com\/en\/shop\/wines\/memoria-arena-antoine-marie-2020-75cl\/\",\"name\":\"MEMORIA - Mes Vendanges\",\"isPartOf\":{\"@id\":\"https:\/\/www.mesvendanges.com\/en\/#website\"},\"primaryImageOfPage\":{\"@id\":\"https:\/\/www.mesvendanges.com\/en\/shop\/wines\/memoria-arena-antoine-marie-2020-75cl\/#primaryimage\"},\"datePublished\":\"2022-12-23T11:21:08+00:00\",\"dateModified\":\"2026-03-30T14:44:55+00:00\",\"breadcrumb\":{\"@id\":\"https:\/\/www.mesvendanges.com\/en\/shop\/wines\/memoria-arena-antoine-marie-2020-75cl\/#breadcrumb\"},\"inLanguage\":\"fr-FR\",\"potentialAction\":[{\"@type\":\"ReadAction\",\"target\":[\"https:\/\/www.mesvendanges.com\/en\/shop\/wines\/memoria-arena-antoine-marie-2020-75cl\/\"]}]},{\"@type\":\"BreadcrumbList\",\"@id\":\"https:\/\/www.mesvendanges.com\/en\/shop\/wines\/memoria-arena-antoine-marie-2020-75cl\/#breadcrumb\",\"itemListElement\":[{\"@type\":\"ListItem\",\"position\":1,\"name\":\"Home\",\"item\":\"https:\/\/www.mesvendanges.com\/en\/\"},{\"@type\":\"ListItem\",\"position\":2,\"name\":\"Shop\",\"item\":\"https:\/\/www.mesvendanges.com\/en\/shop\/\"},{\"@type\":\"ListItem\",\"position\":3,\"name\":\"MEMORIA\"}]}]}<\/script>\n<!-- \/ Yoast SEO plugin. -->","yoast_head_json":{"title":"MEMORIA - Mes Vendanges","robots":{"index":"index","follow":"follow","max-snippet":"max-snippet:-1","max-image-preview":"max-image-preview:large","max-video-preview":"max-video-preview:-1"},"canonical":"https:\/\/www.mesvendanges.com\/en\/shop\/wines\/memoria-arena-antoine-marie-2020-75cl\/","og_locale":"en_US","og_type":"article","og_title":"MEMORIA - Mes Vendanges","og_description":"Cuv\u00e9e 100% Nielluciu sur argilo-calcaire. Vinification en cuve b\u00e9ton puis \u00e9levage en cuve inox. Cuv\u00e9e historique du domaine, belle densit\u00e9, tension, force de caract\u00e8re, un vin profond, taill\u00e9 pour la garde, mais qui d\u00e9fend sa fraicheur et sa finesse, signature des vins d&#8217;Antoine-Marie","og_url":"https:\/\/www.mesvendanges.com\/en\/shop\/wines\/memoria-arena-antoine-marie-2020-75cl\/","og_site_name":"Mes Vendanges","article_modified_time":"2026-03-30T14:44:55+00:00","og_image":[{"width":405,"height":1500,"url":"https:\/\/www.mesvendanges.com\/wp-content\/uploads\/2022\/12\/arena-antoine-marie-memoria-patrimonio-2020-75cl-rouge-png.png","type":"image\/png"}],"twitter_card":"summary_large_image","schema":{"@context":"https:\/\/schema.org","@graph":[{"@type":"Organization","@id":"https:\/\/www.mesvendanges.com\/en\/#organization","name":"Mes Vendanges","url":"https:\/\/www.mesvendanges.com\/en\/","sameAs":[],"logo":{"@type":"ImageObject","inLanguage":"fr-FR","@id":"https:\/\/www.mesvendanges.com\/en\/#\/schema\/logo\/image\/","url":"https:\/\/www.mesvendanges.com\/wp-content\/uploads\/2022\/02\/logo-mesvendanges.jpg","contentUrl":"https:\/\/www.mesvendanges.com\/wp-content\/uploads\/2022\/02\/logo-mesvendanges.jpg","width":851,"height":260,"caption":"Mes Vendanges"},"image":{"@id":"https:\/\/www.mesvendanges.com\/en\/#\/schema\/logo\/image\/"}},{"@type":"WebSite","@id":"https:\/\/www.mesvendanges.com\/en\/#website","url":"https:\/\/www.mesvendanges.com\/en\/","name":"Mes Vendanges","description":"Des journ\u00e9es enti\u00e8res dans les vignes","publisher":{"@id":"https:\/\/www.mesvendanges.com\/en\/#organization"},"potentialAction":[{"@type":"SearchAction","target":{"@type":"EntryPoint","urlTemplate":"https:\/\/www.mesvendanges.com\/en\/?s={search_term_string}"},"query-input":"required name=search_term_string"}],"inLanguage":"fr-FR"},{"@type":"ImageObject","inLanguage":"fr-FR","@id":"https:\/\/www.mesvendanges.com\/en\/shop\/wines\/memoria-arena-antoine-marie-2020-75cl\/#primaryimage","url":"https:\/\/www.mesvendanges.com\/wp-content\/uploads\/2022\/12\/arena-antoine-marie-memoria-patrimonio-2020-75cl-rouge-png.png","contentUrl":"https:\/\/www.mesvendanges.com\/wp-content\/uploads\/2022\/12\/arena-antoine-marie-memoria-patrimonio-2020-75cl-rouge-png.png","width":405,"height":1500},{"@type":"WebPage","@id":"https:\/\/www.mesvendanges.com\/en\/shop\/wines\/memoria-arena-antoine-marie-2020-75cl\/","url":"https:\/\/www.mesvendanges.com\/en\/shop\/wines\/memoria-arena-antoine-marie-2020-75cl\/","name":"MEMORIA - Mes Vendanges","isPartOf":{"@id":"https:\/\/www.mesvendanges.com\/en\/#website"},"primaryImageOfPage":{"@id":"https:\/\/www.mesvendanges.com\/en\/shop\/wines\/memoria-arena-antoine-marie-2020-75cl\/#primaryimage"},"datePublished":"2022-12-23T11:21:08+00:00","dateModified":"2026-03-30T14:44:55+00:00","breadcrumb":{"@id":"https:\/\/www.mesvendanges.com\/en\/shop\/wines\/memoria-arena-antoine-marie-2020-75cl\/#breadcrumb"},"inLanguage":"fr-FR","potentialAction":[{"@type":"ReadAction","target":["https:\/\/www.mesvendanges.com\/en\/shop\/wines\/memoria-arena-antoine-marie-2020-75cl\/"]}]},{"@type":"BreadcrumbList","@id":"https:\/\/www.mesvendanges.com\/en\/shop\/wines\/memoria-arena-antoine-marie-2020-75cl\/#breadcrumb","itemListElement":[{"@type":"ListItem","position":1,"name":"Home","item":"https:\/\/www.mesvendanges.com\/en\/"},{"@type":"ListItem","position":2,"name":"Shop","item":"https:\/\/www.mesvendanges.com\/en\/shop\/"},{"@type":"ListItem","position":3,"name":"MEMORIA"}]}]}},"_links":{"self":[{"href":"https:\/\/www.mesvendanges.com\/en\/wp-json\/wp\/v2\/product\/60326"}],"collection":[{"href":"https:\/\/www.mesvendanges.com\/en\/wp-json\/wp\/v2\/product"}],"about":[{"href":"https:\/\/www.mesvendanges.com\/en\/wp-json\/wp\/v2\/types\/product"}],"wp:featuredmedia":[{"embeddable":true,"href":"https:\/\/www.mesvendanges.com\/en\/wp-json\/wp\/v2\/media\/60323"}],"wp:attachment":[{"href":"https:\/\/www.mesvendanges.com\/en\/wp-json\/wp\/v2\/media?parent=60326"}],"wp:term":[{"taxonomy":"product_cat","embeddable":true,"href":"https:\/\/www.mesvendanges.com\/en\/wp-json\/wp\/v2\/product_cat?post=60326"},{"taxonomy":"product_tag","embeddable":true,"href":"https:\/\/www.mesvendanges.com\/en\/wp-json\/wp\/v2\/product_tag?post=60326"}],"curies":[{"name":"wp","href":"https:\/\/api.w.org\/{rel}","templated":true}]}}