{"id":60412,"date":"2022-12-28T16:24:14","date_gmt":"2022-12-28T15:24:14","guid":{"rendered":"https:\/\/www.mesvendanges.com\/shop\/uncategorized\/il-caberlot-magnum-il-carnasciale-2017-150cl\/"},"modified":"2025-05-01T16:09:39","modified_gmt":"2025-05-01T14:09:39","slug":"il-caberlot-magnum-il-carnasciale-2017-150cl","status":"publish","type":"product","link":"https:\/\/www.mesvendanges.com\/en\/shop\/wines\/il-caberlot-magnum-il-carnasciale-2017-150cl\/","title":{"rendered":"IL CABERLOT MAGNUM"},"content":{"rendered":"<p>Il Carnasciale doit son existence \u00e0 la d\u00e9couverte du c\u00e9page Caberlot, croisement naturel du Cabernet Franc et du Merlot. Ce c\u00e9page \u00e0 \u00e9t\u00e9 d\u00e9couvert par le p\u00e8re de Moritz Rogoski, avec lequel il a ensuite plant\u00e9 les vignes qui ont donn\u00e9 naissance au domaine, la premi\u00e8re datant de 1986.<\/p>\n<p>La cuv\u00e9e Il Caberlot est issue d&#8217;une s\u00e9lection des plus belles barriques des caberlots du domaine. C&#8217;est un coeur de Cuv\u00e9e comme la Guiraude de Graillot, ou les C\u00e9lestins de Bonneau. Un vin d&#8217;une incroyable intensit\u00e9, d&#8217;une pr\u00e9sence et d&#8217;une vibration folle. Majoritairement conditionn\u00e9 en magnum, c&#8217;est un vin taill\u00e9 pour une tr\u00e8s tr\u00e8s grande garde. Une merveille, totalement unique.<\/p>\n<p>Les fermentations ont lieu en cuve inox, puis la fermentation malolactique se d\u00e9roule en barrique.L&#8217;\u00e9levage dure 22 mois en barriques (70% de barriques neuvees), puis les vins sont mis en bouteille et gard\u00e9s au minimum 16 mois avant commercialisation<\/p>\n<p>Production moyenne : 100 doubles magnums &#8211; 2500\/3500 magnums &#8211; 1000\/2000 bouteilles<\/p>\n","protected":false},"excerpt":{"rendered":"<p>Il Carnasciale doit son existence \u00e0 la d\u00e9couverte du c\u00e9page Caberlot, croisement naturel du Cabernet Franc et du Merlot. Ce c\u00e9page \u00e0 \u00e9t\u00e9 d\u00e9couvert par le p\u00e8re de Moritz Rogoski, avec lequel il a ensuite plant\u00e9 les vignes qui ont donn\u00e9 naissance au domaine, la premi\u00e8re datant de 1986. La cuv\u00e9e Il Caberlot est issue [&hellip;]<\/p>\n","protected":false},"featured_media":60914,"template":"","meta":[],"product_cat":[3740],"product_tag":[],"acf":[],"yoast_head":"<!-- This site is optimized with the Yoast SEO plugin v19.3 - https:\/\/yoast.com\/wordpress\/plugins\/seo\/ -->\n<title>IL CABERLOT MAGNUM - Mes Vendanges<\/title>\n<meta name=\"robots\" content=\"index, follow, max-snippet:-1, max-image-preview:large, max-video-preview:-1\" \/>\n<link rel=\"canonical\" href=\"https:\/\/www.mesvendanges.com\/en\/shop\/wines\/il-caberlot-magnum-il-carnasciale-2017-150cl\/\" \/>\n<meta property=\"og:locale\" content=\"en_US\" \/>\n<meta property=\"og:type\" content=\"article\" \/>\n<meta property=\"og:title\" content=\"IL CABERLOT MAGNUM - Mes Vendanges\" \/>\n<meta property=\"og:description\" content=\"Il Carnasciale doit son existence \u00e0 la d\u00e9couverte du c\u00e9page Caberlot, croisement naturel du Cabernet Franc et du Merlot. Ce c\u00e9page \u00e0 \u00e9t\u00e9 d\u00e9couvert par le p\u00e8re de Moritz Rogoski, avec lequel il a ensuite plant\u00e9 les vignes qui ont donn\u00e9 naissance au domaine, la premi\u00e8re datant de 1986. La cuv\u00e9e Il Caberlot est issue [&hellip;]\" \/>\n<meta property=\"og:url\" content=\"https:\/\/www.mesvendanges.com\/en\/shop\/wines\/il-caberlot-magnum-il-carnasciale-2017-150cl\/\" \/>\n<meta property=\"og:site_name\" content=\"Mes Vendanges\" \/>\n<meta property=\"article:modified_time\" content=\"2025-05-01T14:09:39+00:00\" \/>\n<meta property=\"og:image\" content=\"https:\/\/www.mesvendanges.com\/wp-content\/uploads\/2023\/02\/il-carnasciale-il-caberlot-magnum-toscana-2017-150cl-rouge-png.png\" \/>\n\t<meta property=\"og:image:width\" content=\"372\" \/>\n\t<meta property=\"og:image:height\" content=\"1500\" \/>\n\t<meta property=\"og:image:type\" content=\"image\/png\" \/>\n<meta name=\"twitter:card\" content=\"summary_large_image\" \/>\n<meta name=\"twitter:label1\" content=\"Est. reading time\" \/>\n\t<meta name=\"twitter:data1\" content=\"1 minute\" \/>\n<script type=\"application\/ld+json\" class=\"yoast-schema-graph\">{\"@context\":\"https:\/\/schema.org\",\"@graph\":[{\"@type\":\"Organization\",\"@id\":\"https:\/\/www.mesvendanges.com\/en\/#organization\",\"name\":\"Mes Vendanges\",\"url\":\"https:\/\/www.mesvendanges.com\/en\/\",\"sameAs\":[],\"logo\":{\"@type\":\"ImageObject\",\"inLanguage\":\"fr-FR\",\"@id\":\"https:\/\/www.mesvendanges.com\/en\/#\/schema\/logo\/image\/\",\"url\":\"https:\/\/www.mesvendanges.com\/wp-content\/uploads\/2022\/02\/logo-mesvendanges.jpg\",\"contentUrl\":\"https:\/\/www.mesvendanges.com\/wp-content\/uploads\/2022\/02\/logo-mesvendanges.jpg\",\"width\":851,\"height\":260,\"caption\":\"Mes Vendanges\"},\"image\":{\"@id\":\"https:\/\/www.mesvendanges.com\/en\/#\/schema\/logo\/image\/\"}},{\"@type\":\"WebSite\",\"@id\":\"https:\/\/www.mesvendanges.com\/en\/#website\",\"url\":\"https:\/\/www.mesvendanges.com\/en\/\",\"name\":\"Mes Vendanges\",\"description\":\"Des journ\u00e9es enti\u00e8res dans les vignes\",\"publisher\":{\"@id\":\"https:\/\/www.mesvendanges.com\/en\/#organization\"},\"potentialAction\":[{\"@type\":\"SearchAction\",\"target\":{\"@type\":\"EntryPoint\",\"urlTemplate\":\"https:\/\/www.mesvendanges.com\/en\/?s={search_term_string}\"},\"query-input\":\"required name=search_term_string\"}],\"inLanguage\":\"fr-FR\"},{\"@type\":\"ImageObject\",\"inLanguage\":\"fr-FR\",\"@id\":\"https:\/\/www.mesvendanges.com\/en\/shop\/wines\/il-caberlot-magnum-il-carnasciale-2017-150cl\/#primaryimage\",\"url\":\"https:\/\/www.mesvendanges.com\/wp-content\/uploads\/2023\/02\/il-carnasciale-il-caberlot-magnum-toscana-2017-150cl-rouge-png.png\",\"contentUrl\":\"https:\/\/www.mesvendanges.com\/wp-content\/uploads\/2023\/02\/il-carnasciale-il-caberlot-magnum-toscana-2017-150cl-rouge-png.png\",\"width\":372,\"height\":1500},{\"@type\":\"WebPage\",\"@id\":\"https:\/\/www.mesvendanges.com\/en\/shop\/wines\/il-caberlot-magnum-il-carnasciale-2017-150cl\/\",\"url\":\"https:\/\/www.mesvendanges.com\/en\/shop\/wines\/il-caberlot-magnum-il-carnasciale-2017-150cl\/\",\"name\":\"IL CABERLOT MAGNUM - Mes Vendanges\",\"isPartOf\":{\"@id\":\"https:\/\/www.mesvendanges.com\/en\/#website\"},\"primaryImageOfPage\":{\"@id\":\"https:\/\/www.mesvendanges.com\/en\/shop\/wines\/il-caberlot-magnum-il-carnasciale-2017-150cl\/#primaryimage\"},\"datePublished\":\"2022-12-28T15:24:14+00:00\",\"dateModified\":\"2025-05-01T14:09:39+00:00\",\"breadcrumb\":{\"@id\":\"https:\/\/www.mesvendanges.com\/en\/shop\/wines\/il-caberlot-magnum-il-carnasciale-2017-150cl\/#breadcrumb\"},\"inLanguage\":\"fr-FR\",\"potentialAction\":[{\"@type\":\"ReadAction\",\"target\":[\"https:\/\/www.mesvendanges.com\/en\/shop\/wines\/il-caberlot-magnum-il-carnasciale-2017-150cl\/\"]}]},{\"@type\":\"BreadcrumbList\",\"@id\":\"https:\/\/www.mesvendanges.com\/en\/shop\/wines\/il-caberlot-magnum-il-carnasciale-2017-150cl\/#breadcrumb\",\"itemListElement\":[{\"@type\":\"ListItem\",\"position\":1,\"name\":\"Home\",\"item\":\"https:\/\/www.mesvendanges.com\/en\/\"},{\"@type\":\"ListItem\",\"position\":2,\"name\":\"Shop\",\"item\":\"https:\/\/www.mesvendanges.com\/en\/shop\/\"},{\"@type\":\"ListItem\",\"position\":3,\"name\":\"IL CABERLOT MAGNUM\"}]}]}<\/script>\n<!-- \/ Yoast SEO plugin. -->","yoast_head_json":{"title":"IL CABERLOT MAGNUM - Mes Vendanges","robots":{"index":"index","follow":"follow","max-snippet":"max-snippet:-1","max-image-preview":"max-image-preview:large","max-video-preview":"max-video-preview:-1"},"canonical":"https:\/\/www.mesvendanges.com\/en\/shop\/wines\/il-caberlot-magnum-il-carnasciale-2017-150cl\/","og_locale":"en_US","og_type":"article","og_title":"IL CABERLOT MAGNUM - Mes Vendanges","og_description":"Il Carnasciale doit son existence \u00e0 la d\u00e9couverte du c\u00e9page Caberlot, croisement naturel du Cabernet Franc et du Merlot. Ce c\u00e9page \u00e0 \u00e9t\u00e9 d\u00e9couvert par le p\u00e8re de Moritz Rogoski, avec lequel il a ensuite plant\u00e9 les vignes qui ont donn\u00e9 naissance au domaine, la premi\u00e8re datant de 1986. La cuv\u00e9e Il Caberlot est issue [&hellip;]","og_url":"https:\/\/www.mesvendanges.com\/en\/shop\/wines\/il-caberlot-magnum-il-carnasciale-2017-150cl\/","og_site_name":"Mes Vendanges","article_modified_time":"2025-05-01T14:09:39+00:00","og_image":[{"width":372,"height":1500,"url":"https:\/\/www.mesvendanges.com\/wp-content\/uploads\/2023\/02\/il-carnasciale-il-caberlot-magnum-toscana-2017-150cl-rouge-png.png","type":"image\/png"}],"twitter_card":"summary_large_image","twitter_misc":{"Est. reading time":"1 minute"},"schema":{"@context":"https:\/\/schema.org","@graph":[{"@type":"Organization","@id":"https:\/\/www.mesvendanges.com\/en\/#organization","name":"Mes Vendanges","url":"https:\/\/www.mesvendanges.com\/en\/","sameAs":[],"logo":{"@type":"ImageObject","inLanguage":"fr-FR","@id":"https:\/\/www.mesvendanges.com\/en\/#\/schema\/logo\/image\/","url":"https:\/\/www.mesvendanges.com\/wp-content\/uploads\/2022\/02\/logo-mesvendanges.jpg","contentUrl":"https:\/\/www.mesvendanges.com\/wp-content\/uploads\/2022\/02\/logo-mesvendanges.jpg","width":851,"height":260,"caption":"Mes Vendanges"},"image":{"@id":"https:\/\/www.mesvendanges.com\/en\/#\/schema\/logo\/image\/"}},{"@type":"WebSite","@id":"https:\/\/www.mesvendanges.com\/en\/#website","url":"https:\/\/www.mesvendanges.com\/en\/","name":"Mes Vendanges","description":"Des journ\u00e9es enti\u00e8res dans les vignes","publisher":{"@id":"https:\/\/www.mesvendanges.com\/en\/#organization"},"potentialAction":[{"@type":"SearchAction","target":{"@type":"EntryPoint","urlTemplate":"https:\/\/www.mesvendanges.com\/en\/?s={search_term_string}"},"query-input":"required name=search_term_string"}],"inLanguage":"fr-FR"},{"@type":"ImageObject","inLanguage":"fr-FR","@id":"https:\/\/www.mesvendanges.com\/en\/shop\/wines\/il-caberlot-magnum-il-carnasciale-2017-150cl\/#primaryimage","url":"https:\/\/www.mesvendanges.com\/wp-content\/uploads\/2023\/02\/il-carnasciale-il-caberlot-magnum-toscana-2017-150cl-rouge-png.png","contentUrl":"https:\/\/www.mesvendanges.com\/wp-content\/uploads\/2023\/02\/il-carnasciale-il-caberlot-magnum-toscana-2017-150cl-rouge-png.png","width":372,"height":1500},{"@type":"WebPage","@id":"https:\/\/www.mesvendanges.com\/en\/shop\/wines\/il-caberlot-magnum-il-carnasciale-2017-150cl\/","url":"https:\/\/www.mesvendanges.com\/en\/shop\/wines\/il-caberlot-magnum-il-carnasciale-2017-150cl\/","name":"IL CABERLOT MAGNUM - Mes Vendanges","isPartOf":{"@id":"https:\/\/www.mesvendanges.com\/en\/#website"},"primaryImageOfPage":{"@id":"https:\/\/www.mesvendanges.com\/en\/shop\/wines\/il-caberlot-magnum-il-carnasciale-2017-150cl\/#primaryimage"},"datePublished":"2022-12-28T15:24:14+00:00","dateModified":"2025-05-01T14:09:39+00:00","breadcrumb":{"@id":"https:\/\/www.mesvendanges.com\/en\/shop\/wines\/il-caberlot-magnum-il-carnasciale-2017-150cl\/#breadcrumb"},"inLanguage":"fr-FR","potentialAction":[{"@type":"ReadAction","target":["https:\/\/www.mesvendanges.com\/en\/shop\/wines\/il-caberlot-magnum-il-carnasciale-2017-150cl\/"]}]},{"@type":"BreadcrumbList","@id":"https:\/\/www.mesvendanges.com\/en\/shop\/wines\/il-caberlot-magnum-il-carnasciale-2017-150cl\/#breadcrumb","itemListElement":[{"@type":"ListItem","position":1,"name":"Home","item":"https:\/\/www.mesvendanges.com\/en\/"},{"@type":"ListItem","position":2,"name":"Shop","item":"https:\/\/www.mesvendanges.com\/en\/shop\/"},{"@type":"ListItem","position":3,"name":"IL CABERLOT MAGNUM"}]}]}},"_links":{"self":[{"href":"https:\/\/www.mesvendanges.com\/en\/wp-json\/wp\/v2\/product\/60412"}],"collection":[{"href":"https:\/\/www.mesvendanges.com\/en\/wp-json\/wp\/v2\/product"}],"about":[{"href":"https:\/\/www.mesvendanges.com\/en\/wp-json\/wp\/v2\/types\/product"}],"wp:featuredmedia":[{"embeddable":true,"href":"https:\/\/www.mesvendanges.com\/en\/wp-json\/wp\/v2\/media\/60914"}],"wp:attachment":[{"href":"https:\/\/www.mesvendanges.com\/en\/wp-json\/wp\/v2\/media?parent=60412"}],"wp:term":[{"taxonomy":"product_cat","embeddable":true,"href":"https:\/\/www.mesvendanges.com\/en\/wp-json\/wp\/v2\/product_cat?post=60412"},{"taxonomy":"product_tag","embeddable":true,"href":"https:\/\/www.mesvendanges.com\/en\/wp-json\/wp\/v2\/product_tag?post=60412"}],"curies":[{"name":"wp","href":"https:\/\/api.w.org\/{rel}","templated":true}]}}