{"id":60416,"date":"2022-12-28T16:30:51","date_gmt":"2022-12-28T15:30:51","guid":{"rendered":"https:\/\/www.mesvendanges.com\/shop\/uncategorized\/carnasciale-il-carnasciale-2019-75cl\/"},"modified":"2025-05-01T16:09:28","modified_gmt":"2025-05-01T14:09:28","slug":"carnasciale-il-carnasciale-2019-75cl","status":"publish","type":"product","link":"https:\/\/www.mesvendanges.com\/en\/shop\/wines\/carnasciale-il-carnasciale-2019-75cl\/","title":{"rendered":"CARNASCIALE"},"content":{"rendered":"<p>Il Carnasciale doit son existence \u00e0 la d\u00e9couverte du c\u00e9page Caberlot, croisement naturel du Cabernet Franc et du Merlot. Ce c\u00e9page \u00e0 \u00e9t\u00e9 d\u00e9couvert par le p\u00e8re de Moritz Rogoski, avec lequel il a ensuite plant\u00e9 les vignes qui ont donn\u00e9 naissance au domaine, la premi\u00e8re datant de 1986.<\/p>\n<p>Ici nous retrouvons toute la magie de ce c\u00e9page avec un vin tr\u00e8s intense, rac\u00e9, aux parfums ent\u00e9tant de cerise noir, d&#8217;encens, doucement \u00e9pic\u00e9. La bouche est concentr\u00e9e, avec un tr\u00e8s beau grain de tanin qui laisse pr\u00e9sager d&#8217;un tr\u00e8s beau vieillissement. Une bouteille de tr\u00e8s haut niveau.<\/p>\n<p>Les fermentations ont lieu en cuve inox, puis la fermentation malolactique se d\u00e9roule en barrique.L&#8217;\u00e9levage dure 22 mois en barriques (70% de barriques neuvees)<br \/>\nProduction moyenne : 6000\/8000 bouteilles par an<\/p>\n","protected":false},"excerpt":{"rendered":"<p>Il Carnasciale doit son existence \u00e0 la d\u00e9couverte du c\u00e9page Caberlot, croisement naturel du Cabernet Franc et du Merlot. Ce c\u00e9page \u00e0 \u00e9t\u00e9 d\u00e9couvert par le p\u00e8re de Moritz Rogoski, avec lequel il a ensuite plant\u00e9 les vignes qui ont donn\u00e9 naissance au domaine, la premi\u00e8re datant de 1986. Ici nous retrouvons toute la magie [&hellip;]<\/p>\n","protected":false},"featured_media":60912,"template":"","meta":[],"product_cat":[3740],"product_tag":[],"acf":[],"yoast_head":"<!-- This site is optimized with the Yoast SEO plugin v19.3 - https:\/\/yoast.com\/wordpress\/plugins\/seo\/ -->\n<title>CARNASCIALE - Mes Vendanges<\/title>\n<meta name=\"robots\" content=\"index, follow, max-snippet:-1, max-image-preview:large, max-video-preview:-1\" \/>\n<link rel=\"canonical\" href=\"https:\/\/www.mesvendanges.com\/en\/shop\/wines\/carnasciale-il-carnasciale-2019-75cl\/\" \/>\n<meta property=\"og:locale\" content=\"en_US\" \/>\n<meta property=\"og:type\" content=\"article\" \/>\n<meta property=\"og:title\" content=\"CARNASCIALE - Mes Vendanges\" \/>\n<meta property=\"og:description\" content=\"Il Carnasciale doit son existence \u00e0 la d\u00e9couverte du c\u00e9page Caberlot, croisement naturel du Cabernet Franc et du Merlot. Ce c\u00e9page \u00e0 \u00e9t\u00e9 d\u00e9couvert par le p\u00e8re de Moritz Rogoski, avec lequel il a ensuite plant\u00e9 les vignes qui ont donn\u00e9 naissance au domaine, la premi\u00e8re datant de 1986. Ici nous retrouvons toute la magie [&hellip;]\" \/>\n<meta property=\"og:url\" content=\"https:\/\/www.mesvendanges.com\/en\/shop\/wines\/carnasciale-il-carnasciale-2019-75cl\/\" \/>\n<meta property=\"og:site_name\" content=\"Mes Vendanges\" \/>\n<meta property=\"article:modified_time\" content=\"2025-05-01T14:09:28+00:00\" \/>\n<meta property=\"og:image\" content=\"https:\/\/www.mesvendanges.com\/wp-content\/uploads\/2023\/02\/il-carnasciale-carnasciale-toscana-2019-75cl-rouge-png.png\" \/>\n\t<meta property=\"og:image:width\" content=\"364\" \/>\n\t<meta property=\"og:image:height\" content=\"1500\" \/>\n\t<meta property=\"og:image:type\" content=\"image\/png\" \/>\n<meta name=\"twitter:card\" content=\"summary_large_image\" \/>\n<meta name=\"twitter:label1\" content=\"Est. reading time\" \/>\n\t<meta name=\"twitter:data1\" content=\"1 minute\" \/>\n<script type=\"application\/ld+json\" class=\"yoast-schema-graph\">{\"@context\":\"https:\/\/schema.org\",\"@graph\":[{\"@type\":\"Organization\",\"@id\":\"https:\/\/www.mesvendanges.com\/en\/#organization\",\"name\":\"Mes Vendanges\",\"url\":\"https:\/\/www.mesvendanges.com\/en\/\",\"sameAs\":[],\"logo\":{\"@type\":\"ImageObject\",\"inLanguage\":\"fr-FR\",\"@id\":\"https:\/\/www.mesvendanges.com\/en\/#\/schema\/logo\/image\/\",\"url\":\"https:\/\/www.mesvendanges.com\/wp-content\/uploads\/2022\/02\/logo-mesvendanges.jpg\",\"contentUrl\":\"https:\/\/www.mesvendanges.com\/wp-content\/uploads\/2022\/02\/logo-mesvendanges.jpg\",\"width\":851,\"height\":260,\"caption\":\"Mes Vendanges\"},\"image\":{\"@id\":\"https:\/\/www.mesvendanges.com\/en\/#\/schema\/logo\/image\/\"}},{\"@type\":\"WebSite\",\"@id\":\"https:\/\/www.mesvendanges.com\/en\/#website\",\"url\":\"https:\/\/www.mesvendanges.com\/en\/\",\"name\":\"Mes Vendanges\",\"description\":\"Des journ\u00e9es enti\u00e8res dans les vignes\",\"publisher\":{\"@id\":\"https:\/\/www.mesvendanges.com\/en\/#organization\"},\"potentialAction\":[{\"@type\":\"SearchAction\",\"target\":{\"@type\":\"EntryPoint\",\"urlTemplate\":\"https:\/\/www.mesvendanges.com\/en\/?s={search_term_string}\"},\"query-input\":\"required name=search_term_string\"}],\"inLanguage\":\"fr-FR\"},{\"@type\":\"ImageObject\",\"inLanguage\":\"fr-FR\",\"@id\":\"https:\/\/www.mesvendanges.com\/en\/shop\/wines\/carnasciale-il-carnasciale-2019-75cl\/#primaryimage\",\"url\":\"https:\/\/www.mesvendanges.com\/wp-content\/uploads\/2023\/02\/il-carnasciale-carnasciale-toscana-2019-75cl-rouge-png.png\",\"contentUrl\":\"https:\/\/www.mesvendanges.com\/wp-content\/uploads\/2023\/02\/il-carnasciale-carnasciale-toscana-2019-75cl-rouge-png.png\",\"width\":364,\"height\":1500},{\"@type\":\"WebPage\",\"@id\":\"https:\/\/www.mesvendanges.com\/en\/shop\/wines\/carnasciale-il-carnasciale-2019-75cl\/\",\"url\":\"https:\/\/www.mesvendanges.com\/en\/shop\/wines\/carnasciale-il-carnasciale-2019-75cl\/\",\"name\":\"CARNASCIALE - Mes Vendanges\",\"isPartOf\":{\"@id\":\"https:\/\/www.mesvendanges.com\/en\/#website\"},\"primaryImageOfPage\":{\"@id\":\"https:\/\/www.mesvendanges.com\/en\/shop\/wines\/carnasciale-il-carnasciale-2019-75cl\/#primaryimage\"},\"datePublished\":\"2022-12-28T15:30:51+00:00\",\"dateModified\":\"2025-05-01T14:09:28+00:00\",\"breadcrumb\":{\"@id\":\"https:\/\/www.mesvendanges.com\/en\/shop\/wines\/carnasciale-il-carnasciale-2019-75cl\/#breadcrumb\"},\"inLanguage\":\"fr-FR\",\"potentialAction\":[{\"@type\":\"ReadAction\",\"target\":[\"https:\/\/www.mesvendanges.com\/en\/shop\/wines\/carnasciale-il-carnasciale-2019-75cl\/\"]}]},{\"@type\":\"BreadcrumbList\",\"@id\":\"https:\/\/www.mesvendanges.com\/en\/shop\/wines\/carnasciale-il-carnasciale-2019-75cl\/#breadcrumb\",\"itemListElement\":[{\"@type\":\"ListItem\",\"position\":1,\"name\":\"Home\",\"item\":\"https:\/\/www.mesvendanges.com\/en\/\"},{\"@type\":\"ListItem\",\"position\":2,\"name\":\"Shop\",\"item\":\"https:\/\/www.mesvendanges.com\/en\/shop\/\"},{\"@type\":\"ListItem\",\"position\":3,\"name\":\"CARNASCIALE\"}]}]}<\/script>\n<!-- \/ Yoast SEO plugin. -->","yoast_head_json":{"title":"CARNASCIALE - Mes Vendanges","robots":{"index":"index","follow":"follow","max-snippet":"max-snippet:-1","max-image-preview":"max-image-preview:large","max-video-preview":"max-video-preview:-1"},"canonical":"https:\/\/www.mesvendanges.com\/en\/shop\/wines\/carnasciale-il-carnasciale-2019-75cl\/","og_locale":"en_US","og_type":"article","og_title":"CARNASCIALE - Mes Vendanges","og_description":"Il Carnasciale doit son existence \u00e0 la d\u00e9couverte du c\u00e9page Caberlot, croisement naturel du Cabernet Franc et du Merlot. Ce c\u00e9page \u00e0 \u00e9t\u00e9 d\u00e9couvert par le p\u00e8re de Moritz Rogoski, avec lequel il a ensuite plant\u00e9 les vignes qui ont donn\u00e9 naissance au domaine, la premi\u00e8re datant de 1986. Ici nous retrouvons toute la magie [&hellip;]","og_url":"https:\/\/www.mesvendanges.com\/en\/shop\/wines\/carnasciale-il-carnasciale-2019-75cl\/","og_site_name":"Mes Vendanges","article_modified_time":"2025-05-01T14:09:28+00:00","og_image":[{"width":364,"height":1500,"url":"https:\/\/www.mesvendanges.com\/wp-content\/uploads\/2023\/02\/il-carnasciale-carnasciale-toscana-2019-75cl-rouge-png.png","type":"image\/png"}],"twitter_card":"summary_large_image","twitter_misc":{"Est. reading time":"1 minute"},"schema":{"@context":"https:\/\/schema.org","@graph":[{"@type":"Organization","@id":"https:\/\/www.mesvendanges.com\/en\/#organization","name":"Mes Vendanges","url":"https:\/\/www.mesvendanges.com\/en\/","sameAs":[],"logo":{"@type":"ImageObject","inLanguage":"fr-FR","@id":"https:\/\/www.mesvendanges.com\/en\/#\/schema\/logo\/image\/","url":"https:\/\/www.mesvendanges.com\/wp-content\/uploads\/2022\/02\/logo-mesvendanges.jpg","contentUrl":"https:\/\/www.mesvendanges.com\/wp-content\/uploads\/2022\/02\/logo-mesvendanges.jpg","width":851,"height":260,"caption":"Mes Vendanges"},"image":{"@id":"https:\/\/www.mesvendanges.com\/en\/#\/schema\/logo\/image\/"}},{"@type":"WebSite","@id":"https:\/\/www.mesvendanges.com\/en\/#website","url":"https:\/\/www.mesvendanges.com\/en\/","name":"Mes Vendanges","description":"Des journ\u00e9es enti\u00e8res dans les vignes","publisher":{"@id":"https:\/\/www.mesvendanges.com\/en\/#organization"},"potentialAction":[{"@type":"SearchAction","target":{"@type":"EntryPoint","urlTemplate":"https:\/\/www.mesvendanges.com\/en\/?s={search_term_string}"},"query-input":"required name=search_term_string"}],"inLanguage":"fr-FR"},{"@type":"ImageObject","inLanguage":"fr-FR","@id":"https:\/\/www.mesvendanges.com\/en\/shop\/wines\/carnasciale-il-carnasciale-2019-75cl\/#primaryimage","url":"https:\/\/www.mesvendanges.com\/wp-content\/uploads\/2023\/02\/il-carnasciale-carnasciale-toscana-2019-75cl-rouge-png.png","contentUrl":"https:\/\/www.mesvendanges.com\/wp-content\/uploads\/2023\/02\/il-carnasciale-carnasciale-toscana-2019-75cl-rouge-png.png","width":364,"height":1500},{"@type":"WebPage","@id":"https:\/\/www.mesvendanges.com\/en\/shop\/wines\/carnasciale-il-carnasciale-2019-75cl\/","url":"https:\/\/www.mesvendanges.com\/en\/shop\/wines\/carnasciale-il-carnasciale-2019-75cl\/","name":"CARNASCIALE - Mes Vendanges","isPartOf":{"@id":"https:\/\/www.mesvendanges.com\/en\/#website"},"primaryImageOfPage":{"@id":"https:\/\/www.mesvendanges.com\/en\/shop\/wines\/carnasciale-il-carnasciale-2019-75cl\/#primaryimage"},"datePublished":"2022-12-28T15:30:51+00:00","dateModified":"2025-05-01T14:09:28+00:00","breadcrumb":{"@id":"https:\/\/www.mesvendanges.com\/en\/shop\/wines\/carnasciale-il-carnasciale-2019-75cl\/#breadcrumb"},"inLanguage":"fr-FR","potentialAction":[{"@type":"ReadAction","target":["https:\/\/www.mesvendanges.com\/en\/shop\/wines\/carnasciale-il-carnasciale-2019-75cl\/"]}]},{"@type":"BreadcrumbList","@id":"https:\/\/www.mesvendanges.com\/en\/shop\/wines\/carnasciale-il-carnasciale-2019-75cl\/#breadcrumb","itemListElement":[{"@type":"ListItem","position":1,"name":"Home","item":"https:\/\/www.mesvendanges.com\/en\/"},{"@type":"ListItem","position":2,"name":"Shop","item":"https:\/\/www.mesvendanges.com\/en\/shop\/"},{"@type":"ListItem","position":3,"name":"CARNASCIALE"}]}]}},"_links":{"self":[{"href":"https:\/\/www.mesvendanges.com\/en\/wp-json\/wp\/v2\/product\/60416"}],"collection":[{"href":"https:\/\/www.mesvendanges.com\/en\/wp-json\/wp\/v2\/product"}],"about":[{"href":"https:\/\/www.mesvendanges.com\/en\/wp-json\/wp\/v2\/types\/product"}],"wp:featuredmedia":[{"embeddable":true,"href":"https:\/\/www.mesvendanges.com\/en\/wp-json\/wp\/v2\/media\/60912"}],"wp:attachment":[{"href":"https:\/\/www.mesvendanges.com\/en\/wp-json\/wp\/v2\/media?parent=60416"}],"wp:term":[{"taxonomy":"product_cat","embeddable":true,"href":"https:\/\/www.mesvendanges.com\/en\/wp-json\/wp\/v2\/product_cat?post=60416"},{"taxonomy":"product_tag","embeddable":true,"href":"https:\/\/www.mesvendanges.com\/en\/wp-json\/wp\/v2\/product_tag?post=60416"}],"curies":[{"name":"wp","href":"https:\/\/api.w.org\/{rel}","templated":true}]}}