{"id":60439,"date":"2022-12-28T17:30:56","date_gmt":"2022-12-28T16:30:56","guid":{"rendered":"https:\/\/www.mesvendanges.com\/shop\/uncategorized\/nardo-montepeloso-2019-75cl\/"},"modified":"2025-05-01T16:58:52","modified_gmt":"2025-05-01T14:58:52","slug":"nardo-montepeloso-2019-75cl","status":"publish","type":"product","link":"https:\/\/www.mesvendanges.com\/en\/shop\/wines\/nardo-montepeloso-2019-75cl\/","title":{"rendered":"NARDO"},"content":{"rendered":"<p>Avec Nardo nous rentrons dans le monde des parcellaires de Montepeloso. Ici la priorit\u00e9 est encore donn\u00e9e aux c\u00e9pages locaux. Travail minutieux de la vigne, petits rendements et vengange \u00e0 maturit\u00e9 id\u00e9ale permettent de rentrer des raisins concentr\u00e9s mais parfaitement \u00e9quilibr\u00e9s. Il en r\u00e9sulte un vin profond\u00e9ment intense, dense, marqu\u00e9 par les fruits noirs et une robe sombre, une puissance int\u00e9rieure mais aussi beaucoup d&#8217;\u00e9l\u00e9gance, signature du domaine.<\/p>\n","protected":false},"excerpt":{"rendered":"<p>Avec Nardo nous rentrons dans le monde des parcellaires de Montepeloso. Ici la priorit\u00e9 est encore donn\u00e9e aux c\u00e9pages locaux. Travail minutieux de la vigne, petits rendements et vengange \u00e0 maturit\u00e9 id\u00e9ale permettent de rentrer des raisins concentr\u00e9s mais parfaitement \u00e9quilibr\u00e9s. Il en r\u00e9sulte un vin profond\u00e9ment intense, dense, marqu\u00e9 par les fruits noirs et [&hellip;]<\/p>\n","protected":false},"featured_media":60815,"template":"","meta":[],"product_cat":[3740],"product_tag":[],"acf":[],"yoast_head":"<!-- This site is optimized with the Yoast SEO plugin v19.3 - https:\/\/yoast.com\/wordpress\/plugins\/seo\/ -->\n<title>NARDO - Mes Vendanges<\/title>\n<meta name=\"robots\" content=\"index, follow, max-snippet:-1, max-image-preview:large, max-video-preview:-1\" \/>\n<link rel=\"canonical\" href=\"https:\/\/www.mesvendanges.com\/en\/shop\/wines\/nardo-montepeloso-2019-75cl\/\" \/>\n<meta property=\"og:locale\" content=\"en_US\" \/>\n<meta property=\"og:type\" content=\"article\" \/>\n<meta property=\"og:title\" content=\"NARDO - Mes Vendanges\" \/>\n<meta property=\"og:description\" content=\"Avec Nardo nous rentrons dans le monde des parcellaires de Montepeloso. Ici la priorit\u00e9 est encore donn\u00e9e aux c\u00e9pages locaux. Travail minutieux de la vigne, petits rendements et vengange \u00e0 maturit\u00e9 id\u00e9ale permettent de rentrer des raisins concentr\u00e9s mais parfaitement \u00e9quilibr\u00e9s. Il en r\u00e9sulte un vin profond\u00e9ment intense, dense, marqu\u00e9 par les fruits noirs et [&hellip;]\" \/>\n<meta property=\"og:url\" content=\"https:\/\/www.mesvendanges.com\/en\/shop\/wines\/nardo-montepeloso-2019-75cl\/\" \/>\n<meta property=\"og:site_name\" content=\"Mes Vendanges\" \/>\n<meta property=\"article:modified_time\" content=\"2025-05-01T14:58:52+00:00\" \/>\n<meta property=\"og:image\" content=\"https:\/\/www.mesvendanges.com\/wp-content\/uploads\/2023\/02\/montepeloso-nardo-costa-toscana-2019-75cl-rouge-png.png\" \/>\n\t<meta property=\"og:image:width\" content=\"367\" \/>\n\t<meta property=\"og:image:height\" content=\"1500\" \/>\n\t<meta property=\"og:image:type\" content=\"image\/png\" \/>\n<meta name=\"twitter:card\" content=\"summary_large_image\" \/>\n<script type=\"application\/ld+json\" class=\"yoast-schema-graph\">{\"@context\":\"https:\/\/schema.org\",\"@graph\":[{\"@type\":\"Organization\",\"@id\":\"https:\/\/www.mesvendanges.com\/en\/#organization\",\"name\":\"Mes Vendanges\",\"url\":\"https:\/\/www.mesvendanges.com\/en\/\",\"sameAs\":[],\"logo\":{\"@type\":\"ImageObject\",\"inLanguage\":\"fr-FR\",\"@id\":\"https:\/\/www.mesvendanges.com\/en\/#\/schema\/logo\/image\/\",\"url\":\"https:\/\/www.mesvendanges.com\/wp-content\/uploads\/2022\/02\/logo-mesvendanges.jpg\",\"contentUrl\":\"https:\/\/www.mesvendanges.com\/wp-content\/uploads\/2022\/02\/logo-mesvendanges.jpg\",\"width\":851,\"height\":260,\"caption\":\"Mes Vendanges\"},\"image\":{\"@id\":\"https:\/\/www.mesvendanges.com\/en\/#\/schema\/logo\/image\/\"}},{\"@type\":\"WebSite\",\"@id\":\"https:\/\/www.mesvendanges.com\/en\/#website\",\"url\":\"https:\/\/www.mesvendanges.com\/en\/\",\"name\":\"Mes Vendanges\",\"description\":\"Des journ\u00e9es enti\u00e8res dans les vignes\",\"publisher\":{\"@id\":\"https:\/\/www.mesvendanges.com\/en\/#organization\"},\"potentialAction\":[{\"@type\":\"SearchAction\",\"target\":{\"@type\":\"EntryPoint\",\"urlTemplate\":\"https:\/\/www.mesvendanges.com\/en\/?s={search_term_string}\"},\"query-input\":\"required name=search_term_string\"}],\"inLanguage\":\"fr-FR\"},{\"@type\":\"ImageObject\",\"inLanguage\":\"fr-FR\",\"@id\":\"https:\/\/www.mesvendanges.com\/en\/shop\/wines\/nardo-montepeloso-2019-75cl\/#primaryimage\",\"url\":\"https:\/\/www.mesvendanges.com\/wp-content\/uploads\/2023\/02\/montepeloso-nardo-costa-toscana-2019-75cl-rouge-png.png\",\"contentUrl\":\"https:\/\/www.mesvendanges.com\/wp-content\/uploads\/2023\/02\/montepeloso-nardo-costa-toscana-2019-75cl-rouge-png.png\",\"width\":367,\"height\":1500},{\"@type\":\"WebPage\",\"@id\":\"https:\/\/www.mesvendanges.com\/en\/shop\/wines\/nardo-montepeloso-2019-75cl\/\",\"url\":\"https:\/\/www.mesvendanges.com\/en\/shop\/wines\/nardo-montepeloso-2019-75cl\/\",\"name\":\"NARDO - Mes Vendanges\",\"isPartOf\":{\"@id\":\"https:\/\/www.mesvendanges.com\/en\/#website\"},\"primaryImageOfPage\":{\"@id\":\"https:\/\/www.mesvendanges.com\/en\/shop\/wines\/nardo-montepeloso-2019-75cl\/#primaryimage\"},\"datePublished\":\"2022-12-28T16:30:56+00:00\",\"dateModified\":\"2025-05-01T14:58:52+00:00\",\"breadcrumb\":{\"@id\":\"https:\/\/www.mesvendanges.com\/en\/shop\/wines\/nardo-montepeloso-2019-75cl\/#breadcrumb\"},\"inLanguage\":\"fr-FR\",\"potentialAction\":[{\"@type\":\"ReadAction\",\"target\":[\"https:\/\/www.mesvendanges.com\/en\/shop\/wines\/nardo-montepeloso-2019-75cl\/\"]}]},{\"@type\":\"BreadcrumbList\",\"@id\":\"https:\/\/www.mesvendanges.com\/en\/shop\/wines\/nardo-montepeloso-2019-75cl\/#breadcrumb\",\"itemListElement\":[{\"@type\":\"ListItem\",\"position\":1,\"name\":\"Home\",\"item\":\"https:\/\/www.mesvendanges.com\/en\/\"},{\"@type\":\"ListItem\",\"position\":2,\"name\":\"Shop\",\"item\":\"https:\/\/www.mesvendanges.com\/en\/shop\/\"},{\"@type\":\"ListItem\",\"position\":3,\"name\":\"NARDO\"}]}]}<\/script>\n<!-- \/ Yoast SEO plugin. -->","yoast_head_json":{"title":"NARDO - Mes Vendanges","robots":{"index":"index","follow":"follow","max-snippet":"max-snippet:-1","max-image-preview":"max-image-preview:large","max-video-preview":"max-video-preview:-1"},"canonical":"https:\/\/www.mesvendanges.com\/en\/shop\/wines\/nardo-montepeloso-2019-75cl\/","og_locale":"en_US","og_type":"article","og_title":"NARDO - Mes Vendanges","og_description":"Avec Nardo nous rentrons dans le monde des parcellaires de Montepeloso. Ici la priorit\u00e9 est encore donn\u00e9e aux c\u00e9pages locaux. Travail minutieux de la vigne, petits rendements et vengange \u00e0 maturit\u00e9 id\u00e9ale permettent de rentrer des raisins concentr\u00e9s mais parfaitement \u00e9quilibr\u00e9s. Il en r\u00e9sulte un vin profond\u00e9ment intense, dense, marqu\u00e9 par les fruits noirs et [&hellip;]","og_url":"https:\/\/www.mesvendanges.com\/en\/shop\/wines\/nardo-montepeloso-2019-75cl\/","og_site_name":"Mes Vendanges","article_modified_time":"2025-05-01T14:58:52+00:00","og_image":[{"width":367,"height":1500,"url":"https:\/\/www.mesvendanges.com\/wp-content\/uploads\/2023\/02\/montepeloso-nardo-costa-toscana-2019-75cl-rouge-png.png","type":"image\/png"}],"twitter_card":"summary_large_image","schema":{"@context":"https:\/\/schema.org","@graph":[{"@type":"Organization","@id":"https:\/\/www.mesvendanges.com\/en\/#organization","name":"Mes Vendanges","url":"https:\/\/www.mesvendanges.com\/en\/","sameAs":[],"logo":{"@type":"ImageObject","inLanguage":"fr-FR","@id":"https:\/\/www.mesvendanges.com\/en\/#\/schema\/logo\/image\/","url":"https:\/\/www.mesvendanges.com\/wp-content\/uploads\/2022\/02\/logo-mesvendanges.jpg","contentUrl":"https:\/\/www.mesvendanges.com\/wp-content\/uploads\/2022\/02\/logo-mesvendanges.jpg","width":851,"height":260,"caption":"Mes Vendanges"},"image":{"@id":"https:\/\/www.mesvendanges.com\/en\/#\/schema\/logo\/image\/"}},{"@type":"WebSite","@id":"https:\/\/www.mesvendanges.com\/en\/#website","url":"https:\/\/www.mesvendanges.com\/en\/","name":"Mes Vendanges","description":"Des journ\u00e9es enti\u00e8res dans les vignes","publisher":{"@id":"https:\/\/www.mesvendanges.com\/en\/#organization"},"potentialAction":[{"@type":"SearchAction","target":{"@type":"EntryPoint","urlTemplate":"https:\/\/www.mesvendanges.com\/en\/?s={search_term_string}"},"query-input":"required name=search_term_string"}],"inLanguage":"fr-FR"},{"@type":"ImageObject","inLanguage":"fr-FR","@id":"https:\/\/www.mesvendanges.com\/en\/shop\/wines\/nardo-montepeloso-2019-75cl\/#primaryimage","url":"https:\/\/www.mesvendanges.com\/wp-content\/uploads\/2023\/02\/montepeloso-nardo-costa-toscana-2019-75cl-rouge-png.png","contentUrl":"https:\/\/www.mesvendanges.com\/wp-content\/uploads\/2023\/02\/montepeloso-nardo-costa-toscana-2019-75cl-rouge-png.png","width":367,"height":1500},{"@type":"WebPage","@id":"https:\/\/www.mesvendanges.com\/en\/shop\/wines\/nardo-montepeloso-2019-75cl\/","url":"https:\/\/www.mesvendanges.com\/en\/shop\/wines\/nardo-montepeloso-2019-75cl\/","name":"NARDO - Mes Vendanges","isPartOf":{"@id":"https:\/\/www.mesvendanges.com\/en\/#website"},"primaryImageOfPage":{"@id":"https:\/\/www.mesvendanges.com\/en\/shop\/wines\/nardo-montepeloso-2019-75cl\/#primaryimage"},"datePublished":"2022-12-28T16:30:56+00:00","dateModified":"2025-05-01T14:58:52+00:00","breadcrumb":{"@id":"https:\/\/www.mesvendanges.com\/en\/shop\/wines\/nardo-montepeloso-2019-75cl\/#breadcrumb"},"inLanguage":"fr-FR","potentialAction":[{"@type":"ReadAction","target":["https:\/\/www.mesvendanges.com\/en\/shop\/wines\/nardo-montepeloso-2019-75cl\/"]}]},{"@type":"BreadcrumbList","@id":"https:\/\/www.mesvendanges.com\/en\/shop\/wines\/nardo-montepeloso-2019-75cl\/#breadcrumb","itemListElement":[{"@type":"ListItem","position":1,"name":"Home","item":"https:\/\/www.mesvendanges.com\/en\/"},{"@type":"ListItem","position":2,"name":"Shop","item":"https:\/\/www.mesvendanges.com\/en\/shop\/"},{"@type":"ListItem","position":3,"name":"NARDO"}]}]}},"_links":{"self":[{"href":"https:\/\/www.mesvendanges.com\/en\/wp-json\/wp\/v2\/product\/60439"}],"collection":[{"href":"https:\/\/www.mesvendanges.com\/en\/wp-json\/wp\/v2\/product"}],"about":[{"href":"https:\/\/www.mesvendanges.com\/en\/wp-json\/wp\/v2\/types\/product"}],"wp:featuredmedia":[{"embeddable":true,"href":"https:\/\/www.mesvendanges.com\/en\/wp-json\/wp\/v2\/media\/60815"}],"wp:attachment":[{"href":"https:\/\/www.mesvendanges.com\/en\/wp-json\/wp\/v2\/media?parent=60439"}],"wp:term":[{"taxonomy":"product_cat","embeddable":true,"href":"https:\/\/www.mesvendanges.com\/en\/wp-json\/wp\/v2\/product_cat?post=60439"},{"taxonomy":"product_tag","embeddable":true,"href":"https:\/\/www.mesvendanges.com\/en\/wp-json\/wp\/v2\/product_tag?post=60439"}],"curies":[{"name":"wp","href":"https:\/\/api.w.org\/{rel}","templated":true}]}}