{"id":60641,"date":"2023-01-11T16:53:37","date_gmt":"2023-01-11T15:53:37","guid":{"rendered":"https:\/\/www.mesvendanges.com\/shop\/uncategorized\/la-calade-magnum-mas-de-libian-2021-150cl\/"},"modified":"2025-05-01T16:56:47","modified_gmt":"2025-05-01T14:56:47","slug":"la-calade-magnum-mas-de-libian-2021-150cl","status":"publish","type":"product","link":"https:\/\/www.mesvendanges.com\/en\/shop\/wines\/la-calade-magnum-mas-de-libian-2021-150cl\/","title":{"rendered":"LA CALADE MAGNUM"},"content":{"rendered":"<p>C&#8217;est le chemin qui monte \u00e0 la parcelle qui a inspir\u00e9 le nom de cette cuv\u00e9e, une calade \u00e9tant, en provencal, un petit chemin fait de cailloux assembl\u00e9s comme des pav\u00e9s.<\/p>\n<p>La Calade est un vin puissant et rac\u00e9. Souvent sur ses gardes dans la jeunesse, du fait de sa forte proportion de mourv\u00e8dre (90%), il faut lui laisser quelques ann\u00e9es pour qu&#8217;il se d\u00e9tende et se mette \u00e0 table ! Et l\u00e0, quel compagnon. L&#8217;aromatique est alors d&#8217;une belle complexit\u00e9, jouant sur les fruis noirs, les \u00e9pices douces, le salin. Les tannins sont nombreaux, amples mais toujours dans le fruit, rendant le vin soyeux et savoureux ! Une tr\u00e8s belle bouteille \u00e0 ne pas manquer<\/p>\n<p>Le terroir est compos\u00e9 de galets roul\u00e9s. Vendanges bien entendues manuelles avec un tri s\u00e9v\u00e8re et vinifications douces : eraflage \u00e0 100%, l\u00e9ger foulage, fermentations sur 21 jours en levures indig\u00e8nes, \u00e9coulage par gravite, puis passage au pressoir pneumatique pour enfin gagner les cuves et les foudres (30%) pour un \u00e9levage de 9 mois.<\/p>\n<p>Le domaine Mas de Libian est certifi\u00e9 Demeter<\/p>\n","protected":false},"excerpt":{"rendered":"<p>C&#8217;est le chemin qui monte \u00e0 la parcelle qui a inspir\u00e9 le nom de cette cuv\u00e9e, une calade \u00e9tant, en provencal, un petit chemin fait de cailloux assembl\u00e9s comme des pav\u00e9s. La Calade est un vin puissant et rac\u00e9. Souvent sur ses gardes dans la jeunesse, du fait de sa forte proportion de mourv\u00e8dre (90%), [&hellip;]<\/p>\n","protected":false},"featured_media":87572,"template":"","meta":[],"product_cat":[3740],"product_tag":[],"acf":[],"yoast_head":"<!-- This site is optimized with the Yoast SEO plugin v19.3 - https:\/\/yoast.com\/wordpress\/plugins\/seo\/ -->\n<title>LA CALADE MAGNUM - Mes Vendanges<\/title>\n<meta name=\"robots\" content=\"index, follow, max-snippet:-1, max-image-preview:large, max-video-preview:-1\" \/>\n<link rel=\"canonical\" href=\"https:\/\/www.mesvendanges.com\/en\/shop\/wines\/la-calade-magnum-mas-de-libian-2021-150cl\/\" \/>\n<meta property=\"og:locale\" content=\"en_US\" \/>\n<meta property=\"og:type\" content=\"article\" \/>\n<meta property=\"og:title\" content=\"LA CALADE MAGNUM - Mes Vendanges\" \/>\n<meta property=\"og:description\" content=\"C&#8217;est le chemin qui monte \u00e0 la parcelle qui a inspir\u00e9 le nom de cette cuv\u00e9e, une calade \u00e9tant, en provencal, un petit chemin fait de cailloux assembl\u00e9s comme des pav\u00e9s. La Calade est un vin puissant et rac\u00e9. Souvent sur ses gardes dans la jeunesse, du fait de sa forte proportion de mourv\u00e8dre (90%), [&hellip;]\" \/>\n<meta property=\"og:url\" content=\"https:\/\/www.mesvendanges.com\/en\/shop\/wines\/la-calade-magnum-mas-de-libian-2021-150cl\/\" \/>\n<meta property=\"og:site_name\" content=\"Mes Vendanges\" \/>\n<meta property=\"article:modified_time\" content=\"2025-05-01T14:56:47+00:00\" \/>\n<meta property=\"og:image\" content=\"https:\/\/www.mesvendanges.com\/wp-content\/uploads\/2025\/05\/mas-de-libian-la-calade-magnum-cotes-du-rhone-150cl-rouge-png.png\" \/>\n\t<meta property=\"og:image:width\" content=\"429\" \/>\n\t<meta property=\"og:image:height\" content=\"1500\" \/>\n\t<meta property=\"og:image:type\" content=\"image\/png\" \/>\n<meta name=\"twitter:card\" content=\"summary_large_image\" \/>\n<meta name=\"twitter:label1\" content=\"Est. reading time\" \/>\n\t<meta name=\"twitter:data1\" content=\"1 minute\" \/>\n<script type=\"application\/ld+json\" class=\"yoast-schema-graph\">{\"@context\":\"https:\/\/schema.org\",\"@graph\":[{\"@type\":\"Organization\",\"@id\":\"https:\/\/www.mesvendanges.com\/en\/#organization\",\"name\":\"Mes Vendanges\",\"url\":\"https:\/\/www.mesvendanges.com\/en\/\",\"sameAs\":[],\"logo\":{\"@type\":\"ImageObject\",\"inLanguage\":\"fr-FR\",\"@id\":\"https:\/\/www.mesvendanges.com\/en\/#\/schema\/logo\/image\/\",\"url\":\"https:\/\/www.mesvendanges.com\/wp-content\/uploads\/2022\/02\/logo-mesvendanges.jpg\",\"contentUrl\":\"https:\/\/www.mesvendanges.com\/wp-content\/uploads\/2022\/02\/logo-mesvendanges.jpg\",\"width\":851,\"height\":260,\"caption\":\"Mes Vendanges\"},\"image\":{\"@id\":\"https:\/\/www.mesvendanges.com\/en\/#\/schema\/logo\/image\/\"}},{\"@type\":\"WebSite\",\"@id\":\"https:\/\/www.mesvendanges.com\/en\/#website\",\"url\":\"https:\/\/www.mesvendanges.com\/en\/\",\"name\":\"Mes Vendanges\",\"description\":\"Des journ\u00e9es enti\u00e8res dans les vignes\",\"publisher\":{\"@id\":\"https:\/\/www.mesvendanges.com\/en\/#organization\"},\"potentialAction\":[{\"@type\":\"SearchAction\",\"target\":{\"@type\":\"EntryPoint\",\"urlTemplate\":\"https:\/\/www.mesvendanges.com\/en\/?s={search_term_string}\"},\"query-input\":\"required name=search_term_string\"}],\"inLanguage\":\"fr-FR\"},{\"@type\":\"ImageObject\",\"inLanguage\":\"fr-FR\",\"@id\":\"https:\/\/www.mesvendanges.com\/en\/shop\/wines\/la-calade-magnum-mas-de-libian-2021-150cl\/#primaryimage\",\"url\":\"https:\/\/www.mesvendanges.com\/wp-content\/uploads\/2025\/05\/mas-de-libian-la-calade-magnum-cotes-du-rhone-150cl-rouge-png.png\",\"contentUrl\":\"https:\/\/www.mesvendanges.com\/wp-content\/uploads\/2025\/05\/mas-de-libian-la-calade-magnum-cotes-du-rhone-150cl-rouge-png.png\",\"width\":429,\"height\":1500},{\"@type\":\"WebPage\",\"@id\":\"https:\/\/www.mesvendanges.com\/en\/shop\/wines\/la-calade-magnum-mas-de-libian-2021-150cl\/\",\"url\":\"https:\/\/www.mesvendanges.com\/en\/shop\/wines\/la-calade-magnum-mas-de-libian-2021-150cl\/\",\"name\":\"LA CALADE MAGNUM - Mes Vendanges\",\"isPartOf\":{\"@id\":\"https:\/\/www.mesvendanges.com\/en\/#website\"},\"primaryImageOfPage\":{\"@id\":\"https:\/\/www.mesvendanges.com\/en\/shop\/wines\/la-calade-magnum-mas-de-libian-2021-150cl\/#primaryimage\"},\"datePublished\":\"2023-01-11T15:53:37+00:00\",\"dateModified\":\"2025-05-01T14:56:47+00:00\",\"breadcrumb\":{\"@id\":\"https:\/\/www.mesvendanges.com\/en\/shop\/wines\/la-calade-magnum-mas-de-libian-2021-150cl\/#breadcrumb\"},\"inLanguage\":\"fr-FR\",\"potentialAction\":[{\"@type\":\"ReadAction\",\"target\":[\"https:\/\/www.mesvendanges.com\/en\/shop\/wines\/la-calade-magnum-mas-de-libian-2021-150cl\/\"]}]},{\"@type\":\"BreadcrumbList\",\"@id\":\"https:\/\/www.mesvendanges.com\/en\/shop\/wines\/la-calade-magnum-mas-de-libian-2021-150cl\/#breadcrumb\",\"itemListElement\":[{\"@type\":\"ListItem\",\"position\":1,\"name\":\"Home\",\"item\":\"https:\/\/www.mesvendanges.com\/en\/\"},{\"@type\":\"ListItem\",\"position\":2,\"name\":\"Shop\",\"item\":\"https:\/\/www.mesvendanges.com\/en\/shop\/\"},{\"@type\":\"ListItem\",\"position\":3,\"name\":\"LA CALADE MAGNUM\"}]}]}<\/script>\n<!-- \/ Yoast SEO plugin. -->","yoast_head_json":{"title":"LA CALADE MAGNUM - Mes Vendanges","robots":{"index":"index","follow":"follow","max-snippet":"max-snippet:-1","max-image-preview":"max-image-preview:large","max-video-preview":"max-video-preview:-1"},"canonical":"https:\/\/www.mesvendanges.com\/en\/shop\/wines\/la-calade-magnum-mas-de-libian-2021-150cl\/","og_locale":"en_US","og_type":"article","og_title":"LA CALADE MAGNUM - Mes Vendanges","og_description":"C&#8217;est le chemin qui monte \u00e0 la parcelle qui a inspir\u00e9 le nom de cette cuv\u00e9e, une calade \u00e9tant, en provencal, un petit chemin fait de cailloux assembl\u00e9s comme des pav\u00e9s. La Calade est un vin puissant et rac\u00e9. Souvent sur ses gardes dans la jeunesse, du fait de sa forte proportion de mourv\u00e8dre (90%), [&hellip;]","og_url":"https:\/\/www.mesvendanges.com\/en\/shop\/wines\/la-calade-magnum-mas-de-libian-2021-150cl\/","og_site_name":"Mes Vendanges","article_modified_time":"2025-05-01T14:56:47+00:00","og_image":[{"width":429,"height":1500,"url":"https:\/\/www.mesvendanges.com\/wp-content\/uploads\/2025\/05\/mas-de-libian-la-calade-magnum-cotes-du-rhone-150cl-rouge-png.png","type":"image\/png"}],"twitter_card":"summary_large_image","twitter_misc":{"Est. reading time":"1 minute"},"schema":{"@context":"https:\/\/schema.org","@graph":[{"@type":"Organization","@id":"https:\/\/www.mesvendanges.com\/en\/#organization","name":"Mes Vendanges","url":"https:\/\/www.mesvendanges.com\/en\/","sameAs":[],"logo":{"@type":"ImageObject","inLanguage":"fr-FR","@id":"https:\/\/www.mesvendanges.com\/en\/#\/schema\/logo\/image\/","url":"https:\/\/www.mesvendanges.com\/wp-content\/uploads\/2022\/02\/logo-mesvendanges.jpg","contentUrl":"https:\/\/www.mesvendanges.com\/wp-content\/uploads\/2022\/02\/logo-mesvendanges.jpg","width":851,"height":260,"caption":"Mes Vendanges"},"image":{"@id":"https:\/\/www.mesvendanges.com\/en\/#\/schema\/logo\/image\/"}},{"@type":"WebSite","@id":"https:\/\/www.mesvendanges.com\/en\/#website","url":"https:\/\/www.mesvendanges.com\/en\/","name":"Mes Vendanges","description":"Des journ\u00e9es enti\u00e8res dans les vignes","publisher":{"@id":"https:\/\/www.mesvendanges.com\/en\/#organization"},"potentialAction":[{"@type":"SearchAction","target":{"@type":"EntryPoint","urlTemplate":"https:\/\/www.mesvendanges.com\/en\/?s={search_term_string}"},"query-input":"required name=search_term_string"}],"inLanguage":"fr-FR"},{"@type":"ImageObject","inLanguage":"fr-FR","@id":"https:\/\/www.mesvendanges.com\/en\/shop\/wines\/la-calade-magnum-mas-de-libian-2021-150cl\/#primaryimage","url":"https:\/\/www.mesvendanges.com\/wp-content\/uploads\/2025\/05\/mas-de-libian-la-calade-magnum-cotes-du-rhone-150cl-rouge-png.png","contentUrl":"https:\/\/www.mesvendanges.com\/wp-content\/uploads\/2025\/05\/mas-de-libian-la-calade-magnum-cotes-du-rhone-150cl-rouge-png.png","width":429,"height":1500},{"@type":"WebPage","@id":"https:\/\/www.mesvendanges.com\/en\/shop\/wines\/la-calade-magnum-mas-de-libian-2021-150cl\/","url":"https:\/\/www.mesvendanges.com\/en\/shop\/wines\/la-calade-magnum-mas-de-libian-2021-150cl\/","name":"LA CALADE MAGNUM - Mes Vendanges","isPartOf":{"@id":"https:\/\/www.mesvendanges.com\/en\/#website"},"primaryImageOfPage":{"@id":"https:\/\/www.mesvendanges.com\/en\/shop\/wines\/la-calade-magnum-mas-de-libian-2021-150cl\/#primaryimage"},"datePublished":"2023-01-11T15:53:37+00:00","dateModified":"2025-05-01T14:56:47+00:00","breadcrumb":{"@id":"https:\/\/www.mesvendanges.com\/en\/shop\/wines\/la-calade-magnum-mas-de-libian-2021-150cl\/#breadcrumb"},"inLanguage":"fr-FR","potentialAction":[{"@type":"ReadAction","target":["https:\/\/www.mesvendanges.com\/en\/shop\/wines\/la-calade-magnum-mas-de-libian-2021-150cl\/"]}]},{"@type":"BreadcrumbList","@id":"https:\/\/www.mesvendanges.com\/en\/shop\/wines\/la-calade-magnum-mas-de-libian-2021-150cl\/#breadcrumb","itemListElement":[{"@type":"ListItem","position":1,"name":"Home","item":"https:\/\/www.mesvendanges.com\/en\/"},{"@type":"ListItem","position":2,"name":"Shop","item":"https:\/\/www.mesvendanges.com\/en\/shop\/"},{"@type":"ListItem","position":3,"name":"LA CALADE MAGNUM"}]}]}},"_links":{"self":[{"href":"https:\/\/www.mesvendanges.com\/en\/wp-json\/wp\/v2\/product\/60641"}],"collection":[{"href":"https:\/\/www.mesvendanges.com\/en\/wp-json\/wp\/v2\/product"}],"about":[{"href":"https:\/\/www.mesvendanges.com\/en\/wp-json\/wp\/v2\/types\/product"}],"wp:featuredmedia":[{"embeddable":true,"href":"https:\/\/www.mesvendanges.com\/en\/wp-json\/wp\/v2\/media\/87572"}],"wp:attachment":[{"href":"https:\/\/www.mesvendanges.com\/en\/wp-json\/wp\/v2\/media?parent=60641"}],"wp:term":[{"taxonomy":"product_cat","embeddable":true,"href":"https:\/\/www.mesvendanges.com\/en\/wp-json\/wp\/v2\/product_cat?post=60641"},{"taxonomy":"product_tag","embeddable":true,"href":"https:\/\/www.mesvendanges.com\/en\/wp-json\/wp\/v2\/product_tag?post=60641"}],"curies":[{"name":"wp","href":"https:\/\/api.w.org\/{rel}","templated":true}]}}